{"id":892,"date":"2025-04-26T06:49:28","date_gmt":"2025-04-26T06:49:28","guid":{"rendered":"https:\/\/www.mappershoe.com\/?post_type=product&#038;p=892"},"modified":"2025-10-27T07:39:52","modified_gmt":"2025-10-27T07:39:52","slug":"bulk-house-slippers","status":"publish","type":"product","link":"https:\/\/www.mappershoe.com\/de\/produkt\/bulk-house-slippers\/","title":{"rendered":"Bulk Hausschuhe Unisex, Leichte EVA Hausschuhe Versorgung"},"content":{"rendered":"<div class=\"wp-block-columns is-layout-flex wp-container-core-columns-is-layout-9d6595d7 wp-block-columns-is-layout-flex\">\n<div class=\"wp-block-column is-layout-flow wp-block-column-is-layout-flow\">\n<h3 class=\"wp-block-heading\">Premium Bulk Hausschuhe Eigenschaften:<\/h3>\n\n\n\n<p><strong>Leicht und bequem: <\/strong>Diese gro\u00dfen Hausschuhe sind aus hochelastischem EVA-Material gefertigt; das ganze Paar Hausschuhe ist leicht und nicht erm\u00fcdend, geeignet f\u00fcr langes Tragen.<\/p>\n\n\n\n<p><strong>Universeller Stil: <\/strong>Unser ma\u00dfgeschneiderter Eva-Pantoffel hat ein Unisex-Design, das sowohl f\u00fcr M\u00e4nner als auch f\u00fcr Frauen geeignet ist und sich f\u00fcr eine Vielzahl von Heimszenarien eignet.<\/p>\n\n\n\n<p><strong>Anpassbare Dienstleistung: <\/strong>Diese Hausschuhe k\u00f6nnen in Farbe, Logo und Schuhform angepasst werden, um die individuellen Bed\u00fcrfnisse von Marken- und Gro\u00dfhandelskunden zu erf\u00fcllen.<\/p>\n\n\n\n<p><strong>Rutschfeste Sohlen: <\/strong>Diese gro\u00dfen Hausschuhe sind mit einer rutschfesten Textur an den Sohlen ausgestattet, die sicher und rutschfest ist und sich f\u00fcr alle Arten von B\u00f6den eignet.<\/p>\n\n\n\n<p><strong>Bulk-Lieferung: <\/strong>Unsere ma\u00dfgeschneiderte Eva-Pantoffel-Gro\u00dfproduktion eignet sich f\u00fcr den langfristigen Kauf durch Hotels, Pensionen, B&amp;Bs, SPAs und andere gewerbliche Kunden.<\/p>\n<\/div>\n\n\n\n<div class=\"wp-block-column is-layout-flow wp-block-column-is-layout-flow\">\n<figure class=\"wp-block-image size-full\"><img decoding=\"async\" width=\"800\" height=\"800\" src=\"https:\/\/www.mappershoe.com\/wp-content\/uploads\/2025\/04\/bulk-house-slippers-unisex-soft-customized-eva-slipper-2.webp\" alt=\"Hausschuhe-unisex-weich-angepasst-eva-slipper-2\" class=\"wp-image-901\" srcset=\"https:\/\/www.mappershoe.com\/wp-content\/uploads\/2025\/04\/bulk-house-slippers-unisex-soft-customized-eva-slipper-2.webp 800w, https:\/\/www.mappershoe.com\/wp-content\/uploads\/2025\/04\/bulk-house-slippers-unisex-soft-customized-eva-slipper-2-300x300.webp 300w, https:\/\/www.mappershoe.com\/wp-content\/uploads\/2025\/04\/bulk-house-slippers-unisex-soft-customized-eva-slipper-2-150x150.webp 150w, https:\/\/www.mappershoe.com\/wp-content\/uploads\/2025\/04\/bulk-house-slippers-unisex-soft-customized-eva-slipper-2-768x768.webp 768w, https:\/\/www.mappershoe.com\/wp-content\/uploads\/2025\/04\/bulk-house-slippers-unisex-soft-customized-eva-slipper-2-600x600.webp 600w, https:\/\/www.mappershoe.com\/wp-content\/uploads\/2025\/04\/bulk-house-slippers-unisex-soft-customized-eva-slipper-2-100x100.webp 100w\" sizes=\"(max-width: 800px) 100vw, 800px\" \/><\/figure>\n<\/div>\n<\/div>\n\n\n\n<p><\/p>","protected":false},"excerpt":{"rendered":"<p>Willkommen zum Kauf unserer ma\u00dfgeschneiderten Eva Hausschuhe. Diese Massenhausschuhe sind mit weichem und leichtem EVA-Material, Komfort und Funktionalit\u00e4t entworfen. Der Unisex-Look ist sowohl f\u00fcr M\u00e4nner als auch f\u00fcr Frauen geeignet, die klassische und einfache Form ist f\u00fcr ein Haus geeignet. Die rutschfeste Basis ist sicher f\u00fcr das Gehen und geeignet f\u00fcr Holzb\u00f6den, Fliesen und andere Oberfl\u00e4chen. Durch die Unterst\u00fctzung von Farbe, Logo, Gr\u00f6\u00dfe und anderen Aspekten der Anpassung ist es die ideale L\u00f6sung f\u00fcr Marken. Mingyi hilft Ihnen, Ihre Marke von Hausschuhen leicht zu erstellen.<\/p>\n<h2>Bulk-Hausschuhe Spezifikationen:<\/h2>\n<table width=\"777\">\n<tbody>\n<tr>\n<td width=\"291\">Hersteller:<\/td>\n<td width=\"486\">Mingyi<\/td>\n<\/tr>\n<tr>\n<td>Stil:<\/td>\n<td>Hausschuhe<\/td>\n<\/tr>\n<tr>\n<td>Modell:<\/td>\n<td>289<\/td>\n<\/tr>\n<tr>\n<td>Material:\u00a0<\/td>\n<td>EVA<\/td>\n<\/tr>\n<tr>\n<td>Farbe:\u00a0<\/td>\n<td>schwarz, beige, orange, gr\u00fcn, grau, lila, rosa<\/td>\n<\/tr>\n<tr>\n<td>Gr\u00f6\u00dfe:\u00a0<\/td>\n<td>US Gr\u00f6\u00dfe 6\u30016.5 \u30017 \u30017.5 \u30018\u30018.5\u30019\u30019.5\u300110-14<\/td>\n<\/tr>\n<tr>\n<td>Anpassungsoptionen:\u00a0<\/td>\n<td>Logo (Oberseite, Seite, Einlegesohle) \/ All-Over-Druck \/ Farbe \/ Material \/ Sohlendicke \/ Obermaterial<\/td>\n<\/tr>\n<tr>\n<td>Verpacken:\u00a0<\/td>\n<td>Kundenspezifische Verpackung<\/td>\n<\/tr>\n<tr>\n<td>Muster\uff1a<\/td>\n<td>Kostenlose Blindmuster<\/td>\n<\/tr>\n<\/tbody>\n<\/table>","protected":false},"featured_media":900,"comment_status":"closed","ping_status":"closed","template":"","meta":{"_acf_changed":false},"product_brand":[],"product_cat":[19],"product_tag":[25,26,27],"class_list":{"0":"post-892","1":"product","2":"type-product","3":"status-publish","4":"has-post-thumbnail","6":"product_cat-slippers-in-bulk","7":"product_tag-eva-slippers-wholesale","8":"product_tag-mens-slippers-wholesale","9":"product_tag-wholesale-womens-slippers","11":"first","12":"instock","13":"shipping-taxable","14":"product-type-simple"},"acf":[],"_links":{"self":[{"href":"https:\/\/www.mappershoe.com\/de\/wp-json\/wp\/v2\/product\/892","targetHints":{"allow":["GET"]}}],"collection":[{"href":"https:\/\/www.mappershoe.com\/de\/wp-json\/wp\/v2\/product"}],"about":[{"href":"https:\/\/www.mappershoe.com\/de\/wp-json\/wp\/v2\/types\/product"}],"replies":[{"embeddable":true,"href":"https:\/\/www.mappershoe.com\/de\/wp-json\/wp\/v2\/comments?post=892"}],"wp:featuredmedia":[{"embeddable":true,"href":"https:\/\/www.mappershoe.com\/de\/wp-json\/wp\/v2\/media\/900"}],"wp:attachment":[{"href":"https:\/\/www.mappershoe.com\/de\/wp-json\/wp\/v2\/media?parent=892"}],"wp:term":[{"taxonomy":"product_brand","embeddable":true,"href":"https:\/\/www.mappershoe.com\/de\/wp-json\/wp\/v2\/product_brand?post=892"},{"taxonomy":"product_cat","embeddable":true,"href":"https:\/\/www.mappershoe.com\/de\/wp-json\/wp\/v2\/product_cat?post=892"},{"taxonomy":"product_tag","embeddable":true,"href":"https:\/\/www.mappershoe.com\/de\/wp-json\/wp\/v2\/product_tag?post=892"}],"curies":[{"name":"wp","href":"https:\/\/api.w.org\/{rel}","templated":true}]}}