{"id":913,"date":"2025-04-26T09:52:32","date_gmt":"2025-04-26T09:52:32","guid":{"rendered":"https:\/\/www.mappershoe.com\/?post_type=product&#038;p=913"},"modified":"2026-03-25T09:49:52","modified_gmt":"2026-03-25T09:49:52","slug":"custom-logo-slippers","status":"publish","type":"product","link":"https:\/\/www.mappershoe.com\/de\/produkt\/custom-logo-slippers\/","title":{"rendered":"Benutzerdefinierte Logo Hausschuhe f\u00fcr M\u00e4nner, Farbe-Block PVC Hausschuhe Bulk"},"content":{"rendered":"<div class=\"wp-block-columns is-layout-flex wp-container-core-columns-is-layout-9d6595d7 wp-block-columns-is-layout-flex\">\n<div class=\"wp-block-column is-layout-flow wp-block-column-is-layout-flow\">\n<h3 class=\"wp-block-heading\">Premium Custom Logo Hausschuhe Eigenschaften:<\/h3>\n\n\n\n<p><strong>Personalisiertes benutzerdefiniertes Logo:<\/strong> Unsere Gro\u00dfhandels-PVC-Pantoffeln unterst\u00fctzen OEM\/ODM-Service, die mit Markenlogo angepasst werden k\u00f6nnen, um den Wiedererkennungswert der Marke zu erh\u00f6hen und das Markenmarketing zu unterst\u00fctzen.<\/p>\n\n\n\n<p><strong>Farbkollision Modedesign:<\/strong> Diese benutzerdefinierte Logo Hausschuhe nehmen trendige Farbe Kollision Elemente, rot, wei\u00df und schwarz, miteinander, optisch ansprechend, geeignet f\u00fcr eine Vielzahl von l\u00e4ssigen Gelegenheiten zu tragen.<\/p>\n\n\n\n<p><strong>Hochwertiges PVC-Material:<\/strong> Diese kundenspezifischen Logo-Pantoffeln sind aus flexiblem und komfortablem, umweltfreundlichem PVC-Material hergestellt, das verschlei\u00dffest, rutschfest und leicht zu reinigen ist und eine lange Lebensdauer hat.<\/p>\n\n\n\n<p><strong>Ergonomische Sohle: <\/strong>Unsere Gro\u00dfhandel PVC Hausschuhe \"Sohle ist entworfen, um die Fu\u00dfstruktur passen, bietet gute Unterst\u00fctzung und D\u00e4mpfung Leistung, bequem zu tragen.<\/p>\n\n\n\n<p><strong>Mehrere Gr\u00f6\u00dfen verf\u00fcgbar, geeignet f\u00fcr eine Vielzahl von M\u00e4rkten:<\/strong> Diese Hausschuhe mit individuellem Logo sind in verschiedenen Gr\u00f6\u00dfen erh\u00e4ltlich, um den Bed\u00fcrfnissen m\u00e4nnlicher Nutzer in verschiedenen Regionen und Altersgruppen gerecht zu werden, und eignen sich f\u00fcr den Gro\u00dfhandelsverkauf.<\/p>\n<\/div>\n\n\n\n<div class=\"wp-block-column is-layout-flow wp-block-column-is-layout-flow\">\n<figure class=\"wp-block-image size-full\"><img decoding=\"async\" width=\"745\" height=\"745\" src=\"https:\/\/www.mappershoe.com\/wp-content\/uploads\/2025\/04\/custom-logo-slippers-color-blocking-wholesale-pvc-slippers-for-men-8.webp\" alt=\"custom-logo-slippers-farbig-blockierend-gro\u00dfhandel-pvc-slippers-f\u00fcr-herren-8\" class=\"wp-image-928\" srcset=\"https:\/\/www.mappershoe.com\/wp-content\/uploads\/2025\/04\/custom-logo-slippers-color-blocking-wholesale-pvc-slippers-for-men-8.webp 745w, https:\/\/www.mappershoe.com\/wp-content\/uploads\/2025\/04\/custom-logo-slippers-color-blocking-wholesale-pvc-slippers-for-men-8-300x300.webp 300w, https:\/\/www.mappershoe.com\/wp-content\/uploads\/2025\/04\/custom-logo-slippers-color-blocking-wholesale-pvc-slippers-for-men-8-150x150.webp 150w, https:\/\/www.mappershoe.com\/wp-content\/uploads\/2025\/04\/custom-logo-slippers-color-blocking-wholesale-pvc-slippers-for-men-8-600x600.webp 600w, https:\/\/www.mappershoe.com\/wp-content\/uploads\/2025\/04\/custom-logo-slippers-color-blocking-wholesale-pvc-slippers-for-men-8-100x100.webp 100w\" sizes=\"(max-width: 745px) 100vw, 745px\" \/><\/figure>\n<\/div>\n<\/div>","protected":false},"excerpt":{"rendered":"<p>Willkommen in unserem Gro\u00dfhandel PVC Hausschuhe zu kaufen. Verbessern Sie Ihr Markenimage mit unseren kundenspezifischen Logo Hausschuhe. Mit einem k\u00fchnen und modernen Farbblock-Design und aus hochwertigem, langlebigem PVC gebaut, sind diese Gro\u00dfhandel pvc Herren Hausschuhe so aufmerksamkeitsstark, wie sie bequem f\u00fcr Stunden sind. Sie sind in einer Vielzahl von Gr\u00f6\u00dfen erh\u00e4ltlich und sind ideal f\u00fcr modebewusste Einzelhandel, Gastfreundschaft oder Werbezwecke.<\/p>\n<h2>Hausschuhe mit individuellem Logo Spezifikationen:<\/h2>\n<table width=\"777\">\n<tbody>\n<tr>\n<td width=\"291\">Hersteller:<\/td>\n<td width=\"486\">Mingyi<\/td>\n<\/tr>\n<tr>\n<td>Stil:<\/td>\n<td>Hausschuhe<\/td>\n<\/tr>\n<tr>\n<td>Modell:<\/td>\n<td>2291<\/td>\n<\/tr>\n<tr>\n<td>Material:\u00a0<\/td>\n<td>PVC<\/td>\n<\/tr>\n<tr>\n<td>Farbe:\u00a0<\/td>\n<td>wei\u00df, schwarz, rot<\/td>\n<\/tr>\n<tr>\n<td>Gr\u00f6\u00dfe:\u00a0<\/td>\n<td>US Gr\u00f6\u00dfe 6\u30016.5 \u30017 \u30017.5 \u30018\u30018.5\u30019\u30019.5\u300110-14<\/td>\n<\/tr>\n<tr>\n<td>Anpassungsoptionen:\u00a0<\/td>\n<td>Logo (Oberseite, Seite, Einlegesohle) \/ All-Over-Druck \/ Farbe \/ Material \/ Sohlendicke \/ Obermaterial<\/td>\n<\/tr>\n<tr>\n<td>Verpacken:\u00a0<\/td>\n<td>Kundenspezifische Verpackung<\/td>\n<\/tr>\n<tr>\n<td>Muster\uff1a<\/td>\n<td>Kostenlose Blindmuster<\/td>\n<\/tr>\n<\/tbody>\n<\/table>","protected":false},"featured_media":929,"comment_status":"closed","ping_status":"closed","template":"","meta":{"_acf_changed":false},"product_brand":[],"product_cat":[19],"product_tag":[26,24],"class_list":{"0":"post-913","1":"product","2":"type-product","3":"status-publish","4":"has-post-thumbnail","6":"product_cat-slippers-in-bulk","7":"product_tag-mens-slippers-wholesale","8":"product_tag-wholesale-pvc-slippers","10":"first","11":"instock","12":"shipping-taxable","13":"product-type-simple"},"acf":[],"_links":{"self":[{"href":"https:\/\/www.mappershoe.com\/de\/wp-json\/wp\/v2\/product\/913","targetHints":{"allow":["GET"]}}],"collection":[{"href":"https:\/\/www.mappershoe.com\/de\/wp-json\/wp\/v2\/product"}],"about":[{"href":"https:\/\/www.mappershoe.com\/de\/wp-json\/wp\/v2\/types\/product"}],"replies":[{"embeddable":true,"href":"https:\/\/www.mappershoe.com\/de\/wp-json\/wp\/v2\/comments?post=913"}],"wp:featuredmedia":[{"embeddable":true,"href":"https:\/\/www.mappershoe.com\/de\/wp-json\/wp\/v2\/media\/929"}],"wp:attachment":[{"href":"https:\/\/www.mappershoe.com\/de\/wp-json\/wp\/v2\/media?parent=913"}],"wp:term":[{"taxonomy":"product_brand","embeddable":true,"href":"https:\/\/www.mappershoe.com\/de\/wp-json\/wp\/v2\/product_brand?post=913"},{"taxonomy":"product_cat","embeddable":true,"href":"https:\/\/www.mappershoe.com\/de\/wp-json\/wp\/v2\/product_cat?post=913"},{"taxonomy":"product_tag","embeddable":true,"href":"https:\/\/www.mappershoe.com\/de\/wp-json\/wp\/v2\/product_tag?post=913"}],"curies":[{"name":"wp","href":"https:\/\/api.w.org\/{rel}","templated":true}]}}