{"id":990,"date":"2025-04-27T01:45:18","date_gmt":"2025-04-27T01:45:18","guid":{"rendered":"https:\/\/www.mappershoe.com\/?post_type=product&#038;p=990"},"modified":"2025-10-27T07:32:17","modified_gmt":"2025-10-27T07:32:17","slug":"eva-slippers-bulk","status":"publish","type":"product","link":"https:\/\/www.mappershoe.com\/de\/produkt\/eva-slippers-bulk\/","title":{"rendered":"Mode EVA Hausschuhe Bulk, benutzerdefinierte Sport Hausschuhe mit Logo"},"content":{"rendered":"<div class=\"wp-block-columns is-layout-flex wp-container-core-columns-is-layout-9d6595d7 wp-block-columns-is-layout-flex\">\n<div class=\"wp-block-column is-layout-flow wp-block-column-is-layout-flow\">\n<h3 class=\"wp-block-heading\">Premium EVA Hausschuhe Bulk Eigenschaften:<\/h3>\n\n\n\n<p><strong>Hochwertiges EVA-Material: <\/strong>Diese ma\u00dfgefertigten Sportschuhe bestehen aus leichtem, weichem und verschlei\u00dffestem EVA-Material, das angenehm zu tragen ist und sich auch nach l\u00e4ngerem Gebrauch nicht leicht verzieht.<\/p>\n\n\n\n<p><strong>Mode-Sport-Design:<\/strong> Unsere EVA-Pantoffeln kombinieren modische Elemente mit sportlichem Stil, ein modernes Aussehen, das f\u00fcr viele Freizeit- und Outdoor-Anl\u00e4sse geeignet ist.<\/p>\n\n\n\n<p><strong>Unterst\u00fctzt individuelles Logo:<\/strong> Unsere EVA-Pantoffeln k\u00f6nnen entsprechend den Bed\u00fcrfnissen der Marke angepasst werden, um die Marke zu f\u00f6rdern und den exklusiven Wiedererkennungswert zu steigern.<\/p>\n\n\n\n<p><strong>Erh\u00e4ltlich in verschiedenen Farben und Gr\u00f6\u00dfen:<\/strong> Unsere EVA-Pantoffeln sind in verschiedenen Farb- und Gr\u00f6\u00dfenkombinationen erh\u00e4ltlich, um den Geschmack der verschiedenen M\u00e4rkte und Menschen zu treffen.<\/p>\n\n\n\n<p><strong>Anti-Rutsch-Sohlenstruktur:<\/strong> Diese ma\u00dfgefertigten Hausschuhe sind wissenschaftlich entwickelt und verf\u00fcgen \u00fcber eine strukturierte, rutschfeste Sohle, die f\u00fcr mehr Halt und Stabilit\u00e4t sorgt und das Gehen sicherer macht.<\/p>\n<\/div>\n\n\n\n<div class=\"wp-block-column is-layout-flow wp-block-column-is-layout-flow\">\n<figure class=\"wp-block-image size-full\"><img decoding=\"async\" width=\"800\" height=\"800\" src=\"https:\/\/www.mappershoe.com\/wp-content\/uploads\/2025\/04\/eva-slippers-bulk-custom-sports-slippers-with-logo-5.webp\" alt=\"eva-slippers-bulk-individuelle-sportschuhe-mit-logo-5\" class=\"wp-image-995\" srcset=\"https:\/\/www.mappershoe.com\/wp-content\/uploads\/2025\/04\/eva-slippers-bulk-custom-sports-slippers-with-logo-5.webp 800w, https:\/\/www.mappershoe.com\/wp-content\/uploads\/2025\/04\/eva-slippers-bulk-custom-sports-slippers-with-logo-5-300x300.webp 300w, https:\/\/www.mappershoe.com\/wp-content\/uploads\/2025\/04\/eva-slippers-bulk-custom-sports-slippers-with-logo-5-150x150.webp 150w, https:\/\/www.mappershoe.com\/wp-content\/uploads\/2025\/04\/eva-slippers-bulk-custom-sports-slippers-with-logo-5-768x768.webp 768w, https:\/\/www.mappershoe.com\/wp-content\/uploads\/2025\/04\/eva-slippers-bulk-custom-sports-slippers-with-logo-5-600x600.webp 600w, https:\/\/www.mappershoe.com\/wp-content\/uploads\/2025\/04\/eva-slippers-bulk-custom-sports-slippers-with-logo-5-100x100.webp 100w\" sizes=\"(max-width: 800px) 100vw, 800px\" \/><\/figure>\n<\/div>\n<\/div>\n\n\n\n<p><\/p>","protected":false},"excerpt":{"rendered":"<p>Wir begr\u00fc\u00dfen Sie, um diese benutzerdefinierte Hausschuhe zu kaufen. Schauen Sie, wie modisch unsere EVA Hausschuhe Masse sind - ein feiner Stil mit Qualit\u00e4t EVA Material mit leichten und langlebig, wasserdicht und verschlei\u00dffest, eine Vielzahl von Freizeit und Sport Gelegenheiten. Wir bieten Kundenlogo-Services an, um Marken bei der Entwicklung ihres Images zu helfen, und sind in anderen Farben und Gr\u00f6\u00dfen erh\u00e4ltlich, um verschiedenen Marktanforderungen gerecht zu werden. Wir k\u00f6nnen einen Gro\u00dfeinkauf, OEM- und ODM-Anpassung f\u00fcr Ihre Marke zu stehen.<\/p>\n<h2>EVA Hausschuhe Bulk Spezifikationen:<\/h2>\n<table width=\"777\">\n<tbody>\n<tr>\n<td width=\"291\">Hersteller:<\/td>\n<td width=\"486\">Mingyi<\/td>\n<\/tr>\n<tr>\n<td>Stil:<\/td>\n<td>Hausschuhe<\/td>\n<\/tr>\n<tr>\n<td>Modell:<\/td>\n<td>001<\/td>\n<\/tr>\n<tr>\n<td>Material:\u00a0<\/td>\n<td>EVA<\/td>\n<\/tr>\n<tr>\n<td>Farbe:\u00a0<\/td>\n<td>schwarz, wei\u00df, grau, apricot<\/td>\n<\/tr>\n<tr>\n<td>Gr\u00f6\u00dfe:\u00a0<\/td>\n<td>36-37, 38-39,40-41, 42-43,44-45<\/td>\n<\/tr>\n<tr>\n<td>Anpassungsoptionen:\u00a0<\/td>\n<td>Logo (Oberseite, Seite, Einlegesohle) \/ All-Over-Druck \/ Farbe \/ Material \/ Sohlendicke \/ Obermaterial<\/td>\n<\/tr>\n<tr>\n<td>Verpacken:\u00a0<\/td>\n<td>Kundenspezifische Verpackung<\/td>\n<\/tr>\n<tr>\n<td>Muster\uff1a<\/td>\n<td>Kostenlose Blindmuster<\/td>\n<\/tr>\n<\/tbody>\n<\/table>","protected":false},"featured_media":994,"comment_status":"closed","ping_status":"closed","template":"","meta":{"_acf_changed":false},"product_brand":[],"product_cat":[19],"product_tag":[25,26],"class_list":{"0":"post-990","1":"product","2":"type-product","3":"status-publish","4":"has-post-thumbnail","6":"product_cat-slippers-in-bulk","7":"product_tag-eva-slippers-wholesale","8":"product_tag-mens-slippers-wholesale","10":"first","11":"instock","12":"shipping-taxable","13":"product-type-simple"},"acf":[],"_links":{"self":[{"href":"https:\/\/www.mappershoe.com\/de\/wp-json\/wp\/v2\/product\/990","targetHints":{"allow":["GET"]}}],"collection":[{"href":"https:\/\/www.mappershoe.com\/de\/wp-json\/wp\/v2\/product"}],"about":[{"href":"https:\/\/www.mappershoe.com\/de\/wp-json\/wp\/v2\/types\/product"}],"replies":[{"embeddable":true,"href":"https:\/\/www.mappershoe.com\/de\/wp-json\/wp\/v2\/comments?post=990"}],"wp:featuredmedia":[{"embeddable":true,"href":"https:\/\/www.mappershoe.com\/de\/wp-json\/wp\/v2\/media\/994"}],"wp:attachment":[{"href":"https:\/\/www.mappershoe.com\/de\/wp-json\/wp\/v2\/media?parent=990"}],"wp:term":[{"taxonomy":"product_brand","embeddable":true,"href":"https:\/\/www.mappershoe.com\/de\/wp-json\/wp\/v2\/product_brand?post=990"},{"taxonomy":"product_cat","embeddable":true,"href":"https:\/\/www.mappershoe.com\/de\/wp-json\/wp\/v2\/product_cat?post=990"},{"taxonomy":"product_tag","embeddable":true,"href":"https:\/\/www.mappershoe.com\/de\/wp-json\/wp\/v2\/product_tag?post=990"}],"curies":[{"name":"wp","href":"https:\/\/api.w.org\/{rel}","templated":true}]}}