{"id":1000,"date":"2025-04-27T02:11:08","date_gmt":"2025-04-27T02:11:08","guid":{"rendered":"https:\/\/www.mappershoe.com\/?post_type=product&#038;p=1000"},"modified":"2025-10-27T07:27:02","modified_gmt":"2025-10-27T07:27:02","slug":"bulk-crocs-shoes","status":"publish","type":"product","link":"https:\/\/www.mappershoe.com\/es\/producto\/bulk-crocs-shoes\/","title":{"rendered":"Verano a granel Crocs zapatos, zapatillas zuecos personalizados para el g\u00e9nero"},"content":{"rendered":"<div class=\"wp-block-columns is-layout-flex wp-container-core-columns-is-layout-9d6595d7 wp-block-columns-is-layout-flex\">\n<div class=\"wp-block-column is-layout-flow wp-block-column-is-layout-flow\">\n<h3 class=\"wp-block-heading\">Zapatos Crocs a granel de primera calidad Caracter\u00edsticas:<\/h3>\n\n\n\n<p><strong>Material EVA de alta calidad: <\/strong>Estos zapatos crocs a granel est\u00e1n hechos de material EVA de alta elasticidad, ligero y resistente al desgaste, suave y c\u00f3modo de llevar, adecuado para caminar a largo plazo.<\/p>\n\n\n\n<p><strong>Dise\u00f1o transpirable y drenante: <\/strong>Estos zapatos crocs a granel est\u00e1n dise\u00f1ados con una parte superior porosa, transpirable y de drenaje r\u00e1pido, adecuados para la playa de verano, la piscina y otros entornos resbaladizos.<\/p>\n\n\n\n<p><strong>Suela ligera y antideslizante:<\/strong> La base con textura antideslizante de las zapatillas zueco personalizadas le proporciona un agarre adicional, le ayuda a evitar resbalones y le mantiene seguro mientras realiza actividades al aire libre o en otros eventos.<\/p>\n\n\n\n<p><strong>G\u00e9nero neutro:<\/strong> Las chanclas zueco personalizadas son unisex y perfectas para cualquier actividad para hombres y mujeres. Perfectas para la playa, el hogar, los viajes, el exterior o cualquier otro lugar bajo el sol.<\/p>\n\n\n\n<p><strong>Soporta LOGO personalizado y personalizaci\u00f3n masiva:<\/strong> Estos zapatos Crocs a granel ofrecen una variedad de colores, tama\u00f1os y servicios de personalizaci\u00f3n LOGO, apoyando OEM \/ ODM y entrega r\u00e1pida para grandes cantidades.<\/p>\n<\/div>\n\n\n\n<div class=\"wp-block-column is-layout-flow wp-block-column-is-layout-flow\">\n<figure class=\"wp-block-image size-full\"><img decoding=\"async\" width=\"800\" height=\"800\" src=\"https:\/\/www.mappershoe.com\/wp-content\/uploads\/2025\/04\/bulk-crocs-shoes-custom-clogs-slippers-for-women-men-3.webp\" alt=\"bulk-crocs-shoes-custom-clogs-slippers-for-women-men-3\" class=\"wp-image-1005\" srcset=\"https:\/\/www.mappershoe.com\/wp-content\/uploads\/2025\/04\/bulk-crocs-shoes-custom-clogs-slippers-for-women-men-3.webp 800w, https:\/\/www.mappershoe.com\/wp-content\/uploads\/2025\/04\/bulk-crocs-shoes-custom-clogs-slippers-for-women-men-3-300x300.webp 300w, https:\/\/www.mappershoe.com\/wp-content\/uploads\/2025\/04\/bulk-crocs-shoes-custom-clogs-slippers-for-women-men-3-150x150.webp 150w, https:\/\/www.mappershoe.com\/wp-content\/uploads\/2025\/04\/bulk-crocs-shoes-custom-clogs-slippers-for-women-men-3-768x768.webp 768w, https:\/\/www.mappershoe.com\/wp-content\/uploads\/2025\/04\/bulk-crocs-shoes-custom-clogs-slippers-for-women-men-3-600x600.webp 600w, https:\/\/www.mappershoe.com\/wp-content\/uploads\/2025\/04\/bulk-crocs-shoes-custom-clogs-slippers-for-women-men-3-100x100.webp 100w\" sizes=\"(max-width: 800px) 100vw, 800px\" \/><\/figure>\n<\/div>\n<\/div>\n\n\n\n<p><\/p>","protected":false},"excerpt":{"rendered":"<p>Bienvenido a comprar nuestros zapatos crocs a granel. Nuestras zapatillas crocs a granel para playa de verano est\u00e1n hechas de material EVA de alta elasticidad, que es ligero, suave, resistente al desgaste y c\u00f3modo. Las zapatillas zuecos a medida tienen un dise\u00f1o poroso y transpirable en la parte superior para garantizar la frescura y la sequedad en verano, y tambi\u00e9n tienen una excelente funci\u00f3n de drenaje, especialmente adecuado para la playa, piscina, al aire libre y otros ambientes h\u00famedos. Apoyan la flexibilidad del servicio OEM\/ODM, y ayudan a las marcas a ampliar el mercado.<\/p>\n<h2>Zapatos Crocs a granel Especificaciones:<\/h2>\n<table width=\"777\">\n<tbody>\n<tr>\n<td width=\"291\">Fabricante:<\/td>\n<td width=\"486\">Mingyi<\/td>\n<\/tr>\n<tr>\n<td>Estilo:<\/td>\n<td>Zapatos Crocs<\/td>\n<\/tr>\n<tr>\n<td>Modelo:<\/td>\n<td>101<\/td>\n<\/tr>\n<tr>\n<td>Material:\u00a0<\/td>\n<td>EVA<\/td>\n<\/tr>\n<tr>\n<td>Color:\u00a0<\/td>\n<td>negro, blanco, rojo, rosa, naranja, amarillo, verde menta, caqui, azul, azul oscuro, azul neblina, azul claro, rojo rosa, caf\u00e9<\/td>\n<\/tr>\n<tr>\n<td>Tama\u00f1o:\u00a0<\/td>\n<td>36-37, 38-39,40-41, 42-43,44-45<\/td>\n<\/tr>\n<tr>\n<td>Opciones de personalizaci\u00f3n:\u00a0<\/td>\n<td>Logotipo (parte superior, lateral, plantilla) \/ Estampado integral \/ Color \/ Material \/ Grosor de la suela \/ Parte superior<\/td>\n<\/tr>\n<tr>\n<td>Embalaje:\u00a0<\/td>\n<td>Embalaje personalizado<\/td>\n<\/tr>\n<tr>\n<td>Muestra\uff1a<\/td>\n<td>Muestras gratuitas<\/td>\n<\/tr>\n<\/tbody>\n<\/table>","protected":false},"featured_media":1003,"comment_status":"closed","ping_status":"closed","template":"","meta":{"_acf_changed":false},"product_brand":[],"product_cat":[18],"product_tag":[25,26,27],"class_list":{"0":"post-1000","1":"product","2":"type-product","3":"status-publish","4":"has-post-thumbnail","6":"product_cat-wholesale-crocs-shoes","7":"product_tag-eva-slippers-wholesale","8":"product_tag-mens-slippers-wholesale","9":"product_tag-wholesale-womens-slippers","11":"first","12":"instock","13":"shipping-taxable","14":"product-type-simple"},"acf":[],"_links":{"self":[{"href":"https:\/\/www.mappershoe.com\/es\/wp-json\/wp\/v2\/product\/1000","targetHints":{"allow":["GET"]}}],"collection":[{"href":"https:\/\/www.mappershoe.com\/es\/wp-json\/wp\/v2\/product"}],"about":[{"href":"https:\/\/www.mappershoe.com\/es\/wp-json\/wp\/v2\/types\/product"}],"replies":[{"embeddable":true,"href":"https:\/\/www.mappershoe.com\/es\/wp-json\/wp\/v2\/comments?post=1000"}],"wp:featuredmedia":[{"embeddable":true,"href":"https:\/\/www.mappershoe.com\/es\/wp-json\/wp\/v2\/media\/1003"}],"wp:attachment":[{"href":"https:\/\/www.mappershoe.com\/es\/wp-json\/wp\/v2\/media?parent=1000"}],"wp:term":[{"taxonomy":"product_brand","embeddable":true,"href":"https:\/\/www.mappershoe.com\/es\/wp-json\/wp\/v2\/product_brand?post=1000"},{"taxonomy":"product_cat","embeddable":true,"href":"https:\/\/www.mappershoe.com\/es\/wp-json\/wp\/v2\/product_cat?post=1000"},{"taxonomy":"product_tag","embeddable":true,"href":"https:\/\/www.mappershoe.com\/es\/wp-json\/wp\/v2\/product_tag?post=1000"}],"curies":[{"name":"wp","href":"https:\/\/api.w.org\/{rel}","templated":true}]}}