{"id":1017,"date":"2025-04-27T03:10:49","date_gmt":"2025-04-27T03:10:49","guid":{"rendered":"https:\/\/www.mappershoe.com\/?post_type=product&#038;p=1017"},"modified":"2026-03-25T10:06:29","modified_gmt":"2026-03-25T10:06:29","slug":"crocs-shoes-wholesale","status":"publish","type":"product","link":"https:\/\/www.mappershoe.com\/es\/producto\/crocs-shoes-wholesale\/","title":{"rendered":"Zapatos Crocs Air Cushion al por mayor, zapatos de jard\u00edn personalizados para hombre"},"content":{"rendered":"<div class=\"wp-block-columns is-layout-flex wp-container-core-columns-is-layout-9d6595d7 wp-block-columns-is-layout-flex\">\n<div class=\"wp-block-column is-layout-flow wp-block-column-is-layout-flow\">\n<h3 class=\"wp-block-heading\">Premium Air Cushion Crocs Zapatos al por mayor Caracter\u00edsticas:<\/h3>\n\n\n\n<p><strong>Suela ligera y antideslizante: <\/strong>Estos zapatos crocs air cushion al por mayor tienen una suela texturizada antideslizante que mejora el agarre, evita eficazmente resbalones y ca\u00eddas, y protege la seguridad de las actividades al aire libre.<\/p>\n\n\n\n<p><strong>Dise\u00f1o de suela con amortiguaci\u00f3n de aire incorporada: <\/strong>Estos zapatos crocs de amortiguaci\u00f3n de aire al por mayor innovadora tecnolog\u00eda de amortiguaci\u00f3n de aire proporciona una excelente comodidad y apoyo, y reduce eficazmente la fatiga del pie, incluso despu\u00e9s de largas horas de caminar.<\/p>\n\n\n\n<p><strong>Material EVA resistente al desgaste:<\/strong> Estos zapatos crocs de amortiguaci\u00f3n de aire al por mayor est\u00e1n hechos de material EVA ligero de alta calidad, suave y duradero, impermeable y f\u00e1cil de limpiar, adecuado para una variedad de entornos al aire libre.<\/p>\n\n\n\n<p><strong>Suelas y cordones personalizables: <\/strong>Los zapatos crocs personalizados para hombre admiten la personalizaci\u00f3n de suelas y cordones en colores, dibujos y materiales para crear estilos \u00fanicos y exclusivos.<\/p>\n\n\n\n<p><strong>Soporta LOGO personalizado y personalizaci\u00f3n masiva: <\/strong>La costumbre crocs zapatos para hombres ofrecen una variedad de colores, tama\u00f1os y servicios de personalizaci\u00f3n LOGO, el apoyo OEM \/ ODM y grandes cantidades de entrega r\u00e1pida.<\/p>\n<\/div>\n\n\n\n<div class=\"wp-block-column is-layout-flow wp-block-column-is-layout-flow\">\n<figure class=\"wp-block-image size-full\"><img decoding=\"async\" width=\"800\" height=\"800\" src=\"https:\/\/www.mappershoe.com\/wp-content\/uploads\/2025\/04\/air-cushion-crocs-shoes-wholesale-custom-crocs-shoes-for-men-13.webp\" alt=\"air-cushion-crocs-shoes-wholesale-custom-crocs-shoes-for-men-13\" class=\"wp-image-1029\" srcset=\"https:\/\/www.mappershoe.com\/wp-content\/uploads\/2025\/04\/air-cushion-crocs-shoes-wholesale-custom-crocs-shoes-for-men-13.webp 800w, https:\/\/www.mappershoe.com\/wp-content\/uploads\/2025\/04\/air-cushion-crocs-shoes-wholesale-custom-crocs-shoes-for-men-13-300x300.webp 300w, https:\/\/www.mappershoe.com\/wp-content\/uploads\/2025\/04\/air-cushion-crocs-shoes-wholesale-custom-crocs-shoes-for-men-13-150x150.webp 150w, https:\/\/www.mappershoe.com\/wp-content\/uploads\/2025\/04\/air-cushion-crocs-shoes-wholesale-custom-crocs-shoes-for-men-13-768x768.webp 768w, https:\/\/www.mappershoe.com\/wp-content\/uploads\/2025\/04\/air-cushion-crocs-shoes-wholesale-custom-crocs-shoes-for-men-13-600x600.webp 600w, https:\/\/www.mappershoe.com\/wp-content\/uploads\/2025\/04\/air-cushion-crocs-shoes-wholesale-custom-crocs-shoes-for-men-13-100x100.webp 100w\" sizes=\"(max-width: 800px) 100vw, 800px\" \/><\/figure>\n<\/div>\n<\/div>\n\n\n\n<p><\/p>","protected":false},"excerpt":{"rendered":"<p>Bienvenido a pedir nuestros zapatos Crocs personalizados. Nuestro colch\u00f3n de aire zapatos Crocs al por mayor est\u00e1n dise\u00f1ados con una innovadora suela de colch\u00f3n de aire que proporciona una amortiguaci\u00f3n excepcional y apoyo comodidad durante largos per\u00edodos de uso. Hecho de material EVA de alta calidad, ligero, impermeable, resistente al desgaste, adaptable a una variedad de ambientes al aire libre y escenarios diarios. Proporcionamos servicios de personalizaci\u00f3n OEM\/ODM al por mayor y flexibles para ayudar a las marcas a crear l\u00edneas de productos distintivas.<\/p>\n<h2>Crocs Zapatos al por mayor Especificaciones:<\/h2>\n<table width=\"777\">\n<tbody>\n<tr>\n<td width=\"291\">Fabricante:<\/td>\n<td width=\"486\">Mingyi<\/td>\n<\/tr>\n<tr>\n<td>Estilo:<\/td>\n<td>Zapatos Crocs<\/td>\n<\/tr>\n<tr>\n<td>Modelo:<\/td>\n<td>102<\/td>\n<\/tr>\n<tr>\n<td>Material:\u00a0<\/td>\n<td>EVA<\/td>\n<\/tr>\n<tr>\n<td>Color:\u00a0<\/td>\n<td>negro, gris, marr\u00f3n, caqui<\/td>\n<\/tr>\n<tr>\n<td>Tama\u00f1o:\u00a0<\/td>\n<td>36-37, 38-39,40-41, 42-43,44-45<\/td>\n<\/tr>\n<tr>\n<td>Opciones de personalizaci\u00f3n:\u00a0<\/td>\n<td>Logotipo (parte superior, lateral, plantilla) \/ Estampado integral \/ Color \/ Material \/ Grosor de la suela \/ Parte superior<\/td>\n<\/tr>\n<tr>\n<td>Embalaje:\u00a0<\/td>\n<td>Embalaje personalizado<\/td>\n<\/tr>\n<tr>\n<td>Muestra\uff1a<\/td>\n<td>Muestras gratuitas<\/td>\n<\/tr>\n<\/tbody>\n<\/table>","protected":false},"featured_media":1018,"comment_status":"closed","ping_status":"closed","template":"","meta":{"_acf_changed":false},"product_brand":[],"product_cat":[18],"product_tag":[25,26],"class_list":{"0":"post-1017","1":"product","2":"type-product","3":"status-publish","4":"has-post-thumbnail","6":"product_cat-wholesale-crocs-shoes","7":"product_tag-eva-slippers-wholesale","8":"product_tag-mens-slippers-wholesale","10":"first","11":"instock","12":"shipping-taxable","13":"product-type-simple"},"acf":[],"_links":{"self":[{"href":"https:\/\/www.mappershoe.com\/es\/wp-json\/wp\/v2\/product\/1017","targetHints":{"allow":["GET"]}}],"collection":[{"href":"https:\/\/www.mappershoe.com\/es\/wp-json\/wp\/v2\/product"}],"about":[{"href":"https:\/\/www.mappershoe.com\/es\/wp-json\/wp\/v2\/types\/product"}],"replies":[{"embeddable":true,"href":"https:\/\/www.mappershoe.com\/es\/wp-json\/wp\/v2\/comments?post=1017"}],"wp:featuredmedia":[{"embeddable":true,"href":"https:\/\/www.mappershoe.com\/es\/wp-json\/wp\/v2\/media\/1018"}],"wp:attachment":[{"href":"https:\/\/www.mappershoe.com\/es\/wp-json\/wp\/v2\/media?parent=1017"}],"wp:term":[{"taxonomy":"product_brand","embeddable":true,"href":"https:\/\/www.mappershoe.com\/es\/wp-json\/wp\/v2\/product_brand?post=1017"},{"taxonomy":"product_cat","embeddable":true,"href":"https:\/\/www.mappershoe.com\/es\/wp-json\/wp\/v2\/product_cat?post=1017"},{"taxonomy":"product_tag","embeddable":true,"href":"https:\/\/www.mappershoe.com\/es\/wp-json\/wp\/v2\/product_tag?post=1017"}],"curies":[{"name":"wp","href":"https:\/\/api.w.org\/{rel}","templated":true}]}}