{"id":1030,"date":"2025-04-27T03:51:14","date_gmt":"2025-04-27T03:51:14","guid":{"rendered":"https:\/\/www.mappershoe.com\/?post_type=product&#038;p=1030"},"modified":"2025-04-27T03:51:15","modified_gmt":"2025-04-27T03:51:15","slug":"custom-crocs-clogs","status":"publish","type":"product","link":"https:\/\/www.mappershoe.com\/es\/producto\/custom-crocs-clogs\/","title":{"rendered":"Zuecos Crocs personalizados con logotipo, personalizaci\u00f3n de la correa, zapatos Crocs a granel en 5 colores"},"content":{"rendered":"<div class=\"wp-block-columns is-layout-flex wp-container-core-columns-is-layout-9d6595d7 wp-block-columns-is-layout-flex\">\n<div class=\"wp-block-column is-layout-flow wp-block-column-is-layout-flow\">\n<h3 class=\"wp-block-heading\">Zuecos Crocs personalizados de primera calidad Caracter\u00edsticas:<\/h3>\n\n\n\n<p><strong>Servicio de LOGOTIPO personalizado: <\/strong>Nuestros zuecos crocs personalizados admiten la impresi\u00f3n de un LOGO exclusivo en zapatos y cordones para mejorar la exposici\u00f3n de la marca y crear un reconocimiento \u00fanico.<\/p>\n\n\n\n<p><strong>Dise\u00f1o de encaje personalizable: <\/strong>Estos cordones para zapatos Crocs a granel admiten la personalizaci\u00f3n del material, el color y el contenido de impresi\u00f3n para satisfacer las diferentes necesidades de la marca y la actividad.<\/p>\n\n\n\n<p><strong>Cinco colores populares: <\/strong>Cinco colores generales se ofrecen para nuestros zuecos crocs personalizados, ricos matchings, aplicables a diferentes mercados y demandas de los clientes.<\/p>\n\n\n\n<p><strong>Material EVA c\u00f3modo y ligero:<\/strong> Nuestros zuecos crocs personalizados se fabrican con material EVA suave y ligero, que es delicado con la piel y c\u00f3modo de llevar durante mucho tiempo.<\/p>\n\n\n\n<p><strong>Dise\u00f1o transpirable y drenante: <\/strong>La mayor\u00eda de los zapatos Crocs a granel est\u00e1n dise\u00f1ados con una parte superior porosa, transpirable y disipaci\u00f3n de calor, drenaje r\u00e1pido, ideal para la playa de verano, piscina y otras condiciones resbaladizas.<\/p>\n\n\n\n<p><strong>Soporta LOGO personalizado y personalizaci\u00f3n masiva: <\/strong>La costumbre crocs zapatos para hombres ofrecen una variedad de colores, tama\u00f1os y servicios de personalizaci\u00f3n LOGO, el apoyo OEM \/ ODM y grandes cantidades de entrega r\u00e1pida.<\/p>\n<\/div>\n\n\n\n<div class=\"wp-block-column is-layout-flow wp-block-column-is-layout-flow\">\n<figure class=\"wp-block-image size-full\"><img decoding=\"async\" width=\"1000\" height=\"1000\" src=\"https:\/\/www.mappershoe.com\/wp-content\/uploads\/2025\/04\/custom-crocs-clogs-with-logo-bulk-crocs-shoes-in-5-colors-7.webp\" alt=\"zuecos-crocs-con-logotipo-a granel-zapatos-crocs-en-5-colores-7\" class=\"wp-image-1048\" srcset=\"https:\/\/www.mappershoe.com\/wp-content\/uploads\/2025\/04\/custom-crocs-clogs-with-logo-bulk-crocs-shoes-in-5-colors-7.webp 1000w, https:\/\/www.mappershoe.com\/wp-content\/uploads\/2025\/04\/custom-crocs-clogs-with-logo-bulk-crocs-shoes-in-5-colors-7-300x300.webp 300w, https:\/\/www.mappershoe.com\/wp-content\/uploads\/2025\/04\/custom-crocs-clogs-with-logo-bulk-crocs-shoes-in-5-colors-7-150x150.webp 150w, https:\/\/www.mappershoe.com\/wp-content\/uploads\/2025\/04\/custom-crocs-clogs-with-logo-bulk-crocs-shoes-in-5-colors-7-768x768.webp 768w, https:\/\/www.mappershoe.com\/wp-content\/uploads\/2025\/04\/custom-crocs-clogs-with-logo-bulk-crocs-shoes-in-5-colors-7-12x12.webp 12w, https:\/\/www.mappershoe.com\/wp-content\/uploads\/2025\/04\/custom-crocs-clogs-with-logo-bulk-crocs-shoes-in-5-colors-7-600x600.webp 600w, https:\/\/www.mappershoe.com\/wp-content\/uploads\/2025\/04\/custom-crocs-clogs-with-logo-bulk-crocs-shoes-in-5-colors-7-100x100.webp 100w\" sizes=\"(max-width: 1000px) 100vw, 1000px\" \/><\/figure>\n<\/div>\n<\/div>\n\n\n\n<p><\/p>","protected":false},"excerpt":{"rendered":"<p>Nuestros zuecos crocs personalizados con logotipo est\u00e1n especialmente dise\u00f1ados para la personalizaci\u00f3n de la marca, lo que permite a\u00f1adir logotipos exclusivos en la parte superior o en los cordones, as\u00ed como personalizar el color y el dise\u00f1o de los cordones para crear un producto de marca m\u00e1s personalizado. Seleccionado material EVA ligero y c\u00f3modo, estos zapatos crocs a granel con cinco colorways populares, son adecuados para una variedad de al aire libre, playa, y la escena casual desgaste. \u00a1MOQ flexible, apoyo OEM \/ ODM servicio, p\u00f3ngase en contacto con nosotros ahora!<\/p>\n<h2>Zuecos Crocs personalizados Especificaciones:<\/h2>\n<table width=\"777\">\n<tbody>\n<tr>\n<td width=\"291\">Fabricante:<\/td>\n<td width=\"486\">Mingyi<\/td>\n<\/tr>\n<tr>\n<td>Estilo:<\/td>\n<td>Zapatos Crocs<\/td>\n<\/tr>\n<tr>\n<td>Modelo:<\/td>\n<td>103<\/td>\n<\/tr>\n<tr>\n<td>Material:\u00a0<\/td>\n<td>EVA<\/td>\n<\/tr>\n<tr>\n<td>Color:\u00a0<\/td>\n<td>negro, blanco, rosa, caqui, verde<\/td>\n<\/tr>\n<tr>\n<td>Tama\u00f1o:\u00a0<\/td>\n<td>36-37, 38-39,40-41, 42-43,44-45<\/td>\n<\/tr>\n<tr>\n<td>Opciones de personalizaci\u00f3n:\u00a0<\/td>\n<td>Logotipo (parte superior, lateral, plantilla) \/ Estampado integral \/ Color \/ Material \/ Grosor de la suela \/ Parte superior<\/td>\n<\/tr>\n<tr>\n<td>Embalaje:\u00a0<\/td>\n<td>Embalaje personalizado<\/td>\n<\/tr>\n<tr>\n<td>Muestra\uff1a<\/td>\n<td>Muestras gratuitas<\/td>\n<\/tr>\n<\/tbody>\n<\/table>","protected":false},"featured_media":1047,"comment_status":"closed","ping_status":"closed","template":"","meta":{"_acf_changed":false},"product_brand":[],"product_cat":[18],"product_tag":[25,26,27],"class_list":{"0":"post-1030","1":"product","2":"type-product","3":"status-publish","4":"has-post-thumbnail","6":"product_cat-wholesale-crocs-shoes","7":"product_tag-eva-slippers-wholesale","8":"product_tag-mens-slippers-wholesale","9":"product_tag-wholesale-womens-slippers","11":"first","12":"instock","13":"shipping-taxable","14":"product-type-simple"},"acf":[],"_links":{"self":[{"href":"https:\/\/www.mappershoe.com\/es\/wp-json\/wp\/v2\/product\/1030","targetHints":{"allow":["GET"]}}],"collection":[{"href":"https:\/\/www.mappershoe.com\/es\/wp-json\/wp\/v2\/product"}],"about":[{"href":"https:\/\/www.mappershoe.com\/es\/wp-json\/wp\/v2\/types\/product"}],"replies":[{"embeddable":true,"href":"https:\/\/www.mappershoe.com\/es\/wp-json\/wp\/v2\/comments?post=1030"}],"wp:featuredmedia":[{"embeddable":true,"href":"https:\/\/www.mappershoe.com\/es\/wp-json\/wp\/v2\/media\/1047"}],"wp:attachment":[{"href":"https:\/\/www.mappershoe.com\/es\/wp-json\/wp\/v2\/media?parent=1030"}],"wp:term":[{"taxonomy":"product_brand","embeddable":true,"href":"https:\/\/www.mappershoe.com\/es\/wp-json\/wp\/v2\/product_brand?post=1030"},{"taxonomy":"product_cat","embeddable":true,"href":"https:\/\/www.mappershoe.com\/es\/wp-json\/wp\/v2\/product_cat?post=1030"},{"taxonomy":"product_tag","embeddable":true,"href":"https:\/\/www.mappershoe.com\/es\/wp-json\/wp\/v2\/product_tag?post=1030"}],"curies":[{"name":"wp","href":"https:\/\/api.w.org\/{rel}","templated":true}]}}