{"id":1053,"date":"2025-04-27T06:34:54","date_gmt":"2025-04-27T06:34:54","guid":{"rendered":"https:\/\/www.mappershoe.com\/?post_type=product&#038;p=1053"},"modified":"2025-04-27T06:34:56","modified_gmt":"2025-04-27T06:34:56","slug":"custom-crocs-shoes","status":"publish","type":"product","link":"https:\/\/www.mappershoe.com\/es\/producto\/custom-crocs-shoes\/","title":{"rendered":"Zapatos Crocs personalizados para mujer, zapatos Crocs de EVA al por mayor en 7 colores"},"content":{"rendered":"<div class=\"wp-block-columns is-layout-flex wp-container-core-columns-is-layout-9d6595d7 wp-block-columns-is-layout-flex\">\n<div class=\"wp-block-column is-layout-flow wp-block-column-is-layout-flow\">\n<h3 class=\"wp-block-heading\">Zapatos Crocs personalizados de primera calidad Caracter\u00edsticas:<\/h3>\n\n\n\n<p><strong>Material EVA ligero de alta calidad: <\/strong>Nuestros zapatos Crocs al por mayor est\u00e1n hechos de material EVA ligero altamente el\u00e1stico, suave y c\u00f3modo, proporcionando una sensaci\u00f3n de confort en los pies.<\/p>\n\n\n\n<p><strong>Siete dise\u00f1os de colores s\u00f3lidos:<\/strong> Estos zapatos crocs personalizados para mujeres seleccionaron siete colores s\u00f3lidos populares, llenos de color, de moda y vers\u00e1tiles, para satisfacer las necesidades de una variedad de coincidencia.<\/p>\n\n\n\n<p><strong>Cordones y suelas personalizables: <\/strong>Estos zapatos crocs personalizados para mujer admiten la personalizaci\u00f3n del color y el estilo de los cordones y las suelas, creando un producto \u00fanico y exclusivo.<\/p>\n\n\n\n<p><strong>Dise\u00f1o superior transpirable y drenante: <\/strong>Estos zapatos crocs personalizados para mujer tienen una parte superior porosa con una buena transpirabilidad y un r\u00e1pido drenaje, lo que resulta adecuado para llevarlos en verano y en muchos entornos h\u00famedos.<\/p>\n\n\n\n<p><strong>Servicio flexible de personalizaci\u00f3n de lotes: <\/strong>Nuestros zapatos crocs al por mayor proporcionan suministro en grandes cantidades y personalizaci\u00f3n profesional OEM\/ODM, adecuados para marcas y mayoristas con m\u00faltiples necesidades de compra.<\/p>\n<\/div>\n\n\n\n<div class=\"wp-block-column is-layout-flow wp-block-column-is-layout-flow\">\n<figure class=\"wp-block-image size-full\"><img decoding=\"async\" width=\"800\" height=\"800\" src=\"https:\/\/www.mappershoe.com\/wp-content\/uploads\/2025\/04\/custom-crocs-shoes-for-women-eva-crocs-shoes-wholesale-in-7-colors-15.webp\" alt=\"custom-crocs-shoes-for-women-eva-crocs-shoes-wolesale-in-7-colors-6\" class=\"wp-image-1073\" srcset=\"https:\/\/www.mappershoe.com\/wp-content\/uploads\/2025\/04\/custom-crocs-shoes-for-women-eva-crocs-shoes-wholesale-in-7-colors-15.webp 800w, https:\/\/www.mappershoe.com\/wp-content\/uploads\/2025\/04\/custom-crocs-shoes-for-women-eva-crocs-shoes-wholesale-in-7-colors-15-300x300.webp 300w, https:\/\/www.mappershoe.com\/wp-content\/uploads\/2025\/04\/custom-crocs-shoes-for-women-eva-crocs-shoes-wholesale-in-7-colors-15-150x150.webp 150w, https:\/\/www.mappershoe.com\/wp-content\/uploads\/2025\/04\/custom-crocs-shoes-for-women-eva-crocs-shoes-wholesale-in-7-colors-15-768x768.webp 768w, https:\/\/www.mappershoe.com\/wp-content\/uploads\/2025\/04\/custom-crocs-shoes-for-women-eva-crocs-shoes-wholesale-in-7-colors-15-12x12.webp 12w, https:\/\/www.mappershoe.com\/wp-content\/uploads\/2025\/04\/custom-crocs-shoes-for-women-eva-crocs-shoes-wholesale-in-7-colors-15-600x600.webp 600w, https:\/\/www.mappershoe.com\/wp-content\/uploads\/2025\/04\/custom-crocs-shoes-for-women-eva-crocs-shoes-wholesale-in-7-colors-15-100x100.webp 100w\" sizes=\"(max-width: 800px) 100vw, 800px\" \/><\/figure>\n<\/div>\n<\/div>\n\n\n\n<p><\/p>","protected":false},"excerpt":{"rendered":"<p>Bienvenido a comprar nuestros zapatos Crocs al por mayor al por mayor. Nuestros zapatos Crocs personalizados para mujer est\u00e1n hechos de material EVA ligero de alta calidad, suave y duradero, y la suela interior de los zapatos est\u00e1 especialmente hecha con un proceso de textura antideslizante, que mejora la comodidad y el rendimiento antideslizante de los zapatos, haci\u00e9ndolos adecuados para el uso diario y al aire libre en m\u00faltiples escenarios. Dise\u00f1ado con 7 colores s\u00f3lidos, es fresco y vers\u00e1til, y tambi\u00e9n admite la personalizaci\u00f3n del color y el estilo de los cordones y las suelas, lo que facilita la creaci\u00f3n de su estilo.<\/p>\n<h2>Zapatos Crocs personalizados Especificaciones:<\/h2>\n<table width=\"777\">\n<tbody>\n<tr>\n<td width=\"291\">Fabricante:<\/td>\n<td width=\"486\">Mingyi<\/td>\n<\/tr>\n<tr>\n<td>Estilo:<\/td>\n<td>Zapatos Crocs<\/td>\n<\/tr>\n<tr>\n<td>Modelo:<\/td>\n<td>104<\/td>\n<\/tr>\n<tr>\n<td>Material:\u00a0<\/td>\n<td>EVA<\/td>\n<\/tr>\n<tr>\n<td>Color:\u00a0<\/td>\n<td>negro, blanco, rosa, amarillo, verde, azul, gris<\/td>\n<\/tr>\n<tr>\n<td>Tama\u00f1o:\u00a0<\/td>\n<td>36-37, 38-39,40-41, 42-43,44-45<\/td>\n<\/tr>\n<tr>\n<td>Opciones de personalizaci\u00f3n:\u00a0<\/td>\n<td>Logotipo (parte superior, lateral, plantilla) \/ Estampado integral \/ Color \/ Material \/ Grosor de la suela \/ Parte superior<\/td>\n<\/tr>\n<tr>\n<td>Embalaje:\u00a0<\/td>\n<td>Embalaje personalizado<\/td>\n<\/tr>\n<tr>\n<td>Muestra\uff1a<\/td>\n<td>Muestras gratuitas<\/td>\n<\/tr>\n<\/tbody>\n<\/table>","protected":false},"featured_media":1070,"comment_status":"closed","ping_status":"closed","template":"","meta":{"_acf_changed":false},"product_brand":[],"product_cat":[18],"product_tag":[25,27],"class_list":{"0":"post-1053","1":"product","2":"type-product","3":"status-publish","4":"has-post-thumbnail","6":"product_cat-wholesale-crocs-shoes","7":"product_tag-eva-slippers-wholesale","8":"product_tag-wholesale-womens-slippers","10":"first","11":"instock","12":"shipping-taxable","13":"product-type-simple"},"acf":[],"_links":{"self":[{"href":"https:\/\/www.mappershoe.com\/es\/wp-json\/wp\/v2\/product\/1053","targetHints":{"allow":["GET"]}}],"collection":[{"href":"https:\/\/www.mappershoe.com\/es\/wp-json\/wp\/v2\/product"}],"about":[{"href":"https:\/\/www.mappershoe.com\/es\/wp-json\/wp\/v2\/types\/product"}],"replies":[{"embeddable":true,"href":"https:\/\/www.mappershoe.com\/es\/wp-json\/wp\/v2\/comments?post=1053"}],"wp:featuredmedia":[{"embeddable":true,"href":"https:\/\/www.mappershoe.com\/es\/wp-json\/wp\/v2\/media\/1070"}],"wp:attachment":[{"href":"https:\/\/www.mappershoe.com\/es\/wp-json\/wp\/v2\/media?parent=1053"}],"wp:term":[{"taxonomy":"product_brand","embeddable":true,"href":"https:\/\/www.mappershoe.com\/es\/wp-json\/wp\/v2\/product_brand?post=1053"},{"taxonomy":"product_cat","embeddable":true,"href":"https:\/\/www.mappershoe.com\/es\/wp-json\/wp\/v2\/product_cat?post=1053"},{"taxonomy":"product_tag","embeddable":true,"href":"https:\/\/www.mappershoe.com\/es\/wp-json\/wp\/v2\/product_tag?post=1053"}],"curies":[{"name":"wp","href":"https:\/\/api.w.org\/{rel}","templated":true}]}}