{"id":1282,"date":"2025-05-16T10:08:41","date_gmt":"2025-05-16T10:08:41","guid":{"rendered":"https:\/\/www.mappershoe.com\/?post_type=product&#038;p=1282"},"modified":"2025-05-16T10:08:44","modified_gmt":"2025-05-16T10:08:44","slug":"crocs-shoes-custom","status":"publish","type":"product","link":"https:\/\/www.mappershoe.com\/es\/producto\/crocs-shoes-custom\/","title":{"rendered":"Conton Crocs Shoes Custom Indoor Keep Warm Furry EVA Clogs Venta al por mayor"},"content":{"rendered":"<div class=\"wp-block-columns is-layout-flex wp-container-core-columns-is-layout-9d6595d7 wp-block-columns-is-layout-flex\">\n<div class=\"wp-block-column is-layout-flow wp-block-column-is-layout-flow\">\n<h3 class=\"wp-block-heading\">Premium Conton Crocs Zapatos Personalizados Caracter\u00edsticas:<\/h3>\n\n\n\n<p><strong>Dise\u00f1o de forro c\u00e1lido: <\/strong>Estos zapatos crocs conton personalizados forrados con piel sint\u00e9tica suave, bloqueo de temperatura eficaz, adecuado para el oto\u00f1o y el invierno de interior.<\/p>\n\n\n\n<p><strong>Suela ligera de EVA: <\/strong>Estos zapatos Crocs personalizados est\u00e1n hechos de material EVA de alta elasticidad, ligero y c\u00f3modo, con absorci\u00f3n de impactos y durabilidad.<\/p>\n\n\n\n<p><strong>Logotipo y color personalizables: <\/strong>Nuestros zuecos EVA al por mayor admiten la personalizaci\u00f3n OEM para satisfacer las necesidades personalizadas de los clientes de marca o mayoristas.<\/p>\n\n\n\n<p><strong>Estructura de la suela antideslizante: <\/strong>Nuestra suela de EVA para zuecos al por mayor est\u00e1 dise\u00f1ada con una textura c\u00f3ncavo-convexa, que mejora el agarre y es antideslizante y segura.<\/p>\n\n\n\n<p><strong>C\u00f3modo envoltorio Forma del pie: <\/strong>Estos zapatos a medida conton crocs se ajustan bien al pie y proporcionan una buena sujeci\u00f3n para llevarlos durante mucho tiempo.<\/p>\n<\/div>\n\n\n\n<div class=\"wp-block-column is-layout-flow wp-block-column-is-layout-flow\">\n<figure class=\"wp-block-image size-full\"><img decoding=\"async\" width=\"1000\" height=\"1000\" src=\"https:\/\/www.mappershoe.com\/wp-content\/uploads\/2025\/05\/conton-crocs-shoes-custom-indoor-keep-warm-furry-eva-clogs-wholesale-4.webp\" alt=\"conton-crocs-shoes-custom-indoor-keep-warm-furry-eva-clogs-wholesale-4\" class=\"wp-image-1286\" srcset=\"https:\/\/www.mappershoe.com\/wp-content\/uploads\/2025\/05\/conton-crocs-shoes-custom-indoor-keep-warm-furry-eva-clogs-wholesale-4.webp 1000w, https:\/\/www.mappershoe.com\/wp-content\/uploads\/2025\/05\/conton-crocs-shoes-custom-indoor-keep-warm-furry-eva-clogs-wholesale-4-300x300.webp 300w, https:\/\/www.mappershoe.com\/wp-content\/uploads\/2025\/05\/conton-crocs-shoes-custom-indoor-keep-warm-furry-eva-clogs-wholesale-4-150x150.webp 150w, https:\/\/www.mappershoe.com\/wp-content\/uploads\/2025\/05\/conton-crocs-shoes-custom-indoor-keep-warm-furry-eva-clogs-wholesale-4-768x768.webp 768w, https:\/\/www.mappershoe.com\/wp-content\/uploads\/2025\/05\/conton-crocs-shoes-custom-indoor-keep-warm-furry-eva-clogs-wholesale-4-12x12.webp 12w, https:\/\/www.mappershoe.com\/wp-content\/uploads\/2025\/05\/conton-crocs-shoes-custom-indoor-keep-warm-furry-eva-clogs-wholesale-4-600x600.webp 600w, https:\/\/www.mappershoe.com\/wp-content\/uploads\/2025\/05\/conton-crocs-shoes-custom-indoor-keep-warm-furry-eva-clogs-wholesale-4-100x100.webp 100w\" sizes=\"(max-width: 1000px) 100vw, 1000px\" \/><\/figure>\n<\/div>\n<\/div>\n\n\n\n<p><\/p>","protected":false},"excerpt":{"rendered":"<p>Bienvenido a comprar nuestro conton crocs zapatos personalizados. Estos zuecos de EVA de felpa al por mayor est\u00e1n dise\u00f1ados para un uso interior acogedor, con forro de felpa suave para el calor, suelas de EVA ligeras para la comodidad durante todo el d\u00eda, y dise\u00f1o antideslizante para la seguridad. Ideales para las temporadas de oto\u00f1o e invierno, los pedidos al por mayor admiten logotipos y colores personalizados.<\/p>\n<h2>\u00a0Crocs Shoes Especificaciones personalizadas:<\/h2>\n<table width=\"777\">\n<tbody>\n<tr>\n<td width=\"291\">Fabricante:<\/td>\n<td width=\"486\">Mingyi<\/td>\n<\/tr>\n<tr>\n<td>Estilo:<\/td>\n<td>Zapatos Crocs<\/td>\n<\/tr>\n<tr>\n<td>Modelo:<\/td>\n<td>105<\/td>\n<\/tr>\n<tr>\n<td>Material:\u00a0<\/td>\n<td>EVA<\/td>\n<\/tr>\n<tr>\n<td>Color:\u00a0<\/td>\n<td>negro, blanco, rosa, verde\uff0c gris\uff0c<\/td>\n<\/tr>\n<tr>\n<td>Tama\u00f1o:\u00a0<\/td>\n<td>36-37, 38-39,40-41, 42-43,44-45<\/td>\n<\/tr>\n<tr>\n<td>Opciones de personalizaci\u00f3n:\u00a0<\/td>\n<td>Logotipo (parte superior, lateral, plantilla) \/ Estampado integral \/ Color \/ Material \/ Grosor de la suela \/ Parte superior<\/td>\n<\/tr>\n<tr>\n<td>Embalaje:\u00a0<\/td>\n<td>Embalaje personalizado<\/td>\n<\/tr>\n<tr>\n<td>Muestra\uff1a<\/td>\n<td>Muestras gratuitas<\/td>\n<\/tr>\n<\/tbody>\n<\/table>","protected":false},"featured_media":1285,"comment_status":"closed","ping_status":"closed","template":"","meta":{"_acf_changed":false},"product_brand":[],"product_cat":[18],"product_tag":[25,26,27],"class_list":{"0":"post-1282","1":"product","2":"type-product","3":"status-publish","4":"has-post-thumbnail","6":"product_cat-wholesale-crocs-shoes","7":"product_tag-eva-slippers-wholesale","8":"product_tag-mens-slippers-wholesale","9":"product_tag-wholesale-womens-slippers","11":"first","12":"instock","13":"shipping-taxable","14":"product-type-simple"},"acf":[],"_links":{"self":[{"href":"https:\/\/www.mappershoe.com\/es\/wp-json\/wp\/v2\/product\/1282","targetHints":{"allow":["GET"]}}],"collection":[{"href":"https:\/\/www.mappershoe.com\/es\/wp-json\/wp\/v2\/product"}],"about":[{"href":"https:\/\/www.mappershoe.com\/es\/wp-json\/wp\/v2\/types\/product"}],"replies":[{"embeddable":true,"href":"https:\/\/www.mappershoe.com\/es\/wp-json\/wp\/v2\/comments?post=1282"}],"wp:featuredmedia":[{"embeddable":true,"href":"https:\/\/www.mappershoe.com\/es\/wp-json\/wp\/v2\/media\/1285"}],"wp:attachment":[{"href":"https:\/\/www.mappershoe.com\/es\/wp-json\/wp\/v2\/media?parent=1282"}],"wp:term":[{"taxonomy":"product_brand","embeddable":true,"href":"https:\/\/www.mappershoe.com\/es\/wp-json\/wp\/v2\/product_brand?post=1282"},{"taxonomy":"product_cat","embeddable":true,"href":"https:\/\/www.mappershoe.com\/es\/wp-json\/wp\/v2\/product_cat?post=1282"},{"taxonomy":"product_tag","embeddable":true,"href":"https:\/\/www.mappershoe.com\/es\/wp-json\/wp\/v2\/product_tag?post=1282"}],"curies":[{"name":"wp","href":"https:\/\/api.w.org\/{rel}","templated":true}]}}