{"id":1289,"date":"2025-05-16T10:29:25","date_gmt":"2025-05-16T10:29:25","guid":{"rendered":"https:\/\/www.mappershoe.com\/?post_type=product&#038;p=1289"},"modified":"2025-10-27T07:18:52","modified_gmt":"2025-10-27T07:18:52","slug":"eva-clogs-wholesale","status":"publish","type":"product","link":"https:\/\/www.mappershoe.com\/es\/producto\/eva-clogs-wholesale\/","title":{"rendered":"Zuecos c\u00e1lidos de EVA al por mayor, zapatos Crocs de invierno personalizados en tallas"},"content":{"rendered":"<div class=\"wp-block-columns is-layout-flex wp-container-core-columns-is-layout-9d6595d7 wp-block-columns-is-layout-flex\">\n<div class=\"wp-block-column is-layout-flow wp-block-column-is-layout-flow\">\n<h3 class=\"wp-block-heading\">Zuecos de EVA de primera calidad al por mayor Caracter\u00edsticas:<\/h3>\n\n\n\n<p><strong>Forro c\u00f3modo:<\/strong> Estos zuecos Eva al por mayor tienen un suave forro polar para mantener los pies calientes durante el invierno y proporcionar comodidad.<\/p>\n\n\n\n<p><strong>Material EVA el\u00e1stico y duradero: <\/strong>La suela de nuestros zapatos Crocs personalizados est\u00e1 hecha de material EVA ligero y duradero que proporciona amortiguaci\u00f3n y apoyo.<\/p>\n\n\n\n<p><strong>Suela antideslizante:<\/strong> Esta suela de zuecos de EVA al por mayor est\u00e1 dise\u00f1ada con un dibujo cient\u00edfico para mejorar la fricci\u00f3n y la tracci\u00f3n en superficies resbaladizas.<\/p>\n\n\n\n<p><strong>Estilo universal para hombres y mujeres: <\/strong>Nuestros zapatos Crocs personalizados vienen en todas las tallas, adecuados tanto para hombres como para mujeres, de estilo unisex, a la moda y vers\u00e1tiles.<\/p>\n\n\n\n<p><strong>Servicio personalizable: <\/strong>Estos zuecos Eva al por mayor admiten la personalizaci\u00f3n OEM\/ODM, incluido el dise\u00f1o personalizado del logotipo, el color, el patr\u00f3n y el embalaje, adecuados para la venta al por mayor de marcas y la compra en grupo.<\/p>\n<\/div>\n\n\n\n<div class=\"wp-block-column is-layout-flow wp-block-column-is-layout-flow\">\n<figure class=\"wp-block-image size-full\"><img decoding=\"async\" width=\"800\" height=\"800\" src=\"https:\/\/www.mappershoe.com\/wp-content\/uploads\/2025\/05\/warm-eva-clogs-wholesale-for-men-women-custom-crocs-shoes-6.webp\" alt=\"zuecos warm-eva-wholesale-for-men-women-custom-crocs-shoes-6\" class=\"wp-image-1295\" srcset=\"https:\/\/www.mappershoe.com\/wp-content\/uploads\/2025\/05\/warm-eva-clogs-wholesale-for-men-women-custom-crocs-shoes-6.webp 800w, https:\/\/www.mappershoe.com\/wp-content\/uploads\/2025\/05\/warm-eva-clogs-wholesale-for-men-women-custom-crocs-shoes-6-300x300.webp 300w, https:\/\/www.mappershoe.com\/wp-content\/uploads\/2025\/05\/warm-eva-clogs-wholesale-for-men-women-custom-crocs-shoes-6-150x150.webp 150w, https:\/\/www.mappershoe.com\/wp-content\/uploads\/2025\/05\/warm-eva-clogs-wholesale-for-men-women-custom-crocs-shoes-6-768x768.webp 768w, https:\/\/www.mappershoe.com\/wp-content\/uploads\/2025\/05\/warm-eva-clogs-wholesale-for-men-women-custom-crocs-shoes-6-12x12.webp 12w, https:\/\/www.mappershoe.com\/wp-content\/uploads\/2025\/05\/warm-eva-clogs-wholesale-for-men-women-custom-crocs-shoes-6-600x600.webp 600w, https:\/\/www.mappershoe.com\/wp-content\/uploads\/2025\/05\/warm-eva-clogs-wholesale-for-men-women-custom-crocs-shoes-6-100x100.webp 100w\" sizes=\"(max-width: 800px) 100vw, 800px\" \/><\/figure>\n<\/div>\n<\/div>\n\n\n\n<p><\/p>","protected":false},"excerpt":{"rendered":"<p>Bienvenido a comprar nuestros zuecos Eva al por mayor. Estos invierno EVA c\u00e1lidos zapatos crocs personalizados est\u00e1n hechos de forro polar suave y material de EVA de alta elasticidad, ligero, c\u00f3modo y c\u00e1lido, adecuado tanto para hombres y mujeres, antideslizante y resistente al desgaste, adapt\u00e1ndose a una variedad de escenas de invierno. Apoyar la personalizaci\u00f3n diversa, la elecci\u00f3n ideal de calzado de invierno para las marcas o mayoristas.<\/p>\n<h2>Zuecos de EVA al por mayor Especificaciones:<\/h2>\n<table width=\"777\">\n<tbody>\n<tr>\n<td width=\"291\">Fabricante:<\/td>\n<td width=\"486\">Mingyi<\/td>\n<\/tr>\n<tr>\n<td>Estilo:<\/td>\n<td>Zapatos Crocs<\/td>\n<\/tr>\n<tr>\n<td>Modelo:<\/td>\n<td>106<\/td>\n<\/tr>\n<tr>\n<td>Material:\u00a0<\/td>\n<td>EVA<\/td>\n<\/tr>\n<tr>\n<td>Color:\u00a0<\/td>\n<td>negro, blanco, marr\u00f3n\uff0cgris\uff0c<\/td>\n<\/tr>\n<tr>\n<td>Tama\u00f1o:\u00a0<\/td>\n<td>36-37, 38-39,40-41, 42-43,44-45<\/td>\n<\/tr>\n<tr>\n<td>Opciones de personalizaci\u00f3n:\u00a0<\/td>\n<td>Logotipo (parte superior, lateral, plantilla) \/ Estampado integral \/ Color \/ Material \/ Grosor de la suela \/ Parte superior<\/td>\n<\/tr>\n<tr>\n<td>Embalaje:\u00a0<\/td>\n<td>Embalaje personalizado<\/td>\n<\/tr>\n<tr>\n<td>Muestra\uff1a<\/td>\n<td>Muestras gratuitas<\/td>\n<\/tr>\n<\/tbody>\n<\/table>","protected":false},"featured_media":1294,"comment_status":"closed","ping_status":"closed","template":"","meta":{"_acf_changed":false},"product_brand":[],"product_cat":[18],"product_tag":[25,26,27],"class_list":{"0":"post-1289","1":"product","2":"type-product","3":"status-publish","4":"has-post-thumbnail","6":"product_cat-wholesale-crocs-shoes","7":"product_tag-eva-slippers-wholesale","8":"product_tag-mens-slippers-wholesale","9":"product_tag-wholesale-womens-slippers","11":"first","12":"instock","13":"shipping-taxable","14":"product-type-simple"},"acf":[],"_links":{"self":[{"href":"https:\/\/www.mappershoe.com\/es\/wp-json\/wp\/v2\/product\/1289","targetHints":{"allow":["GET"]}}],"collection":[{"href":"https:\/\/www.mappershoe.com\/es\/wp-json\/wp\/v2\/product"}],"about":[{"href":"https:\/\/www.mappershoe.com\/es\/wp-json\/wp\/v2\/types\/product"}],"replies":[{"embeddable":true,"href":"https:\/\/www.mappershoe.com\/es\/wp-json\/wp\/v2\/comments?post=1289"}],"wp:featuredmedia":[{"embeddable":true,"href":"https:\/\/www.mappershoe.com\/es\/wp-json\/wp\/v2\/media\/1294"}],"wp:attachment":[{"href":"https:\/\/www.mappershoe.com\/es\/wp-json\/wp\/v2\/media?parent=1289"}],"wp:term":[{"taxonomy":"product_brand","embeddable":true,"href":"https:\/\/www.mappershoe.com\/es\/wp-json\/wp\/v2\/product_brand?post=1289"},{"taxonomy":"product_cat","embeddable":true,"href":"https:\/\/www.mappershoe.com\/es\/wp-json\/wp\/v2\/product_cat?post=1289"},{"taxonomy":"product_tag","embeddable":true,"href":"https:\/\/www.mappershoe.com\/es\/wp-json\/wp\/v2\/product_tag?post=1289"}],"curies":[{"name":"wp","href":"https:\/\/api.w.org\/{rel}","templated":true}]}}