{"id":1402,"date":"2025-05-24T07:05:34","date_gmt":"2025-05-24T07:05:34","guid":{"rendered":"https:\/\/www.mappershoe.com\/?post_type=product&#038;p=1402"},"modified":"2025-05-24T07:05:36","modified_gmt":"2025-05-24T07:05:36","slug":"custom-slides-shoes","status":"publish","type":"product","link":"https:\/\/www.mappershoe.com\/es\/producto\/custom-slides-shoes\/","title":{"rendered":"Custom Slides Zapatos Mujeres Hombres, Personalizada Marca Logo Zapatillas Venta al por mayor"},"content":{"rendered":"<div class=\"wp-block-columns is-layout-flex wp-container-core-columns-is-layout-9d6595d7 wp-block-columns-is-layout-flex\">\n<div class=\"wp-block-column is-layout-flow wp-block-column-is-layout-flow\">\n<h3 class=\"wp-block-heading\">Calzado Premium Custom Slides Caracter\u00edsticas:<\/h3>\n\n\n\n<p><strong>Marca personalizada:<\/strong> Estas zapatillas deslizantes personalizadas ofrecen impresi\u00f3n de logotipo personalizado en la suela o la correa, una opci\u00f3n ideal para regalos de empresa, identificaci\u00f3n de equipos o promoci\u00f3n de marcas.<\/p>\n\n\n\n<p><strong>Material de PVC duradero: <\/strong>Estas zapatillas a granel est\u00e1n fabricadas con PVC de alta calidad; son impermeables, f\u00e1ciles de limpiar y est\u00e1n pensadas para el uso diario.<\/p>\n\n\n\n<p><strong>Dise\u00f1o centrado en el confort: <\/strong>Estas zapatillas a medida tienen una suela contorneada con textura antideslizante para mayor comodidad al caminar y un agarre firme en superficies h\u00famedas o secas.<\/p>\n\n\n\n<p><strong>Colores unisex y vers\u00e1tiles: <\/strong>Estas zapatillas est\u00e1n disponibles al por mayor en negro, blanco y en una combinaci\u00f3n de blanco y negro: minimalistas, neutras y f\u00e1ciles de combinar con ropa informal.<\/p>\n\n\n\n<p><strong>Listo para la venta al por mayor: <\/strong>Estos zapatos deslizantes personalizados son perfectos para los compradores al por mayor con MOQ bajo y entrega r\u00e1pida de la producci\u00f3n-grande para la venta al por menor, los acontecimientos, los hoteles, o las promociones.<\/p>\n<\/div>\n\n\n\n<div class=\"wp-block-column is-layout-flow wp-block-column-is-layout-flow\">\n<figure class=\"wp-block-image size-full\"><img decoding=\"async\" width=\"650\" height=\"650\" src=\"https:\/\/www.mappershoe.com\/wp-content\/uploads\/2025\/05\/custom-slides-shoes-personalized-brand-logo-slippers-wholesale-7.webp\" alt=\"zapatillas-personalizadas-logotipo-de-marca-al-mayor-7\" class=\"wp-image-1409\" srcset=\"https:\/\/www.mappershoe.com\/wp-content\/uploads\/2025\/05\/custom-slides-shoes-personalized-brand-logo-slippers-wholesale-7.webp 650w, https:\/\/www.mappershoe.com\/wp-content\/uploads\/2025\/05\/custom-slides-shoes-personalized-brand-logo-slippers-wholesale-7-300x300.webp 300w, https:\/\/www.mappershoe.com\/wp-content\/uploads\/2025\/05\/custom-slides-shoes-personalized-brand-logo-slippers-wholesale-7-150x150.webp 150w, https:\/\/www.mappershoe.com\/wp-content\/uploads\/2025\/05\/custom-slides-shoes-personalized-brand-logo-slippers-wholesale-7-12x12.webp 12w, https:\/\/www.mappershoe.com\/wp-content\/uploads\/2025\/05\/custom-slides-shoes-personalized-brand-logo-slippers-wholesale-7-600x600.webp 600w, https:\/\/www.mappershoe.com\/wp-content\/uploads\/2025\/05\/custom-slides-shoes-personalized-brand-logo-slippers-wholesale-7-100x100.webp 100w\" sizes=\"(max-width: 650px) 100vw, 650px\" \/><\/figure>\n<\/div>\n<\/div>","protected":false},"excerpt":{"rendered":"<p>Bienvenido a comprar nuestros zapatos de diapositivas de encargo. Estas zapatillas de PVC al por mayor para hombres y mujeres disponibles en negro, blanco y negro-blanco colorways. Duraderas, resistentes al agua y c\u00f3modas con suela antideslizante, perfectas para el uso diario. A\u00f1ada su logotipo personalizado y p\u00eddalas al por mayor para promociones de marca, eventos o uso en hosteler\u00eda.<\/p>\n<h2>Especificaciones:<\/h2>\n<table width=\"430\">\n<tbody>\n<tr>\n<td width=\"199\">Fabricante:<\/td>\n<td width=\"231\">Mingyi<\/td>\n<\/tr>\n<tr>\n<td>Estilo:<\/td>\n<td>Zapatillas<\/td>\n<\/tr>\n<tr>\n<td>Modelo:<\/td>\n<td>1001<\/td>\n<\/tr>\n<tr>\n<td>Material:\u00a0<\/td>\n<td>PVC<\/td>\n<\/tr>\n<tr>\n<td>Color:\u00a0<\/td>\n<td>blanco, negro<\/td>\n<\/tr>\n<tr>\n<td>Tama\u00f1o:\u00a0<\/td>\n<td>US size 6\u30016.5\u30017\u30017.5\u30018\u30018.5\u30019\u30019.5\u300110-14<\/td>\n<\/tr>\n<tr>\n<td>Opciones de personalizaci\u00f3n:\u00a0<\/td>\n<td>Logotipo (parte superior, lateral, plantilla) \/ Estampado integral \/ Color \/ Material \/ Grosor de la suela \/ Parte superior<\/td>\n<\/tr>\n<tr>\n<td>Embalaje:\u00a0<\/td>\n<td>Embalaje personalizado<\/td>\n<\/tr>\n<tr>\n<td>Muestra\uff1a<\/td>\n<td>Muestras gratuitas<\/td>\n<\/tr>\n<\/tbody>\n<\/table>","protected":false},"featured_media":1403,"comment_status":"closed","ping_status":"closed","template":"","meta":{"_acf_changed":false},"product_brand":[],"product_cat":[19],"product_tag":[26,24,27],"class_list":{"0":"post-1402","1":"product","2":"type-product","3":"status-publish","4":"has-post-thumbnail","6":"product_cat-slippers-in-bulk","7":"product_tag-mens-slippers-wholesale","8":"product_tag-wholesale-pvc-slippers","9":"product_tag-wholesale-womens-slippers","11":"first","12":"instock","13":"shipping-taxable","14":"product-type-simple"},"acf":[],"_links":{"self":[{"href":"https:\/\/www.mappershoe.com\/es\/wp-json\/wp\/v2\/product\/1402","targetHints":{"allow":["GET"]}}],"collection":[{"href":"https:\/\/www.mappershoe.com\/es\/wp-json\/wp\/v2\/product"}],"about":[{"href":"https:\/\/www.mappershoe.com\/es\/wp-json\/wp\/v2\/types\/product"}],"replies":[{"embeddable":true,"href":"https:\/\/www.mappershoe.com\/es\/wp-json\/wp\/v2\/comments?post=1402"}],"wp:featuredmedia":[{"embeddable":true,"href":"https:\/\/www.mappershoe.com\/es\/wp-json\/wp\/v2\/media\/1403"}],"wp:attachment":[{"href":"https:\/\/www.mappershoe.com\/es\/wp-json\/wp\/v2\/media?parent=1402"}],"wp:term":[{"taxonomy":"product_brand","embeddable":true,"href":"https:\/\/www.mappershoe.com\/es\/wp-json\/wp\/v2\/product_brand?post=1402"},{"taxonomy":"product_cat","embeddable":true,"href":"https:\/\/www.mappershoe.com\/es\/wp-json\/wp\/v2\/product_cat?post=1402"},{"taxonomy":"product_tag","embeddable":true,"href":"https:\/\/www.mappershoe.com\/es\/wp-json\/wp\/v2\/product_tag?post=1402"}],"curies":[{"name":"wp","href":"https:\/\/api.w.org\/{rel}","templated":true}]}}