{"id":1410,"date":"2025-05-24T08:17:59","date_gmt":"2025-05-24T08:17:59","guid":{"rendered":"https:\/\/www.mappershoe.com\/?post_type=product&#038;p=1410"},"modified":"2025-05-24T08:18:12","modified_gmt":"2025-05-24T08:18:12","slug":"customized-slippers","status":"publish","type":"product","link":"https:\/\/www.mappershoe.com\/es\/producto\/customized-slippers\/","title":{"rendered":"Zapatillas Personalizadas Con Logo Para Verano, Mayorista Zapatillas De Velcro, Parte Superior Ajustable"},"content":{"rendered":"<div class=\"wp-block-columns is-layout-flex wp-container-core-columns-is-layout-9d6595d7 wp-block-columns-is-layout-flex\">\n<div class=\"wp-block-column is-layout-flow wp-block-column-is-layout-flow\">\n<h3 class=\"wp-block-heading\">Zapatillas Personalizadas Premium Con Logo Caracter\u00edsticas:<\/h3>\n\n\n\n<p><strong>Parte superior ajustable: <\/strong>Estas zapatillas personalizadas con dise\u00f1o de velcro, la anchura de la parte superior es flexiblemente ajustable para adaptarse a diferentes formas de pie, m\u00e1s c\u00f3modo de llevar.<\/p>\n\n\n\n<p><strong>Soporta LOGO personalizado:<\/strong> El logotipo de la marca personalizado puede hacerse seg\u00fan la demanda del cliente para mejorar el reconocimiento de la marca. Estas zapatillas de velcro al por mayor son adecuadas para promociones corporativas, actividades de grupo o personalizaci\u00f3n de marca.<\/p>\n\n\n\n<p><strong>Dise\u00f1o veraniego transpirable:<\/strong> Las chanclas a medida son un calzado especializado para el verano. Su dise\u00f1o abierto garantiza que los pies no se calienten y permite la transpiraci\u00f3n sin asfixia.<\/p>\n\n\n\n<p><strong>Material de PVC duradero y antideslizante:<\/strong> Las suelas de estas zapatillas de velcro al por mayor est\u00e1n fabricadas con PVC el\u00e1stico de calidad comercial. El material es antideslizante y proporciona un excelente agarre en m\u00faltiples \u00e1reas interiores y exteriores.<\/p>\n\n\n\n<p><strong>Flexibilidad de producci\u00f3n en serie al por mayor: <\/strong>Estas zapatillas personalizadas resultan c\u00f3modas en la producci\u00f3n a granel para el suministro al por mayor, el suministro a supermercados y la venta a trav\u00e9s de sitios de comercio electr\u00f3nico.<\/p>\n<\/div>\n\n\n\n<div class=\"wp-block-column is-layout-flow wp-block-column-is-layout-flow\">\n<figure class=\"wp-block-image size-full\"><img decoding=\"async\" width=\"800\" height=\"800\" src=\"https:\/\/www.mappershoe.com\/wp-content\/uploads\/2025\/05\/customized-slippers-with-logo-for-summer-wholesale-velcro-slippers-4.webp\" alt=\"chanclas-personalizadas-con-logotipo-para-verano-mayorista-velcro-chanclas-4\" class=\"wp-image-1414\" srcset=\"https:\/\/www.mappershoe.com\/wp-content\/uploads\/2025\/05\/customized-slippers-with-logo-for-summer-wholesale-velcro-slippers-4.webp 800w, https:\/\/www.mappershoe.com\/wp-content\/uploads\/2025\/05\/customized-slippers-with-logo-for-summer-wholesale-velcro-slippers-4-300x300.webp 300w, https:\/\/www.mappershoe.com\/wp-content\/uploads\/2025\/05\/customized-slippers-with-logo-for-summer-wholesale-velcro-slippers-4-150x150.webp 150w, https:\/\/www.mappershoe.com\/wp-content\/uploads\/2025\/05\/customized-slippers-with-logo-for-summer-wholesale-velcro-slippers-4-768x768.webp 768w, https:\/\/www.mappershoe.com\/wp-content\/uploads\/2025\/05\/customized-slippers-with-logo-for-summer-wholesale-velcro-slippers-4-12x12.webp 12w, https:\/\/www.mappershoe.com\/wp-content\/uploads\/2025\/05\/customized-slippers-with-logo-for-summer-wholesale-velcro-slippers-4-600x600.webp 600w, https:\/\/www.mappershoe.com\/wp-content\/uploads\/2025\/05\/customized-slippers-with-logo-for-summer-wholesale-velcro-slippers-4-100x100.webp 100w\" sizes=\"(max-width: 800px) 100vw, 800px\" \/><\/figure>\n<\/div>\n<\/div>","protected":false},"excerpt":{"rendered":"<p>Bienvenido a comprar nuestras chanclas personalizadas con logotipo. Estas zapatillas de velcro de PVC personalizadas est\u00e1n especialmente fabricadas para el verano, con un dise\u00f1o superior ajustable adecuado para diferentes formas de pie y un ajuste c\u00f3modo. Admiten la impresi\u00f3n de un LOGO exclusivo, ideal para la promoci\u00f3n de marcas o actividades en grupo. Fabricadas con material de PVC antideslizante y duradero, ligero y transpirable, adecuado para la distribuci\u00f3n al por mayor y la cooperaci\u00f3n personalizada.<\/p>\n<h2>Zapatillas personalizadas Especificaciones:<\/h2>\n<table width=\"430\">\n<tbody>\n<tr>\n<td width=\"199\">Fabricante:<\/td>\n<td width=\"231\">Mingyi<\/td>\n<\/tr>\n<tr>\n<td>Estilo:<\/td>\n<td>Zapatillas<\/td>\n<\/tr>\n<tr>\n<td>Modelo:<\/td>\n<td>2293<\/td>\n<\/tr>\n<tr>\n<td>Material:\u00a0<\/td>\n<td>PVC<\/td>\n<\/tr>\n<tr>\n<td>Color:\u00a0<\/td>\n<td>blanco, negro, rojo<\/td>\n<\/tr>\n<tr>\n<td>Tama\u00f1o:\u00a0<\/td>\n<td>US size 6\u30016.5\u30017\u30017.5\u30018\u30018.5\u30019\u30019.5\u300110-14<\/td>\n<\/tr>\n<tr>\n<td>Opciones de personalizaci\u00f3n:\u00a0<\/td>\n<td>Logotipo (parte superior, lateral, plantilla) \/ Estampado integral \/ Color \/ Material \/ Grosor de la suela \/ Parte superior<\/td>\n<\/tr>\n<tr>\n<td>Embalaje:\u00a0<\/td>\n<td>Embalaje personalizado<\/td>\n<\/tr>\n<tr>\n<td>Muestra\uff1a<\/td>\n<td>Muestras gratuitas<\/td>\n<\/tr>\n<\/tbody>\n<\/table>","protected":false},"featured_media":1412,"comment_status":"closed","ping_status":"closed","template":"","meta":{"_acf_changed":false},"product_brand":[],"product_cat":[19],"product_tag":[26,24,27],"class_list":{"0":"post-1410","1":"product","2":"type-product","3":"status-publish","4":"has-post-thumbnail","6":"product_cat-slippers-in-bulk","7":"product_tag-mens-slippers-wholesale","8":"product_tag-wholesale-pvc-slippers","9":"product_tag-wholesale-womens-slippers","11":"first","12":"instock","13":"shipping-taxable","14":"product-type-simple"},"acf":[],"_links":{"self":[{"href":"https:\/\/www.mappershoe.com\/es\/wp-json\/wp\/v2\/product\/1410","targetHints":{"allow":["GET"]}}],"collection":[{"href":"https:\/\/www.mappershoe.com\/es\/wp-json\/wp\/v2\/product"}],"about":[{"href":"https:\/\/www.mappershoe.com\/es\/wp-json\/wp\/v2\/types\/product"}],"replies":[{"embeddable":true,"href":"https:\/\/www.mappershoe.com\/es\/wp-json\/wp\/v2\/comments?post=1410"}],"wp:featuredmedia":[{"embeddable":true,"href":"https:\/\/www.mappershoe.com\/es\/wp-json\/wp\/v2\/media\/1412"}],"wp:attachment":[{"href":"https:\/\/www.mappershoe.com\/es\/wp-json\/wp\/v2\/media?parent=1410"}],"wp:term":[{"taxonomy":"product_brand","embeddable":true,"href":"https:\/\/www.mappershoe.com\/es\/wp-json\/wp\/v2\/product_brand?post=1410"},{"taxonomy":"product_cat","embeddable":true,"href":"https:\/\/www.mappershoe.com\/es\/wp-json\/wp\/v2\/product_cat?post=1410"},{"taxonomy":"product_tag","embeddable":true,"href":"https:\/\/www.mappershoe.com\/es\/wp-json\/wp\/v2\/product_tag?post=1410"}],"curies":[{"name":"wp","href":"https:\/\/api.w.org\/{rel}","templated":true}]}}