{"id":1423,"date":"2025-05-30T09:00:06","date_gmt":"2025-05-30T09:00:06","guid":{"rendered":"https:\/\/www.mappershoe.com\/?post_type=product&#038;p=1423"},"modified":"2026-01-03T07:53:36","modified_gmt":"2026-01-03T07:53:36","slug":"custom-sport-slides","status":"publish","type":"product","link":"https:\/\/www.mappershoe.com\/es\/producto\/custom-sport-slides\/","title":{"rendered":"Custom Sport Slides Summer Beach, Venta al por mayor EVA Slipper"},"content":{"rendered":"<div class=\"wp-block-columns is-layout-flex wp-container-core-columns-is-layout-9d6595d7 wp-block-columns-is-layout-flex\">\n<div class=\"wp-block-column is-layout-flow wp-block-column-is-layout-flow\">\n<h3 class=\"wp-block-heading\">Toboganes Deportivos Personalizados Premium Caracter\u00edsticas:<\/h3>\n\n\n\n<p><strong>Material ligero EVA: <\/strong>Estas zapatillas deportivas personalizadas est\u00e1n fabricadas con espuma de EVA de alta elasticidad, que es suave y ligera, por lo que resultan c\u00f3modas durante todo el d\u00eda.<\/p>\n\n\n\n<p><strong>Opciones de personalizaci\u00f3n: <\/strong>Nuestras zapatillas Eva a granel admiten muchos colores, impresi\u00f3n de logotipos y dise\u00f1o del patr\u00f3n superior para satisfacer las necesidades personalizadas de la marca y del grupo.<\/p>\n\n\n\n<p><strong>Suela antideslizante y resistente al desgaste:<\/strong> La textura del dibujo de la suela de estas chanclas deportivas personalizadas proporciona una mayor tracci\u00f3n, perfecta para muchas condiciones como la playa, la piscina y el uso diario al aire libre.<\/p>\n\n\n\n<p><strong>Dise\u00f1o ergon\u00f3mico: <\/strong>Nuestras zapatillas Eva a granel que se ajusta a la curva natural del pie, la suela gruesa amortiguaci\u00f3n reduce la presi\u00f3n sobre los pies durante la marcha, la mejora de la comodidad.<\/p>\n\n\n\n<p><strong>Beneficios personalizados masivos: <\/strong>Estos toboganes deportivos personalizados est\u00e1n disponibles para una enorme producci\u00f3n a medida, adecuados para la promoci\u00f3n de marcas, regalos publicitarios, equipaciones de equipos y otras aplicaciones, con un suministro garantizado.<\/p>\n<\/div>\n\n\n\n<div class=\"wp-block-column is-layout-flow wp-block-column-is-layout-flow\">\n<figure class=\"wp-block-image size-full\"><img decoding=\"async\" width=\"800\" height=\"800\" src=\"https:\/\/www.mappershoe.com\/wp-content\/uploads\/2025\/05\/custom-sport-slides-summer-beach-new-eva-foam-slippers-bulk-10.webp\" alt=\"custom-sport-slides-summer-beach-new-eva-foam-slippers-bulk-10\" class=\"wp-image-1433\" srcset=\"https:\/\/www.mappershoe.com\/wp-content\/uploads\/2025\/05\/custom-sport-slides-summer-beach-new-eva-foam-slippers-bulk-10.webp 800w, https:\/\/www.mappershoe.com\/wp-content\/uploads\/2025\/05\/custom-sport-slides-summer-beach-new-eva-foam-slippers-bulk-10-300x300.webp 300w, https:\/\/www.mappershoe.com\/wp-content\/uploads\/2025\/05\/custom-sport-slides-summer-beach-new-eva-foam-slippers-bulk-10-150x150.webp 150w, https:\/\/www.mappershoe.com\/wp-content\/uploads\/2025\/05\/custom-sport-slides-summer-beach-new-eva-foam-slippers-bulk-10-768x768.webp 768w, https:\/\/www.mappershoe.com\/wp-content\/uploads\/2025\/05\/custom-sport-slides-summer-beach-new-eva-foam-slippers-bulk-10-12x12.webp 12w, https:\/\/www.mappershoe.com\/wp-content\/uploads\/2025\/05\/custom-sport-slides-summer-beach-new-eva-foam-slippers-bulk-10-600x600.webp 600w, https:\/\/www.mappershoe.com\/wp-content\/uploads\/2025\/05\/custom-sport-slides-summer-beach-new-eva-foam-slippers-bulk-10-100x100.webp 100w\" sizes=\"(max-width: 800px) 100vw, 800px\" \/><\/figure>\n<\/div>\n<\/div>\n\n\n\n<p><\/p>","protected":false},"excerpt":{"rendered":"<p>Le invitamos a adquirir nuestras chanclas deportivas personalizadas, fabricadas con espuma EVA ligera y de gran elasticidad, que ofrecen un excelente confort y durabilidad, especialmente dise\u00f1adas para la playa en verano y las actividades al aire libre. Admiten la impresi\u00f3n del logotipo y diversas opciones de personalizaci\u00f3n, con un dise\u00f1o ergon\u00f3mico y suela antideslizante, por lo que son una opci\u00f3n ideal para la adquisici\u00f3n al por mayor y la personalizaci\u00f3n de la marca.<\/p>\n<h2>Especificaciones:<\/h2>\n<table width=\"777\">\n<tbody>\n<tr>\n<td width=\"291\">Fabricante:<\/td>\n<td width=\"486\">Mingyi<\/td>\n<\/tr>\n<tr>\n<td>Estilo:<\/td>\n<td>Zapatillas<\/td>\n<\/tr>\n<tr>\n<td>Modelo:<\/td>\n<td>002<\/td>\n<\/tr>\n<tr>\n<td>Material:\u00a0<\/td>\n<td>EVA<\/td>\n<\/tr>\n<tr>\n<td>Color:\u00a0<\/td>\n<td>negro, blanco, marr\u00f3n, gris, verde, rosa, azul, amarillo, naranja<\/td>\n<\/tr>\n<tr>\n<td>Tama\u00f1o:\u00a0<\/td>\n<td>36-37, 38-39,40-41, 42-43,44-45<\/td>\n<\/tr>\n<tr>\n<td>Opciones de personalizaci\u00f3n:\u00a0<\/td>\n<td>Logotipo (parte superior, lateral, plantilla) \/ Estampado integral \/ Color \/ Material \/ Grosor de la suela \/ Parte superior<\/td>\n<\/tr>\n<tr>\n<td>Embalaje:\u00a0<\/td>\n<td>Embalaje personalizado<\/td>\n<\/tr>\n<tr>\n<td>Muestra\uff1a<\/td>\n<td>Muestras gratuitas<\/td>\n<\/tr>\n<\/tbody>\n<\/table>","protected":false},"featured_media":1430,"comment_status":"closed","ping_status":"closed","template":"","meta":{"_acf_changed":false},"product_brand":[],"product_cat":[19],"product_tag":[25,26],"class_list":{"0":"post-1423","1":"product","2":"type-product","3":"status-publish","4":"has-post-thumbnail","6":"product_cat-slippers-in-bulk","7":"product_tag-eva-slippers-wholesale","8":"product_tag-mens-slippers-wholesale","10":"first","11":"instock","12":"shipping-taxable","13":"product-type-simple"},"acf":[],"_links":{"self":[{"href":"https:\/\/www.mappershoe.com\/es\/wp-json\/wp\/v2\/product\/1423","targetHints":{"allow":["GET"]}}],"collection":[{"href":"https:\/\/www.mappershoe.com\/es\/wp-json\/wp\/v2\/product"}],"about":[{"href":"https:\/\/www.mappershoe.com\/es\/wp-json\/wp\/v2\/types\/product"}],"replies":[{"embeddable":true,"href":"https:\/\/www.mappershoe.com\/es\/wp-json\/wp\/v2\/comments?post=1423"}],"wp:featuredmedia":[{"embeddable":true,"href":"https:\/\/www.mappershoe.com\/es\/wp-json\/wp\/v2\/media\/1430"}],"wp:attachment":[{"href":"https:\/\/www.mappershoe.com\/es\/wp-json\/wp\/v2\/media?parent=1423"}],"wp:term":[{"taxonomy":"product_brand","embeddable":true,"href":"https:\/\/www.mappershoe.com\/es\/wp-json\/wp\/v2\/product_brand?post=1423"},{"taxonomy":"product_cat","embeddable":true,"href":"https:\/\/www.mappershoe.com\/es\/wp-json\/wp\/v2\/product_cat?post=1423"},{"taxonomy":"product_tag","embeddable":true,"href":"https:\/\/www.mappershoe.com\/es\/wp-json\/wp\/v2\/product_tag?post=1423"}],"curies":[{"name":"wp","href":"https:\/\/api.w.org\/{rel}","templated":true}]}}