{"id":1436,"date":"2025-05-30T09:53:19","date_gmt":"2025-05-30T09:53:19","guid":{"rendered":"https:\/\/www.mappershoe.com\/?post_type=product&#038;p=1436"},"modified":"2025-10-27T06:59:01","modified_gmt":"2025-10-27T06:59:01","slug":"custom-made-slippers","status":"publish","type":"product","link":"https:\/\/www.mappershoe.com\/es\/producto\/custom-made-slippers\/","title":{"rendered":"Chanclas a Medida con Logo, Chanclas de Playa Nike a Granel"},"content":{"rendered":"<div class=\"wp-block-columns is-layout-flex wp-container-core-columns-is-layout-9d6595d7 wp-block-columns-is-layout-flex\">\n<div class=\"wp-block-column is-layout-flow wp-block-column-is-layout-flow\">\n<h3 class=\"wp-block-heading\">Zapatillas a medida de primera calidad Caracter\u00edsticas:<\/h3>\n\n\n\n<p><strong>Dise\u00f1o y logotipo personalizados: <\/strong>Se crean dise\u00f1os, colores y logotipos especiales para la parte superior de las zapatillas Nike al por mayor de acuerdo con los requisitos de la marca, con el fin de lograr la identificaci\u00f3n y la exclusividad de la marca.<\/p>\n\n\n\n<p><strong>Dise\u00f1o de suela antideslizante y resistente al desgaste:<\/strong> El dise\u00f1o de esta zapatilla a medida est\u00e1 cient\u00edficamente elaborado para ofrecer una mejor tracci\u00f3n y propiedades antideslizantes para su uso en numerosos entornos como playas, piscinas y exteriores.<\/p>\n\n\n\n<p><strong>Materiales suaves y c\u00f3modos: <\/strong>Estas zapatillas hechas a medida han utilizado el mejor material EVA de alta elasticidad, que funciona muy bien en amortiguaci\u00f3n y rebote, proporcionando una sensaci\u00f3n ligera como una pluma y sin presi\u00f3n al llevarlas puestas, ideal para largos periodos caminando o de pie.<\/p>\n\n\n\n<p><strong>Multifuncional para diferentes ocasiones:<\/strong> Estas zapatillas Nike al por mayor son funcionales para su uso en la playa, senderos de arena, piscinas, y el uso diario, la combinaci\u00f3n de funcionalidad con apariencia de moda.<\/p>\n\n\n\n<p><strong>Estilo inspirado en marcas de renombre: <\/strong>El dise\u00f1o de las zapatillas a medida se inspira en las zapatillas Nike y es un dise\u00f1o de moda y muy solicitado en el mercado, f\u00e1cil de vender y comercializar.<\/p>\n<\/div>\n\n\n\n<div class=\"wp-block-column is-layout-flow wp-block-column-is-layout-flow\">\n<figure class=\"wp-block-image size-full\"><img decoding=\"async\" width=\"800\" height=\"800\" src=\"https:\/\/www.mappershoe.com\/wp-content\/uploads\/2025\/05\/custom-made-slippers-with-logo-wholesale-nike-slippers-beach-casual-6.webp\" alt=\"zapatillas-hechas-a-la-medida-con-logotipo-mayorista-nike-zapatillas-beach-casual-6\" class=\"wp-image-1442\" srcset=\"https:\/\/www.mappershoe.com\/wp-content\/uploads\/2025\/05\/custom-made-slippers-with-logo-wholesale-nike-slippers-beach-casual-6.webp 800w, https:\/\/www.mappershoe.com\/wp-content\/uploads\/2025\/05\/custom-made-slippers-with-logo-wholesale-nike-slippers-beach-casual-6-300x300.webp 300w, https:\/\/www.mappershoe.com\/wp-content\/uploads\/2025\/05\/custom-made-slippers-with-logo-wholesale-nike-slippers-beach-casual-6-150x150.webp 150w, https:\/\/www.mappershoe.com\/wp-content\/uploads\/2025\/05\/custom-made-slippers-with-logo-wholesale-nike-slippers-beach-casual-6-768x768.webp 768w, https:\/\/www.mappershoe.com\/wp-content\/uploads\/2025\/05\/custom-made-slippers-with-logo-wholesale-nike-slippers-beach-casual-6-12x12.webp 12w, https:\/\/www.mappershoe.com\/wp-content\/uploads\/2025\/05\/custom-made-slippers-with-logo-wholesale-nike-slippers-beach-casual-6-600x600.webp 600w, https:\/\/www.mappershoe.com\/wp-content\/uploads\/2025\/05\/custom-made-slippers-with-logo-wholesale-nike-slippers-beach-casual-6-100x100.webp 100w\" sizes=\"(max-width: 800px) 100vw, 800px\" \/><\/figure>\n<\/div>\n<\/div>\n\n\n\n<p><\/p>","protected":false},"excerpt":{"rendered":"<p>Bienvenido a comprar nuestras zapatillas personalizadas. Estas zapatillas de EVA personalizadas son la combinaci\u00f3n perfecta de comodidad ligera y dise\u00f1o moderno y a la moda de Nike. Est\u00e1n hechas de material EVA suave pero duradero para una mayor amortiguaci\u00f3n y resistencia al deslizamiento. La posibilidad de personalizar completamente los logotipos hace de este producto una soluci\u00f3n ideal para los compradores al por mayor que buscan ofrecer calzado de playa e informal de marca a sus clientes a precios directos de f\u00e1brica.<\/p>\n<h2>Zapatillas a medida Especificaciones:<\/h2>\n<table width=\"777\">\n<tbody>\n<tr>\n<td width=\"291\">Fabricante:<\/td>\n<td width=\"486\">Mingyi<\/td>\n<\/tr>\n<tr>\n<td>Estilo:<\/td>\n<td>Zapatillas<\/td>\n<\/tr>\n<tr>\n<td>Modelo:<\/td>\n<td>003<\/td>\n<\/tr>\n<tr>\n<td>Material:\u00a0<\/td>\n<td>EVA<\/td>\n<\/tr>\n<tr>\n<td>Color:\u00a0<\/td>\n<td>negro, blanco, albaricoque, verde, verde claro<\/td>\n<\/tr>\n<tr>\n<td>Tama\u00f1o:\u00a0<\/td>\n<td>36-37, 38-39,40-41, 42-43,44-45<\/td>\n<\/tr>\n<tr>\n<td>Opciones de personalizaci\u00f3n:\u00a0<\/td>\n<td>Logotipo (parte superior, lateral, plantilla) \/ Estampado integral \/ Color \/ Material \/ Grosor de la suela \/ Parte superior<\/td>\n<\/tr>\n<tr>\n<td>Embalaje:\u00a0<\/td>\n<td>Embalaje personalizado<\/td>\n<\/tr>\n<tr>\n<td>Muestra\uff1a<\/td>\n<td>Muestras gratuitas<\/td>\n<\/tr>\n<\/tbody>\n<\/table>\n<p>&nbsp;<\/p>","protected":false},"featured_media":1441,"comment_status":"closed","ping_status":"closed","template":"","meta":{"_acf_changed":false},"product_brand":[],"product_cat":[19],"product_tag":[25,26,27],"class_list":{"0":"post-1436","1":"product","2":"type-product","3":"status-publish","4":"has-post-thumbnail","6":"product_cat-slippers-in-bulk","7":"product_tag-eva-slippers-wholesale","8":"product_tag-mens-slippers-wholesale","9":"product_tag-wholesale-womens-slippers","11":"first","12":"instock","13":"shipping-taxable","14":"product-type-simple"},"acf":[],"_links":{"self":[{"href":"https:\/\/www.mappershoe.com\/es\/wp-json\/wp\/v2\/product\/1436","targetHints":{"allow":["GET"]}}],"collection":[{"href":"https:\/\/www.mappershoe.com\/es\/wp-json\/wp\/v2\/product"}],"about":[{"href":"https:\/\/www.mappershoe.com\/es\/wp-json\/wp\/v2\/types\/product"}],"replies":[{"embeddable":true,"href":"https:\/\/www.mappershoe.com\/es\/wp-json\/wp\/v2\/comments?post=1436"}],"wp:featuredmedia":[{"embeddable":true,"href":"https:\/\/www.mappershoe.com\/es\/wp-json\/wp\/v2\/media\/1441"}],"wp:attachment":[{"href":"https:\/\/www.mappershoe.com\/es\/wp-json\/wp\/v2\/media?parent=1436"}],"wp:term":[{"taxonomy":"product_brand","embeddable":true,"href":"https:\/\/www.mappershoe.com\/es\/wp-json\/wp\/v2\/product_brand?post=1436"},{"taxonomy":"product_cat","embeddable":true,"href":"https:\/\/www.mappershoe.com\/es\/wp-json\/wp\/v2\/product_cat?post=1436"},{"taxonomy":"product_tag","embeddable":true,"href":"https:\/\/www.mappershoe.com\/es\/wp-json\/wp\/v2\/product_tag?post=1436"}],"curies":[{"name":"wp","href":"https:\/\/api.w.org\/{rel}","templated":true}]}}