{"id":1452,"date":"2025-06-06T03:50:40","date_gmt":"2025-06-06T03:50:40","guid":{"rendered":"https:\/\/www.mappershoe.com\/?post_type=product&#038;p=1452"},"modified":"2025-06-06T03:50:43","modified_gmt":"2025-06-06T03:50:43","slug":"custom-slide-slippers","status":"publish","type":"product","link":"https:\/\/www.mappershoe.com\/es\/producto\/custom-slide-slippers\/","title":{"rendered":"Custom Slide Slippers with Logo, Air Cushion Slides Slipper Wholesale for Women Men"},"content":{"rendered":"<div class=\"wp-block-columns is-layout-flex wp-container-core-columns-is-layout-9d6595d7 wp-block-columns-is-layout-flex\">\n<div class=\"wp-block-column is-layout-flow wp-block-column-is-layout-flow\">\n<h3 class=\"wp-block-heading\">Zapatillas deslizantes personalizadas de primera calidad Caracter\u00edsticas:<\/h3>\n\n\n\n<p><strong>Amortiguaci\u00f3n suave:<\/strong> Nuestras zapatillas deslizantes a medida incorporan un dise\u00f1o de almohadilla de aire personalizado, que es suave y receptivo al uso y reduce eficazmente la presi\u00f3n del pie al caminar o estar de pie de forma sostenida.<\/p>\n\n\n\n<p><strong>Adaptable a distintos entornos: <\/strong>Nuestras pantuflas de aire al por mayor tienen una suela antideslizante y duradera que puede usarse tanto en interiores como en exteriores. En y alrededor de la casa, la oficina, o al aire libre, usted puede sentirse seguro de usarlos.<\/p>\n\n\n\n<p><strong>Material de PVC de primera calidad: <\/strong>Estas zapatillas deslizantes personalizadas est\u00e1n fabricadas con PVC ecol\u00f3gico de primera calidad, reciclable, impermeable y de secado r\u00e1pido, pero ligero y con una buena flexibilidad y durabilidad.<\/p>\n\n\n\n<p><strong>Opci\u00f3n de personalizaci\u00f3n de marca a posteriori: <\/strong>La parte superior de nuestras zapatillas deslizantes con colch\u00f3n de aire al por mayor se puede imprimir con su marca o logotipo, y ser\u00edan ideales para regalos personalizados, actividades promocionales o promoci\u00f3n de marca.<\/p>\n\n\n\n<p><strong>Colores vivos\/estampados imprimibles:<\/strong> Las zapatillas deslizantes personalizadas tienen varios colores, degradados y patrones impresos, con la opci\u00f3n de dise\u00f1os iluminados, para adaptarse a diferentes gustos e identidades de marca.<\/p>\n<\/div>\n\n\n\n<div class=\"wp-block-column is-layout-flow wp-block-column-is-layout-flow\">\n<figure class=\"wp-block-image size-full\"><img decoding=\"async\" width=\"800\" height=\"800\" src=\"https:\/\/www.mappershoe.com\/wp-content\/uploads\/2025\/06\/custom-slide-slippers-with-logo-air-cushion-slides-slipper-wholesale-6.webp\" alt=\"zapatillas-deslizantes-a medida-con-logo-acolchado-aire-deslizantes-deslizantes-mayorista-6\" class=\"wp-image-1458\" srcset=\"https:\/\/www.mappershoe.com\/wp-content\/uploads\/2025\/06\/custom-slide-slippers-with-logo-air-cushion-slides-slipper-wholesale-6.webp 800w, https:\/\/www.mappershoe.com\/wp-content\/uploads\/2025\/06\/custom-slide-slippers-with-logo-air-cushion-slides-slipper-wholesale-6-300x300.webp 300w, https:\/\/www.mappershoe.com\/wp-content\/uploads\/2025\/06\/custom-slide-slippers-with-logo-air-cushion-slides-slipper-wholesale-6-150x150.webp 150w, https:\/\/www.mappershoe.com\/wp-content\/uploads\/2025\/06\/custom-slide-slippers-with-logo-air-cushion-slides-slipper-wholesale-6-768x768.webp 768w, https:\/\/www.mappershoe.com\/wp-content\/uploads\/2025\/06\/custom-slide-slippers-with-logo-air-cushion-slides-slipper-wholesale-6-12x12.webp 12w, https:\/\/www.mappershoe.com\/wp-content\/uploads\/2025\/06\/custom-slide-slippers-with-logo-air-cushion-slides-slipper-wholesale-6-600x600.webp 600w, https:\/\/www.mappershoe.com\/wp-content\/uploads\/2025\/06\/custom-slide-slippers-with-logo-air-cushion-slides-slipper-wholesale-6-100x100.webp 100w\" sizes=\"(max-width: 800px) 100vw, 800px\" \/><\/figure>\n<\/div>\n<\/div>","protected":false},"excerpt":{"rendered":"<p>Bienvenido a comprar nuestras zapatillas de casa personalizadas. Camine con comodidad y estilo con nuestras chanclas de PVC con logo personalizado, pensadas tanto para interiores como para exteriores. Con una c\u00f3moda suela con amortiguaci\u00f3n de aire, PVC impermeable ligero y suelas de masaje antideslizantes, estas chanclas prometen ser c\u00f3modas y duraderas. Perfectas para la venta al por mayor y la personalizaci\u00f3n de marcas, garantizan una alternativa transpirable, de secado r\u00e1pido y respetuosa con el medio ambiente para hombres y mujeres.<\/p>\n<h2>Zapatillas de casa personalizadas Especificaciones:<\/h2>\n<table width=\"430\">\n<tbody>\n<tr>\n<td width=\"199\">Fabricante:<\/td>\n<td width=\"231\">Mingyi<\/td>\n<\/tr>\n<tr>\n<td>Estilo:<\/td>\n<td>Zapatillas<\/td>\n<\/tr>\n<tr>\n<td>Modelo:<\/td>\n<td>2261<\/td>\n<\/tr>\n<tr>\n<td>Material:\u00a0<\/td>\n<td>PVC<\/td>\n<\/tr>\n<tr>\n<td>Color:\u00a0<\/td>\n<td width=\"231\">blanco, negro, rojo, rosa, naranja, amarillo, azul<\/td>\n<\/tr>\n<tr>\n<td>Tama\u00f1o:\u00a0<\/td>\n<td>US size 6\u30016.5\u30017\u30017.5\u30018\u30018.5\u30019\u30019.5\u300110-14<\/td>\n<\/tr>\n<tr>\n<td>Opciones de personalizaci\u00f3n:\u00a0<\/td>\n<td>Logotipo (parte superior, lateral, plantilla) \/ Estampado integral \/ Color \/ Material \/ Grosor de la suela \/ Parte superior<\/td>\n<\/tr>\n<tr>\n<td>Embalaje:\u00a0<\/td>\n<td>Embalaje personalizado<\/td>\n<\/tr>\n<tr>\n<td>Muestra\uff1a<\/td>\n<td>Muestras gratuitas<\/td>\n<\/tr>\n<\/tbody>\n<\/table>","protected":false},"featured_media":1454,"comment_status":"closed","ping_status":"closed","template":"","meta":{"_acf_changed":false},"product_brand":[],"product_cat":[19],"product_tag":[26,24,27],"class_list":{"0":"post-1452","1":"product","2":"type-product","3":"status-publish","4":"has-post-thumbnail","6":"product_cat-slippers-in-bulk","7":"product_tag-mens-slippers-wholesale","8":"product_tag-wholesale-pvc-slippers","9":"product_tag-wholesale-womens-slippers","11":"first","12":"instock","13":"shipping-taxable","14":"product-type-simple"},"acf":[],"_links":{"self":[{"href":"https:\/\/www.mappershoe.com\/es\/wp-json\/wp\/v2\/product\/1452","targetHints":{"allow":["GET"]}}],"collection":[{"href":"https:\/\/www.mappershoe.com\/es\/wp-json\/wp\/v2\/product"}],"about":[{"href":"https:\/\/www.mappershoe.com\/es\/wp-json\/wp\/v2\/types\/product"}],"replies":[{"embeddable":true,"href":"https:\/\/www.mappershoe.com\/es\/wp-json\/wp\/v2\/comments?post=1452"}],"wp:featuredmedia":[{"embeddable":true,"href":"https:\/\/www.mappershoe.com\/es\/wp-json\/wp\/v2\/media\/1454"}],"wp:attachment":[{"href":"https:\/\/www.mappershoe.com\/es\/wp-json\/wp\/v2\/media?parent=1452"}],"wp:term":[{"taxonomy":"product_brand","embeddable":true,"href":"https:\/\/www.mappershoe.com\/es\/wp-json\/wp\/v2\/product_brand?post=1452"},{"taxonomy":"product_cat","embeddable":true,"href":"https:\/\/www.mappershoe.com\/es\/wp-json\/wp\/v2\/product_cat?post=1452"},{"taxonomy":"product_tag","embeddable":true,"href":"https:\/\/www.mappershoe.com\/es\/wp-json\/wp\/v2\/product_tag?post=1452"}],"curies":[{"name":"wp","href":"https:\/\/api.w.org\/{rel}","templated":true}]}}