{"id":1467,"date":"2025-06-06T06:37:19","date_gmt":"2025-06-06T06:37:19","guid":{"rendered":"https:\/\/www.mappershoe.com\/?post_type=product&#038;p=1467"},"modified":"2025-06-06T06:37:22","modified_gmt":"2025-06-06T06:37:22","slug":"custom-slippers-with-logo","status":"publish","type":"product","link":"https:\/\/www.mappershoe.com\/es\/producto\/custom-slippers-with-logo\/","title":{"rendered":"Zapatillas personalizadas con logotipo, zapatillas al por mayor en dos colores para mujer y hombre"},"content":{"rendered":"<div class=\"wp-block-columns is-layout-flex wp-container-core-columns-is-layout-9d6595d7 wp-block-columns-is-layout-flex\">\n<div class=\"wp-block-column is-layout-flow wp-block-column-is-layout-flow\">\n<h3 class=\"wp-block-heading\">Zapatillas personalizadas de primera calidad con logotipo Caracter\u00edsticas:<\/h3>\n\n\n\n<p><strong>Personalizaci\u00f3n multidimensional: <\/strong>Las zapatillas de PVC al por mayor admiten la personalizaci\u00f3n de logotipos en el empeine, los laterales y la plantilla, as\u00ed como patrones de impresi\u00f3n completos, m\u00faltiples colores, materiales, dise\u00f1os de suela y dise\u00f1os de empeine para satisfacer las necesidades personalizadas espec\u00edficas de la marca.<\/p>\n\n\n\n<p><strong>M\u00e1xima comodidad: <\/strong>Nuestras chanclas personalizadas con logotipo est\u00e1n fabricadas con un material de PVC ultraligero y suave, un excelente rendimiento de absorci\u00f3n de impactos y un dise\u00f1o de masaje por puntos, lo que proporciona una experiencia de uso c\u00f3moda y reductora de la presi\u00f3n que sigue siendo agradable incluso despu\u00e9s de varias horas de uso.<\/p>\n\n\n\n<p><strong>Caracter\u00edstica multifuncional: <\/strong>Nuestras zapatillas personalizadas con logotipo ofrecen funciones antideslizantes, resistentes al desgaste, impermeables, transpirables y de secado r\u00e1pido, para diversas aplicaciones como ba\u00f1os, playas, actividades al aire libre y hoteles.<\/p>\n\n\n\n<p><strong>Estilo bicolor unisex:<\/strong> Nuestras pantuflas al por mayor presentan una combinaci\u00f3n de colores de dise\u00f1o elegante y a la moda en dos tonos que proporciona consistencia en el dise\u00f1o y ofrece variedad, ideal para parejas, familias y pedidos al por mayor.<\/p>\n\n\n\n<p><strong>Secado r\u00e1pido y f\u00e1cil de limpiar:<\/strong> El material impermeable de las zapatillas de PVC de secado r\u00e1pido al por mayor se limpia simplemente aclar\u00e1ndolo, y la caracter\u00edstica de secado r\u00e1pido repele la humedad y el olor, lo que facilita su mantenimiento.<\/p>\n<\/div>\n\n\n\n<div class=\"wp-block-column is-layout-flow wp-block-column-is-layout-flow\">\n<figure class=\"wp-block-image size-full\"><img decoding=\"async\" width=\"800\" height=\"800\" src=\"https:\/\/www.mappershoe.com\/wp-content\/uploads\/2025\/06\/custom-slippers-with-logo-wholesale-slippers-in-two-colors-1.webp\" alt=\"pantuflas personalizadas-con-logotipo-mayorista-pantuflas-de-dos-colores-1\" class=\"wp-image-1468\" srcset=\"https:\/\/www.mappershoe.com\/wp-content\/uploads\/2025\/06\/custom-slippers-with-logo-wholesale-slippers-in-two-colors-1.webp 800w, https:\/\/www.mappershoe.com\/wp-content\/uploads\/2025\/06\/custom-slippers-with-logo-wholesale-slippers-in-two-colors-1-300x300.webp 300w, https:\/\/www.mappershoe.com\/wp-content\/uploads\/2025\/06\/custom-slippers-with-logo-wholesale-slippers-in-two-colors-1-150x150.webp 150w, https:\/\/www.mappershoe.com\/wp-content\/uploads\/2025\/06\/custom-slippers-with-logo-wholesale-slippers-in-two-colors-1-768x768.webp 768w, https:\/\/www.mappershoe.com\/wp-content\/uploads\/2025\/06\/custom-slippers-with-logo-wholesale-slippers-in-two-colors-1-12x12.webp 12w, https:\/\/www.mappershoe.com\/wp-content\/uploads\/2025\/06\/custom-slippers-with-logo-wholesale-slippers-in-two-colors-1-600x600.webp 600w, https:\/\/www.mappershoe.com\/wp-content\/uploads\/2025\/06\/custom-slippers-with-logo-wholesale-slippers-in-two-colors-1-100x100.webp 100w\" sizes=\"(max-width: 800px) 100vw, 800px\" \/><\/figure>\n<\/div>\n<\/div>","protected":false},"excerpt":{"rendered":"<p>Descubra nuestras zapatillas altamente personalizadas con logotipo, perfectas para la venta al por mayor, hoteles o promociones de marca. Con opciones para la colocaci\u00f3n completa del logotipo, impresi\u00f3n en toda la superficie y dise\u00f1os unisex en dos tonos, estas zapatillas combinan estilo y funcionalidad. Las zapatillas de PVC al por mayor ligeras, impermeables, antideslizantes, de secado r\u00e1pido y ultrasuaves con suelas de masaje las hacen ideales para una amplia gama de usos en interiores y exteriores.<\/p>\n<h2>Zapatillas personalizadas con logotipo Especificaciones:<\/h2>\n<table width=\"430\">\n<tbody>\n<tr>\n<td width=\"199\">Fabricante:<\/td>\n<td width=\"231\">Mingyi<\/td>\n<\/tr>\n<tr>\n<td>Estilo:<\/td>\n<td>Zapatillas<\/td>\n<\/tr>\n<tr>\n<td>Modelo:<\/td>\n<td>2191<\/td>\n<\/tr>\n<tr>\n<td>Material:\u00a0<\/td>\n<td>PVC<\/td>\n<\/tr>\n<tr>\n<td>Color:\u00a0<\/td>\n<td width=\"231\">blanco, negro, rojo, rosa, naranja, amarillo, verde, azul marino, azul, gris, marr\u00f3n<\/td>\n<\/tr>\n<tr>\n<td>Tama\u00f1o:\u00a0<\/td>\n<td>US size 6\u30016.5\u30017\u30017.5\u30018\u30018.5\u30019\u30019.5\u300110-14<\/td>\n<\/tr>\n<tr>\n<td>Opciones de personalizaci\u00f3n:\u00a0<\/td>\n<td>Logotipo (parte superior, lateral, plantilla) \/ Estampado integral \/ Color \/ Material \/ Grosor de la suela \/ Parte superior<\/td>\n<\/tr>\n<tr>\n<td>Embalaje:\u00a0<\/td>\n<td>Embalaje personalizado<\/td>\n<\/tr>\n<tr>\n<td>Muestra\uff1a<\/td>\n<td>Muestras gratuitas<\/td>\n<\/tr>\n<\/tbody>\n<\/table>","protected":false},"featured_media":1480,"comment_status":"closed","ping_status":"closed","template":"","meta":{"_acf_changed":false},"product_brand":[],"product_cat":[19],"product_tag":[26,24,27],"class_list":{"0":"post-1467","1":"product","2":"type-product","3":"status-publish","4":"has-post-thumbnail","6":"product_cat-slippers-in-bulk","7":"product_tag-mens-slippers-wholesale","8":"product_tag-wholesale-pvc-slippers","9":"product_tag-wholesale-womens-slippers","11":"first","12":"instock","13":"shipping-taxable","14":"product-type-simple"},"acf":[],"_links":{"self":[{"href":"https:\/\/www.mappershoe.com\/es\/wp-json\/wp\/v2\/product\/1467","targetHints":{"allow":["GET"]}}],"collection":[{"href":"https:\/\/www.mappershoe.com\/es\/wp-json\/wp\/v2\/product"}],"about":[{"href":"https:\/\/www.mappershoe.com\/es\/wp-json\/wp\/v2\/types\/product"}],"replies":[{"embeddable":true,"href":"https:\/\/www.mappershoe.com\/es\/wp-json\/wp\/v2\/comments?post=1467"}],"wp:featuredmedia":[{"embeddable":true,"href":"https:\/\/www.mappershoe.com\/es\/wp-json\/wp\/v2\/media\/1480"}],"wp:attachment":[{"href":"https:\/\/www.mappershoe.com\/es\/wp-json\/wp\/v2\/media?parent=1467"}],"wp:term":[{"taxonomy":"product_brand","embeddable":true,"href":"https:\/\/www.mappershoe.com\/es\/wp-json\/wp\/v2\/product_brand?post=1467"},{"taxonomy":"product_cat","embeddable":true,"href":"https:\/\/www.mappershoe.com\/es\/wp-json\/wp\/v2\/product_cat?post=1467"},{"taxonomy":"product_tag","embeddable":true,"href":"https:\/\/www.mappershoe.com\/es\/wp-json\/wp\/v2\/product_tag?post=1467"}],"curies":[{"name":"wp","href":"https:\/\/api.w.org\/{rel}","templated":true}]}}