{"id":1482,"date":"2025-06-10T02:09:54","date_gmt":"2025-06-10T02:09:54","guid":{"rendered":"https:\/\/www.mappershoe.com\/?post_type=product&#038;p=1482"},"modified":"2025-06-10T02:09:56","modified_gmt":"2025-06-10T02:09:56","slug":"slippers-in-bulk","status":"publish","type":"product","link":"https:\/\/www.mappershoe.com\/es\/producto\/slippers-in-bulk\/","title":{"rendered":"Chanclas de exterior a granel, sandalias deportivas personalizadas con logotipo para hombre"},"content":{"rendered":"<div class=\"wp-block-columns is-layout-flex wp-container-core-columns-is-layout-9d6595d7 wp-block-columns-is-layout-flex\">\n<div class=\"wp-block-column is-layout-flow wp-block-column-is-layout-flow\">\n<h3 class=\"wp-block-heading\">Zapatillas Premium a Granel Caracter\u00edsticas:<\/h3>\n\n\n\n<p><strong>Dise\u00f1o ergon\u00f3mico que se adapta a la forma natural del pie: <\/strong>Nuestras zapatillas a granel est\u00e1n modeladas anat\u00f3micamente seg\u00fan el pie humano; la curvatura de la suela es id\u00e9ntica a la del arco del pie para evitar la fatiga y facilitar la marcha.<\/p>\n\n\n\n<p><strong>M\u00faltiples opciones de personalizaci\u00f3n:<\/strong> Estas sandalias deportivas deslizantes personalizadas admiten la personalizaci\u00f3n de logotipos (en el empeine, los laterales y la plantilla), gr\u00e1ficos totalmente impresos, material de la suela, correas del calzado, color y material, satisfaciendo plenamente las necesidades personalizadas de marcas o proyectos.<\/p>\n\n\n\n<p><strong>Dise\u00f1o de gran comodidad: <\/strong>Nuestras zapatillas a granel est\u00e1n fabricadas con material EVA ligero y suave, con part\u00edculas de masaje incrustadas y estructura amortiguadora, que ofrece la m\u00e1xima amortiguaci\u00f3n y comodidad para los pies, lo que permite llevarlas durante largas horas y satisfacer las necesidades atl\u00e9ticas y recreativas.<\/p>\n\n\n\n<p><strong>Capacidad de producci\u00f3n a gran escala con entrega r\u00e1pida: <\/strong>Nuestras zapatillas a granel est\u00e1n debidamente equipadas con moldes y l\u00edneas de producci\u00f3n maduros, y permiten realizar pedidos personalizados de gran volumen con plazos de entrega razonables, lo que resulta id\u00f3neo para el acopio promocional de temporada o las iniciativas de colaboraci\u00f3n entre marcas.<\/p>\n\n\n\n<p><strong>Tecnolog\u00eda de impresi\u00f3n de alta calidad: <\/strong>Estas sandalias de deporte personalizadas utilizan t\u00e9cnicas avanzadas de serigraf\u00eda, transferencia t\u00e9rmica o impresi\u00f3n digital, los dise\u00f1os son n\u00edtidos y duraderos, adecuados para dise\u00f1os complejos y logotipos de marca, lo que mejora el reconocimiento del producto.<\/p>\n<\/div>\n\n\n\n<div class=\"wp-block-column is-layout-flow wp-block-column-is-layout-flow\">\n<figure class=\"wp-block-image size-full\"><img decoding=\"async\" width=\"800\" height=\"800\" src=\"https:\/\/www.mappershoe.com\/wp-content\/uploads\/2025\/06\/outdoor-slippers-in-bulk-custom-sport-slide-sandals-with-logo-for-men-1.webp\" alt=\"outdoor-slippers-in-bulk-custom-sport-slide-sandals-with-logo-for-men-1\" class=\"wp-image-1483\" srcset=\"https:\/\/www.mappershoe.com\/wp-content\/uploads\/2025\/06\/outdoor-slippers-in-bulk-custom-sport-slide-sandals-with-logo-for-men-1.webp 800w, https:\/\/www.mappershoe.com\/wp-content\/uploads\/2025\/06\/outdoor-slippers-in-bulk-custom-sport-slide-sandals-with-logo-for-men-1-300x300.webp 300w, https:\/\/www.mappershoe.com\/wp-content\/uploads\/2025\/06\/outdoor-slippers-in-bulk-custom-sport-slide-sandals-with-logo-for-men-1-150x150.webp 150w, https:\/\/www.mappershoe.com\/wp-content\/uploads\/2025\/06\/outdoor-slippers-in-bulk-custom-sport-slide-sandals-with-logo-for-men-1-768x768.webp 768w, https:\/\/www.mappershoe.com\/wp-content\/uploads\/2025\/06\/outdoor-slippers-in-bulk-custom-sport-slide-sandals-with-logo-for-men-1-12x12.webp 12w, https:\/\/www.mappershoe.com\/wp-content\/uploads\/2025\/06\/outdoor-slippers-in-bulk-custom-sport-slide-sandals-with-logo-for-men-1-600x600.webp 600w, https:\/\/www.mappershoe.com\/wp-content\/uploads\/2025\/06\/outdoor-slippers-in-bulk-custom-sport-slide-sandals-with-logo-for-men-1-100x100.webp 100w\" sizes=\"(max-width: 800px) 100vw, 800px\" \/><\/figure>\n<\/div>\n<\/div>\n\n\n\n<p><\/p>","protected":false},"excerpt":{"rendered":"<p>Bienvenido a comprar nuestras chanclas Eva al por mayor. Estas chanclas deportivas personalizadas son ideales para pedidos de verano al por mayor. Dise\u00f1adas para su uso al aire libre, ofrecen una comodidad ligera, un rendimiento impermeable y suelas antideslizantes. Totalmente personalizables con su logotipo (en la parte superior, lateral o plantilla), impresi\u00f3n integral, colores, correa, material y suela. Perfectas para complejos tur\u00edsticos, equipos, gimnasios y campa\u00f1as promocionales.<\/p>\n<h2>Zapatillas de EVA a granel Especificaciones:<\/h2>\n<table width=\"777\">\n<tbody>\n<tr>\n<td width=\"291\">Fabricante:<\/td>\n<td width=\"486\">Mingyi<\/td>\n<\/tr>\n<tr>\n<td>Estilo:<\/td>\n<td>Zapatillas<\/td>\n<\/tr>\n<tr>\n<td>Modelo:<\/td>\n<td>004<\/td>\n<\/tr>\n<tr>\n<td>Material:\u00a0<\/td>\n<td>EVA<\/td>\n<\/tr>\n<tr>\n<td>Color:\u00a0<\/td>\n<td>negro, blanco, albaricoque<\/td>\n<\/tr>\n<tr>\n<td>Tama\u00f1o:\u00a0<\/td>\n<td>36-37, 38-39,40-41, 42-43,44-45<\/td>\n<\/tr>\n<tr>\n<td>Opciones de personalizaci\u00f3n:\u00a0<\/td>\n<td>Logotipo (parte superior, lateral, plantilla) \/ Estampado integral \/ Color \/ Material \/ Grosor de la suela \/ Parte superior<\/td>\n<\/tr>\n<tr>\n<td>Embalaje:\u00a0<\/td>\n<td>Embalaje personalizado<\/td>\n<\/tr>\n<tr>\n<td>Muestra\uff1a<\/td>\n<td>Muestras gratuitas<\/td>\n<\/tr>\n<\/tbody>\n<\/table>","protected":false},"featured_media":1484,"comment_status":"closed","ping_status":"closed","template":"","meta":{"_acf_changed":false},"product_brand":[],"product_cat":[19],"product_tag":[25,26],"class_list":{"0":"post-1482","1":"product","2":"type-product","3":"status-publish","4":"has-post-thumbnail","6":"product_cat-slippers-in-bulk","7":"product_tag-eva-slippers-wholesale","8":"product_tag-mens-slippers-wholesale","10":"first","11":"instock","12":"shipping-taxable","13":"product-type-simple"},"acf":[],"_links":{"self":[{"href":"https:\/\/www.mappershoe.com\/es\/wp-json\/wp\/v2\/product\/1482","targetHints":{"allow":["GET"]}}],"collection":[{"href":"https:\/\/www.mappershoe.com\/es\/wp-json\/wp\/v2\/product"}],"about":[{"href":"https:\/\/www.mappershoe.com\/es\/wp-json\/wp\/v2\/types\/product"}],"replies":[{"embeddable":true,"href":"https:\/\/www.mappershoe.com\/es\/wp-json\/wp\/v2\/comments?post=1482"}],"wp:featuredmedia":[{"embeddable":true,"href":"https:\/\/www.mappershoe.com\/es\/wp-json\/wp\/v2\/media\/1484"}],"wp:attachment":[{"href":"https:\/\/www.mappershoe.com\/es\/wp-json\/wp\/v2\/media?parent=1482"}],"wp:term":[{"taxonomy":"product_brand","embeddable":true,"href":"https:\/\/www.mappershoe.com\/es\/wp-json\/wp\/v2\/product_brand?post=1482"},{"taxonomy":"product_cat","embeddable":true,"href":"https:\/\/www.mappershoe.com\/es\/wp-json\/wp\/v2\/product_cat?post=1482"},{"taxonomy":"product_tag","embeddable":true,"href":"https:\/\/www.mappershoe.com\/es\/wp-json\/wp\/v2\/product_tag?post=1482"}],"curies":[{"name":"wp","href":"https:\/\/api.w.org\/{rel}","templated":true}]}}