{"id":1491,"date":"2025-06-10T03:05:53","date_gmt":"2025-06-10T03:05:53","guid":{"rendered":"https:\/\/www.mappershoe.com\/?post_type=product&#038;p=1491"},"modified":"2026-01-03T07:44:12","modified_gmt":"2026-01-03T07:44:12","slug":"custom-branded-slippers","status":"publish","type":"product","link":"https:\/\/www.mappershoe.com\/es\/producto\/custom-branded-slippers\/","title":{"rendered":"Zapatillas de marca personalizadas a granel, suministro de zapatillas Yeezy 350"},"content":{"rendered":"<div class=\"wp-block-columns is-layout-flex wp-container-core-columns-is-layout-9d6595d7 wp-block-columns-is-layout-flex\">\n<div class=\"wp-block-column is-layout-flow wp-block-column-is-layout-flow\">\n<h3 class=\"wp-block-heading\">Zapatillas de marca personalizadas de primera calidad Caracter\u00edsticas:<\/h3>\n\n\n\n<p><strong>Dise\u00f1o exterior estilo 350: <\/strong>Estas zapatillas de marca personalizadas se inspiran en el aspecto cl\u00e1sico de las Yeezy 350. La parte superior presenta un estampado de transferencia de calor tipo Primeknit, que muestra un aspecto callejero \u00fanico y aporta a la marca sofisticaci\u00f3n y valor de moda.<\/p>\n\n\n\n<p><strong>M\u00faltiples opciones de personalizaci\u00f3n: <\/strong>Estas zapatillas yeezy al por mayor admiten la personalizaci\u00f3n de logotipos de marca (parte superior, paneles laterales, plantilla), patrones de impresi\u00f3n completa, suela, material superior, color y tama\u00f1o, atendiendo a los requisitos de OEM\/ODM y adecuados para diversos eventos, promociones o colaboraciones de marca.<\/p>\n\n\n\n<p><strong>Suela ligera de EVA:<\/strong> La suela exterior de las zapatillas de marca personalizadas est\u00e1 hecha de material EVA de alta elasticidad que es ligero, suave, amortiguador y resistente al desgaste, a la vez que proporciona soporte y flexibilidad, y puede utilizarse como prenda diaria o como regalo.<\/p>\n\n\n\n<p><strong>Doble uso interior\/exterior: <\/strong>Estas zapatillas yeezy al por mayor tienen una textura antideslizante y funci\u00f3n impermeable, disponible para el hogar, balc\u00f3n, playa, gimnasio, piscina, hotel y otras aplicaciones, con fuerte practicidad y larga vida \u00fatil.<\/p>\n\n\n\n<p><strong>Varias tallas disponibles: <\/strong>Las tallas de estas zapatillas de marca personalizadas van desde la infantil hasta la talla grande para adultos, con dise\u00f1os distintos para hombres y mujeres, que satisfacen las necesidades de personalizaci\u00f3n de todos los grupos de edad.<\/p>\n<\/div>\n\n\n\n<div class=\"wp-block-column is-layout-flow wp-block-column-is-layout-flow\">\n<figure class=\"wp-block-image size-full\"><img decoding=\"async\" width=\"800\" height=\"800\" src=\"https:\/\/www.mappershoe.com\/wp-content\/uploads\/2025\/06\/custom-branded-slippers-with-logo-fashion-yeezy-350-slipper-wholesale-4.webp\" alt=\"zapatillas-de-marca-a-la-medida-con-logo-moda-yeezy-350-zapatillas-al-mayor-4\" class=\"wp-image-1495\" srcset=\"https:\/\/www.mappershoe.com\/wp-content\/uploads\/2025\/06\/custom-branded-slippers-with-logo-fashion-yeezy-350-slipper-wholesale-4.webp 800w, https:\/\/www.mappershoe.com\/wp-content\/uploads\/2025\/06\/custom-branded-slippers-with-logo-fashion-yeezy-350-slipper-wholesale-4-300x300.webp 300w, https:\/\/www.mappershoe.com\/wp-content\/uploads\/2025\/06\/custom-branded-slippers-with-logo-fashion-yeezy-350-slipper-wholesale-4-150x150.webp 150w, https:\/\/www.mappershoe.com\/wp-content\/uploads\/2025\/06\/custom-branded-slippers-with-logo-fashion-yeezy-350-slipper-wholesale-4-768x768.webp 768w, https:\/\/www.mappershoe.com\/wp-content\/uploads\/2025\/06\/custom-branded-slippers-with-logo-fashion-yeezy-350-slipper-wholesale-4-12x12.webp 12w, https:\/\/www.mappershoe.com\/wp-content\/uploads\/2025\/06\/custom-branded-slippers-with-logo-fashion-yeezy-350-slipper-wholesale-4-600x600.webp 600w, https:\/\/www.mappershoe.com\/wp-content\/uploads\/2025\/06\/custom-branded-slippers-with-logo-fashion-yeezy-350-slipper-wholesale-4-100x100.webp 100w\" sizes=\"(max-width: 800px) 100vw, 800px\" \/><\/figure>\n<\/div>\n<\/div>\n\n\n\n<p><\/p>","protected":false},"excerpt":{"rendered":"<p>Bienvenido a comprar nuestras zapatillas de marca personalizada. Estas zapatillas de EVA al por mayor est\u00e1n en el dise\u00f1o de tendencia Yeezy 350 y est\u00e1n disponibles en dise\u00f1os personalizados listos para la marca. Con una parte superior hecha de Primeknit-impreso, amortiguaci\u00f3n ligera, y EVA antideslizante, son perfectas para uso en interiores \/ exteriores. Son totalmente personalizables con logotipos, colores y estampados, lo que significa que estas zapatillas tan estilosas son perfectas para promociones de marca, proyectos de venta al por menor o regalos al por mayor.<\/p>\n<h2>Zapatillas de marca personalizadas Especificaciones:<\/h2>\n<table width=\"777\">\n<tbody>\n<tr>\n<td width=\"291\">Fabricante:<\/td>\n<td width=\"486\">Mingyi<\/td>\n<\/tr>\n<tr>\n<td>Estilo:<\/td>\n<td>Zapatillas<\/td>\n<\/tr>\n<tr>\n<td>Modelo:<\/td>\n<td>005<\/td>\n<\/tr>\n<tr>\n<td>Material:\u00a0<\/td>\n<td>EVA<\/td>\n<\/tr>\n<tr>\n<td>Color:\u00a0<\/td>\n<td>negro, blanco, rojo, rosa, naranja, amarillo, verde, azul, azul claro, rojo rosado, marr\u00f3n<\/td>\n<\/tr>\n<tr>\n<td>Tama\u00f1o:\u00a0<\/td>\n<td>36-37, 38-39,40-41, 42-43,44-45<\/td>\n<\/tr>\n<tr>\n<td>Opciones de personalizaci\u00f3n:\u00a0<\/td>\n<td>Logotipo (parte superior, lateral, plantilla) \/ Estampado integral \/ Color \/ Material \/ Grosor de la suela \/ Parte superior<\/td>\n<\/tr>\n<tr>\n<td>Embalaje:\u00a0<\/td>\n<td>Embalaje personalizado<\/td>\n<\/tr>\n<tr>\n<td>Muestra\uff1a<\/td>\n<td>Muestras gratuitas<\/td>\n<\/tr>\n<\/tbody>\n<\/table>","protected":false},"featured_media":1493,"comment_status":"closed","ping_status":"closed","template":"","meta":{"_acf_changed":false},"product_brand":[],"product_cat":[19],"product_tag":[25,26,27],"class_list":{"0":"post-1491","1":"product","2":"type-product","3":"status-publish","4":"has-post-thumbnail","6":"product_cat-slippers-in-bulk","7":"product_tag-eva-slippers-wholesale","8":"product_tag-mens-slippers-wholesale","9":"product_tag-wholesale-womens-slippers","11":"first","12":"instock","13":"shipping-taxable","14":"product-type-simple"},"acf":[],"_links":{"self":[{"href":"https:\/\/www.mappershoe.com\/es\/wp-json\/wp\/v2\/product\/1491","targetHints":{"allow":["GET"]}}],"collection":[{"href":"https:\/\/www.mappershoe.com\/es\/wp-json\/wp\/v2\/product"}],"about":[{"href":"https:\/\/www.mappershoe.com\/es\/wp-json\/wp\/v2\/types\/product"}],"replies":[{"embeddable":true,"href":"https:\/\/www.mappershoe.com\/es\/wp-json\/wp\/v2\/comments?post=1491"}],"wp:featuredmedia":[{"embeddable":true,"href":"https:\/\/www.mappershoe.com\/es\/wp-json\/wp\/v2\/media\/1493"}],"wp:attachment":[{"href":"https:\/\/www.mappershoe.com\/es\/wp-json\/wp\/v2\/media?parent=1491"}],"wp:term":[{"taxonomy":"product_brand","embeddable":true,"href":"https:\/\/www.mappershoe.com\/es\/wp-json\/wp\/v2\/product_brand?post=1491"},{"taxonomy":"product_cat","embeddable":true,"href":"https:\/\/www.mappershoe.com\/es\/wp-json\/wp\/v2\/product_cat?post=1491"},{"taxonomy":"product_tag","embeddable":true,"href":"https:\/\/www.mappershoe.com\/es\/wp-json\/wp\/v2\/product_tag?post=1491"}],"curies":[{"name":"wp","href":"https:\/\/api.w.org\/{rel}","templated":true}]}}