{"id":1521,"date":"2025-06-20T09:38:59","date_gmt":"2025-06-20T09:38:59","guid":{"rendered":"https:\/\/www.mappershoe.com\/?post_type=product&#038;p=1521"},"modified":"2026-01-03T07:41:43","modified_gmt":"2026-01-03T07:41:43","slug":"mens-custom-slippers","status":"publish","type":"product","link":"https:\/\/www.mappershoe.com\/es\/producto\/mens-custom-slippers\/","title":{"rendered":"Nuevo Mens Custom Slippers, Suelas Gruesas Eva Slippers Bulk"},"content":{"rendered":"<div class=\"wp-block-columns is-layout-flex wp-container-core-columns-is-layout-9d6595d7 wp-block-columns-is-layout-flex\">\n<div class=\"wp-block-column is-layout-flow wp-block-column-is-layout-flow\">\n<h3 class=\"wp-block-heading\">Zapatillas personalizadas para hombre de primera calidad Caracter\u00edsticas:<\/h3>\n\n\n\n<p><strong>Dise\u00f1o exterior aerodin\u00e1mico:<\/strong> El cuerpo de las zapatillas Eva a granel presenta una estructura tridimensional aerodin\u00e1mica, combinada con motivos geom\u00e9tricos en relieve y dise\u00f1os huecos en la parte exterior, lo que crea un efecto visual din\u00e1mico perfecto para personas a la \u00faltima y clientes de marcas de moda.<\/p>\n\n\n\n<p><strong>Suela gruesa de EVA moldeada de una sola pieza: <\/strong>Todo el calzado de las zapatillas personalizadas para hombre est\u00e1 fabricado mediante un proceso de moldeo por inyecci\u00f3n de una pieza de EVA de alta elasticidad, lo que da como resultado una suela gruesa pero suave que reduce eficazmente el impacto al caminar. Tambi\u00e9n proporciona aproximadamente 3,5-4 cm de aumento de altura, mejorando la comodidad de uso y las proporciones del cuerpo.<\/p>\n\n\n\n<p><strong>Plantilla de part\u00edculas de masaje 3D incorporada:<\/strong> La plantilla de las zapatillas a medida para hombre presenta texturas antideslizantes y superficies de masaje en relieve, que garantizan la relajaci\u00f3n de los pies al tiempo que mantienen la transpirabilidad y el confort, aptas para un uso prolongado tanto en interiores como en exteriores.<\/p>\n\n\n\n<p><strong>Suela de textura antideslizante y resistente al desgaste: <\/strong>La suela de las zapatillas Eva al por mayor est\u00e1 profundamente texturizada en cruz para ofrecer una mayor tracci\u00f3n y capacidad antideslizante, as\u00ed como la m\u00e1xima funcionalidad y seguridad. Es adecuada para su uso en entornos resbaladizos como cuartos de ba\u00f1o, piscinas y balcones, y puede utilizarse como pantufla informal de exterior.<\/p>\n\n\n\n<p><strong>Niveles de personalizaci\u00f3n multidimensionales: <\/strong>Las zapatillas personalizadas para hombre ofrecen niveles de personalizaci\u00f3n que incluyen logotipos (en el empeine, el lateral o la plantilla), el color de los cordones, la combinaci\u00f3n general de colores, los estampados y el material de la suela, de modo que cada par de zapatillas puede personalizarse para reflejar la personalidad de la marca.<\/p>\n<\/div>\n\n\n\n<div class=\"wp-block-column is-layout-flow wp-block-column-is-layout-flow\">\n<figure class=\"wp-block-image size-full\"><img decoding=\"async\" width=\"800\" height=\"800\" src=\"https:\/\/www.mappershoe.com\/wp-content\/uploads\/2025\/06\/mens-custom-slippers-new-thick-soles-height-increasing-eva-slippers-bulk-7.webp\" alt=\"zapatillas-personalizadas-para-hombre-nuevas-suelas-gruesas-aumentar-altura-eva-zapatillas-bulk- (7)\" class=\"wp-image-1528\" srcset=\"https:\/\/www.mappershoe.com\/wp-content\/uploads\/2025\/06\/mens-custom-slippers-new-thick-soles-height-increasing-eva-slippers-bulk-7.webp 800w, https:\/\/www.mappershoe.com\/wp-content\/uploads\/2025\/06\/mens-custom-slippers-new-thick-soles-height-increasing-eva-slippers-bulk-7-300x300.webp 300w, https:\/\/www.mappershoe.com\/wp-content\/uploads\/2025\/06\/mens-custom-slippers-new-thick-soles-height-increasing-eva-slippers-bulk-7-150x150.webp 150w, https:\/\/www.mappershoe.com\/wp-content\/uploads\/2025\/06\/mens-custom-slippers-new-thick-soles-height-increasing-eva-slippers-bulk-7-768x768.webp 768w, https:\/\/www.mappershoe.com\/wp-content\/uploads\/2025\/06\/mens-custom-slippers-new-thick-soles-height-increasing-eva-slippers-bulk-7-12x12.webp 12w, https:\/\/www.mappershoe.com\/wp-content\/uploads\/2025\/06\/mens-custom-slippers-new-thick-soles-height-increasing-eva-slippers-bulk-7-600x600.webp 600w, https:\/\/www.mappershoe.com\/wp-content\/uploads\/2025\/06\/mens-custom-slippers-new-thick-soles-height-increasing-eva-slippers-bulk-7-100x100.webp 100w\" sizes=\"(max-width: 800px) 100vw, 800px\" \/><\/figure>\n<\/div>\n<\/div>\n\n\n\n<p><\/p>","protected":false},"excerpt":{"rendered":"<p>Le invitamos a hacer pedidos al por mayor. Estas nuevas zapatillas personalizadas para hombre presentan un moderno dise\u00f1o de suela gruesa con un atrevido perfil geom\u00e9trico. Fabricadas en EVA suave y ligera, ofrecen un aumento de la altura, amortiguaci\u00f3n y comodidad para todo el pie con una plantilla de masaje texturizada. Se pueden a\u00f1adir logotipos personalizados en la parte superior, el lateral o la plantilla, lo que las hace ideales para la venta al por mayor, la personalizaci\u00f3n de marcas o las l\u00edneas de venta al por menor de moda.<\/p>\n<h2>Zapatillas personalizadas para hombre Especificaciones:<\/h2>\n<table width=\"777\">\n<tbody>\n<tr>\n<td width=\"291\">Fabricante:<\/td>\n<td width=\"486\">Mingyi<\/td>\n<\/tr>\n<tr>\n<td>Estilo:<\/td>\n<td>Zapatillas<\/td>\n<\/tr>\n<tr>\n<td>Modelo:<\/td>\n<td>006<\/td>\n<\/tr>\n<tr>\n<td>Material:\u00a0<\/td>\n<td>EVA<\/td>\n<\/tr>\n<tr>\n<td>Color:\u00a0<\/td>\n<td>negro, blanco, albaricoque<\/td>\n<\/tr>\n<tr>\n<td>Tama\u00f1o:\u00a0<\/td>\n<td>36-37, 38-39,40-41, 42-43,44-45<\/td>\n<\/tr>\n<tr>\n<td>Opciones de personalizaci\u00f3n:\u00a0<\/td>\n<td>Logotipo (parte superior, lateral, plantilla) \/ Estampado integral \/ Color \/ Material \/ Grosor de la suela \/ Parte superior<\/td>\n<\/tr>\n<tr>\n<td>Embalaje:\u00a0<\/td>\n<td>Embalaje personalizado<\/td>\n<\/tr>\n<tr>\n<td>Muestra\uff1a<\/td>\n<td>Muestras gratuitas<\/td>\n<\/tr>\n<\/tbody>\n<\/table>","protected":false},"featured_media":1527,"comment_status":"closed","ping_status":"closed","template":"","meta":{"_acf_changed":false},"product_brand":[],"product_cat":[19],"product_tag":[25,26],"class_list":{"0":"post-1521","1":"product","2":"type-product","3":"status-publish","4":"has-post-thumbnail","6":"product_cat-slippers-in-bulk","7":"product_tag-eva-slippers-wholesale","8":"product_tag-mens-slippers-wholesale","10":"first","11":"instock","12":"shipping-taxable","13":"product-type-simple"},"acf":[],"_links":{"self":[{"href":"https:\/\/www.mappershoe.com\/es\/wp-json\/wp\/v2\/product\/1521","targetHints":{"allow":["GET"]}}],"collection":[{"href":"https:\/\/www.mappershoe.com\/es\/wp-json\/wp\/v2\/product"}],"about":[{"href":"https:\/\/www.mappershoe.com\/es\/wp-json\/wp\/v2\/types\/product"}],"replies":[{"embeddable":true,"href":"https:\/\/www.mappershoe.com\/es\/wp-json\/wp\/v2\/comments?post=1521"}],"wp:featuredmedia":[{"embeddable":true,"href":"https:\/\/www.mappershoe.com\/es\/wp-json\/wp\/v2\/media\/1527"}],"wp:attachment":[{"href":"https:\/\/www.mappershoe.com\/es\/wp-json\/wp\/v2\/media?parent=1521"}],"wp:term":[{"taxonomy":"product_brand","embeddable":true,"href":"https:\/\/www.mappershoe.com\/es\/wp-json\/wp\/v2\/product_brand?post=1521"},{"taxonomy":"product_cat","embeddable":true,"href":"https:\/\/www.mappershoe.com\/es\/wp-json\/wp\/v2\/product_cat?post=1521"},{"taxonomy":"product_tag","embeddable":true,"href":"https:\/\/www.mappershoe.com\/es\/wp-json\/wp\/v2\/product_tag?post=1521"}],"curies":[{"name":"wp","href":"https:\/\/api.w.org\/{rel}","templated":true}]}}