{"id":1530,"date":"2025-07-01T08:03:12","date_gmt":"2025-07-01T08:03:12","guid":{"rendered":"https:\/\/www.mappershoe.com\/?post_type=product&#038;p=1530"},"modified":"2025-07-01T08:03:15","modified_gmt":"2025-07-01T08:03:15","slug":"customized-eva-slippers","status":"publish","type":"product","link":"https:\/\/www.mappershoe.com\/es\/producto\/customized-eva-slippers\/","title":{"rendered":"Chanclas personalizadas de EVA Sandalias de espuma unisex originales de alta calidad con logotipo"},"content":{"rendered":"<div class=\"wp-block-columns is-layout-flex wp-container-core-columns-is-layout-9d6595d7 wp-block-columns-is-layout-flex\">\n<div class=\"wp-block-column is-layout-flow wp-block-column-is-layout-flow\">\n<h3 class=\"wp-block-heading\">La mejor zapatilla Eva personalizada Caracter\u00edsticas:<\/h3>\n\n\n\n<p><strong>Dise\u00f1o minimalista y elegante:<\/strong> Nuestras zapatillas de eva personalizadas tienen una elegante construcci\u00f3n de una sola pieza con l\u00edneas limpias y est\u00e9tica moderna. Perfectas para casa, para salidas informales o para uso profesional.<\/p>\n\n\n\n<p><strong>Impresi\u00f3n de logotipos personalizados disponible:<\/strong> Estas zapatillas de eva personalizadas se pueden personalizar con su propio logotipo - ideal para la promoci\u00f3n de la marca, regalos de empresa, uso hotelero, o etiqueta privada.<\/p>\n\n\n\n<p><strong>Variedad de opciones de color:<\/strong> Nuestras zapatillas eva personalizadas est\u00e1n disponibles en una gama de colores de moda como negro, beige, verde y marr\u00f3n para adaptarse a diferentes preferencias y ocasiones.<\/p>\n\n\n\n<p><strong>Ajuste suave y c\u00f3modo:<\/strong> El tallaje personalizado de las pantuflas al por mayor garantiza un ajuste perfecto que se adapta c\u00f3modamente al pie: se acabaron las pantuflas sueltas o apretadas.<\/p>\n\n\n\n<p><strong>Materiales duraderos y de alta calidad:<\/strong> Zapatillas al por mayor fabricadas con materiales suaves de primera calidad y suela antideslizante y resistente al desgaste para una comodidad y seguridad duraderas.<\/p>\n<\/div>\n\n\n\n<div class=\"wp-block-column is-layout-flow wp-block-column-is-layout-flow\">\n<figure class=\"wp-block-image size-full\"><img decoding=\"async\" width=\"790\" height=\"982\" src=\"https:\/\/www.mappershoe.com\/wp-content\/uploads\/2025\/07\/best-customized-eva-slippers-original-unisex-foam-sandals-5.webp\" alt=\"mejores-zapatillas-eva-originales-unisex-espuma-sandalias-5\" class=\"wp-image-1542\" srcset=\"https:\/\/www.mappershoe.com\/wp-content\/uploads\/2025\/07\/best-customized-eva-slippers-original-unisex-foam-sandals-5.webp 790w, https:\/\/www.mappershoe.com\/wp-content\/uploads\/2025\/07\/best-customized-eva-slippers-original-unisex-foam-sandals-5-241x300.webp 241w, https:\/\/www.mappershoe.com\/wp-content\/uploads\/2025\/07\/best-customized-eva-slippers-original-unisex-foam-sandals-5-768x955.webp 768w, https:\/\/www.mappershoe.com\/wp-content\/uploads\/2025\/07\/best-customized-eva-slippers-original-unisex-foam-sandals-5-10x12.webp 10w, https:\/\/www.mappershoe.com\/wp-content\/uploads\/2025\/07\/best-customized-eva-slippers-original-unisex-foam-sandals-5-600x746.webp 600w\" sizes=\"(max-width: 790px) 100vw, 790px\" \/><\/figure>\n<\/div>\n<\/div>\n\n\n\n<p><\/p>","protected":false},"excerpt":{"rendered":"<p>Bienvenido a realizar pedidos al por mayor de nuestras zapatillas Eva personalizadas. Experimente el m\u00e1ximo confort y minimalismo con nuestras zapatillas de EVA personalizadas, dise\u00f1adas con un elegante cuerpo moldeado de una sola pieza y una suela extragruesa para una amortiguaci\u00f3n similar a la de una nube. Ideales para uso dom\u00e9stico, hoteles, spas, gimnasios y marcas promocionales. Se admite la personalizaci\u00f3n OEM y ODM.<\/p>\n<h2>Zapatillas de EVA personalizadas Especificaciones:<\/h2>\n<table width=\"777\">\n<tbody>\n<tr>\n<td width=\"291\">Fabricante:<\/td>\n<td width=\"486\">Mingyi<\/td>\n<\/tr>\n<tr>\n<td>Estilo:<\/td>\n<td>Zapatillas<\/td>\n<\/tr>\n<tr>\n<td>Modelo:<\/td>\n<td>007<\/td>\n<\/tr>\n<tr>\n<td>Material:\u00a0<\/td>\n<td>EVA<\/td>\n<\/tr>\n<tr>\n<td>Color:\u00a0<\/td>\n<td>negro, blanco, albaricoque<\/td>\n<\/tr>\n<tr>\n<td>Tama\u00f1o:\u00a0<\/td>\n<td>36-37, 38-39,40-41, 42-43,44-45<\/td>\n<\/tr>\n<tr>\n<td>Opciones de personalizaci\u00f3n:\u00a0<\/td>\n<td>Logotipo (parte superior, lateral, plantilla) \/ Estampado integral \/ Color \/ Material \/ Grosor de la suela \/ Parte superior<\/td>\n<\/tr>\n<tr>\n<td>Embalaje:\u00a0<\/td>\n<td>Embalaje personalizado<\/td>\n<\/tr>\n<tr>\n<td>Muestra\uff1a<\/td>\n<td>Muestras gratuitas<\/td>\n<\/tr>\n<\/tbody>\n<\/table>","protected":false},"featured_media":1538,"comment_status":"closed","ping_status":"closed","template":"","meta":{"_acf_changed":false},"product_brand":[],"product_cat":[19],"product_tag":[25,26,27],"class_list":{"0":"post-1530","1":"product","2":"type-product","3":"status-publish","4":"has-post-thumbnail","6":"product_cat-slippers-in-bulk","7":"product_tag-eva-slippers-wholesale","8":"product_tag-mens-slippers-wholesale","9":"product_tag-wholesale-womens-slippers","11":"first","12":"instock","13":"shipping-taxable","14":"product-type-simple"},"acf":[],"_links":{"self":[{"href":"https:\/\/www.mappershoe.com\/es\/wp-json\/wp\/v2\/product\/1530","targetHints":{"allow":["GET"]}}],"collection":[{"href":"https:\/\/www.mappershoe.com\/es\/wp-json\/wp\/v2\/product"}],"about":[{"href":"https:\/\/www.mappershoe.com\/es\/wp-json\/wp\/v2\/types\/product"}],"replies":[{"embeddable":true,"href":"https:\/\/www.mappershoe.com\/es\/wp-json\/wp\/v2\/comments?post=1530"}],"wp:featuredmedia":[{"embeddable":true,"href":"https:\/\/www.mappershoe.com\/es\/wp-json\/wp\/v2\/media\/1538"}],"wp:attachment":[{"href":"https:\/\/www.mappershoe.com\/es\/wp-json\/wp\/v2\/media?parent=1530"}],"wp:term":[{"taxonomy":"product_brand","embeddable":true,"href":"https:\/\/www.mappershoe.com\/es\/wp-json\/wp\/v2\/product_brand?post=1530"},{"taxonomy":"product_cat","embeddable":true,"href":"https:\/\/www.mappershoe.com\/es\/wp-json\/wp\/v2\/product_cat?post=1530"},{"taxonomy":"product_tag","embeddable":true,"href":"https:\/\/www.mappershoe.com\/es\/wp-json\/wp\/v2\/product_tag?post=1530"}],"curies":[{"name":"wp","href":"https:\/\/api.w.org\/{rel}","templated":true}]}}