{"id":1533,"date":"2025-07-01T10:00:25","date_gmt":"2025-07-01T10:00:25","guid":{"rendered":"https:\/\/www.mappershoe.com\/?post_type=product&#038;p=1533"},"modified":"2025-07-01T10:00:27","modified_gmt":"2025-07-01T10:00:27","slug":"wholesale-house-slippers","status":"publish","type":"product","link":"https:\/\/www.mappershoe.com\/es\/producto\/wholesale-house-slippers\/","title":{"rendered":"Venta al Mayor Zapatillas de Casa Unisex, Zapatillas de Masaje Personalizadas con Logo Casa de Ba\u00f1o"},"content":{"rendered":"<div class=\"wp-block-columns is-layout-flex wp-container-core-columns-is-layout-9d6595d7 wp-block-columns-is-layout-flex\">\n<div class=\"wp-block-column is-layout-flow wp-block-column-is-layout-flow\">\n<h3 class=\"wp-block-heading\">Zapatillas de casa al por mayor de primera calidad Caracter\u00edsticas:<\/h3>\n\n\n\n<p><strong>Material PVC blando: <\/strong>Las zapatillas de casa al por mayor est\u00e1n fabricadas con material de PVC ecol\u00f3gico y de buena calidad. Este zapato es bueno en elasticidad, ligero en comodidad y suave en la sensaci\u00f3n, y se puede utilizar para las actividades diarias del hogar o ba\u00f1arse.<\/p>\n\n\n\n<p><strong>Suela de part\u00edculas de masaje:<\/strong> La suela de zapatilla con mensaje personalizado con puntos de masaje espaciados uniformemente para estimular los puntos de acupresi\u00f3n de los pies al caminar, reduce la fatiga y mejora la comodidad de uso.<\/p>\n\n\n\n<p><strong>Idoneidad universal:<\/strong> Estas zapatillas de casa al por mayor vienen en varios colores y tama\u00f1os contempor\u00e1neos para el beneficio de los clientes de ambos sexos y edades y se pueden utilizar para su uso en hogares, hoteles, casas de ba\u00f1os, y otros.<\/p>\n\n\n\n<p><strong>Suela antideslizante: <\/strong>La suela de estas zapatillas de casa al por mayor tiene un dise\u00f1o de textura antideslizante engrosada que evita eficazmente los resbalones, y es \u00f3ptima para superficies h\u00famedas y resbaladizas como ba\u00f1os y piscinas.<\/p>\n\n\n\n<p><strong>Admite la personalizaci\u00f3n de la marca:<\/strong> La zapatilla con mensaje personalizado ofrece m\u00faltiples t\u00e9cnicas de impresi\u00f3n de logotipos, como la serigraf\u00eda, la impresi\u00f3n por transferencia t\u00e9rmica y el estampado en relieve, para satisfacer las diferentes demandas de marca de los clientes OEM\/ODM.<\/p>\n<\/div>\n\n\n\n<div class=\"wp-block-column is-layout-flow wp-block-column-is-layout-flow\">\n<figure class=\"wp-block-image size-full\"><img decoding=\"async\" width=\"790\" height=\"812\" src=\"https:\/\/www.mappershoe.com\/wp-content\/uploads\/2025\/07\/wholesale-house-slippers-unisex-massage-slippers-custom-logo-4.webp\" alt=\"mayorista-zapatillas-de-casa-zapatillas-de-masaje-unisex-logotipo-personalizado-4\" class=\"wp-image-1551\" srcset=\"https:\/\/www.mappershoe.com\/wp-content\/uploads\/2025\/07\/wholesale-house-slippers-unisex-massage-slippers-custom-logo-4.webp 790w, https:\/\/www.mappershoe.com\/wp-content\/uploads\/2025\/07\/wholesale-house-slippers-unisex-massage-slippers-custom-logo-4-292x300.webp 292w, https:\/\/www.mappershoe.com\/wp-content\/uploads\/2025\/07\/wholesale-house-slippers-unisex-massage-slippers-custom-logo-4-768x789.webp 768w, https:\/\/www.mappershoe.com\/wp-content\/uploads\/2025\/07\/wholesale-house-slippers-unisex-massage-slippers-custom-logo-4-12x12.webp 12w, https:\/\/www.mappershoe.com\/wp-content\/uploads\/2025\/07\/wholesale-house-slippers-unisex-massage-slippers-custom-logo-4-600x617.webp 600w\" sizes=\"(max-width: 790px) 100vw, 790px\" \/><\/figure>\n<\/div>\n<\/div>","protected":false},"excerpt":{"rendered":"<p>Estas zapatillas de casa de PVC suave al por mayor cuentan con un dise\u00f1o de masaje en los pies para proporcionar comodidad y durabilidad. Son adecuadas para el ba\u00f1o, el hogar, el hotel y otros lugares de uso. Est\u00e1n disponibles en varios colores y tama\u00f1os, con posibilidad de personalizar el logotipo y varias capacidades de impresi\u00f3n, por lo que son ideales para pedidos al por mayor y necesidades de personalizaci\u00f3n del logotipo. Esperamos cooperar con su marca.<\/p>\n<h2>Zapatillas de casa al por mayor Especificaciones:<\/h2>\n<table width=\"248\">\n<tbody>\n<tr>\n<td width=\"115\">Fabricante:<\/td>\n<td width=\"133\">Mingyi<\/td>\n<\/tr>\n<tr>\n<td>Estilo:<\/td>\n<td>Zapatillas<\/td>\n<\/tr>\n<tr>\n<td>Modelo:<\/td>\n<td>2381<\/td>\n<\/tr>\n<tr>\n<td>Material:\u00a0<\/td>\n<td>PVC<\/td>\n<\/tr>\n<tr>\n<td>Color:\u00a0<\/td>\n<td width=\"133\">negro, blanco, rojo, naranja, amarillo, verde, azul marino, azul claro , azul, gris, marr\u00f3n, morado<\/td>\n<\/tr>\n<tr>\n<td>Tama\u00f1o:\u00a0<\/td>\n<td>US size 6\u30016.5\u30017\u30017.5\u30018\u30018.5\u30019\u30019.5\u300110-14<\/td>\n<\/tr>\n<tr>\n<td>Opciones de personalizaci\u00f3n:\u00a0<\/td>\n<td>Logotipo (parte superior, lateral, plantilla) \/ Estampado integral \/ Color \/ Material \/ Grosor de la suela \/ Parte superior<\/td>\n<\/tr>\n<tr>\n<td>Embalaje:\u00a0<\/td>\n<td>Embalaje personalizado<\/td>\n<\/tr>\n<tr>\n<td>Muestra\uff1a<\/td>\n<td>Muestras gratuitas<\/td>\n<\/tr>\n<\/tbody>\n<\/table>","protected":false},"featured_media":1548,"comment_status":"closed","ping_status":"closed","template":"","meta":{"_acf_changed":false},"product_brand":[],"product_cat":[19],"product_tag":[26,24,27],"class_list":{"0":"post-1533","1":"product","2":"type-product","3":"status-publish","4":"has-post-thumbnail","6":"product_cat-slippers-in-bulk","7":"product_tag-mens-slippers-wholesale","8":"product_tag-wholesale-pvc-slippers","9":"product_tag-wholesale-womens-slippers","11":"first","12":"instock","13":"shipping-taxable","14":"product-type-simple"},"acf":[],"_links":{"self":[{"href":"https:\/\/www.mappershoe.com\/es\/wp-json\/wp\/v2\/product\/1533","targetHints":{"allow":["GET"]}}],"collection":[{"href":"https:\/\/www.mappershoe.com\/es\/wp-json\/wp\/v2\/product"}],"about":[{"href":"https:\/\/www.mappershoe.com\/es\/wp-json\/wp\/v2\/types\/product"}],"replies":[{"embeddable":true,"href":"https:\/\/www.mappershoe.com\/es\/wp-json\/wp\/v2\/comments?post=1533"}],"wp:featuredmedia":[{"embeddable":true,"href":"https:\/\/www.mappershoe.com\/es\/wp-json\/wp\/v2\/media\/1548"}],"wp:attachment":[{"href":"https:\/\/www.mappershoe.com\/es\/wp-json\/wp\/v2\/media?parent=1533"}],"wp:term":[{"taxonomy":"product_brand","embeddable":true,"href":"https:\/\/www.mappershoe.com\/es\/wp-json\/wp\/v2\/product_brand?post=1533"},{"taxonomy":"product_cat","embeddable":true,"href":"https:\/\/www.mappershoe.com\/es\/wp-json\/wp\/v2\/product_cat?post=1533"},{"taxonomy":"product_tag","embeddable":true,"href":"https:\/\/www.mappershoe.com\/es\/wp-json\/wp\/v2\/product_tag?post=1533"}],"curies":[{"name":"wp","href":"https:\/\/api.w.org\/{rel}","templated":true}]}}