{"id":1565,"date":"2025-07-17T15:17:29","date_gmt":"2025-07-17T15:17:29","guid":{"rendered":"https:\/\/www.mappershoe.com\/?post_type=product&#038;p=1565"},"modified":"2026-01-03T07:38:53","modified_gmt":"2026-01-03T07:38:53","slug":"custom-printed-slippers","status":"publish","type":"product","link":"https:\/\/www.mappershoe.com\/es\/producto\/custom-printed-slippers\/","title":{"rendered":"Personalizado impreso zapatillas, zapatillas de suela gruesa a granel con la insignia"},"content":{"rendered":"<div class=\"wp-block-columns is-layout-flex wp-container-core-columns-is-layout-9d6595d7 wp-block-columns-is-layout-flex\">\n<div class=\"wp-block-column is-layout-flow wp-block-column-is-layout-flow\">\n<h3 class=\"wp-block-heading\">Zapatillas personalizadas de primera calidad Caracter\u00edsticas:<\/h3>\n\n\n\n<p><strong>Dise\u00f1o de impresi\u00f3n personalizado:<\/strong> Disponemos de instalaciones para la impresi\u00f3n personalizada en las que los clientes pueden imprimir dise\u00f1os, estampados o incluso logotipos en la parte superior del zapato seg\u00fan su propia elecci\u00f3n, desvelando as\u00ed la caracter\u00edstica \u00fanica de la marca.<\/p>\n\n\n\n<p><strong>Suela gruesa:<\/strong> El estilo de suela engrosada de nuestras chanclas estampadas personalizadas a\u00f1ade comodidad y sujeci\u00f3n adicionales al caminar por playas arenosas, antideslizantes y duraderas.<\/p>\n\n\n\n<p><strong>Materiales c\u00f3modos: <\/strong>La suela y la parte superior de las zapatillas al por mayor est\u00e1n fabricadas con materiales de PVC de alta calidad, ligeros y suaves, que proporcionan comodidad incluso cuando se utilizan durante largas horas.<\/p>\n\n\n\n<p><strong>Adecuado para uso en exteriores:<\/strong> Dise\u00f1adas espec\u00edficamente para entornos exteriores como playas y piscinas, las chanclas estampadas personalizadas son impermeables, transpirables y ofrecen una experiencia de uso muy c\u00f3moda y sin restricciones.<\/p>\n\n\n\n<p><strong>Variedad de opciones:<\/strong> Las zapatillas personalizadas impresas en una variedad de colores, dise\u00f1os y tama\u00f1os para atender a diferentes compradores.<\/p>\n<\/div>\n\n\n\n<div class=\"wp-block-column is-layout-flow wp-block-column-is-layout-flow\">\n<figure class=\"wp-block-image size-full\"><img decoding=\"async\" width=\"800\" height=\"800\" src=\"https:\/\/www.mappershoe.com\/wp-content\/uploads\/2025\/07\/custom-printed-slippers-for-beach-thick-sole-slippers-wholesale-with-logo-2.webp\" alt=\"chanclas de playa con suela gruesa personalizadas al por mayor con logotipo-2\" class=\"wp-image-1567\" srcset=\"https:\/\/www.mappershoe.com\/wp-content\/uploads\/2025\/07\/custom-printed-slippers-for-beach-thick-sole-slippers-wholesale-with-logo-2.webp 800w, https:\/\/www.mappershoe.com\/wp-content\/uploads\/2025\/07\/custom-printed-slippers-for-beach-thick-sole-slippers-wholesale-with-logo-2-300x300.webp 300w, https:\/\/www.mappershoe.com\/wp-content\/uploads\/2025\/07\/custom-printed-slippers-for-beach-thick-sole-slippers-wholesale-with-logo-2-150x150.webp 150w, https:\/\/www.mappershoe.com\/wp-content\/uploads\/2025\/07\/custom-printed-slippers-for-beach-thick-sole-slippers-wholesale-with-logo-2-768x768.webp 768w, https:\/\/www.mappershoe.com\/wp-content\/uploads\/2025\/07\/custom-printed-slippers-for-beach-thick-sole-slippers-wholesale-with-logo-2-12x12.webp 12w, https:\/\/www.mappershoe.com\/wp-content\/uploads\/2025\/07\/custom-printed-slippers-for-beach-thick-sole-slippers-wholesale-with-logo-2-600x600.webp 600w, https:\/\/www.mappershoe.com\/wp-content\/uploads\/2025\/07\/custom-printed-slippers-for-beach-thick-sole-slippers-wholesale-with-logo-2-100x100.webp 100w\" sizes=\"(max-width: 800px) 100vw, 800px\" \/><\/figure>\n<\/div>\n<\/div>","protected":false},"excerpt":{"rendered":"<p>No dude en ponerse en contacto con nosotros para comprar al por mayor las chanclas impresas personalizadas con dise\u00f1o de suela gruesa para una comodidad \u00f3ptima, hechas a prop\u00f3sito para entornos al aire libre como zonas de playa y piscina. Admiten la impresi\u00f3n del logotipo para mejorar el reconocimiento de la marca, por lo que son ideales para mayoristas y marketing corporativo.<\/p>\n<h2>Zapatillas con impresi\u00f3n personalizada Especificaciones:<\/h2>\n<table width=\"248\">\n<tbody>\n<tr>\n<td width=\"115\">Fabricante:<\/td>\n<td width=\"133\">Mingyi<\/td>\n<\/tr>\n<tr>\n<td>Estilo:<\/td>\n<td>Zapatillas<\/td>\n<\/tr>\n<tr>\n<td>Modelo:<\/td>\n<td>221<\/td>\n<\/tr>\n<tr>\n<td>Material:\u00a0<\/td>\n<td>PVC<\/td>\n<\/tr>\n<tr>\n<td>Color:\u00a0<\/td>\n<td width=\"133\">negro, blanco, rojo, naranja, amarillo, verde, azul claro, azul, gris, marr\u00f3n, morado, rosa<\/td>\n<\/tr>\n<tr>\n<td>Tama\u00f1o:\u00a0<\/td>\n<td>US size 6\u30016.5\u30017\u30017.5\u30018\u30018.5\u30019\u30019.5\u300110-14<\/td>\n<\/tr>\n<tr>\n<td>Opciones de personalizaci\u00f3n:\u00a0<\/td>\n<td>Logotipo (parte superior, lateral, plantilla) \/ Estampado integral \/ Color \/ Material \/ Grosor de la suela \/ Parte superior<\/td>\n<\/tr>\n<tr>\n<td>Embalaje:\u00a0<\/td>\n<td>Embalaje personalizado<\/td>\n<\/tr>\n<tr>\n<td>Muestra\uff1a<\/td>\n<td>Muestras gratuitas<\/td>\n<\/tr>\n<\/tbody>\n<\/table>","protected":false},"featured_media":1566,"comment_status":"closed","ping_status":"closed","template":"","meta":{"_acf_changed":false},"product_brand":[],"product_cat":[19],"product_tag":[26,24,27],"class_list":{"0":"post-1565","1":"product","2":"type-product","3":"status-publish","4":"has-post-thumbnail","6":"product_cat-slippers-in-bulk","7":"product_tag-mens-slippers-wholesale","8":"product_tag-wholesale-pvc-slippers","9":"product_tag-wholesale-womens-slippers","11":"first","12":"instock","13":"shipping-taxable","14":"product-type-simple"},"acf":[],"_links":{"self":[{"href":"https:\/\/www.mappershoe.com\/es\/wp-json\/wp\/v2\/product\/1565","targetHints":{"allow":["GET"]}}],"collection":[{"href":"https:\/\/www.mappershoe.com\/es\/wp-json\/wp\/v2\/product"}],"about":[{"href":"https:\/\/www.mappershoe.com\/es\/wp-json\/wp\/v2\/types\/product"}],"replies":[{"embeddable":true,"href":"https:\/\/www.mappershoe.com\/es\/wp-json\/wp\/v2\/comments?post=1565"}],"wp:featuredmedia":[{"embeddable":true,"href":"https:\/\/www.mappershoe.com\/es\/wp-json\/wp\/v2\/media\/1566"}],"wp:attachment":[{"href":"https:\/\/www.mappershoe.com\/es\/wp-json\/wp\/v2\/media?parent=1565"}],"wp:term":[{"taxonomy":"product_brand","embeddable":true,"href":"https:\/\/www.mappershoe.com\/es\/wp-json\/wp\/v2\/product_brand?post=1565"},{"taxonomy":"product_cat","embeddable":true,"href":"https:\/\/www.mappershoe.com\/es\/wp-json\/wp\/v2\/product_cat?post=1565"},{"taxonomy":"product_tag","embeddable":true,"href":"https:\/\/www.mappershoe.com\/es\/wp-json\/wp\/v2\/product_tag?post=1565"}],"curies":[{"name":"wp","href":"https:\/\/api.w.org\/{rel}","templated":true}]}}