{"id":1576,"date":"2025-07-17T16:50:07","date_gmt":"2025-07-17T16:50:07","guid":{"rendered":"https:\/\/www.mappershoe.com\/?post_type=product&#038;p=1576"},"modified":"2025-07-17T16:52:33","modified_gmt":"2025-07-17T16:52:33","slug":"custom-cloud-slides","status":"publish","type":"product","link":"https:\/\/www.mappershoe.com\/es\/producto\/custom-cloud-slides\/","title":{"rendered":"Moda personalizado nube diapositivas, verano zapatillas de espuma EVA al por mayor"},"content":{"rendered":"<div class=\"wp-block-columns is-layout-flex wp-container-core-columns-is-layout-9d6595d7 wp-block-columns-is-layout-flex\">\n<div class=\"wp-block-column is-layout-flow wp-block-column-is-layout-flow\">\n<h3 class=\"wp-block-heading\">Las mejores funciones personalizadas de las diapositivas en la nube:<\/h3>\n\n\n\n<p><strong>Dise\u00f1o elegante:<\/strong> Las chanclas custom cloud son sencillamente elegantes y de dise\u00f1o sencillo, perfectas para el uso diario y las salidas veraniegas, y tienen la cantidad ideal de comodidad y apariencia.<\/p>\n\n\n\n<p><strong>Material EVA ligero: <\/strong>Todo el calzado de las zapatillas de espuma de EVA al por mayor est\u00e1 hecho de EVA de alta densidad mediante moldeo por inyecci\u00f3n de una pieza con propiedades ligeras, antideslizantes y suaves para mayor comodidad incluso despu\u00e9s de un uso prolongado.<\/p>\n\n\n\n<p><strong>Suela ergon\u00f3mica:<\/strong> Las zapatillas de nube a medida, especialmente dise\u00f1adas, se adaptan a la forma natural del pie para proporcionar m\u00e1s apoyo y reducir la fatiga al caminar durante periodos prolongados.<\/p>\n\n\n\n<p><strong>Antideslizante y duradero: <\/strong>La suela de los toboganes deportivos personalizados tiene una forma ondulada o texturizada, ideal para todos los suelos, que ofrece mayor agarre y seguridad.<\/p>\n\n\n\n<p><strong>Opciones de personalizaci\u00f3n:<\/strong> Los colores, logotipos, tama\u00f1os y embalajes pueden personalizarse para adaptarse a necesidades espec\u00edficas. Los portaobjetos nube personalizados son perfectos para la personalizaci\u00f3n de marcas, regalos, ediciones para equipos, etc.<\/p>\n<\/div>\n\n\n\n<div class=\"wp-block-column is-layout-flow wp-block-column-is-layout-flow\">\n<figure class=\"wp-block-image size-full\"><img decoding=\"async\" width=\"750\" height=\"805\" src=\"https:\/\/www.mappershoe.com\/wp-content\/uploads\/2025\/07\/fashion-custom-cloud-slides-summer-eva-foam-slippers-wholesale-1.webp\" alt=\"fashion-custom-cloud-slides-summer-eva-foam-slippers-wholesale-1\" class=\"wp-image-1577\" srcset=\"https:\/\/www.mappershoe.com\/wp-content\/uploads\/2025\/07\/fashion-custom-cloud-slides-summer-eva-foam-slippers-wholesale-1.webp 750w, https:\/\/www.mappershoe.com\/wp-content\/uploads\/2025\/07\/fashion-custom-cloud-slides-summer-eva-foam-slippers-wholesale-1-280x300.webp 280w, https:\/\/www.mappershoe.com\/wp-content\/uploads\/2025\/07\/fashion-custom-cloud-slides-summer-eva-foam-slippers-wholesale-1-11x12.webp 11w, https:\/\/www.mappershoe.com\/wp-content\/uploads\/2025\/07\/fashion-custom-cloud-slides-summer-eva-foam-slippers-wholesale-1-600x644.webp 600w\" sizes=\"(max-width: 750px) 100vw, 750px\" \/><\/figure>\n<\/div>\n<\/div>\n\n\n\n<p><\/p>","protected":false},"excerpt":{"rendered":"<p>Estas elegantes chanclas de nube personalizadas son perfectas para la comodidad y versatilidad del verano. Ligeras, acolchadas y antideslizantes, las zapatillas de espuma EVA al por mayor son ideales para el uso diario o la recuperaci\u00f3n deportiva. Personalizaci\u00f3n y logotipo al por mayor, color y embalaje disponibles para la venta. Agradecemos su consulta y colaboraci\u00f3n.<\/p>\n<h2>Zapatillas de EVA personalizadas Especificaciones:<\/h2>\n<table width=\"448\">\n<tbody>\n<tr>\n<td width=\"168\">Fabricante:<\/td>\n<td width=\"280\">Mingyi<\/td>\n<\/tr>\n<tr>\n<td>Estilo:<\/td>\n<td>Zapatillas<\/td>\n<\/tr>\n<tr>\n<td>Modelo:<\/td>\n<td>008<\/td>\n<\/tr>\n<tr>\n<td>Material:\u00a0<\/td>\n<td>EVA<\/td>\n<\/tr>\n<tr>\n<td>Color:\u00a0<\/td>\n<td>negro, blanco, albaricoque<\/td>\n<\/tr>\n<tr>\n<td>Tama\u00f1o:\u00a0<\/td>\n<td>36-37, 38-39,40-41, 42-43,44-45<\/td>\n<\/tr>\n<tr>\n<td>Opciones de personalizaci\u00f3n:\u00a0<\/td>\n<td>Logotipo (parte superior, lateral, plantilla) \/ Estampado integral \/ Color \/ Material \/ Grosor de la suela \/ Parte superior<\/td>\n<\/tr>\n<tr>\n<td>Embalaje:\u00a0<\/td>\n<td>Embalaje personalizado<\/td>\n<\/tr>\n<tr>\n<td>Muestra\uff1a<\/td>\n<td>Muestras gratuitas<\/td>\n<\/tr>\n<\/tbody>\n<\/table>","protected":false},"featured_media":1578,"comment_status":"closed","ping_status":"closed","template":"","meta":{"_acf_changed":false},"product_brand":[],"product_cat":[19],"product_tag":[25,26,27],"class_list":{"0":"post-1576","1":"product","2":"type-product","3":"status-publish","4":"has-post-thumbnail","6":"product_cat-slippers-in-bulk","7":"product_tag-eva-slippers-wholesale","8":"product_tag-mens-slippers-wholesale","9":"product_tag-wholesale-womens-slippers","11":"first","12":"instock","13":"shipping-taxable","14":"product-type-simple"},"acf":[],"_links":{"self":[{"href":"https:\/\/www.mappershoe.com\/es\/wp-json\/wp\/v2\/product\/1576","targetHints":{"allow":["GET"]}}],"collection":[{"href":"https:\/\/www.mappershoe.com\/es\/wp-json\/wp\/v2\/product"}],"about":[{"href":"https:\/\/www.mappershoe.com\/es\/wp-json\/wp\/v2\/types\/product"}],"replies":[{"embeddable":true,"href":"https:\/\/www.mappershoe.com\/es\/wp-json\/wp\/v2\/comments?post=1576"}],"wp:featuredmedia":[{"embeddable":true,"href":"https:\/\/www.mappershoe.com\/es\/wp-json\/wp\/v2\/media\/1578"}],"wp:attachment":[{"href":"https:\/\/www.mappershoe.com\/es\/wp-json\/wp\/v2\/media?parent=1576"}],"wp:term":[{"taxonomy":"product_brand","embeddable":true,"href":"https:\/\/www.mappershoe.com\/es\/wp-json\/wp\/v2\/product_brand?post=1576"},{"taxonomy":"product_cat","embeddable":true,"href":"https:\/\/www.mappershoe.com\/es\/wp-json\/wp\/v2\/product_cat?post=1576"},{"taxonomy":"product_tag","embeddable":true,"href":"https:\/\/www.mappershoe.com\/es\/wp-json\/wp\/v2\/product_tag?post=1576"}],"curies":[{"name":"wp","href":"https:\/\/api.w.org\/{rel}","templated":true}]}}