{"id":1583,"date":"2025-07-18T01:20:11","date_gmt":"2025-07-18T01:20:11","guid":{"rendered":"https:\/\/www.mappershoe.com\/?post_type=product&#038;p=1583"},"modified":"2025-07-18T01:20:13","modified_gmt":"2025-07-18T01:20:13","slug":"custom-yeezy-slides","status":"publish","type":"product","link":"https:\/\/www.mappershoe.com\/es\/producto\/custom-yeezy-slides\/","title":{"rendered":"Custom Yeezy Slides, zapatillas de marca casual baratos al por mayor"},"content":{"rendered":"<div class=\"wp-block-columns is-layout-flex wp-container-core-columns-is-layout-9d6595d7 wp-block-columns-is-layout-flex\">\n<div class=\"wp-block-column is-layout-flow wp-block-column-is-layout-flow\">\n<h3 class=\"wp-block-heading\">Premium Custom Yeezy Slides Caracter\u00edsticas:<\/h3>\n\n\n\n<p><strong>Elegante estilo Yeezy: <\/strong>Las zapatillas custom yeezy slides con l\u00edneas elegantes y suela resistente, este calzado presume de un look moderno y a la \u00faltima que siempre est\u00e1 de moda.<\/p>\n\n\n\n<p><strong>Material EVA ligero: <\/strong>Con el material EVA de alta elasticidad utilizado para producir estas zapatillas yeezy slides personalizadas, el zapato sigue siendo suave y ligero, lo que garantiza una experiencia de uso suave y sin complicaciones.<\/p>\n\n\n\n<p><strong>Proceso de moldeo en una pieza:<\/strong> La naturaleza sin costuras de estas zapatillas yeezy slides personalizadas evita que se rompan, lo que se traduce en una mayor durabilidad y comodidad general.<\/p>\n\n\n\n<p><strong>Dise\u00f1o de suela antideslizante: <\/strong>Nuestras zapatillas Eva de venta al por mayor presentan un dibujo texturizado en la parte inferior, que mejora la tracci\u00f3n y es adecuado para diversos escenarios, como cuartos de ba\u00f1o, entornos al aire libre y playas.<\/p>\n\n\n\n<p><strong>Personalizaci\u00f3n y venta al por mayor disponibles:<\/strong> Los colores, logotipos y tama\u00f1os pueden personalizarse seg\u00fan los requisitos del cliente, por lo que es ideal para crear zapatillas de marca personalizadas. Con un bajo coste y una alta rentabilidad, es adecuada para compras al por mayor por parte de supermercados, marcas y canales de comercio electr\u00f3nico.<\/p>\n<\/div>\n\n\n\n<div class=\"wp-block-column is-layout-flow wp-block-column-is-layout-flow\">\n<figure class=\"wp-block-image size-full\"><img decoding=\"async\" width=\"800\" height=\"800\" src=\"https:\/\/www.mappershoe.com\/wp-content\/uploads\/2025\/07\/custom-yeezy-slides-cheap-casual-brand-slippers-wholesale-7.webp\" alt=\"custom-yeezy-slides-baratas-casual-marca-zapatillas-mayorista-7\" class=\"wp-image-1591\" srcset=\"https:\/\/www.mappershoe.com\/wp-content\/uploads\/2025\/07\/custom-yeezy-slides-cheap-casual-brand-slippers-wholesale-7.webp 800w, https:\/\/www.mappershoe.com\/wp-content\/uploads\/2025\/07\/custom-yeezy-slides-cheap-casual-brand-slippers-wholesale-7-300x300.webp 300w, https:\/\/www.mappershoe.com\/wp-content\/uploads\/2025\/07\/custom-yeezy-slides-cheap-casual-brand-slippers-wholesale-7-150x150.webp 150w, https:\/\/www.mappershoe.com\/wp-content\/uploads\/2025\/07\/custom-yeezy-slides-cheap-casual-brand-slippers-wholesale-7-768x768.webp 768w, https:\/\/www.mappershoe.com\/wp-content\/uploads\/2025\/07\/custom-yeezy-slides-cheap-casual-brand-slippers-wholesale-7-12x12.webp 12w, https:\/\/www.mappershoe.com\/wp-content\/uploads\/2025\/07\/custom-yeezy-slides-cheap-casual-brand-slippers-wholesale-7-600x600.webp 600w, https:\/\/www.mappershoe.com\/wp-content\/uploads\/2025\/07\/custom-yeezy-slides-cheap-casual-brand-slippers-wholesale-7-100x100.webp 100w\" sizes=\"(max-width: 800px) 100vw, 800px\" \/><\/figure>\n<\/div>\n<\/div>\n\n\n\n<p><\/p>","protected":false},"excerpt":{"rendered":"<p>No dude en ponerse en contacto con nosotros para la compra a granel o para personalizar nuestras diapositivas yeezy personalizados. Slip-on Yeezy-estilo EVA sandalias dise\u00f1adas para la comodidad y la asequibilidad. Ligeras, duraderas y totalmente personalizables, ideales para el uso diario y aplicaciones de marca al por mayor.<\/p>\n<h2>Especificaciones de Custom Yeezy Slides:<\/h2>\n<table width=\"448\">\n<tbody>\n<tr>\n<td width=\"168\">Fabricante:<\/td>\n<td width=\"280\">Mingyi<\/td>\n<\/tr>\n<tr>\n<td>Estilo:<\/td>\n<td>Zapatillas<\/td>\n<\/tr>\n<tr>\n<td>Modelo:<\/td>\n<td>009<\/td>\n<\/tr>\n<tr>\n<td>Material:\u00a0<\/td>\n<td>EVA<\/td>\n<\/tr>\n<tr>\n<td>Color:\u00a0<\/td>\n<td>negro, albaricoque, naranja, verde, gris<\/td>\n<\/tr>\n<tr>\n<td>Tama\u00f1o:\u00a0<\/td>\n<td>36-37, 38-39,40-41, 42-43,44-45<\/td>\n<\/tr>\n<tr>\n<td>Opciones de personalizaci\u00f3n:\u00a0<\/td>\n<td>Logotipo (parte superior, lateral, plantilla) \/ Estampado integral \/ Color \/ Material \/ Grosor de la suela \/ Parte superior<\/td>\n<\/tr>\n<tr>\n<td>Embalaje:\u00a0<\/td>\n<td>Embalaje personalizado<\/td>\n<\/tr>\n<tr>\n<td>Muestra\uff1a<\/td>\n<td>Muestras gratuitas<\/td>\n<\/tr>\n<\/tbody>\n<\/table>","protected":false},"featured_media":1585,"comment_status":"closed","ping_status":"closed","template":"","meta":{"_acf_changed":false},"product_brand":[],"product_cat":[19],"product_tag":[25,26,27],"class_list":{"0":"post-1583","1":"product","2":"type-product","3":"status-publish","4":"has-post-thumbnail","6":"product_cat-slippers-in-bulk","7":"product_tag-eva-slippers-wholesale","8":"product_tag-mens-slippers-wholesale","9":"product_tag-wholesale-womens-slippers","11":"first","12":"instock","13":"shipping-taxable","14":"product-type-simple"},"acf":[],"_links":{"self":[{"href":"https:\/\/www.mappershoe.com\/es\/wp-json\/wp\/v2\/product\/1583","targetHints":{"allow":["GET"]}}],"collection":[{"href":"https:\/\/www.mappershoe.com\/es\/wp-json\/wp\/v2\/product"}],"about":[{"href":"https:\/\/www.mappershoe.com\/es\/wp-json\/wp\/v2\/types\/product"}],"replies":[{"embeddable":true,"href":"https:\/\/www.mappershoe.com\/es\/wp-json\/wp\/v2\/comments?post=1583"}],"wp:featuredmedia":[{"embeddable":true,"href":"https:\/\/www.mappershoe.com\/es\/wp-json\/wp\/v2\/media\/1585"}],"wp:attachment":[{"href":"https:\/\/www.mappershoe.com\/es\/wp-json\/wp\/v2\/media?parent=1583"}],"wp:term":[{"taxonomy":"product_brand","embeddable":true,"href":"https:\/\/www.mappershoe.com\/es\/wp-json\/wp\/v2\/product_brand?post=1583"},{"taxonomy":"product_cat","embeddable":true,"href":"https:\/\/www.mappershoe.com\/es\/wp-json\/wp\/v2\/product_cat?post=1583"},{"taxonomy":"product_tag","embeddable":true,"href":"https:\/\/www.mappershoe.com\/es\/wp-json\/wp\/v2\/product_tag?post=1583"}],"curies":[{"name":"wp","href":"https:\/\/api.w.org\/{rel}","templated":true}]}}