{"id":1600,"date":"2025-07-18T02:12:07","date_gmt":"2025-07-18T02:12:07","guid":{"rendered":"https:\/\/www.mappershoe.com\/?post_type=product&#038;p=1600"},"modified":"2025-07-18T02:12:09","modified_gmt":"2025-07-18T02:12:09","slug":"pillow-slides-in-bulk","status":"publish","type":"product","link":"https:\/\/www.mappershoe.com\/es\/producto\/pillow-slides-in-bulk\/","title":{"rendered":"Diapositivas japonesas de la almohadilla del tama\u00f1o grande en bulto, diapositivas de encargo de la nube de Eva con la insignia"},"content":{"rendered":"<div class=\"wp-block-columns is-layout-flex wp-container-core-columns-is-layout-9d6595d7 wp-block-columns-is-layout-flex\">\n<div class=\"wp-block-column is-layout-flow wp-block-column-is-layout-flow\">\n<h3 class=\"wp-block-heading\">Almohada Premium Deslizante a Granel Caracter\u00edsticas:<\/h3>\n\n\n\n<p><strong>Dise\u00f1o sobredimensionado: <\/strong>Estas almohadas deslizantes a granel se han creado para acomodar a clientes con pies m\u00e1s anchos o largos, proporcion\u00e1ndoles un ajuste m\u00e1s espacioso sin meter los pies, respondiendo as\u00ed a la demanda de tallas m\u00e1s grandes en los mercados americano y europeo.<\/p>\n\n\n\n<p><strong>Material EVA suave: <\/strong>Estas almohadas deslizantes a granel est\u00e1n fabricadas con material EVA de alta elasticidad, lo que les confiere un tacto suave como una nube, una amortiguaci\u00f3n ligera como el aire y una reducci\u00f3n de la fatiga incluso tras un uso prolongado.<\/p>\n\n\n\n<p><strong>Suela ergon\u00f3mica:<\/strong> El dise\u00f1o de suela gruesa de las Custom Cloud Slides, combinado con un armaz\u00f3n que sostiene el arco del pie, mantiene la presi\u00f3n del pie al m\u00ednimo, proporcionando alivio c\u00f3modamente, para que caminar se convierta en una experiencia confortable paso a paso.<\/p>\n\n\n\n<p><strong>Suela con textura antideslizante: <\/strong>Estos toboganes almohada a granel suela cuenta con una textura tridimensional para una fuerte tracci\u00f3n, antideslizante rendimiento y durabilidad, adecuado para diversos escenarios, tales como ba\u00f1os, hogares, y el uso al aire libre.<\/p>\n\n\n\n<p><strong>Logotipo y colores personalizables: <\/strong>Ofrecemos servicios OEM\/ODM, que permiten la personalizaci\u00f3n de logotipos, colores y envases, ideales para la personalizaci\u00f3n de marcas y clientes mayoristas.<\/p>\n<\/div>\n\n\n\n<div class=\"wp-block-column is-layout-flow wp-block-column-is-layout-flow\">\n<figure class=\"wp-block-image size-full\"><img decoding=\"async\" width=\"1602\" height=\"1362\" src=\"https:\/\/www.mappershoe.com\/wp-content\/uploads\/2025\/07\/large-size-japanese-pillow-slides-in-bulk-eva-custom-cloud-slides-with-logo-2.webp\" alt=\"toboganes-almohada-japoneses-en-bulk-eva-personalizados-toboganes-en-nube-con-logo-2\" class=\"wp-image-1602\" srcset=\"https:\/\/www.mappershoe.com\/wp-content\/uploads\/2025\/07\/large-size-japanese-pillow-slides-in-bulk-eva-custom-cloud-slides-with-logo-2.webp 1602w, https:\/\/www.mappershoe.com\/wp-content\/uploads\/2025\/07\/large-size-japanese-pillow-slides-in-bulk-eva-custom-cloud-slides-with-logo-2-300x255.webp 300w, https:\/\/www.mappershoe.com\/wp-content\/uploads\/2025\/07\/large-size-japanese-pillow-slides-in-bulk-eva-custom-cloud-slides-with-logo-2-768x653.webp 768w, https:\/\/www.mappershoe.com\/wp-content\/uploads\/2025\/07\/large-size-japanese-pillow-slides-in-bulk-eva-custom-cloud-slides-with-logo-2-14x12.webp 14w, https:\/\/www.mappershoe.com\/wp-content\/uploads\/2025\/07\/large-size-japanese-pillow-slides-in-bulk-eva-custom-cloud-slides-with-logo-2-1200x1020.webp 1200w, https:\/\/www.mappershoe.com\/wp-content\/uploads\/2025\/07\/large-size-japanese-pillow-slides-in-bulk-eva-custom-cloud-slides-with-logo-2-600x510.webp 600w\" sizes=\"(max-width: 1602px) 100vw, 1602px\" \/><\/figure>\n<\/div>\n<\/div>\n\n\n\n<p><\/p>","protected":false},"excerpt":{"rendered":"<p>Bienvenido a comprar las chanclas almohada al por mayor. Gran tama\u00f1o de estilo japon\u00e9s zapatillas nube hecha de material EVA suave, con suelas gruesas para amortiguaci\u00f3n, comodidad ligera, y adecuado para uso en interiores y al aire libre. Admite la personalizaci\u00f3n del logotipo y el color, adecuado para la venta al por mayor de la marca y las necesidades de personalizaci\u00f3n personalizada.<\/p>\n<h2>Gu\u00edas de almohada a granel Especificaciones:<\/h2>\n<table width=\"448\">\n<tbody>\n<tr>\n<td width=\"168\">Fabricante:<\/td>\n<td width=\"280\">Mingyi<\/td>\n<\/tr>\n<tr>\n<td>Estilo:<\/td>\n<td>Zapatillas<\/td>\n<\/tr>\n<tr>\n<td>Modelo:<\/td>\n<td>010<\/td>\n<\/tr>\n<tr>\n<td>Material:\u00a0<\/td>\n<td>EVA<\/td>\n<\/tr>\n<tr>\n<td>Color:\u00a0<\/td>\n<td width=\"280\">Albaricoque, Naranja, Amarillo, Verde, Rosa, Azul claro, Verde manzana, Blanco, Rojo, Rojo rosa, Morado, Morado claro, Rojo ladrillo, Caf\u00e9, Verde oliva, Naranja claro, Gris, Caqui, Azul real, Azul oscuro, Negro, Verde negruzco, Rojo vino, Azul morado<\/td>\n<\/tr>\n<tr>\n<td>Tama\u00f1o:\u00a0<\/td>\n<td>36-37, 38-39,40-41, 42-43,44-45,46-47,48-49<\/td>\n<\/tr>\n<tr>\n<td>Opciones de personalizaci\u00f3n:\u00a0<\/td>\n<td>Logotipo (parte superior, lateral, plantilla) \/ Estampado integral \/ Color \/ Material \/ Grosor de la suela \/ Parte superior<\/td>\n<\/tr>\n<tr>\n<td>Embalaje:\u00a0<\/td>\n<td>Embalaje personalizado<\/td>\n<\/tr>\n<tr>\n<td>Muestra\uff1a<\/td>\n<td>Muestras gratuitas<\/td>\n<\/tr>\n<\/tbody>\n<\/table>","protected":false},"featured_media":1603,"comment_status":"closed","ping_status":"closed","template":"","meta":{"_acf_changed":false},"product_brand":[],"product_cat":[19],"product_tag":[25,26,27],"class_list":{"0":"post-1600","1":"product","2":"type-product","3":"status-publish","4":"has-post-thumbnail","6":"product_cat-slippers-in-bulk","7":"product_tag-eva-slippers-wholesale","8":"product_tag-mens-slippers-wholesale","9":"product_tag-wholesale-womens-slippers","11":"first","12":"instock","13":"shipping-taxable","14":"product-type-simple"},"acf":[],"_links":{"self":[{"href":"https:\/\/www.mappershoe.com\/es\/wp-json\/wp\/v2\/product\/1600","targetHints":{"allow":["GET"]}}],"collection":[{"href":"https:\/\/www.mappershoe.com\/es\/wp-json\/wp\/v2\/product"}],"about":[{"href":"https:\/\/www.mappershoe.com\/es\/wp-json\/wp\/v2\/types\/product"}],"replies":[{"embeddable":true,"href":"https:\/\/www.mappershoe.com\/es\/wp-json\/wp\/v2\/comments?post=1600"}],"wp:featuredmedia":[{"embeddable":true,"href":"https:\/\/www.mappershoe.com\/es\/wp-json\/wp\/v2\/media\/1603"}],"wp:attachment":[{"href":"https:\/\/www.mappershoe.com\/es\/wp-json\/wp\/v2\/media?parent=1600"}],"wp:term":[{"taxonomy":"product_brand","embeddable":true,"href":"https:\/\/www.mappershoe.com\/es\/wp-json\/wp\/v2\/product_brand?post=1600"},{"taxonomy":"product_cat","embeddable":true,"href":"https:\/\/www.mappershoe.com\/es\/wp-json\/wp\/v2\/product_cat?post=1600"},{"taxonomy":"product_tag","embeddable":true,"href":"https:\/\/www.mappershoe.com\/es\/wp-json\/wp\/v2\/product_tag?post=1600"}],"curies":[{"name":"wp","href":"https:\/\/api.w.org\/{rel}","templated":true}]}}