{"id":1637,"date":"2025-07-31T06:40:59","date_gmt":"2025-07-31T06:40:59","guid":{"rendered":"https:\/\/www.mappershoe.com\/?post_type=product&#038;p=1637"},"modified":"2025-10-27T06:51:10","modified_gmt":"2025-10-27T06:51:10","slug":"custom-design-slippers","status":"publish","type":"product","link":"https:\/\/www.mappershoe.com\/es\/producto\/custom-design-slippers\/","title":{"rendered":"Pantuflas de dise\u00f1o personalizado con parte superior transparente, pantuflas de casa a granel"},"content":{"rendered":"<div class=\"wp-block-columns is-layout-flex wp-container-core-columns-is-layout-9d6595d7 wp-block-columns-is-layout-flex\">\n<div class=\"wp-block-column is-layout-flow wp-block-column-is-layout-flow\">\n<h3 class=\"wp-block-heading\">Zapatillas de dise\u00f1o personalizado de primera calidad Caracter\u00edsticas:<\/h3>\n\n\n\n<p><strong>Dise\u00f1o transparente, elegante y minimalista: <\/strong>Estas zapatillas de dise\u00f1o personalizado presentan una parte superior de PVC transparente con un dise\u00f1o \u00fanico y moderno, que satisface la b\u00fasqueda de los consumidores de una est\u00e9tica personalizada y minimalista.<\/p>\n\n\n\n<p><strong>Logotipo personalizado:<\/strong> Estas zapatillas de casa a granel ofrecen servicios de impresi\u00f3n y logotipos personalizados para satisfacer las necesidades de diversas marcas. Se pueden personalizar patrones y logotipos \u00fanicos para mejorar el reconocimiento de la marca.<\/p>\n\n\n\n<p><strong>Ligera y c\u00e1lida, adecuada para todo tipo de clima:<\/strong> Fabricadas con PVC ligero y c\u00e1lido, estas zapatillas de dise\u00f1o personalizado son perfectas para llevar en interiores, en complejos tur\u00edsticos, en hoteles, etc.<\/p>\n\n\n\n<p><strong>Resistente al deslizamiento y de larga duraci\u00f3n: <\/strong>Las zapatillas de casa a granel presentan una textura antideslizante en la suela que crea una tracci\u00f3n extraordinaria, creando estabilidad y seguridad incluso en superficies resbaladizas.<\/p>\n\n\n\n<p><strong>F\u00e1cil de limpiar y cuidar: <\/strong>Las zapatillas de dise\u00f1o personalizado son f\u00e1ciles de limpiar y cuidar y se manchan con facilidad, lo que les confiere brillo, facilidad de uso y durabilidad.<\/p>\n<\/div>\n\n\n\n<div class=\"wp-block-column is-layout-flow wp-block-column-is-layout-flow\">\n<figure class=\"wp-block-image size-full\"><img decoding=\"async\" width=\"800\" height=\"800\" src=\"https:\/\/www.mappershoe.com\/wp-content\/uploads\/2025\/07\/custom-design-slippers-with-clear-transparent-upper-bulk-house-slippers-with-logo-13.webp\" alt=\"dise\u00f1o-a-la-medida-zapatillas-de-granel-transparentes-con-logotipo-13\" class=\"wp-image-1650\" srcset=\"https:\/\/www.mappershoe.com\/wp-content\/uploads\/2025\/07\/custom-design-slippers-with-clear-transparent-upper-bulk-house-slippers-with-logo-13.webp 800w, https:\/\/www.mappershoe.com\/wp-content\/uploads\/2025\/07\/custom-design-slippers-with-clear-transparent-upper-bulk-house-slippers-with-logo-13-300x300.webp 300w, https:\/\/www.mappershoe.com\/wp-content\/uploads\/2025\/07\/custom-design-slippers-with-clear-transparent-upper-bulk-house-slippers-with-logo-13-150x150.webp 150w, https:\/\/www.mappershoe.com\/wp-content\/uploads\/2025\/07\/custom-design-slippers-with-clear-transparent-upper-bulk-house-slippers-with-logo-13-768x768.webp 768w, https:\/\/www.mappershoe.com\/wp-content\/uploads\/2025\/07\/custom-design-slippers-with-clear-transparent-upper-bulk-house-slippers-with-logo-13-12x12.webp 12w, https:\/\/www.mappershoe.com\/wp-content\/uploads\/2025\/07\/custom-design-slippers-with-clear-transparent-upper-bulk-house-slippers-with-logo-13-600x600.webp 600w, https:\/\/www.mappershoe.com\/wp-content\/uploads\/2025\/07\/custom-design-slippers-with-clear-transparent-upper-bulk-house-slippers-with-logo-13-100x100.webp 100w\" sizes=\"(max-width: 800px) 100vw, 800px\" \/><\/figure>\n<\/div>\n<\/div>\n\n\n\n<p><\/p>","protected":false},"excerpt":{"rendered":"<p>Para comprar al por mayor nuestras zapatillas de dise\u00f1o personalizadas. Estas zapatillas de PVC personalizadas presentan una parte superior elegante y transparente, que ofrece un aspecto moderno combinado con comodidad y practicidad. Totalmente personalizables con logotipos, son perfectas para pedidos al por mayor en los sectores de la hosteler\u00eda, el hogar y el comercio minorista.<\/p>\n<h2>Dise\u00f1o personalizado Zapatillas Especificaciones:<\/h2>\n<table width=\"419\">\n<tbody>\n<tr>\n<td width=\"115\">Fabricante:<\/td>\n<td width=\"304\">Mingyi<\/td>\n<\/tr>\n<tr>\n<td>Estilo:<\/td>\n<td>Zapatillas<\/td>\n<\/tr>\n<tr>\n<td>Modelo:<\/td>\n<td>2294<\/td>\n<\/tr>\n<tr>\n<td>Material:\u00a0<\/td>\n<td>PVC<\/td>\n<\/tr>\n<tr>\n<td>Color:\u00a0<\/td>\n<td width=\"304\">negro, blanco, rojo, naranja, amarillo, verde, azul marino, azul, gris, marr\u00f3n, rosa<\/td>\n<\/tr>\n<tr>\n<td>Tama\u00f1o:\u00a0<\/td>\n<td>US size 6\u30016.5\u30017\u30017.5\u30018\u30018.5\u30019\u30019.5\u300110-14<\/td>\n<\/tr>\n<tr>\n<td>Opciones de personalizaci\u00f3n:\u00a0<\/td>\n<td>Logotipo (parte superior, lateral, plantilla) \/ Estampado integral \/ Color \/ Material \/ Grosor de la suela \/ Parte superior<\/td>\n<\/tr>\n<tr>\n<td>Embalaje:\u00a0<\/td>\n<td>Embalaje personalizado<\/td>\n<\/tr>\n<tr>\n<td>Muestra\uff1a<\/td>\n<td>Muestras gratuitas<\/td>\n<\/tr>\n<\/tbody>\n<\/table>\n<p>&nbsp;<\/p>\n<p><script src=\"chrome-extension:\/\/fpelahbljekknahkcaegamhcndkfpfnc\/iFrame.js\" type=\"text\/javascript\"><\/script><\/p>","protected":false},"featured_media":1649,"comment_status":"closed","ping_status":"closed","template":"","meta":{"_acf_changed":false},"product_brand":[],"product_cat":[19],"product_tag":[26,24,27],"class_list":{"0":"post-1637","1":"product","2":"type-product","3":"status-publish","4":"has-post-thumbnail","6":"product_cat-slippers-in-bulk","7":"product_tag-mens-slippers-wholesale","8":"product_tag-wholesale-pvc-slippers","9":"product_tag-wholesale-womens-slippers","11":"first","12":"instock","13":"shipping-taxable","14":"product-type-simple"},"acf":[],"_links":{"self":[{"href":"https:\/\/www.mappershoe.com\/es\/wp-json\/wp\/v2\/product\/1637","targetHints":{"allow":["GET"]}}],"collection":[{"href":"https:\/\/www.mappershoe.com\/es\/wp-json\/wp\/v2\/product"}],"about":[{"href":"https:\/\/www.mappershoe.com\/es\/wp-json\/wp\/v2\/types\/product"}],"replies":[{"embeddable":true,"href":"https:\/\/www.mappershoe.com\/es\/wp-json\/wp\/v2\/comments?post=1637"}],"wp:featuredmedia":[{"embeddable":true,"href":"https:\/\/www.mappershoe.com\/es\/wp-json\/wp\/v2\/media\/1649"}],"wp:attachment":[{"href":"https:\/\/www.mappershoe.com\/es\/wp-json\/wp\/v2\/media?parent=1637"}],"wp:term":[{"taxonomy":"product_brand","embeddable":true,"href":"https:\/\/www.mappershoe.com\/es\/wp-json\/wp\/v2\/product_brand?post=1637"},{"taxonomy":"product_cat","embeddable":true,"href":"https:\/\/www.mappershoe.com\/es\/wp-json\/wp\/v2\/product_cat?post=1637"},{"taxonomy":"product_tag","embeddable":true,"href":"https:\/\/www.mappershoe.com\/es\/wp-json\/wp\/v2\/product_tag?post=1637"}],"curies":[{"name":"wp","href":"https:\/\/api.w.org\/{rel}","templated":true}]}}