{"id":1655,"date":"2025-07-31T07:06:28","date_gmt":"2025-07-31T07:06:28","guid":{"rendered":"https:\/\/www.mappershoe.com\/?post_type=product&#038;p=1655"},"modified":"2025-07-31T10:36:26","modified_gmt":"2025-07-31T10:36:26","slug":"custom-made-crocs-shoes","status":"publish","type":"product","link":"https:\/\/www.mappershoe.com\/es\/producto\/custom-made-crocs-shoes\/","title":{"rendered":"Zapatos Crocs de tac\u00f3n alto hechos a medida, Venta al por mayor de zapatos zuecos para mujer"},"content":{"rendered":"<div class=\"wp-block-columns is-layout-flex wp-container-core-columns-is-layout-9d6595d7 wp-block-columns-is-layout-flex\">\n<div class=\"wp-block-column is-layout-flow wp-block-column-is-layout-flow\">\n<h3 class=\"wp-block-heading\">Zapatos Crocs de primera calidad hechos a medida Caracter\u00edsticas:<\/h3>\n\n\n\n<p><strong>Dise\u00f1o personalizado:<\/strong> Con amplios niveles de personalizaci\u00f3n, los zapatos zueco para mujer al por mayor tienen logotipos, colores, dibujos y accesorios personalizados para adaptarse a las necesidades de la marca o de los pedidos al por mayor.<\/p>\n\n\n\n<p><strong>Dise\u00f1o de tac\u00f3n alto:<\/strong> El dise\u00f1o cl\u00e1sico de tac\u00f3n alto de los zapatos Crocs a medida tiene moda y comodidad que permite utilizarlos para el uso diario y las actividades de jardiner\u00eda, aptos para su aplicaci\u00f3n en diversos escenarios.<\/p>\n\n\n\n<p><strong>Material EVA ultraligero: <\/strong>Estos zapatos Crocs hechos a medida est\u00e1n fabricados con material EVA ligero, lo que los hace extremadamente ligeros, soportando el peso de un uso prolongado y proporcionando comodidad durante todo el d\u00eda.<\/p>\n\n\n\n<p><strong>Mayor transpirabilidad y actividad antimicrobiana: <\/strong>Estos zapatos Crocs hechos a medida son adecuados para un uso prolongado. La parte superior transpirable elimina eficazmente el sudor para mantener los pies secos, y la actividad antimicrobiana evita que se desarrollen olores, lo que los hace perfectos para jardiner\u00eda y otros usos al aire libre.<\/p>\n\n\n\n<p><strong>Uso flexible:<\/strong> Estos zapatos zueco para mujer al por mayor son adecuados para llevar en la mayor\u00eda de las ocasiones al aire libre, como el jard\u00edn, la playa, el complejo tur\u00edstico, la piscina y el exterior, y ofrecen comodidad y estilo.<\/p>\n<\/div>\n\n\n\n<div class=\"wp-block-column is-layout-flow wp-block-column-is-layout-flow\">\n<figure class=\"wp-block-image size-full\"><img decoding=\"async\" width=\"800\" height=\"800\" src=\"https:\/\/www.mappershoe.com\/wp-content\/uploads\/2025\/07\/high-heeled-custom-made-crocs-shoes-wholesale-women-clog-shoes-2.webp\" alt=\"zapatos de tac\u00f3n alto-zapatos a medida-zapatos de tac\u00f3n alto-zapatos de tac\u00f3n alto-zapatos de tac\u00f3n alto-zapatos de tac\u00f3n alto-zapatos de tac\u00f3n alto-zapatos de tac\u00f3n alto-2\" class=\"wp-image-1657\" srcset=\"https:\/\/www.mappershoe.com\/wp-content\/uploads\/2025\/07\/high-heeled-custom-made-crocs-shoes-wholesale-women-clog-shoes-2.webp 800w, https:\/\/www.mappershoe.com\/wp-content\/uploads\/2025\/07\/high-heeled-custom-made-crocs-shoes-wholesale-women-clog-shoes-2-300x300.webp 300w, https:\/\/www.mappershoe.com\/wp-content\/uploads\/2025\/07\/high-heeled-custom-made-crocs-shoes-wholesale-women-clog-shoes-2-150x150.webp 150w, https:\/\/www.mappershoe.com\/wp-content\/uploads\/2025\/07\/high-heeled-custom-made-crocs-shoes-wholesale-women-clog-shoes-2-768x768.webp 768w, https:\/\/www.mappershoe.com\/wp-content\/uploads\/2025\/07\/high-heeled-custom-made-crocs-shoes-wholesale-women-clog-shoes-2-12x12.webp 12w, https:\/\/www.mappershoe.com\/wp-content\/uploads\/2025\/07\/high-heeled-custom-made-crocs-shoes-wholesale-women-clog-shoes-2-600x600.webp 600w, https:\/\/www.mappershoe.com\/wp-content\/uploads\/2025\/07\/high-heeled-custom-made-crocs-shoes-wholesale-women-clog-shoes-2-100x100.webp 100w\" sizes=\"(max-width: 800px) 100vw, 800px\" \/><\/figure>\n<\/div>\n<\/div>\n\n\n\n<p><\/p>","protected":false},"excerpt":{"rendered":"<p>No dude en ponerse en contacto con nosotros para comprar al por mayor zapatos Crocs a medida. Estos zapatos zueco de tac\u00f3n alto para mujer al por mayor combinan un dise\u00f1o elegante con la comodidad. Est\u00e1n dise\u00f1ados con material EVA ligero y son adecuados para el uso al aire libre, con buena transpirabilidad, suela antideslizante y dise\u00f1o personalizable. Ideales para transacciones al por mayor, ofrecen una soluci\u00f3n a la moda y vers\u00e1til para que las mujeres disfruten de comodidad junto con estilo en su calzado diario.<\/p>\n<h2>Zapatos Crocs hechos a medida Especificaciones:<\/h2>\n<table width=\"448\">\n<tbody>\n<tr>\n<td width=\"168\">Fabricante:<\/td>\n<td width=\"280\">Mingyi<\/td>\n<\/tr>\n<tr>\n<td>Estilo:<\/td>\n<td>Zapatos Crocs<\/td>\n<\/tr>\n<tr>\n<td>Modelo:<\/td>\n<td>107<\/td>\n<\/tr>\n<tr>\n<td>Material:\u00a0<\/td>\n<td>EVA<\/td>\n<\/tr>\n<tr>\n<td>Color:\u00a0<\/td>\n<td width=\"280\">negro\uff0cblanco\uff0calbaricoque\uff0crosa<\/td>\n<\/tr>\n<tr>\n<td>Tama\u00f1o:\u00a0<\/td>\n<td>36-37, 38-39,40-41, 42-43,44-45<\/td>\n<\/tr>\n<tr>\n<td>Opciones de personalizaci\u00f3n:\u00a0<\/td>\n<td>Logotipo (parte superior, lateral, plantilla) \/ Estampado integral \/ Color \/ Material \/ Grosor de la suela \/ Parte superior<\/td>\n<\/tr>\n<tr>\n<td>Embalaje:\u00a0<\/td>\n<td>Embalaje personalizado<\/td>\n<\/tr>\n<tr>\n<td>Muestra\uff1a<\/td>\n<td>Muestras gratuitas<\/td>\n<\/tr>\n<\/tbody>\n<\/table>\n<p><script src=\"chrome-extension:\/\/fpelahbljekknahkcaegamhcndkfpfnc\/iFrame.js\" type=\"text\/javascript\"><\/script><\/p>\n<p>\n<script src=\"chrome-extension:\/\/fpelahbljekknahkcaegamhcndkfpfnc\/iFrame.js\" type=\"text\/javascript\"><\/script><\/p>","protected":false},"featured_media":1656,"comment_status":"closed","ping_status":"closed","template":"","meta":{"_acf_changed":false},"product_brand":[],"product_cat":[18],"product_tag":[25,27],"class_list":{"0":"post-1655","1":"product","2":"type-product","3":"status-publish","4":"has-post-thumbnail","6":"product_cat-wholesale-crocs-shoes","7":"product_tag-eva-slippers-wholesale","8":"product_tag-wholesale-womens-slippers","10":"first","11":"instock","12":"shipping-taxable","13":"product-type-simple"},"acf":[],"_links":{"self":[{"href":"https:\/\/www.mappershoe.com\/es\/wp-json\/wp\/v2\/product\/1655","targetHints":{"allow":["GET"]}}],"collection":[{"href":"https:\/\/www.mappershoe.com\/es\/wp-json\/wp\/v2\/product"}],"about":[{"href":"https:\/\/www.mappershoe.com\/es\/wp-json\/wp\/v2\/types\/product"}],"replies":[{"embeddable":true,"href":"https:\/\/www.mappershoe.com\/es\/wp-json\/wp\/v2\/comments?post=1655"}],"wp:featuredmedia":[{"embeddable":true,"href":"https:\/\/www.mappershoe.com\/es\/wp-json\/wp\/v2\/media\/1656"}],"wp:attachment":[{"href":"https:\/\/www.mappershoe.com\/es\/wp-json\/wp\/v2\/media?parent=1655"}],"wp:term":[{"taxonomy":"product_brand","embeddable":true,"href":"https:\/\/www.mappershoe.com\/es\/wp-json\/wp\/v2\/product_brand?post=1655"},{"taxonomy":"product_cat","embeddable":true,"href":"https:\/\/www.mappershoe.com\/es\/wp-json\/wp\/v2\/product_cat?post=1655"},{"taxonomy":"product_tag","embeddable":true,"href":"https:\/\/www.mappershoe.com\/es\/wp-json\/wp\/v2\/product_tag?post=1655"}],"curies":[{"name":"wp","href":"https:\/\/api.w.org\/{rel}","templated":true}]}}