{"id":1666,"date":"2025-07-31T08:34:17","date_gmt":"2025-07-31T08:34:17","guid":{"rendered":"https:\/\/www.mappershoe.com\/?post_type=product&#038;p=1666"},"modified":"2025-10-18T01:00:39","modified_gmt":"2025-10-18T01:00:39","slug":"crocs-in-bulk","status":"publish","type":"product","link":"https:\/\/www.mappershoe.com\/es\/producto\/crocs-in-bulk\/","title":{"rendered":"Nueva moda de neum\u00e1ticos Crocs a granel, Crocs Mens Clog Shoes Custom"},"content":{"rendered":"<div class=\"wp-block-columns is-layout-flex wp-container-core-columns-is-layout-9d6595d7 wp-block-columns-is-layout-flex\">\n<div class=\"wp-block-column is-layout-flow wp-block-column-is-layout-flow\">\n<h3 class=\"wp-block-heading\">Premium Tire Crocs a granel Caracter\u00edsticas:<\/h3>\n\n\n\n<p><strong>Dise\u00f1o exclusivo del dibujo del neum\u00e1tico: <\/strong>Cada uno de estos zapatos Crocs al por mayor presenta un innovador dibujo de la banda de rodadura de los neum\u00e1ticos, lo que los hace modernos y elegantes. Son a la vez funcionales y elegantes, perfectos para usar al aire libre, durante actividades de ocio y en muchas otras ocasiones.<\/p>\n\n\n\n<p><strong>Soporte c\u00f3modo, para todo tipo de clima:<\/strong> Estos zapatos zueco para hombre hechos a medida est\u00e1n fabricados con material EVA suave, que es ligero y tiene una buena capacidad de absorci\u00f3n de impactos, lo que permite un uso prolongado sin cansarse. Se pueden llevar en el trabajo, de viaje o en casa, entre otras muchas aplicaciones.<\/p>\n\n\n\n<p><strong>Altamente personalizable:<\/strong> Estos Crocs al por mayor est\u00e1n preprogramados con una serie de tipos de personalizaciones, incluyendo logotipos, color e impresi\u00f3n, para adaptarse al tama\u00f1o del cliente mayorista. Tambi\u00e9n se pueden personalizar para venta al por menor, compras en grupo, personalizaciones para empresas y otras aplicaciones B2B.<\/p>\n\n\n\n<p><strong>Suela antideslizante y resistente al desgaste: <\/strong>Estos zapatos zueco personalizados a granel para hombre tienen una suela de goma antideslizante para mejorar el agarre y evitar resbalones. Son especialmente adecuados para su uso en condiciones h\u00famedas y resbaladizas, con un rendimiento de seguridad superior.<\/p>\n\n\n\n<p><strong>Vers\u00e1til<\/strong>: Estos Crocs de hombre al por mayor disponibles se pueden usar para numerosos escenarios, incluyendo casual diario, al aire libre, y dentro de la casa. Son f\u00e1ciles de limpiar, de secado r\u00e1pido y resistentes a la intemperie.<\/p>\n<\/div>\n\n\n\n<div class=\"wp-block-column is-layout-flow wp-block-column-is-layout-flow\">\n<figure class=\"wp-block-image size-full\"><img decoding=\"async\" width=\"790\" height=\"918\" src=\"https:\/\/www.mappershoe.com\/wp-content\/uploads\/2025\/07\/new-fashion-tire-crocs-in-bulk-crocs-mens-clog-shoes-custom-1.webp\" alt=\"nueva-moda-crocs-a-granel-crocs-zapatos-zueco-hombre-personalizado-1\" class=\"wp-image-1667\" srcset=\"https:\/\/www.mappershoe.com\/wp-content\/uploads\/2025\/07\/new-fashion-tire-crocs-in-bulk-crocs-mens-clog-shoes-custom-1.webp 790w, https:\/\/www.mappershoe.com\/wp-content\/uploads\/2025\/07\/new-fashion-tire-crocs-in-bulk-crocs-mens-clog-shoes-custom-1-258x300.webp 258w, https:\/\/www.mappershoe.com\/wp-content\/uploads\/2025\/07\/new-fashion-tire-crocs-in-bulk-crocs-mens-clog-shoes-custom-1-768x892.webp 768w, https:\/\/www.mappershoe.com\/wp-content\/uploads\/2025\/07\/new-fashion-tire-crocs-in-bulk-crocs-mens-clog-shoes-custom-1-10x12.webp 10w, https:\/\/www.mappershoe.com\/wp-content\/uploads\/2025\/07\/new-fashion-tire-crocs-in-bulk-crocs-mens-clog-shoes-custom-1-600x697.webp 600w\" sizes=\"(max-width: 790px) 100vw, 790px\" \/><\/figure>\n<\/div>\n<\/div>\n\n\n\n<p><\/p>","protected":false},"excerpt":{"rendered":"<p>No dude en contactar con nosotros para compras al por mayor de crocs de neum\u00e1ticos al por mayor. Estos zapatos zueco Crocs de los hombres personalizados proporcionan un dise\u00f1o \u00fanico de la banda de rodadura del neum\u00e1tico para una mirada de moda hacia adelante y funcional. Fabricados en EVA ligera, promueven la comodidad y el apoyo durante todo el d\u00eda, perfecto para ropa casual, actividades al aire libre, y mucho m\u00e1s. Extremadamente personalizables con logotipos, colores e ilustraciones, estos zapatos son perfectos para pedidos al por mayor.<\/p>\n<h2>Tire Crocs a granel Especificaciones:<\/h2>\n<table width=\"448\">\n<tbody>\n<tr>\n<td width=\"168\">Fabricante:<\/td>\n<td width=\"280\">Mingyi<\/td>\n<\/tr>\n<tr>\n<td>Estilo:<\/td>\n<td>Zapatos Crocs<\/td>\n<\/tr>\n<tr>\n<td>Modelo:<\/td>\n<td>108<\/td>\n<\/tr>\n<tr>\n<td>Material:\u00a0<\/td>\n<td>EVA<\/td>\n<\/tr>\n<tr>\n<td>Color:\u00a0<\/td>\n<td width=\"280\">negro, gris, albaricoque, verde<\/td>\n<\/tr>\n<tr>\n<td>Tama\u00f1o:\u00a0<\/td>\n<td>36-37, 38-39,40-41, 42-43,44-45<\/td>\n<\/tr>\n<tr>\n<td>Opciones de personalizaci\u00f3n:\u00a0<\/td>\n<td>Logotipo (parte superior, lateral, plantilla) \/ Estampado integral \/ Color \/ Material \/ Grosor de la suela \/ Parte superior<\/td>\n<\/tr>\n<tr>\n<td>Embalaje:\u00a0<\/td>\n<td>Embalaje personalizado<\/td>\n<\/tr>\n<tr>\n<td>Muestra\uff1a<\/td>\n<td>Muestras gratuitas<\/td>\n<\/tr>\n<\/tbody>\n<\/table>\n<p><script src=\"chrome-extension:\/\/fpelahbljekknahkcaegamhcndkfpfnc\/iFrame.js\" type=\"text\/javascript\"><\/script><\/p>\n<p><script src=\"chrome-extension:\/\/fpelahbljekknahkcaegamhcndkfpfnc\/iFrame.js\" type=\"text\/javascript\"><\/script><\/p>","protected":false},"featured_media":1668,"comment_status":"closed","ping_status":"closed","template":"","meta":{"_acf_changed":false},"product_brand":[],"product_cat":[18],"product_tag":[25,26],"class_list":{"0":"post-1666","1":"product","2":"type-product","3":"status-publish","4":"has-post-thumbnail","6":"product_cat-wholesale-crocs-shoes","7":"product_tag-eva-slippers-wholesale","8":"product_tag-mens-slippers-wholesale","10":"first","11":"instock","12":"shipping-taxable","13":"product-type-simple"},"acf":[],"_links":{"self":[{"href":"https:\/\/www.mappershoe.com\/es\/wp-json\/wp\/v2\/product\/1666","targetHints":{"allow":["GET"]}}],"collection":[{"href":"https:\/\/www.mappershoe.com\/es\/wp-json\/wp\/v2\/product"}],"about":[{"href":"https:\/\/www.mappershoe.com\/es\/wp-json\/wp\/v2\/types\/product"}],"replies":[{"embeddable":true,"href":"https:\/\/www.mappershoe.com\/es\/wp-json\/wp\/v2\/comments?post=1666"}],"wp:featuredmedia":[{"embeddable":true,"href":"https:\/\/www.mappershoe.com\/es\/wp-json\/wp\/v2\/media\/1668"}],"wp:attachment":[{"href":"https:\/\/www.mappershoe.com\/es\/wp-json\/wp\/v2\/media?parent=1666"}],"wp:term":[{"taxonomy":"product_brand","embeddable":true,"href":"https:\/\/www.mappershoe.com\/es\/wp-json\/wp\/v2\/product_brand?post=1666"},{"taxonomy":"product_cat","embeddable":true,"href":"https:\/\/www.mappershoe.com\/es\/wp-json\/wp\/v2\/product_cat?post=1666"},{"taxonomy":"product_tag","embeddable":true,"href":"https:\/\/www.mappershoe.com\/es\/wp-json\/wp\/v2\/product_tag?post=1666"}],"curies":[{"name":"wp","href":"https:\/\/api.w.org\/{rel}","templated":true}]}}