{"id":1677,"date":"2025-07-31T09:16:07","date_gmt":"2025-07-31T09:16:07","guid":{"rendered":"https:\/\/www.mappershoe.com\/?post_type=product&#038;p=1677"},"modified":"2026-01-03T07:32:05","modified_gmt":"2026-01-03T07:32:05","slug":"bulk-croc-shoes","status":"publish","type":"product","link":"https:\/\/www.mappershoe.com\/es\/producto\/bulk-croc-shoes\/","title":{"rendered":"F\u00e1brica de zapatos de cocodrilo a granel, zuecos de jard\u00edn al aire libre Zapatos de suministro"},"content":{"rendered":"<div class=\"wp-block-columns is-layout-flex wp-container-core-columns-is-layout-9d6595d7 wp-block-columns-is-layout-flex\">\n<div class=\"wp-block-column is-layout-flow wp-block-column-is-layout-flow\">\n<h3 class=\"wp-block-heading\">Zapatos de cocodrilo a granel unisex de primera calidad Caracter\u00edsticas:<\/h3>\n\n\n\n<p><strong>Dise\u00f1o universal:<\/strong> Los zapatos de jard\u00edn al por mayor unisex est\u00e1n dise\u00f1ados con el cl\u00e1sico estilo de los zuecos y pueden utilizarse en muchos usos al aire libre, como el jard\u00edn, la playa y el ba\u00f1o, satisfaciendo las necesidades de personas de diversas procedencias.<\/p>\n\n\n\n<p><strong>Opciones de dos colores: <\/strong>Estos zapatos de cocodrilo a granel ofrecen dos combinaciones de colores para satisfacer las necesidades personalizadas de los distintos consumidores y tambi\u00e9n son adecuados para la personalizaci\u00f3n de la marca o la venta al por menor.<\/p>\n\n\n\n<p><strong>Soporte de personalizaci\u00f3n masiva:<\/strong> Nuestros zuecos de jard\u00edn a granel ofrecen asistencia en la compra a granel y proporcionan servicios personalizados, como logotipos, colores y envases personalizados, para satisfacer las necesidades de personalizaci\u00f3n de marcas o minoristas y mejorar la competitividad en el mercado.<\/p>\n\n\n\n<p><strong>Perforado para ventilaci\u00f3n y confort, comodidad todo el d\u00eda: <\/strong>La parte superior ventilada y perforada de estos zapatos de cocodrilo a granel mantiene los pies frescos y c\u00f3modos durante un uso prolongado, ideal para las calurosas tardes de verano o el tiempo lluvioso. <\/p>\n\n\n\n<p><strong>Suela antideslizante y duradera: <\/strong>Estos zapatos de cocodrilo a granel vienen con una suela resistente al desgaste y antideslizante, que proporciona un agarre firme contra los resbalones y est\u00e1n especialmente recomendados para su uso en exteriores.<\/p>\n<\/div>\n\n\n\n<div class=\"wp-block-column is-layout-flow wp-block-column-is-layout-flow\">\n<figure class=\"wp-block-image size-full\"><img decoding=\"async\" width=\"1000\" height=\"1000\" src=\"https:\/\/www.mappershoe.com\/wp-content\/uploads\/2025\/07\/unisex-bulk-croc-shoes-two-colors-outdoor-garden-clogs-shoes-wholesale-5.webp\" alt=\"unisex-bulk-croc-zapatos-dos-colores-zuecos-de-jardiner\u00eda-mayorista-5\" class=\"wp-image-1682\" srcset=\"https:\/\/www.mappershoe.com\/wp-content\/uploads\/2025\/07\/unisex-bulk-croc-shoes-two-colors-outdoor-garden-clogs-shoes-wholesale-5.webp 1000w, https:\/\/www.mappershoe.com\/wp-content\/uploads\/2025\/07\/unisex-bulk-croc-shoes-two-colors-outdoor-garden-clogs-shoes-wholesale-5-300x300.webp 300w, https:\/\/www.mappershoe.com\/wp-content\/uploads\/2025\/07\/unisex-bulk-croc-shoes-two-colors-outdoor-garden-clogs-shoes-wholesale-5-150x150.webp 150w, https:\/\/www.mappershoe.com\/wp-content\/uploads\/2025\/07\/unisex-bulk-croc-shoes-two-colors-outdoor-garden-clogs-shoes-wholesale-5-768x768.webp 768w, https:\/\/www.mappershoe.com\/wp-content\/uploads\/2025\/07\/unisex-bulk-croc-shoes-two-colors-outdoor-garden-clogs-shoes-wholesale-5-12x12.webp 12w, https:\/\/www.mappershoe.com\/wp-content\/uploads\/2025\/07\/unisex-bulk-croc-shoes-two-colors-outdoor-garden-clogs-shoes-wholesale-5-600x600.webp 600w, https:\/\/www.mappershoe.com\/wp-content\/uploads\/2025\/07\/unisex-bulk-croc-shoes-two-colors-outdoor-garden-clogs-shoes-wholesale-5-100x100.webp 100w\" sizes=\"(max-width: 1000px) 100vw, 1000px\" \/><\/figure>\n<\/div>\n<\/div>\n\n\n\n<p><\/p>","protected":false},"excerpt":{"rendered":"<p>No dude en ponerse en contacto con nosotros para comprar zapatos de cocodrilo al por mayor. Estos zuecos de jard\u00edn son adecuados para mujeres y hombres, por su comodidad y durabilidad. Tienen un fondo antideslizante y dos opciones de color, lo que los hace perfectos para usarlos durante cualquier actividad al aire libre, por ejemplo, jardiner\u00eda, viajes a la playa y ropa informal. Con la posibilidad de personalizarlos mediante la venta al por mayor al por mayor, los zuecos son una gran elecci\u00f3n para marcas y minoristas que buscan un calzado distintivo y con estilo.<\/p>\n<h2>Zapatos de cocodrilo a granel unisex Especificaciones:<\/h2>\n<table width=\"448\">\n<tbody>\n<tr>\n<td width=\"168\">Fabricante:<\/td>\n<td width=\"280\">Mingyi<\/td>\n<\/tr>\n<tr>\n<td>Estilo:<\/td>\n<td>Zapatos Crocs<\/td>\n<\/tr>\n<tr>\n<td>Modelo:<\/td>\n<td>109<\/td>\n<\/tr>\n<tr>\n<td>Material:\u00a0<\/td>\n<td>EVA<\/td>\n<\/tr>\n<tr>\n<td>Color:\u00a0<\/td>\n<td width=\"280\">blanco, albaricoque, blanco+marr\u00f3n, blanco+negro<\/td>\n<\/tr>\n<tr>\n<td>Tama\u00f1o:\u00a0<\/td>\n<td>36-37, 38-39,40-41, 42-43,44-45<\/td>\n<\/tr>\n<tr>\n<td>Opciones de personalizaci\u00f3n:\u00a0<\/td>\n<td>Logotipo (parte superior, lateral, plantilla) \/ Estampado integral \/ Color \/ Material \/ Grosor de la suela \/ Parte superior<\/td>\n<\/tr>\n<tr>\n<td>Embalaje:\u00a0<\/td>\n<td>Embalaje personalizado<\/td>\n<\/tr>\n<tr>\n<td>Muestra\uff1a<\/td>\n<td>Muestras gratuitas<\/td>\n<\/tr>\n<\/tbody>\n<\/table>\n<p><script src=\"chrome-extension:\/\/fpelahbljekknahkcaegamhcndkfpfnc\/iFrame.js\" type=\"text\/javascript\"><\/script><\/p>\n<p><script src=\"chrome-extension:\/\/fpelahbljekknahkcaegamhcndkfpfnc\/iFrame.js\" type=\"text\/javascript\"><\/script><\/p>\n<p><script src=\"chrome-extension:\/\/fpelahbljekknahkcaegamhcndkfpfnc\/iFrame.js\" type=\"text\/javascript\"><\/script><\/p>","protected":false},"featured_media":1681,"comment_status":"closed","ping_status":"closed","template":"","meta":{"_acf_changed":false},"product_brand":[],"product_cat":[18],"product_tag":[25,26,27],"class_list":{"0":"post-1677","1":"product","2":"type-product","3":"status-publish","4":"has-post-thumbnail","6":"product_cat-wholesale-crocs-shoes","7":"product_tag-eva-slippers-wholesale","8":"product_tag-mens-slippers-wholesale","9":"product_tag-wholesale-womens-slippers","11":"first","12":"instock","13":"shipping-taxable","14":"product-type-simple"},"acf":[],"_links":{"self":[{"href":"https:\/\/www.mappershoe.com\/es\/wp-json\/wp\/v2\/product\/1677","targetHints":{"allow":["GET"]}}],"collection":[{"href":"https:\/\/www.mappershoe.com\/es\/wp-json\/wp\/v2\/product"}],"about":[{"href":"https:\/\/www.mappershoe.com\/es\/wp-json\/wp\/v2\/types\/product"}],"replies":[{"embeddable":true,"href":"https:\/\/www.mappershoe.com\/es\/wp-json\/wp\/v2\/comments?post=1677"}],"wp:featuredmedia":[{"embeddable":true,"href":"https:\/\/www.mappershoe.com\/es\/wp-json\/wp\/v2\/media\/1681"}],"wp:attachment":[{"href":"https:\/\/www.mappershoe.com\/es\/wp-json\/wp\/v2\/media?parent=1677"}],"wp:term":[{"taxonomy":"product_brand","embeddable":true,"href":"https:\/\/www.mappershoe.com\/es\/wp-json\/wp\/v2\/product_brand?post=1677"},{"taxonomy":"product_cat","embeddable":true,"href":"https:\/\/www.mappershoe.com\/es\/wp-json\/wp\/v2\/product_cat?post=1677"},{"taxonomy":"product_tag","embeddable":true,"href":"https:\/\/www.mappershoe.com\/es\/wp-json\/wp\/v2\/product_tag?post=1677"}],"curies":[{"name":"wp","href":"https:\/\/api.w.org\/{rel}","templated":true}]}}