{"id":1690,"date":"2025-07-31T09:37:32","date_gmt":"2025-07-31T09:37:32","guid":{"rendered":"https:\/\/www.mappershoe.com\/?post_type=product&#038;p=1690"},"modified":"2025-07-31T10:10:57","modified_gmt":"2025-07-31T10:10:57","slug":"eva-foam-clog-shoes-bulk","status":"publish","type":"product","link":"https:\/\/www.mappershoe.com\/es\/producto\/eva-foam-clog-shoes-bulk\/","title":{"rendered":"Zuecos unisex de espuma EVA al por mayor, Zuecos deportivos Crocs al por mayor con cordones"},"content":{"rendered":"<div class=\"wp-block-columns is-layout-flex wp-container-core-columns-is-layout-9d6595d7 wp-block-columns-is-layout-flex\">\n<div class=\"wp-block-column is-layout-flow wp-block-column-is-layout-flow\">\n<h3 class=\"wp-block-heading\">Premium Unisex EVA Espuma Zuecos A Granel Caracter\u00edsticas:<\/h3>\n\n\n\n<p><strong>C\u00f3modo material de espuma EVA:<\/strong> Estos zuecos deportivos Crocs al por mayor est\u00e1n hechos de espuma EVA de alta calidad, que es suave pero muy de apoyo y amortiguado, por lo que son muy c\u00f3modos para el uso durante todo el d\u00eda.<\/p>\n\n\n\n<p><strong>Dise\u00f1o elegante y deportivo: <\/strong>Estos zapatos zueco de espuma EVA a granel est\u00e1n dise\u00f1ados en el esp\u00edritu de Crocs con caracter\u00edsticas similares a las zapatillas de deporte, como cordones para una mayor sujeci\u00f3n y un aspecto m\u00e1s moderno, mezclando funcionalidad y estilo.<\/p>\n\n\n\n<p><strong>Transpirable hasta el extremo: <\/strong>La cabeza de estos zapatos zueco de espuma EVA a granel es transpirable, por lo que los pies permanecen secos y son perfectos para el verano o las condiciones donde se requieren largos per\u00edodos de pie.<\/p>\n\n\n\n<p><strong>Suela antideslizante: <\/strong>La suela de estos zuecos de espuma EVA a granel es antideslizante, y proporciona una excelente tracci\u00f3n y seguridad al caminar.<\/p>\n\n\n\n<p><strong>Muy vers\u00e1til:<\/strong> Estos zuecos deportivos al por mayor son pr\u00e1cticos y c\u00f3modos para interiores, exteriores, el hogar, el gimnasio, la sanidad, la hosteler\u00eda y otros entornos. Su estilo atl\u00e9tico tambi\u00e9n los hace perfectos para llevar a diario o para hacer ejercicio ligero.<\/p>\n<\/div>\n\n\n\n<div class=\"wp-block-column is-layout-flow wp-block-column-is-layout-flow\">\n<figure class=\"wp-block-image size-full\"><img decoding=\"async\" width=\"800\" height=\"800\" src=\"https:\/\/www.mappershoe.com\/wp-content\/uploads\/2025\/07\/unisex-eva-foam-clog-shoes-bulk\u200b-crocs-sport-clogs-wholesale-with-laces-8.webp\" alt=\"unisex-eva-espuma-zapatos-zuecos-crocs-sport-wholesale-with-laces-8\" class=\"wp-image-1698\" srcset=\"https:\/\/www.mappershoe.com\/wp-content\/uploads\/2025\/07\/unisex-eva-foam-clog-shoes-bulk\u200b-crocs-sport-clogs-wholesale-with-laces-8.webp 800w, https:\/\/www.mappershoe.com\/wp-content\/uploads\/2025\/07\/unisex-eva-foam-clog-shoes-bulk\u200b-crocs-sport-clogs-wholesale-with-laces-8-300x300.webp 300w, https:\/\/www.mappershoe.com\/wp-content\/uploads\/2025\/07\/unisex-eva-foam-clog-shoes-bulk\u200b-crocs-sport-clogs-wholesale-with-laces-8-150x150.webp 150w, https:\/\/www.mappershoe.com\/wp-content\/uploads\/2025\/07\/unisex-eva-foam-clog-shoes-bulk\u200b-crocs-sport-clogs-wholesale-with-laces-8-768x768.webp 768w, https:\/\/www.mappershoe.com\/wp-content\/uploads\/2025\/07\/unisex-eva-foam-clog-shoes-bulk\u200b-crocs-sport-clogs-wholesale-with-laces-8-12x12.webp 12w, https:\/\/www.mappershoe.com\/wp-content\/uploads\/2025\/07\/unisex-eva-foam-clog-shoes-bulk\u200b-crocs-sport-clogs-wholesale-with-laces-8-600x600.webp 600w, https:\/\/www.mappershoe.com\/wp-content\/uploads\/2025\/07\/unisex-eva-foam-clog-shoes-bulk\u200b-crocs-sport-clogs-wholesale-with-laces-8-100x100.webp 100w\" sizes=\"(max-width: 800px) 100vw, 800px\" \/><\/figure>\n<\/div>\n<\/div>\n\n\n\n<p><\/p>","protected":false},"excerpt":{"rendered":"<p>No dude en ponerse en contacto con nosotros para comprar zuecos de espuma de EVA al por mayor. Estos zuecos deportivos unisex al por mayor combinan comodidad y estilo, inspirados en los ic\u00f3nicos zuecos deportivos Crocs. Son de material EVA de color claro, transpirables y adecuados para el uso diario. Tienen cordones ajustables y suelas antideslizantes de gran agarre y sujeci\u00f3n. Se pueden comprar al por mayor, con logotipos, colores y cordones personalizados.<\/p>\n<h2>Zuecos unisex de espuma EVA a granel Especificaciones:<\/h2>\n<table width=\"448\">\n<tbody>\n<tr>\n<td width=\"168\">Fabricante:<\/td>\n<td width=\"280\">Mingyi<\/td>\n<\/tr>\n<tr>\n<td>Estilo:<\/td>\n<td>Zapatos Crocs<\/td>\n<\/tr>\n<tr>\n<td>Modelo:<\/td>\n<td>110<\/td>\n<\/tr>\n<tr>\n<td>Material:\u00a0<\/td>\n<td>EVA<\/td>\n<\/tr>\n<tr>\n<td>Color:\u00a0<\/td>\n<td width=\"280\">negro, blanco, albaricoque, verde, rojo,azul<\/td>\n<\/tr>\n<tr>\n<td>Tama\u00f1o:\u00a0<\/td>\n<td>36-37, 38-39,40-41, 42-43,44-45<\/td>\n<\/tr>\n<tr>\n<td>Opciones de personalizaci\u00f3n:\u00a0<\/td>\n<td>Logotipo (parte superior, lateral, plantilla) \/ Estampado integral \/ Color \/ Material \/ Grosor de la suela \/ Parte superior<\/td>\n<\/tr>\n<tr>\n<td>Embalaje:\u00a0<\/td>\n<td>Embalaje personalizado<\/td>\n<\/tr>\n<tr>\n<td>Muestra\uff1a<\/td>\n<td>Muestras gratuitas<\/td>\n<\/tr>\n<\/tbody>\n<\/table>\n<p><script src=\"chrome-extension:\/\/fpelahbljekknahkcaegamhcndkfpfnc\/iFrame.js\" type=\"text\/javascript\"><\/script><\/p>\n<p><script src=\"chrome-extension:\/\/fpelahbljekknahkcaegamhcndkfpfnc\/iFrame.js\" type=\"text\/javascript\"><\/script><\/p>\n<p><script src=\"chrome-extension:\/\/fpelahbljekknahkcaegamhcndkfpfnc\/iFrame.js\" type=\"text\/javascript\"><\/script><\/p>\n<p>\n<script src=\"chrome-extension:\/\/fpelahbljekknahkcaegamhcndkfpfnc\/iFrame.js\" type=\"text\/javascript\"><\/script><\/p>","protected":false},"featured_media":1697,"comment_status":"closed","ping_status":"closed","template":"","meta":{"_acf_changed":false},"product_brand":[],"product_cat":[18],"product_tag":[25,26,27],"class_list":{"0":"post-1690","1":"product","2":"type-product","3":"status-publish","4":"has-post-thumbnail","6":"product_cat-wholesale-crocs-shoes","7":"product_tag-eva-slippers-wholesale","8":"product_tag-mens-slippers-wholesale","9":"product_tag-wholesale-womens-slippers","11":"first","12":"instock","13":"shipping-taxable","14":"product-type-simple"},"acf":[],"_links":{"self":[{"href":"https:\/\/www.mappershoe.com\/es\/wp-json\/wp\/v2\/product\/1690","targetHints":{"allow":["GET"]}}],"collection":[{"href":"https:\/\/www.mappershoe.com\/es\/wp-json\/wp\/v2\/product"}],"about":[{"href":"https:\/\/www.mappershoe.com\/es\/wp-json\/wp\/v2\/types\/product"}],"replies":[{"embeddable":true,"href":"https:\/\/www.mappershoe.com\/es\/wp-json\/wp\/v2\/comments?post=1690"}],"wp:featuredmedia":[{"embeddable":true,"href":"https:\/\/www.mappershoe.com\/es\/wp-json\/wp\/v2\/media\/1697"}],"wp:attachment":[{"href":"https:\/\/www.mappershoe.com\/es\/wp-json\/wp\/v2\/media?parent=1690"}],"wp:term":[{"taxonomy":"product_brand","embeddable":true,"href":"https:\/\/www.mappershoe.com\/es\/wp-json\/wp\/v2\/product_brand?post=1690"},{"taxonomy":"product_cat","embeddable":true,"href":"https:\/\/www.mappershoe.com\/es\/wp-json\/wp\/v2\/product_cat?post=1690"},{"taxonomy":"product_tag","embeddable":true,"href":"https:\/\/www.mappershoe.com\/es\/wp-json\/wp\/v2\/product_tag?post=1690"}],"curies":[{"name":"wp","href":"https:\/\/api.w.org\/{rel}","templated":true}]}}