{"id":1703,"date":"2025-07-31T10:05:10","date_gmt":"2025-07-31T10:05:10","guid":{"rendered":"https:\/\/www.mappershoe.com\/?post_type=product&#038;p=1703"},"modified":"2025-07-31T10:35:44","modified_gmt":"2025-07-31T10:35:44","slug":"wholesale-birkenstock-clogs","status":"publish","type":"product","link":"https:\/\/www.mappershoe.com\/es\/producto\/wholesale-birkenstock-clogs\/","title":{"rendered":"Zuecos Birkenstock de dos tiras al por mayor, Sandalias Birkenstock de algod\u00f3n con logotipo personalizado"},"content":{"rendered":"<div class=\"wp-block-columns is-layout-flex wp-container-core-columns-is-layout-9d6595d7 wp-block-columns-is-layout-flex\">\n<div class=\"wp-block-column is-layout-flow wp-block-column-is-layout-flow\">\n<h3 class=\"wp-block-heading\">Zuecos Birkenstock al por mayor de primera calidad Caracter\u00edsticas:<\/h3>\n\n\n\n<p><strong>Look cl\u00e1sico Birkenstock:<\/strong> Los zuecos birkenstock al por mayor est\u00e1n fabricados con el cl\u00e1sico dise\u00f1o de dos correas, que ofrece un aspecto elegante y estilizado y un apoyo superior del pie, perfecto para llevar en todas las ocasiones informales y a diario.<\/p>\n\n\n\n<p><strong>Parte superior de algod\u00f3n suave para mayor comodidad:<\/strong> Los zuecos birkenstock al por mayor cuentan con una parte superior de algod\u00f3n de primera calidad que es suave, ligera y c\u00f3moda y ofrece confort a largo plazo, especialmente para las personas que viven en climas c\u00e1lidos.<\/p>\n\n\n\n<p><strong>Logotipo y marca personalizados: <\/strong>Los zuecos Birkenstock al por mayor tambi\u00e9n pueden imprimirse con un gr\u00e1fico o una marca. La parte superior, as\u00ed como los cordones exteriores, pueden imprimirse seg\u00fan los requisitos del cliente, lo que lograr\u00e1 la m\u00e1xima visibilidad de la marca.<\/p>\n\n\n\n<p><strong>Suela antideslizante: <\/strong>La suela antideslizante de las sandalias birkenstock de algod\u00f3n al por mayor proporciona el m\u00e1ximo agarre en superficies resbaladizas o h\u00famedas, consiguiendo as\u00ed la m\u00e1xima seguridad y convirti\u00e9ndolas en las mejores para actividades al aire libre.<\/p>\n\n\n\n<p><strong>Forro polar opcional: <\/strong>Las sandalias Birkenstock de algod\u00f3n al por mayor pueden pedirse opcionalmente con forro polar, perfectas para llevar en invierno y oto\u00f1o. El forro polar proporciona una calidez y comodidad a\u00f1adidas, volvi\u00e9ndose c\u00e1lidas y suaves al tacto, calent\u00e1ndote a cada paso, perfectas para el invierno.<\/p>\n<\/div>\n\n\n\n<div class=\"wp-block-column is-layout-flow wp-block-column-is-layout-flow\">\n<figure class=\"wp-block-image size-full\"><img decoding=\"async\" width=\"800\" height=\"800\" src=\"https:\/\/www.mappershoe.com\/wp-content\/uploads\/2025\/07\/two-strap-wholesale-birkenstock-clogs-cotton-birkenstock-sandals-custom-logo-3.webp\" alt=\"Zuecos de dos tiras de algod\u00f3n de mayorista - sandalias Birkenstock - logotipo personalizado - 3\" class=\"wp-image-1709\" srcset=\"https:\/\/www.mappershoe.com\/wp-content\/uploads\/2025\/07\/two-strap-wholesale-birkenstock-clogs-cotton-birkenstock-sandals-custom-logo-3.webp 800w, https:\/\/www.mappershoe.com\/wp-content\/uploads\/2025\/07\/two-strap-wholesale-birkenstock-clogs-cotton-birkenstock-sandals-custom-logo-3-300x300.webp 300w, https:\/\/www.mappershoe.com\/wp-content\/uploads\/2025\/07\/two-strap-wholesale-birkenstock-clogs-cotton-birkenstock-sandals-custom-logo-3-150x150.webp 150w, https:\/\/www.mappershoe.com\/wp-content\/uploads\/2025\/07\/two-strap-wholesale-birkenstock-clogs-cotton-birkenstock-sandals-custom-logo-3-768x768.webp 768w, https:\/\/www.mappershoe.com\/wp-content\/uploads\/2025\/07\/two-strap-wholesale-birkenstock-clogs-cotton-birkenstock-sandals-custom-logo-3-12x12.webp 12w, https:\/\/www.mappershoe.com\/wp-content\/uploads\/2025\/07\/two-strap-wholesale-birkenstock-clogs-cotton-birkenstock-sandals-custom-logo-3-600x600.webp 600w, https:\/\/www.mappershoe.com\/wp-content\/uploads\/2025\/07\/two-strap-wholesale-birkenstock-clogs-cotton-birkenstock-sandals-custom-logo-3-100x100.webp 100w\" sizes=\"(max-width: 800px) 100vw, 800px\" \/><\/figure>\n<\/div>\n<\/div>\n\n\n\n<p><\/p>","protected":false},"excerpt":{"rendered":"<p>Bienvenido a comprar nuestros zuecos Birkenstock al por mayor. Estas sandalias Birkenstock de dos tiras de algod\u00f3n son perfectas para la compra al por mayor, con una parte superior de algod\u00f3n personalizada para mayor resistencia y comodidad. Dado que es posible a\u00f1adir un logotipo personalizado, las sandalias son perfectas para las empresas que desean publicitar su negocio de una forma respetuosa con el medio ambiente pero con estilo. Ideales para uso informal, venta al por menor o promociones.<\/p>\n<h2>Zuecos Birkenstock al por mayor Especificaciones:<\/h2>\n<table width=\"448\">\n<tbody>\n<tr>\n<td width=\"168\">Fabricante:<\/td>\n<td width=\"280\">Mingyi<\/td>\n<\/tr>\n<tr>\n<td>Estilo:<\/td>\n<td>Sandalias Birkenstock<\/td>\n<\/tr>\n<tr>\n<td>Modelo:<\/td>\n<td>501<\/td>\n<\/tr>\n<tr>\n<td>Material:\u00a0<\/td>\n<td>eva\/arroz\/algod\u00f3n<\/td>\n<\/tr>\n<tr>\n<td>Color:\u00a0<\/td>\n<td width=\"280\">negro, marr\u00f3n, albaricoque<\/td>\n<\/tr>\n<tr>\n<td>Tama\u00f1o:\u00a0<\/td>\n<td>36-37, 38-39,40-41, 42-43,44-45<\/td>\n<\/tr>\n<tr>\n<td>Opciones de personalizaci\u00f3n:\u00a0<\/td>\n<td>Logotipo (parte superior, lateral, plantilla) \/ Estampado integral \/ Color \/ Material \/ Grosor de la suela \/ Parte superior<\/td>\n<\/tr>\n<tr>\n<td>Embalaje:\u00a0<\/td>\n<td>Embalaje personalizado<\/td>\n<\/tr>\n<tr>\n<td>Muestra\uff1a<\/td>\n<td>Muestras gratuitas<\/td>\n<\/tr>\n<\/tbody>\n<\/table>\n<p><script src=\"chrome-extension:\/\/fpelahbljekknahkcaegamhcndkfpfnc\/iFrame.js\" type=\"text\/javascript\"><\/script><\/p>","protected":false},"featured_media":1707,"comment_status":"closed","ping_status":"closed","template":"","meta":{"_acf_changed":false},"product_brand":[],"product_cat":[20],"product_tag":[26,27],"class_list":{"0":"post-1703","1":"product","2":"type-product","3":"status-publish","4":"has-post-thumbnail","6":"product_cat-wholesale-sandals","7":"product_tag-mens-slippers-wholesale","8":"product_tag-wholesale-womens-slippers","10":"first","11":"instock","12":"shipping-taxable","13":"product-type-simple"},"acf":[],"_links":{"self":[{"href":"https:\/\/www.mappershoe.com\/es\/wp-json\/wp\/v2\/product\/1703","targetHints":{"allow":["GET"]}}],"collection":[{"href":"https:\/\/www.mappershoe.com\/es\/wp-json\/wp\/v2\/product"}],"about":[{"href":"https:\/\/www.mappershoe.com\/es\/wp-json\/wp\/v2\/types\/product"}],"replies":[{"embeddable":true,"href":"https:\/\/www.mappershoe.com\/es\/wp-json\/wp\/v2\/comments?post=1703"}],"wp:featuredmedia":[{"embeddable":true,"href":"https:\/\/www.mappershoe.com\/es\/wp-json\/wp\/v2\/media\/1707"}],"wp:attachment":[{"href":"https:\/\/www.mappershoe.com\/es\/wp-json\/wp\/v2\/media?parent=1703"}],"wp:term":[{"taxonomy":"product_brand","embeddable":true,"href":"https:\/\/www.mappershoe.com\/es\/wp-json\/wp\/v2\/product_brand?post=1703"},{"taxonomy":"product_cat","embeddable":true,"href":"https:\/\/www.mappershoe.com\/es\/wp-json\/wp\/v2\/product_cat?post=1703"},{"taxonomy":"product_tag","embeddable":true,"href":"https:\/\/www.mappershoe.com\/es\/wp-json\/wp\/v2\/product_tag?post=1703"}],"curies":[{"name":"wp","href":"https:\/\/api.w.org\/{rel}","templated":true}]}}