{"id":1749,"date":"2025-09-04T10:49:17","date_gmt":"2025-09-04T10:49:17","guid":{"rendered":"https:\/\/www.mappershoe.com\/?post_type=product&#038;p=1749"},"modified":"2025-09-04T10:49:23","modified_gmt":"2025-09-04T10:49:23","slug":"custom-kids-slippers","status":"publish","type":"product","link":"https:\/\/www.mappershoe.com\/es\/producto\/custom-kids-slippers\/","title":{"rendered":"Zapatillas de Ni\u00f1os con Logo Personalizadas, Zapatillas Antideslizantes al por Mayor"},"content":{"rendered":"<div class=\"wp-block-columns is-layout-flex wp-container-core-columns-is-layout-9d6595d7 wp-block-columns-is-layout-flex\">\n<div class=\"wp-block-column is-layout-flow wp-block-column-is-layout-flow\">\n<h3 class=\"wp-block-heading\">Zapatillas infantiles personalizadas de primera calidad Caracter\u00edsticas:<\/h3>\n\n\n\n<p><strong>Seguridad y dise\u00f1o antideslizante:<\/strong> Estas zapatillas personalizadas para ni\u00f1os presentan relieves antideslizantes en suelas de PVC engrosadas que evitan que los ni\u00f1os resbalen en el ba\u00f1o, la piscina o en suelos resbaladizos.<\/p>\n\n\n\n<p><strong>Transpirable y c\u00f3modo:<\/strong> Nuestras zapatillas para ni\u00f1os a granel est\u00e1n fabricadas con PVC flexible ligero y no compresivo. La parte superior est\u00e1 hecha para adaptarse a los pies peque\u00f1os y proporcionar un ajuste c\u00f3modo y estable, evitando el cansancio incluso despu\u00e9s de largos paseos.<\/p>\n\n\n\n<p><strong>Duradero y manejable: <\/strong>Las zapatillas infantiles personalizadas de material de PVC son resistentes al agua y a la humedad, y se pueden enjuagar f\u00e1cilmente en el acto, por lo que los padres pueden guardarlas y cuidarlas f\u00e1cilmente para un uso continuo diario.<\/p>\n\n\n\n<p><strong>Vers\u00e1til: <\/strong>Nuestras chanclas al por mayor para ni\u00f1os pueden utilizarse como chanclas de ba\u00f1o, sandalias de casa, sandalias de playa, y tambi\u00e9n son adecuadas para el jard\u00edn de infancia o para actividades ligeras al aire libre.<\/p>\n\n\n\n<p><strong>Tallas espec\u00edficas para ni\u00f1os:<\/strong> Estas zapatillas personalizadas para ni\u00f1os est\u00e1n disponibles en las tallas 9,5C-13,5C y 1Y-4Y, adecuadas para ni\u00f1os de diferentes edades y que satisfacen sus necesidades de crecimiento.<\/p>\n<\/div>\n\n\n\n<div class=\"wp-block-column is-layout-flow wp-block-column-is-layout-flow\">\n<figure class=\"wp-block-image size-full\"><img decoding=\"async\" width=\"750\" height=\"750\" src=\"https:\/\/www.mappershoe.com\/wp-content\/uploads\/2025\/09\/custom-kids-slippers-with-logo-non-slip-slipper-wholesale-7.webp\" alt=\"zapatillas-ni\u00f1os-con-logotipo-sin-deslizamiento-mayorista-7\" class=\"wp-image-1756\" srcset=\"https:\/\/www.mappershoe.com\/wp-content\/uploads\/2025\/09\/custom-kids-slippers-with-logo-non-slip-slipper-wholesale-7.webp 750w, https:\/\/www.mappershoe.com\/wp-content\/uploads\/2025\/09\/custom-kids-slippers-with-logo-non-slip-slipper-wholesale-7-300x300.webp 300w, https:\/\/www.mappershoe.com\/wp-content\/uploads\/2025\/09\/custom-kids-slippers-with-logo-non-slip-slipper-wholesale-7-150x150.webp 150w, https:\/\/www.mappershoe.com\/wp-content\/uploads\/2025\/09\/custom-kids-slippers-with-logo-non-slip-slipper-wholesale-7-12x12.webp 12w, https:\/\/www.mappershoe.com\/wp-content\/uploads\/2025\/09\/custom-kids-slippers-with-logo-non-slip-slipper-wholesale-7-600x600.webp 600w, https:\/\/www.mappershoe.com\/wp-content\/uploads\/2025\/09\/custom-kids-slippers-with-logo-non-slip-slipper-wholesale-7-100x100.webp 100w\" sizes=\"(max-width: 750px) 100vw, 750px\" \/><\/figure>\n<\/div>\n<\/div>","protected":false},"excerpt":{"rendered":"<p>Bienvenido a comprar estas zapatillas personalizadas para ni\u00f1os. Las zapatillas de PVC al por mayor para ni\u00f1os con logotipo, sandalias antideslizantes para el ba\u00f1o y el hogar en cuatro colores vibrantes. Disponibles en tallas 9.5C-13.5C y 1Y-4Y, estas ligeras y duraderas chanclas para ni\u00f1os son seguras, c\u00f3modas y perfectas para el uso diario en casa, el ba\u00f1o, la playa o la escuela.<\/p>\n<h2>Zapatillas para ni\u00f1os personalizadas Especificaciones:<\/h2>\n<table width=\"419\">\n<tbody>\n<tr>\n<td width=\"115\">Fabricante:<\/td>\n<td width=\"304\">Mingyi<\/td>\n<\/tr>\n<tr>\n<td>Estilo:<\/td>\n<td>Zapatillas<\/td>\n<\/tr>\n<tr>\n<td>Modelo:<\/td>\n<td>2295<\/td>\n<\/tr>\n<tr>\n<td>Material:\u00a0<\/td>\n<td>PVC<\/td>\n<\/tr>\n<tr>\n<td>Color:\u00a0<\/td>\n<td width=\"304\">negro, blanco, rosa, azul<\/td>\n<\/tr>\n<tr>\n<td>Tama\u00f1o:\u00a0<\/td>\n<td>9,5C, 10C, 11C, 11,5C, 12C, 13C, 13,5C, 1Y, 2Y, 2,5Y, 3Y,4Y<\/td>\n<\/tr>\n<tr>\n<td>Opciones de personalizaci\u00f3n:\u00a0<\/td>\n<td>Logotipo (parte superior, lateral, plantilla) \/ Estampado integral \/ Color \/ Material \/ Grosor de la suela \/ Parte superior<\/td>\n<\/tr>\n<tr>\n<td>Embalaje:\u00a0<\/td>\n<td>Embalaje personalizado<\/td>\n<\/tr>\n<tr>\n<td>Muestra\uff1a<\/td>\n<td>Muestras gratuitas<\/td>\n<\/tr>\n<\/tbody>\n<\/table>","protected":false},"featured_media":1753,"comment_status":"closed","ping_status":"closed","template":"","meta":{"_acf_changed":false},"product_brand":[],"product_cat":[19],"product_tag":[28,24],"class_list":{"0":"post-1749","1":"product","2":"type-product","3":"status-publish","4":"has-post-thumbnail","6":"product_cat-slippers-in-bulk","7":"product_tag-kids-slippers-wholesale","8":"product_tag-wholesale-pvc-slippers","10":"first","11":"instock","12":"shipping-taxable","13":"product-type-simple"},"acf":[],"_links":{"self":[{"href":"https:\/\/www.mappershoe.com\/es\/wp-json\/wp\/v2\/product\/1749","targetHints":{"allow":["GET"]}}],"collection":[{"href":"https:\/\/www.mappershoe.com\/es\/wp-json\/wp\/v2\/product"}],"about":[{"href":"https:\/\/www.mappershoe.com\/es\/wp-json\/wp\/v2\/types\/product"}],"replies":[{"embeddable":true,"href":"https:\/\/www.mappershoe.com\/es\/wp-json\/wp\/v2\/comments?post=1749"}],"wp:featuredmedia":[{"embeddable":true,"href":"https:\/\/www.mappershoe.com\/es\/wp-json\/wp\/v2\/media\/1753"}],"wp:attachment":[{"href":"https:\/\/www.mappershoe.com\/es\/wp-json\/wp\/v2\/media?parent=1749"}],"wp:term":[{"taxonomy":"product_brand","embeddable":true,"href":"https:\/\/www.mappershoe.com\/es\/wp-json\/wp\/v2\/product_brand?post=1749"},{"taxonomy":"product_cat","embeddable":true,"href":"https:\/\/www.mappershoe.com\/es\/wp-json\/wp\/v2\/product_cat?post=1749"},{"taxonomy":"product_tag","embeddable":true,"href":"https:\/\/www.mappershoe.com\/es\/wp-json\/wp\/v2\/product_tag?post=1749"}],"curies":[{"name":"wp","href":"https:\/\/api.w.org\/{rel}","templated":true}]}}