{"id":1759,"date":"2025-09-05T01:52:26","date_gmt":"2025-09-05T01:52:26","guid":{"rendered":"https:\/\/www.mappershoe.com\/?post_type=product&#038;p=1759"},"modified":"2026-01-03T08:03:43","modified_gmt":"2026-01-03T08:03:43","slug":"wholesale-childrens-sandals","status":"publish","type":"product","link":"https:\/\/www.mappershoe.com\/es\/producto\/wholesale-childrens-sandals\/","title":{"rendered":"Venta al por mayor de f\u00e1brica de sandalias para ni\u00f1os, sandalias Yeezy personalizadas"},"content":{"rendered":"<div class=\"wp-block-columns is-layout-flex wp-container-core-columns-is-layout-9d6595d7 wp-block-columns-is-layout-flex\">\n<div class=\"wp-block-column is-layout-flow wp-block-column-is-layout-flow\">\n<h3 class=\"wp-block-heading\">Sandalias de primera calidad para ni\u00f1os al por mayor Caracter\u00edsticas:<\/h3>\n\n\n\n<p><strong>Materiales de alta calidad: <\/strong>Estas sandalias al por mayor para ni\u00f1os est\u00e1n hechas de EVA, un material suave y ligero con propiedades antideslizantes, transpirables y c\u00f3modas. Los ni\u00f1os pueden llevarlas con seguridad todo el d\u00eda.<\/p>\n\n\n\n<p><strong>M\u00faltiples colores y tama\u00f1os:<\/strong> Estas sandalias al por mayor para ni\u00f1os est\u00e1n disponibles en 7 hermosos colores, y el tama\u00f1o oscila entre 130 mm y 190 mm, cubriendo una amplia gama de grupos de edad para elegir. Se ofrece impresi\u00f3n de logotipos y servicio OEM\/ODM para una publicidad c\u00f3moda y un marketing diversificado.<\/p>\n\n\n\n<p><strong>Dise\u00f1o de velcro:<\/strong> Estas sandalias Eva al por mayor tienen cierres de velcro, \u00a1lo que permite a los peque\u00f1os poseedores de pies calzarse y descalzarse f\u00e1cilmente por s\u00ed solos!<\/p>\n\n\n\n<p><strong>Amplia aplicaci\u00f3n: <\/strong>Nuestras sandalias Yeezy personalizadas presentan un dise\u00f1o deportivo y un contorno que sigue la forma del pie, lo que las hace adecuadas tanto para ropa informal como para actividades deportivas. Se aplican ampliamente en entornos residenciales, escolares, al aire libre y de playa, y han recibido una aceptaci\u00f3n satisfactoria en el mercado.<\/p>\n\n\n\n<p><strong>Calidad de exportaci\u00f3n: <\/strong>Estas sandalias para ni\u00f1os al por mayor se someten a estrictas pruebas de calidad y cumplen las normas de calidad del mercado mayorista internacional. Son adecuadas para distribuidores globales, supermercados y canales de regalo.<\/p>\n<\/div>\n\n\n\n<div class=\"wp-block-column is-layout-flow wp-block-column-is-layout-flow\">\n<figure class=\"wp-block-image size-full\"><img decoding=\"async\" width=\"800\" height=\"800\" src=\"https:\/\/www.mappershoe.com\/wp-content\/uploads\/2025\/09\/wholesale-childrens-sandals-outdoor-custom-yeezy-sandals-3.webp\" alt=\"al por mayor-sandalias-para-ni\u00f1os-personalizadas-yeezy-sandals-3\" class=\"wp-image-1762\" srcset=\"https:\/\/www.mappershoe.com\/wp-content\/uploads\/2025\/09\/wholesale-childrens-sandals-outdoor-custom-yeezy-sandals-3.webp 800w, https:\/\/www.mappershoe.com\/wp-content\/uploads\/2025\/09\/wholesale-childrens-sandals-outdoor-custom-yeezy-sandals-3-300x300.webp 300w, https:\/\/www.mappershoe.com\/wp-content\/uploads\/2025\/09\/wholesale-childrens-sandals-outdoor-custom-yeezy-sandals-3-150x150.webp 150w, https:\/\/www.mappershoe.com\/wp-content\/uploads\/2025\/09\/wholesale-childrens-sandals-outdoor-custom-yeezy-sandals-3-768x768.webp 768w, https:\/\/www.mappershoe.com\/wp-content\/uploads\/2025\/09\/wholesale-childrens-sandals-outdoor-custom-yeezy-sandals-3-12x12.webp 12w, https:\/\/www.mappershoe.com\/wp-content\/uploads\/2025\/09\/wholesale-childrens-sandals-outdoor-custom-yeezy-sandals-3-600x600.webp 600w, https:\/\/www.mappershoe.com\/wp-content\/uploads\/2025\/09\/wholesale-childrens-sandals-outdoor-custom-yeezy-sandals-3-100x100.webp 100w\" sizes=\"(max-width: 800px) 100vw, 800px\" \/><\/figure>\n<\/div>\n<\/div>\n\n\n\n<p><\/p>","protected":false},"excerpt":{"rendered":"<p>Bienvenido a comprar nuestras sandalias para ni\u00f1os al por mayor. Estos ni\u00f1os zapatillas de EVA est\u00e1n hechos de material ligero y suave textura, resistente al desgaste y antideslizante, transpirable y c\u00f3modo, la protecci\u00f3n de los ni\u00f1os de forma segura y c\u00e1lida al salir todos los d\u00edas y jugar al aire libre. Proporcionamos personalizaci\u00f3n de LOGO y servicio OEM\/ODM para ayudar a los propietarios de marcas y compradores al por mayor a fabricar productos diferenciados.<\/p>\n<h2>Sandalias blandas al por mayor para ni\u00f1os Especificaciones:<\/h2>\n<table width=\"448\">\n<tbody>\n<tr>\n<td width=\"168\">Fabricante:<\/td>\n<td width=\"280\">Mingyi<\/td>\n<\/tr>\n<tr>\n<td>Estilo:<\/td>\n<td>Zapatillas<\/td>\n<\/tr>\n<tr>\n<td>Modelo:<\/td>\n<td>011<\/td>\n<\/tr>\n<tr>\n<td>Material:\u00a0<\/td>\n<td>EVA<\/td>\n<\/tr>\n<tr>\n<td>Color:\u00a0<\/td>\n<td width=\"280\">Albaricoque, amarillo, verde, rosa, verde manzana, morado, negro<\/td>\n<\/tr>\n<tr>\n<td>Tama\u00f1o:\u00a0<\/td>\n<td width=\"280\">130 mm, 140 mm, 150 mm, 160 mm, 170 mm, 180 mm, 190 mm<\/td>\n<\/tr>\n<tr>\n<td>Opciones de personalizaci\u00f3n:\u00a0<\/td>\n<td>Logotipo (parte superior, lateral, plantilla) \/ Estampado integral \/ Color \/ Material \/ Grosor de la suela \/ Parte superior<\/td>\n<\/tr>\n<tr>\n<td>Embalaje:\u00a0<\/td>\n<td>Embalaje personalizado<\/td>\n<\/tr>\n<tr>\n<td>Muestra\uff1a<\/td>\n<td>Muestras gratuitas<\/td>\n<\/tr>\n<\/tbody>\n<\/table>\n<p>&nbsp;<\/p>","protected":false},"featured_media":1760,"comment_status":"closed","ping_status":"closed","template":"","meta":{"_acf_changed":false},"product_brand":[],"product_cat":[19,20],"product_tag":[25,28],"class_list":{"0":"post-1759","1":"product","2":"type-product","3":"status-publish","4":"has-post-thumbnail","6":"product_cat-slippers-in-bulk","7":"product_cat-wholesale-sandals","8":"product_tag-eva-slippers-wholesale","9":"product_tag-kids-slippers-wholesale","11":"first","12":"instock","13":"shipping-taxable","14":"product-type-simple"},"acf":[],"_links":{"self":[{"href":"https:\/\/www.mappershoe.com\/es\/wp-json\/wp\/v2\/product\/1759","targetHints":{"allow":["GET"]}}],"collection":[{"href":"https:\/\/www.mappershoe.com\/es\/wp-json\/wp\/v2\/product"}],"about":[{"href":"https:\/\/www.mappershoe.com\/es\/wp-json\/wp\/v2\/types\/product"}],"replies":[{"embeddable":true,"href":"https:\/\/www.mappershoe.com\/es\/wp-json\/wp\/v2\/comments?post=1759"}],"wp:featuredmedia":[{"embeddable":true,"href":"https:\/\/www.mappershoe.com\/es\/wp-json\/wp\/v2\/media\/1760"}],"wp:attachment":[{"href":"https:\/\/www.mappershoe.com\/es\/wp-json\/wp\/v2\/media?parent=1759"}],"wp:term":[{"taxonomy":"product_brand","embeddable":true,"href":"https:\/\/www.mappershoe.com\/es\/wp-json\/wp\/v2\/product_brand?post=1759"},{"taxonomy":"product_cat","embeddable":true,"href":"https:\/\/www.mappershoe.com\/es\/wp-json\/wp\/v2\/product_cat?post=1759"},{"taxonomy":"product_tag","embeddable":true,"href":"https:\/\/www.mappershoe.com\/es\/wp-json\/wp\/v2\/product_tag?post=1759"}],"curies":[{"name":"wp","href":"https:\/\/api.w.org\/{rel}","templated":true}]}}