{"id":1817,"date":"2025-09-08T10:00:58","date_gmt":"2025-09-08T10:00:58","guid":{"rendered":"https:\/\/www.mappershoe.com\/?post_type=product&#038;p=1817"},"modified":"2025-09-08T10:01:07","modified_gmt":"2025-09-08T10:01:07","slug":"custom-size-slippers","status":"publish","type":"product","link":"https:\/\/www.mappershoe.com\/es\/producto\/custom-size-slippers\/","title":{"rendered":"Zapatillas a medida para todas las edades, Yeezy Slides Wholesale"},"content":{"rendered":"<div class=\"wp-block-columns is-layout-flex wp-container-core-columns-is-layout-9d6595d7 wp-block-columns-is-layout-flex\">\n<div class=\"wp-block-column is-layout-flow wp-block-column-is-layout-flow\">\n<h3 class=\"wp-block-heading\">Pantuflas premium de tama\u00f1o personalizado Caracter\u00edsticas:<\/h3>\n\n\n\n<p><strong>Estilos Yeezy con estilo:<\/strong> Estas zapatillas Yeezy personalizadas al por mayor presentan dise\u00f1os chic, sencillos y elegantes, por eso son superventas.<\/p>\n\n\n\n<p><strong>Fabricado con material EVA de alta calidad:<\/strong> Nuestras zapatillas a medida son ligeras, suaves, antideslizantes y duraderas, lo que las hace adecuadas para un uso prolongado. Admitimos la personalizaci\u00f3n de logotipos y OEM\/ODM, para satisfacer tanto las necesidades de promoci\u00f3n de marca como las de venta al por mayor.<\/p>\n\n\n\n<p><strong>Varias tallas disponibles: <\/strong>Nuestras zapatillas de tama\u00f1o personalizado son adecuadas para todas las edades, desde 24-25 hasta 44-45, abarcando ni\u00f1os, adolescentes y adultos, adecuadas para el hogar, la escuela y los canales minoristas.<\/p>\n\n\n\n<p><strong>Uso interior y exterior:<\/strong> Estas chanclas Yeezy personalizadas son adecuadas tanto para interiores como para exteriores, as\u00ed como para actividades de ocio como la playa y el colegio. Aceptamos pedidos al por mayor y abastecemos al mercado mundial.<\/p>\n<\/div>\n\n\n\n<div class=\"wp-block-column is-layout-flow wp-block-column-is-layout-flow\">\n<figure class=\"wp-block-image size-full\"><img decoding=\"async\" width=\"800\" height=\"800\" src=\"https:\/\/www.mappershoe.com\/wp-content\/uploads\/2025\/09\/custom-size-slippers-for-all-ages-yeezy-slides-wholesale-2.webp\" alt=\"zapatillas-de-talla-para-todas-las-edades-zapatillas-yeezy-al-mayor-2\" class=\"wp-image-1823\" srcset=\"https:\/\/www.mappershoe.com\/wp-content\/uploads\/2025\/09\/custom-size-slippers-for-all-ages-yeezy-slides-wholesale-2.webp 800w, https:\/\/www.mappershoe.com\/wp-content\/uploads\/2025\/09\/custom-size-slippers-for-all-ages-yeezy-slides-wholesale-2-300x300.webp 300w, https:\/\/www.mappershoe.com\/wp-content\/uploads\/2025\/09\/custom-size-slippers-for-all-ages-yeezy-slides-wholesale-2-150x150.webp 150w, https:\/\/www.mappershoe.com\/wp-content\/uploads\/2025\/09\/custom-size-slippers-for-all-ages-yeezy-slides-wholesale-2-768x768.webp 768w, https:\/\/www.mappershoe.com\/wp-content\/uploads\/2025\/09\/custom-size-slippers-for-all-ages-yeezy-slides-wholesale-2-12x12.webp 12w, https:\/\/www.mappershoe.com\/wp-content\/uploads\/2025\/09\/custom-size-slippers-for-all-ages-yeezy-slides-wholesale-2-600x600.webp 600w, https:\/\/www.mappershoe.com\/wp-content\/uploads\/2025\/09\/custom-size-slippers-for-all-ages-yeezy-slides-wholesale-2-100x100.webp 100w\" sizes=\"(max-width: 800px) 100vw, 800px\" \/><\/figure>\n<\/div>\n<\/div>\n\n\n\n<p><\/p>","protected":false},"excerpt":{"rendered":"<p>Bienvenido a comprar nuestras zapatillas de tama\u00f1o personalizado. Estas zapatillas al por mayor de EVA estilo Yeezy est\u00e1n disponibles en las tallas 24-45, que cubren desde ni\u00f1os hasta adultos. Ligeras, antideslizantes y adecuadas tanto para interiores como para exteriores. Logotipo personalizado y servicios OEM\/ODM disponibles para pedidos al por mayor.<\/p>\n<h2>Tama\u00f1o personalizado Zapatillas Especificaciones:<\/h2>\n<table width=\"448\">\n<tbody>\n<tr>\n<td width=\"168\">Fabricante:<\/td>\n<td width=\"280\">Mingyi<\/td>\n<\/tr>\n<tr>\n<td>Estilo:<\/td>\n<td>Zapatillas<\/td>\n<\/tr>\n<tr>\n<td>Modelo:<\/td>\n<td>012<\/td>\n<\/tr>\n<tr>\n<td>Material:\u00a0<\/td>\n<td>EVA<\/td>\n<\/tr>\n<tr>\n<td>Color:\u00a0<\/td>\n<td width=\"280\">Blanco, Marr\u00f3n, Verde, Rosa, Caf\u00e9, Azul, Negro, Gris<\/td>\n<\/tr>\n<tr>\n<td>Tama\u00f1o:\u00a0<\/td>\n<td width=\"280\">24-25, 26-27, 28-29, 30-31, 32-33, 34-35, 36-37, 38-39, 40-41, 42-43, 44-45<\/td>\n<\/tr>\n<tr>\n<td>Opciones de personalizaci\u00f3n:\u00a0<\/td>\n<td>Logotipo (parte superior, lateral, plantilla) \/ Estampado integral \/ Color \/ Material \/ Grosor de la suela \/ Parte superior<\/td>\n<\/tr>\n<tr>\n<td>Embalaje:\u00a0<\/td>\n<td>Embalaje personalizado<\/td>\n<\/tr>\n<tr>\n<td>Muestra\uff1a<\/td>\n<td>Muestras gratuitas<\/td>\n<\/tr>\n<\/tbody>\n<\/table>","protected":false},"featured_media":1822,"comment_status":"closed","ping_status":"closed","template":"","meta":{"_acf_changed":false},"product_brand":[],"product_cat":[19],"product_tag":[25,28,26,27],"class_list":{"0":"post-1817","1":"product","2":"type-product","3":"status-publish","4":"has-post-thumbnail","6":"product_cat-slippers-in-bulk","7":"product_tag-eva-slippers-wholesale","8":"product_tag-kids-slippers-wholesale","9":"product_tag-mens-slippers-wholesale","10":"product_tag-wholesale-womens-slippers","12":"first","13":"instock","14":"shipping-taxable","15":"product-type-simple"},"acf":[],"_links":{"self":[{"href":"https:\/\/www.mappershoe.com\/es\/wp-json\/wp\/v2\/product\/1817","targetHints":{"allow":["GET"]}}],"collection":[{"href":"https:\/\/www.mappershoe.com\/es\/wp-json\/wp\/v2\/product"}],"about":[{"href":"https:\/\/www.mappershoe.com\/es\/wp-json\/wp\/v2\/types\/product"}],"replies":[{"embeddable":true,"href":"https:\/\/www.mappershoe.com\/es\/wp-json\/wp\/v2\/comments?post=1817"}],"wp:featuredmedia":[{"embeddable":true,"href":"https:\/\/www.mappershoe.com\/es\/wp-json\/wp\/v2\/media\/1822"}],"wp:attachment":[{"href":"https:\/\/www.mappershoe.com\/es\/wp-json\/wp\/v2\/media?parent=1817"}],"wp:term":[{"taxonomy":"product_brand","embeddable":true,"href":"https:\/\/www.mappershoe.com\/es\/wp-json\/wp\/v2\/product_brand?post=1817"},{"taxonomy":"product_cat","embeddable":true,"href":"https:\/\/www.mappershoe.com\/es\/wp-json\/wp\/v2\/product_cat?post=1817"},{"taxonomy":"product_tag","embeddable":true,"href":"https:\/\/www.mappershoe.com\/es\/wp-json\/wp\/v2\/product_tag?post=1817"}],"curies":[{"name":"wp","href":"https:\/\/api.w.org\/{rel}","templated":true}]}}