{"id":1831,"date":"2025-09-08T15:12:58","date_gmt":"2025-09-08T15:12:58","guid":{"rendered":"https:\/\/www.mappershoe.com\/?post_type=product&#038;p=1831"},"modified":"2025-09-12T08:58:46","modified_gmt":"2025-09-12T08:58:46","slug":"custom-slide-sandals-wholesale","status":"publish","type":"product","link":"https:\/\/www.mappershoe.com\/es\/producto\/custom-slide-sandals-wholesale\/","title":{"rendered":"Sandalias Tobog\u00e1n Personalizadas al por mayor, Sandalias Tobog\u00e1n para ni\u00f1os al por mayor"},"content":{"rendered":"<div class=\"wp-block-columns is-layout-flex wp-container-core-columns-is-layout-9d6595d7 wp-block-columns-is-layout-flex\">\n<div class=\"wp-block-column is-layout-flow wp-block-column-is-layout-flow\">\n<h3 class=\"wp-block-heading\">Sandalias deslizantes personalizadas de primera calidad al por mayor Caracter\u00edsticas:<\/h3>\n\n\n\n<p><strong>Material:<\/strong> Estas sandalias deslizantes personalizadas al por mayor est\u00e1n hechas de EVA ligera y suave. El dise\u00f1o de suela gruesa almohada diapositiva es suave y flexible, haci\u00e9ndolos c\u00f3modos incluso para largas caminatas.<\/p>\n\n\n\n<p><strong>Colores: <\/strong>Estas sandalias deslizantes personalizadas al por mayor vienen en una variedad de colores para adaptarse al gusto de cada ni\u00f1o. Disponibles en estilos normal y con diamantes para un look elegante y llamativo.<\/p>\n\n\n\n<p><strong>Gama de tallas:<\/strong> Estas chanclas almohadilladas a granel para ni\u00f1os con logotipo vienen en tallas de 130 mm a 240 mm, adecuadas para ni\u00f1os de todas las edades. Se pueden atar con cordones para transformarlas al instante en sandalias para m\u00faltiples usos.<\/p>\n\n\n\n<p><strong>Usos m\u00faltiples:<\/strong> Estas chanclas de almohada a granel para ni\u00f1os est\u00e1n hechas de EVA de una sola pieza, son resistentes al agua y f\u00e1ciles de limpiar. Pueden utilizarse como chanclas de interior, sandalias de playa o zapatillas de piscina, tanto para uso diario como en vacaciones. Admitimos la producci\u00f3n a granel, logotipos personalizados y embalajes personalizados.<\/p>\n<\/div>\n\n\n\n<div class=\"wp-block-column is-layout-flow wp-block-column-is-layout-flow\">\n<figure class=\"wp-block-image size-full\"><img decoding=\"async\" width=\"1920\" height=\"1920\" src=\"https:\/\/www.mappershoe.com\/wp-content\/uploads\/2025\/09\/custom-slide-sandals-wholesale-kids-pillow-slides-in-bulk-5.webp\" alt=\"toboganes-deslizantes-a-la-mayor-para-ni\u00f1os-en-bultos-5\" class=\"wp-image-1836\" srcset=\"https:\/\/www.mappershoe.com\/wp-content\/uploads\/2025\/09\/custom-slide-sandals-wholesale-kids-pillow-slides-in-bulk-5.webp 1920w, https:\/\/www.mappershoe.com\/wp-content\/uploads\/2025\/09\/custom-slide-sandals-wholesale-kids-pillow-slides-in-bulk-5-300x300.webp 300w, https:\/\/www.mappershoe.com\/wp-content\/uploads\/2025\/09\/custom-slide-sandals-wholesale-kids-pillow-slides-in-bulk-5-150x150.webp 150w, https:\/\/www.mappershoe.com\/wp-content\/uploads\/2025\/09\/custom-slide-sandals-wholesale-kids-pillow-slides-in-bulk-5-768x768.webp 768w, https:\/\/www.mappershoe.com\/wp-content\/uploads\/2025\/09\/custom-slide-sandals-wholesale-kids-pillow-slides-in-bulk-5-12x12.webp 12w, https:\/\/www.mappershoe.com\/wp-content\/uploads\/2025\/09\/custom-slide-sandals-wholesale-kids-pillow-slides-in-bulk-5-1200x1200.webp 1200w, https:\/\/www.mappershoe.com\/wp-content\/uploads\/2025\/09\/custom-slide-sandals-wholesale-kids-pillow-slides-in-bulk-5-600x600.webp 600w, https:\/\/www.mappershoe.com\/wp-content\/uploads\/2025\/09\/custom-slide-sandals-wholesale-kids-pillow-slides-in-bulk-5-100x100.webp 100w\" sizes=\"(max-width: 1920px) 100vw, 1920px\" \/><\/figure>\n<\/div>\n<\/div>\n\n\n\n<p><\/p>","protected":false},"excerpt":{"rendered":"<p>Bienvenido a comprar nuestras sandalias de diapositivas de encargo al por mayor. Los ni\u00f1os EVA almohada diapositivas al por mayor, disponible en colores vibrantes con la parte superior de diamantes de imitaci\u00f3n opcional. Tama\u00f1os 130mm-240mm, suave y duradero con suela antideslizante. Logotipo personalizado disponible, y el dise\u00f1o de cord\u00f3n de a\u00f1adir transforma diapositivas en sandalias para el desgaste vers\u00e1til.<\/p>\n<h2>Sandalias deslizantes personalizadas al por mayor Especificaciones:<\/h2>\n<table width=\"448\">\n<tbody>\n<tr>\n<td width=\"168\">Fabricante:<\/td>\n<td width=\"280\">Mingyi<\/td>\n<\/tr>\n<tr>\n<td>Estilo:<\/td>\n<td>Zapatillas<\/td>\n<\/tr>\n<tr>\n<td>Modelo:<\/td>\n<td>013<\/td>\n<\/tr>\n<tr>\n<td>Material:\u00a0<\/td>\n<td>EVA<\/td>\n<\/tr>\n<tr>\n<td>Color:\u00a0<\/td>\n<td width=\"280\">Colorido, Blanco, Marr\u00f3n, Gris, Azul, Verde, Celeste, Rosa, Naranja, Morado<\/td>\n<\/tr>\n<tr>\n<td>Tama\u00f1o:\u00a0<\/td>\n<td width=\"280\">14\/15(130mm), 16\/17(140mm), 18\/19(150mm), 20\/21(160mm), 22\/23(170mm), 24\/25(180mm), 26\/27(190mm), 28\/29(200mm), 30\/31(210mm), 32\/33(220mm), 34\/35(230mm), 36\/37 (240mm)<\/td>\n<\/tr>\n<tr>\n<td>Opciones de personalizaci\u00f3n:\u00a0<\/td>\n<td>Logotipo (parte superior, lateral, plantilla) \/ Estampado integral \/ Color \/ Material \/ Grosor de la suela \/ Parte superior<\/td>\n<\/tr>\n<tr>\n<td>Embalaje:\u00a0<\/td>\n<td>Embalaje personalizado<\/td>\n<\/tr>\n<tr>\n<td>Muestra\uff1a<\/td>\n<td>Muestras gratuitas<\/td>\n<\/tr>\n<\/tbody>\n<\/table>","protected":false},"featured_media":1832,"comment_status":"closed","ping_status":"closed","template":"","meta":{"_acf_changed":false},"product_brand":[],"product_cat":[19,20],"product_tag":[25,28],"class_list":{"0":"post-1831","1":"product","2":"type-product","3":"status-publish","4":"has-post-thumbnail","6":"product_cat-slippers-in-bulk","7":"product_cat-wholesale-sandals","8":"product_tag-eva-slippers-wholesale","9":"product_tag-kids-slippers-wholesale","11":"first","12":"instock","13":"shipping-taxable","14":"product-type-simple"},"acf":[],"_links":{"self":[{"href":"https:\/\/www.mappershoe.com\/es\/wp-json\/wp\/v2\/product\/1831","targetHints":{"allow":["GET"]}}],"collection":[{"href":"https:\/\/www.mappershoe.com\/es\/wp-json\/wp\/v2\/product"}],"about":[{"href":"https:\/\/www.mappershoe.com\/es\/wp-json\/wp\/v2\/types\/product"}],"replies":[{"embeddable":true,"href":"https:\/\/www.mappershoe.com\/es\/wp-json\/wp\/v2\/comments?post=1831"}],"wp:featuredmedia":[{"embeddable":true,"href":"https:\/\/www.mappershoe.com\/es\/wp-json\/wp\/v2\/media\/1832"}],"wp:attachment":[{"href":"https:\/\/www.mappershoe.com\/es\/wp-json\/wp\/v2\/media?parent=1831"}],"wp:term":[{"taxonomy":"product_brand","embeddable":true,"href":"https:\/\/www.mappershoe.com\/es\/wp-json\/wp\/v2\/product_brand?post=1831"},{"taxonomy":"product_cat","embeddable":true,"href":"https:\/\/www.mappershoe.com\/es\/wp-json\/wp\/v2\/product_cat?post=1831"},{"taxonomy":"product_tag","embeddable":true,"href":"https:\/\/www.mappershoe.com\/es\/wp-json\/wp\/v2\/product_tag?post=1831"}],"curies":[{"name":"wp","href":"https:\/\/api.w.org\/{rel}","templated":true}]}}