{"id":1856,"date":"2025-09-19T06:18:42","date_gmt":"2025-09-19T06:18:42","guid":{"rendered":"https:\/\/www.mappershoe.com\/?post_type=product&#038;p=1856"},"modified":"2025-09-19T07:25:39","modified_gmt":"2025-09-19T07:25:39","slug":"custom-logo-crocs","status":"publish","type":"product","link":"https:\/\/www.mappershoe.com\/es\/producto\/custom-logo-crocs\/","title":{"rendered":"Logotipo personalizado Crocs para ni\u00f1os, Eva Kids Clog Slippers Wholesale"},"content":{"rendered":"<div class=\"wp-block-columns is-layout-flex wp-container-core-columns-is-layout-9d6595d7 wp-block-columns-is-layout-flex\">\n<div class=\"wp-block-column is-layout-flow wp-block-column-is-layout-flow\">\n<h3 class=\"wp-block-heading\">Logotipo personalizado de primera calidad Crocs para ni\u00f1os Caracter\u00edsticas:<\/h3>\n\n\n\n<p><strong>Dise\u00f1o personalizable:<\/strong> Estas zapatillas zueco para ni\u00f1os admiten la impresi\u00f3n de logotipos al por mayor (parte superior, laterales, plantilla), estampados completos y m\u00faltiples opciones de color.<\/p>\n\n\n\n<p><strong>Material EVA de calidad:<\/strong> Estos crocs con logotipo personalizado para ni\u00f1os est\u00e1n fabricados con material EVA de primera calidad y son ligeros, suaves, antideslizantes y duraderos para su uso en interiores y exteriores.<\/p>\n\n\n\n<p><strong>Ajuste c\u00f3modo: <\/strong>Estos crocs con logotipo personalizado para ni\u00f1os est\u00e1n dise\u00f1ados para pies de tama\u00f1o infantil para proporcionar comodidad durante todo el d\u00eda.<\/p>\n\n\n\n<p><strong>A la moda y pr\u00e1ctico:<\/strong> Estas zapatillas zueco para ni\u00f1os al por mayor de moda eva estilo zueco amado por los ni\u00f1os y ni\u00f1as, f\u00e1cil de llevar y limpiar.<\/p>\n\n\n\n<p><strong>Listo para la venta al por mayor: <\/strong>Estos Crocs con logotipo personalizado para ni\u00f1os son perfectos para marcas, minoristas, regalos promocionales o pedidos al por mayor.<\/p>\n<\/div>\n\n\n\n<div class=\"wp-block-column is-layout-flow wp-block-column-is-layout-flow\">\n<figure class=\"wp-block-image size-full\"><img decoding=\"async\" width=\"800\" height=\"800\" src=\"https:\/\/www.mappershoe.com\/wp-content\/uploads\/2025\/09\/custom-logo-crocs-for-children-kids-clog-slippers-wholesale-2.webp\" alt=\"custom-logo-crocs-for-children-kids-clog-slippers-wholesale-2\" class=\"wp-image-1858\" srcset=\"https:\/\/www.mappershoe.com\/wp-content\/uploads\/2025\/09\/custom-logo-crocs-for-children-kids-clog-slippers-wholesale-2.webp 800w, https:\/\/www.mappershoe.com\/wp-content\/uploads\/2025\/09\/custom-logo-crocs-for-children-kids-clog-slippers-wholesale-2-300x300.webp 300w, https:\/\/www.mappershoe.com\/wp-content\/uploads\/2025\/09\/custom-logo-crocs-for-children-kids-clog-slippers-wholesale-2-150x150.webp 150w, https:\/\/www.mappershoe.com\/wp-content\/uploads\/2025\/09\/custom-logo-crocs-for-children-kids-clog-slippers-wholesale-2-768x768.webp 768w, https:\/\/www.mappershoe.com\/wp-content\/uploads\/2025\/09\/custom-logo-crocs-for-children-kids-clog-slippers-wholesale-2-12x12.webp 12w, https:\/\/www.mappershoe.com\/wp-content\/uploads\/2025\/09\/custom-logo-crocs-for-children-kids-clog-slippers-wholesale-2-600x600.webp 600w, https:\/\/www.mappershoe.com\/wp-content\/uploads\/2025\/09\/custom-logo-crocs-for-children-kids-clog-slippers-wholesale-2-100x100.webp 100w\" sizes=\"(max-width: 800px) 100vw, 800px\" \/><\/figure>\n<\/div>\n<\/div>\n\n\n\n<p><\/p>","protected":false},"excerpt":{"rendered":"<p>Bienvenido a comprar estas chanclas Crocs con logotipo personalizado, dise\u00f1adas para ni\u00f1os y ni\u00f1as. Ligeras, duraderas y antideslizantes, estos zuecos para ni\u00f1os ofrecen opciones de personalizaci\u00f3n completas, incluida la impresi\u00f3n del logotipo, la selecci\u00f3n de colores y la elecci\u00f3n de materiales. Ideales para pedidos al por mayor, cadenas minoristas, regalos promocionales y proyectos de marca OEM\/ODM.<\/p>\n<h2>Logotipo personalizado Crocs para ni\u00f1os Especificaciones:<\/h2>\n<table width=\"448\">\n<tbody>\n<tr>\n<td width=\"168\">Fabricante:<\/td>\n<td width=\"280\">Mingyi<\/td>\n<\/tr>\n<tr>\n<td>Estilo:<\/td>\n<td>Zapatos Crocs<\/td>\n<\/tr>\n<tr>\n<td>Modelo:<\/td>\n<td>101<\/td>\n<\/tr>\n<tr>\n<td>Material:\u00a0<\/td>\n<td>PVC<\/td>\n<\/tr>\n<tr>\n<td>Color:\u00a0<\/td>\n<td width=\"280\">negro, blanco, rojo, rosa, amarillo, verde menta, caqui, azul, azul oscuro, azul neblina, azul claro, rojo rosa, albaricoque, verde militar<\/td>\n<\/tr>\n<tr>\n<td>Tama\u00f1o:\u00a0<\/td>\n<td width=\"280\">C8\/14CM, C9\/15CM, C10\/16CM, C11\/17CM, C12\/18CM, C13\/19CM, J1\/20CM, J2\/21CM, J3\/22CM<\/td>\n<\/tr>\n<tr>\n<td>Opciones de personalizaci\u00f3n:\u00a0<\/td>\n<td>Logotipo (parte superior, lateral, plantilla) \/ Estampado integral \/ Color \/ Material \/ Grosor de la suela \/ Parte superior<\/td>\n<\/tr>\n<tr>\n<td>Embalaje:\u00a0<\/td>\n<td>Embalaje personalizado<\/td>\n<\/tr>\n<tr>\n<td>Muestra\uff1a<\/td>\n<td>Muestras gratuitas<\/td>\n<\/tr>\n<\/tbody>\n<\/table>","protected":false},"featured_media":1857,"comment_status":"closed","ping_status":"closed","template":"","meta":{"_acf_changed":false},"product_brand":[],"product_cat":[18],"product_tag":[25,28],"class_list":{"0":"post-1856","1":"product","2":"type-product","3":"status-publish","4":"has-post-thumbnail","6":"product_cat-wholesale-crocs-shoes","7":"product_tag-eva-slippers-wholesale","8":"product_tag-kids-slippers-wholesale","10":"first","11":"instock","12":"shipping-taxable","13":"product-type-simple"},"acf":[],"_links":{"self":[{"href":"https:\/\/www.mappershoe.com\/es\/wp-json\/wp\/v2\/product\/1856","targetHints":{"allow":["GET"]}}],"collection":[{"href":"https:\/\/www.mappershoe.com\/es\/wp-json\/wp\/v2\/product"}],"about":[{"href":"https:\/\/www.mappershoe.com\/es\/wp-json\/wp\/v2\/types\/product"}],"replies":[{"embeddable":true,"href":"https:\/\/www.mappershoe.com\/es\/wp-json\/wp\/v2\/comments?post=1856"}],"wp:featuredmedia":[{"embeddable":true,"href":"https:\/\/www.mappershoe.com\/es\/wp-json\/wp\/v2\/media\/1857"}],"wp:attachment":[{"href":"https:\/\/www.mappershoe.com\/es\/wp-json\/wp\/v2\/media?parent=1856"}],"wp:term":[{"taxonomy":"product_brand","embeddable":true,"href":"https:\/\/www.mappershoe.com\/es\/wp-json\/wp\/v2\/product_brand?post=1856"},{"taxonomy":"product_cat","embeddable":true,"href":"https:\/\/www.mappershoe.com\/es\/wp-json\/wp\/v2\/product_cat?post=1856"},{"taxonomy":"product_tag","embeddable":true,"href":"https:\/\/www.mappershoe.com\/es\/wp-json\/wp\/v2\/product_tag?post=1856"}],"curies":[{"name":"wp","href":"https:\/\/api.w.org\/{rel}","templated":true}]}}