{"id":1874,"date":"2025-09-23T03:32:38","date_gmt":"2025-09-23T03:32:38","guid":{"rendered":"https:\/\/www.mappershoe.com\/?post_type=product&#038;p=1874"},"modified":"2025-09-23T03:32:43","modified_gmt":"2025-09-23T03:32:43","slug":"slipper-uppers-wholesale","status":"publish","type":"product","link":"https:\/\/www.mappershoe.com\/es\/producto\/slipper-uppers-wholesale\/","title":{"rendered":"Zapatillas de PVC al por mayor, PVC al por mayor"},"content":{"rendered":"<div class=\"wp-block-columns is-layout-flex wp-container-core-columns-is-layout-9d6595d7 wp-block-columns-is-layout-flex\">\n<div class=\"wp-block-column is-layout-flow wp-block-column-is-layout-flow\">\n<h3 class=\"wp-block-heading\">Premium personalizado impreso zapatillas al por mayor Caracter\u00edsticas:<\/h3>\n\n\n\n<p><strong>Varias opciones de personalizaci\u00f3n:<\/strong> Mingyi ofrece serigraf\u00eda, impresi\u00f3n por transferencia t\u00e9rmica, impresi\u00f3n l\u00e1ser, estampado en relieve, bordado y otros procesos para adaptarse a las necesidades de los distintos estilos de las marcas de los slipeers.<\/p>\n\n\n\n<p><strong>Material de PVC de calidad superior: <\/strong>Nuestras zapatillas personalizadas al por mayor son flexibles, duraderas, impermeables y f\u00e1ciles de limpiar. Son adecuados para la producci\u00f3n a gran escala y el uso a largo plazo.<\/p>\n\n\n\n<p><strong>Varios colores y tama\u00f1os: <\/strong>Las zapatillas estampadas al por mayor est\u00e1n disponibles en m\u00faltiples tama\u00f1os y colores, compatibles con diferentes suelas para satisfacer las necesidades de las zapatillas para ni\u00f1os, hombres y mujeres.<\/p>\n\n\n\n<p><strong>Gran compatibilidad:<\/strong> Las zapatillas estampadas al por mayor son compatibles con una gran variedad de suelas de zapatillas de PVC\/EVA, adecuadas para zapatillas de casa, zapatillas de playa, zapatillas de jard\u00edn, etc.<\/p>\n\n\n\n<p><strong>Ventajas de la personalizaci\u00f3n al por mayor:<\/strong> Nuestras zapatillas de PVC personalizadas admiten la personalizaci\u00f3n a granel OEM\/ODM con cantidades de pedido m\u00ednimas bajas, adecuadas para marcas, mayoristas y f\u00e1bricas.<\/p>\n<\/div>\n\n\n\n<div class=\"wp-block-column is-layout-flow wp-block-column-is-layout-flow\">\n<figure class=\"wp-block-image size-full\"><img decoding=\"async\" width=\"1200\" height=\"1200\" src=\"https:\/\/www.mappershoe.com\/wp-content\/uploads\/2025\/09\/custom-printed-slipper-uppers-wholesale-pvc-upper-bulk-2.webp\" alt=\"zapatillas-slipper-uppers-impresas-a-la-medida-pvc-upper-bulk-2\" class=\"wp-image-1876\" srcset=\"https:\/\/www.mappershoe.com\/wp-content\/uploads\/2025\/09\/custom-printed-slipper-uppers-wholesale-pvc-upper-bulk-2.webp 1200w, https:\/\/www.mappershoe.com\/wp-content\/uploads\/2025\/09\/custom-printed-slipper-uppers-wholesale-pvc-upper-bulk-2-300x300.webp 300w, https:\/\/www.mappershoe.com\/wp-content\/uploads\/2025\/09\/custom-printed-slipper-uppers-wholesale-pvc-upper-bulk-2-150x150.webp 150w, https:\/\/www.mappershoe.com\/wp-content\/uploads\/2025\/09\/custom-printed-slipper-uppers-wholesale-pvc-upper-bulk-2-768x768.webp 768w, https:\/\/www.mappershoe.com\/wp-content\/uploads\/2025\/09\/custom-printed-slipper-uppers-wholesale-pvc-upper-bulk-2-12x12.webp 12w, https:\/\/www.mappershoe.com\/wp-content\/uploads\/2025\/09\/custom-printed-slipper-uppers-wholesale-pvc-upper-bulk-2-600x600.webp 600w, https:\/\/www.mappershoe.com\/wp-content\/uploads\/2025\/09\/custom-printed-slipper-uppers-wholesale-pvc-upper-bulk-2-100x100.webp 100w\" sizes=\"(max-width: 1200px) 100vw, 1200px\" \/><\/figure>\n<\/div>\n<\/div>\n\n\n\n<p><\/p>","protected":false},"excerpt":{"rendered":"<p>Bienvenido a comprar nuestras zapatillas de PVC impresas al por mayor con opciones de impresi\u00f3n personalizadas, incluyendo grabado en relieve, l\u00e1ser y bordado. Estos duraderos empeines de PVC est\u00e1n disponibles en m\u00faltiples colores y tama\u00f1os y est\u00e1n dise\u00f1ados espec\u00edficamente para ser combinados con suelas de EVA o PVC para una variedad de estilos de zapatillas. Son una gran opci\u00f3n para pedidos al por mayor, proyectos OEM\/ODM y fabricantes de calzado que buscan componentes de zapatillas personalizables y de alta calidad.<\/p>\n<h2>Personalizado Impreso Zapatillas al por mayor Especificaciones:<\/h2>\n<table width=\"448\">\n<tbody>\n<tr>\n<td width=\"168\">Fabricante:<\/td>\n<td width=\"280\">Mingyi<\/td>\n<\/tr>\n<tr>\n<td>Estilo:<\/td>\n<td>Piezas deslizantes<\/td>\n<\/tr>\n<tr>\n<td>Modelo:<\/td>\n<td>1002<\/td>\n<\/tr>\n<tr>\n<td>Material:\u00a0<\/td>\n<td>PVC<\/td>\n<\/tr>\n<tr>\n<td>Color:\u00a0<\/td>\n<td width=\"280\">A medida<\/td>\n<\/tr>\n<tr>\n<td>Tama\u00f1o:\u00a0<\/td>\n<td width=\"280\">A medida<\/td>\n<\/tr>\n<tr>\n<td>Opciones de personalizaci\u00f3n:\u00a0<\/td>\n<td>Logotipo (parte superior, lateral, plantilla) \/ Estampado integral \/ Color \/ Material \/ Grosor de la suela \/ Parte superior<\/td>\n<\/tr>\n<tr>\n<td>Embalaje:\u00a0<\/td>\n<td>Embalaje personalizado<\/td>\n<\/tr>\n<tr>\n<td>Muestra\uff1a<\/td>\n<td>Muestras gratuitas<\/td>\n<\/tr>\n<\/tbody>\n<\/table>","protected":false},"featured_media":1875,"comment_status":"closed","ping_status":"closed","template":"","meta":{"_acf_changed":false},"product_brand":[],"product_cat":[16],"product_tag":[],"class_list":{"0":"post-1874","1":"product","2":"type-product","3":"status-publish","4":"has-post-thumbnail","6":"product_cat-wholesale-slipper-parts","8":"first","9":"instock","10":"shipping-taxable","11":"product-type-simple"},"acf":[],"_links":{"self":[{"href":"https:\/\/www.mappershoe.com\/es\/wp-json\/wp\/v2\/product\/1874","targetHints":{"allow":["GET"]}}],"collection":[{"href":"https:\/\/www.mappershoe.com\/es\/wp-json\/wp\/v2\/product"}],"about":[{"href":"https:\/\/www.mappershoe.com\/es\/wp-json\/wp\/v2\/types\/product"}],"replies":[{"embeddable":true,"href":"https:\/\/www.mappershoe.com\/es\/wp-json\/wp\/v2\/comments?post=1874"}],"wp:featuredmedia":[{"embeddable":true,"href":"https:\/\/www.mappershoe.com\/es\/wp-json\/wp\/v2\/media\/1875"}],"wp:attachment":[{"href":"https:\/\/www.mappershoe.com\/es\/wp-json\/wp\/v2\/media?parent=1874"}],"wp:term":[{"taxonomy":"product_brand","embeddable":true,"href":"https:\/\/www.mappershoe.com\/es\/wp-json\/wp\/v2\/product_brand?post=1874"},{"taxonomy":"product_cat","embeddable":true,"href":"https:\/\/www.mappershoe.com\/es\/wp-json\/wp\/v2\/product_cat?post=1874"},{"taxonomy":"product_tag","embeddable":true,"href":"https:\/\/www.mappershoe.com\/es\/wp-json\/wp\/v2\/product_tag?post=1874"}],"curies":[{"name":"wp","href":"https:\/\/api.w.org\/{rel}","templated":true}]}}