{"id":1881,"date":"2025-09-23T06:43:42","date_gmt":"2025-09-23T06:43:42","guid":{"rendered":"https:\/\/www.mappershoe.com\/?post_type=product&#038;p=1881"},"modified":"2025-09-23T06:43:46","modified_gmt":"2025-09-23T06:43:46","slug":"custom-croc-charms","status":"publish","type":"product","link":"https:\/\/www.mappershoe.com\/es\/producto\/custom-croc-charms\/","title":{"rendered":"Custom Croc Charms, 26 Letter Gold Garden Shoes Charm Bulk"},"content":{"rendered":"<div class=\"wp-block-columns is-layout-flex wp-container-core-columns-is-layout-9d6595d7 wp-block-columns-is-layout-flex\">\n<div class=\"wp-block-column is-layout-flow wp-block-column-is-layout-flow\">\n<h3 class=\"wp-block-heading\">Premium Custom Croc Charms Caracter\u00edsticas:<\/h3>\n\n\n\n<p><strong>Colecci\u00f3n Alfabeto Completo:<\/strong> Estos colgantes de cocodrilo personalizados eligen entre 26 letras de la A a la Z para crear su propio nombre, marca o eslogan.<\/p>\n\n\n\n<p><strong>Acabado met\u00e1lico:<\/strong> Estos colgantes de cocodrilo personalizados est\u00e1n hechos de metal de alta calidad. Este colgante es resistente y suave, de primera calidad.<\/p>\n\n\n\n<p><strong>Dise\u00f1o de fantas\u00eda con incrustaciones de diamantes:<\/strong> Los diamantes simulados contrastados con un acabado dorado resultan elegantes y muy brillantes, lo que a\u00f1ade valor al conjunto de su zapato zueco de jard\u00edn.<\/p>\n\n\n\n<p><strong>Instalaci\u00f3n segura:<\/strong> Estos zapatos encanto a granel dise\u00f1ado espec\u00edficamente para EVA \/ Crocs zapatos de jard\u00edn, este encanto se ajusta de forma segura y se resiste a caerse. Adecuado para zapatos de ni\u00f1os y adultos.<\/p>\n\n\n\n<p><strong>Apoyo a la venta al por mayor y la personalizaci\u00f3n: <\/strong>Ofrecemos venta al por mayor a granel, personalizaci\u00f3n OEM\/ODM y envases de marca, perfectos para minoristas, distribuidores y proyectos de regalo.<\/p>\n<\/div>\n\n\n\n<div class=\"wp-block-column is-layout-flow wp-block-column-is-layout-flow\">\n<figure class=\"wp-block-image size-full\"><img decoding=\"async\" width=\"1000\" height=\"1000\" src=\"https:\/\/www.mappershoe.com\/wp-content\/uploads\/2025\/09\/custom-croc-charms-26-letter-gold-garden-shoes-charm-bulk-4.webp\" alt=\"custom-croc-charms-26-letter-gold-garden-shoes-charm-bulk-4\" class=\"wp-image-1885\" srcset=\"https:\/\/www.mappershoe.com\/wp-content\/uploads\/2025\/09\/custom-croc-charms-26-letter-gold-garden-shoes-charm-bulk-4.webp 1000w, https:\/\/www.mappershoe.com\/wp-content\/uploads\/2025\/09\/custom-croc-charms-26-letter-gold-garden-shoes-charm-bulk-4-300x300.webp 300w, https:\/\/www.mappershoe.com\/wp-content\/uploads\/2025\/09\/custom-croc-charms-26-letter-gold-garden-shoes-charm-bulk-4-150x150.webp 150w, https:\/\/www.mappershoe.com\/wp-content\/uploads\/2025\/09\/custom-croc-charms-26-letter-gold-garden-shoes-charm-bulk-4-768x768.webp 768w, https:\/\/www.mappershoe.com\/wp-content\/uploads\/2025\/09\/custom-croc-charms-26-letter-gold-garden-shoes-charm-bulk-4-12x12.webp 12w, https:\/\/www.mappershoe.com\/wp-content\/uploads\/2025\/09\/custom-croc-charms-26-letter-gold-garden-shoes-charm-bulk-4-600x600.webp 600w, https:\/\/www.mappershoe.com\/wp-content\/uploads\/2025\/09\/custom-croc-charms-26-letter-gold-garden-shoes-charm-bulk-4-100x100.webp 100w\" sizes=\"(max-width: 1000px) 100vw, 1000px\" \/><\/figure>\n<\/div>\n<\/div>\n\n\n\n<p><\/p>","protected":false},"excerpt":{"rendered":"<p>Bienvenido a comprar nuestros encantos croc personalizados. Mingyi venta al por mayor de metal 26 letras de oro Diamante Croc encantos para los zapatos de jard\u00edn. Construcci\u00f3n de metal duradero con dise\u00f1o de diamante brillante, que ofrece una personalizaci\u00f3n con estilo para EVA y zapatos Crocs. Ideal para pedidos al por mayor, colecciones al por menor, proyectos de marca y personalizaci\u00f3n OEM\/ODM.<\/p>\n<h2>Custom Croc Charms Especificaciones:<\/h2>\n<table width=\"419\">\n<tbody>\n<tr>\n<td width=\"115\">Fabricante:<\/td>\n<td width=\"304\">Mingyi<\/td>\n<\/tr>\n<tr>\n<td>Estilo:<\/td>\n<td>Colgantes de cocodrilo<\/td>\n<\/tr>\n<tr>\n<td>Modelo:<\/td>\n<td>1003<\/td>\n<\/tr>\n<tr>\n<td>Material:\u00a0<\/td>\n<td>metal<\/td>\n<\/tr>\n<tr>\n<td>Color:\u00a0<\/td>\n<td width=\"304\">A medida<\/td>\n<\/tr>\n<tr>\n<td>Tama\u00f1o:\u00a0<\/td>\n<td width=\"304\">A medida<\/td>\n<\/tr>\n<tr>\n<td>Opciones de personalizaci\u00f3n:\u00a0<\/td>\n<td>Charms personalizados<\/td>\n<\/tr>\n<tr>\n<td>Embalaje:\u00a0<\/td>\n<td>Embalaje personalizado<\/td>\n<\/tr>\n<tr>\n<td>Muestra\uff1a<\/td>\n<td>Muestras gratuitas<\/td>\n<\/tr>\n<\/tbody>\n<\/table>","protected":false},"featured_media":1882,"comment_status":"closed","ping_status":"closed","template":"","meta":{"_acf_changed":false},"product_brand":[],"product_cat":[29],"product_tag":[],"class_list":{"0":"post-1881","1":"product","2":"type-product","3":"status-publish","4":"has-post-thumbnail","6":"product_cat-wholesale-croc-charms","8":"first","9":"instock","10":"shipping-taxable","11":"product-type-simple"},"acf":[],"_links":{"self":[{"href":"https:\/\/www.mappershoe.com\/es\/wp-json\/wp\/v2\/product\/1881","targetHints":{"allow":["GET"]}}],"collection":[{"href":"https:\/\/www.mappershoe.com\/es\/wp-json\/wp\/v2\/product"}],"about":[{"href":"https:\/\/www.mappershoe.com\/es\/wp-json\/wp\/v2\/types\/product"}],"replies":[{"embeddable":true,"href":"https:\/\/www.mappershoe.com\/es\/wp-json\/wp\/v2\/comments?post=1881"}],"wp:featuredmedia":[{"embeddable":true,"href":"https:\/\/www.mappershoe.com\/es\/wp-json\/wp\/v2\/media\/1882"}],"wp:attachment":[{"href":"https:\/\/www.mappershoe.com\/es\/wp-json\/wp\/v2\/media?parent=1881"}],"wp:term":[{"taxonomy":"product_brand","embeddable":true,"href":"https:\/\/www.mappershoe.com\/es\/wp-json\/wp\/v2\/product_brand?post=1881"},{"taxonomy":"product_cat","embeddable":true,"href":"https:\/\/www.mappershoe.com\/es\/wp-json\/wp\/v2\/product_cat?post=1881"},{"taxonomy":"product_tag","embeddable":true,"href":"https:\/\/www.mappershoe.com\/es\/wp-json\/wp\/v2\/product_tag?post=1881"}],"curies":[{"name":"wp","href":"https:\/\/api.w.org\/{rel}","templated":true}]}}