{"id":1925,"date":"2025-10-15T06:51:22","date_gmt":"2025-10-15T06:51:22","guid":{"rendered":"https:\/\/www.mappershoe.com\/?post_type=product&#038;p=1925"},"modified":"2025-10-15T06:51:26","modified_gmt":"2025-10-15T06:51:26","slug":"croc-charms-bulk","status":"publish","type":"product","link":"https:\/\/www.mappershoe.com\/es\/producto\/croc-charms-bulk\/","title":{"rendered":"Labubu Croc Charms Bulk, Custom Garden Sandals Charms Accesorios"},"content":{"rendered":"<div class=\"wp-block-columns is-layout-flex wp-container-core-columns-is-layout-9d6595d7 wp-block-columns-is-layout-flex\">\n<div class=\"wp-block-column is-layout-flow wp-block-column-is-layout-flow\">\n<h3 class=\"wp-block-heading\">Premium Labubu Croc Charms Granel Caracter\u00edsticas:<\/h3>\n\n\n\n<p><strong>Dise\u00f1o creativo Labubu:<\/strong> Los colgantes de cocodrilo a granel lucen un distintivo dise\u00f1o de dibujos animados de Labubu que realza el estilo y atrae las miradas de los j\u00f3venes consumidores y del mercado de la moda m\u00e1s actual.<\/p>\n\n\n\n<p><strong>Material de goma duradero:<\/strong> Los dijes de cocodrilo a granel utilizan caucho altamente el\u00e1stico y respetuoso con el medio ambiente, lo que los hace flexibles, duraderos y resistentes a la decoloraci\u00f3n o la rotura. Son adecuados para varios estilos de zapatos, incluyendo EVA \/ PVC zapatos de jard\u00edn y Crocs.<\/p>\n\n\n\n<p><strong>Opciones personalizables:<\/strong> Los colgantes de cocodrilo a granel admiten la personalizaci\u00f3n OEM\/ODM, incluidos el color, el logotipo, el dise\u00f1o y el embalaje, para satisfacer las necesidades de personalizaci\u00f3n de la marca y de promoci\u00f3n de regalos.<\/p>\n\n\n\n<p><strong>F\u00e1cil instalaci\u00f3n y ajuste seguro: <\/strong>Nuestros colgantes personalizados para sandalias de jard\u00edn presentan un dise\u00f1o a presi\u00f3n para una instalaci\u00f3n f\u00e1cil y un ajuste seguro, lo que los hace adecuados para accesorios de calzado al por mayor, al por menor y personalizados para marcas.<\/p>\n\n\n\n<p><strong>Suministro al por mayor a granel:<\/strong> Nuestros abalorios personalizados para sandalias de jard\u00edn ofrecen grandes cantidades y bajos MOQ, lo que los hace adecuados para compras al por mayor por parte de vendedores transfronterizos, plataformas de comercio electr\u00f3nico, marcas de calzado y empresas de regalos.<\/p>\n<\/div>\n\n\n\n<div class=\"wp-block-column is-layout-flow wp-block-column-is-layout-flow\">\n<figure class=\"wp-block-image size-full\"><img decoding=\"async\" width=\"1000\" height=\"1000\" src=\"https:\/\/www.mappershoe.com\/wp-content\/uploads\/2025\/10\/labubu-croc-charms-bulk-custom-garden-sandals-charms-accessories-3.webp\" alt=\"labubu-croc-charms-bulk-garden-sandals-charms-accessories-3\" class=\"wp-image-1928\" srcset=\"https:\/\/www.mappershoe.com\/wp-content\/uploads\/2025\/10\/labubu-croc-charms-bulk-custom-garden-sandals-charms-accessories-3.webp 1000w, https:\/\/www.mappershoe.com\/wp-content\/uploads\/2025\/10\/labubu-croc-charms-bulk-custom-garden-sandals-charms-accessories-3-300x300.webp 300w, https:\/\/www.mappershoe.com\/wp-content\/uploads\/2025\/10\/labubu-croc-charms-bulk-custom-garden-sandals-charms-accessories-3-150x150.webp 150w, https:\/\/www.mappershoe.com\/wp-content\/uploads\/2025\/10\/labubu-croc-charms-bulk-custom-garden-sandals-charms-accessories-3-768x768.webp 768w, https:\/\/www.mappershoe.com\/wp-content\/uploads\/2025\/10\/labubu-croc-charms-bulk-custom-garden-sandals-charms-accessories-3-12x12.webp 12w, https:\/\/www.mappershoe.com\/wp-content\/uploads\/2025\/10\/labubu-croc-charms-bulk-custom-garden-sandals-charms-accessories-3-600x600.webp 600w, https:\/\/www.mappershoe.com\/wp-content\/uploads\/2025\/10\/labubu-croc-charms-bulk-custom-garden-sandals-charms-accessories-3-100x100.webp 100w\" sizes=\"(max-width: 1000px) 100vw, 1000px\" \/><\/figure>\n<\/div>\n<\/div>\n\n\n\n<p><\/p>","protected":false},"excerpt":{"rendered":"<p>Bienvenido a comprar el Labubu croc encantos a granel est\u00e1n hechos de caucho duradero y perfecto para sandalias de jard\u00edn personalizado. Soporte OEM \/ ODM logotipo y personalizaci\u00f3n de la forma, ideal para marcas y mayoristas que buscan accesorios de zapatos creativos.<\/p>\n<h2>Labubu Croc Charms Bulk Especificaciones:<\/h2>\n<table width=\"419\">\n<tbody>\n<tr>\n<td width=\"115\">Fabricante:<\/td>\n<td width=\"304\">Mingyi<\/td>\n<\/tr>\n<tr>\n<td>Estilo:<\/td>\n<td>Colgantes de cocodrilo<\/td>\n<\/tr>\n<tr>\n<td>Modelo:<\/td>\n<td>1004<\/td>\n<\/tr>\n<tr>\n<td>Material:\u00a0<\/td>\n<td>goma<\/td>\n<\/tr>\n<tr>\n<td>Color:\u00a0<\/td>\n<td width=\"304\">A medida<\/td>\n<\/tr>\n<tr>\n<td>Tama\u00f1o:\u00a0<\/td>\n<td width=\"304\">A medida<\/td>\n<\/tr>\n<tr>\n<td>Opciones de personalizaci\u00f3n:\u00a0<\/td>\n<td>encantos personalizados<\/td>\n<\/tr>\n<tr>\n<td>Embalaje:\u00a0<\/td>\n<td>Embalaje personalizado<\/td>\n<\/tr>\n<tr>\n<td>Muestra\uff1a<\/td>\n<td>Muestras gratuitas<\/td>\n<\/tr>\n<\/tbody>\n<\/table>","protected":false},"featured_media":1926,"comment_status":"closed","ping_status":"closed","template":"","meta":{"_acf_changed":false},"product_brand":[],"product_cat":[29],"product_tag":[],"class_list":{"0":"post-1925","1":"product","2":"type-product","3":"status-publish","4":"has-post-thumbnail","6":"product_cat-wholesale-croc-charms","8":"first","9":"instock","10":"shipping-taxable","11":"product-type-simple"},"acf":[],"_links":{"self":[{"href":"https:\/\/www.mappershoe.com\/es\/wp-json\/wp\/v2\/product\/1925","targetHints":{"allow":["GET"]}}],"collection":[{"href":"https:\/\/www.mappershoe.com\/es\/wp-json\/wp\/v2\/product"}],"about":[{"href":"https:\/\/www.mappershoe.com\/es\/wp-json\/wp\/v2\/types\/product"}],"replies":[{"embeddable":true,"href":"https:\/\/www.mappershoe.com\/es\/wp-json\/wp\/v2\/comments?post=1925"}],"wp:featuredmedia":[{"embeddable":true,"href":"https:\/\/www.mappershoe.com\/es\/wp-json\/wp\/v2\/media\/1926"}],"wp:attachment":[{"href":"https:\/\/www.mappershoe.com\/es\/wp-json\/wp\/v2\/media?parent=1925"}],"wp:term":[{"taxonomy":"product_brand","embeddable":true,"href":"https:\/\/www.mappershoe.com\/es\/wp-json\/wp\/v2\/product_brand?post=1925"},{"taxonomy":"product_cat","embeddable":true,"href":"https:\/\/www.mappershoe.com\/es\/wp-json\/wp\/v2\/product_cat?post=1925"},{"taxonomy":"product_tag","embeddable":true,"href":"https:\/\/www.mappershoe.com\/es\/wp-json\/wp\/v2\/product_tag?post=1925"}],"curies":[{"name":"wp","href":"https:\/\/api.w.org\/{rel}","templated":true}]}}