{"id":1932,"date":"2025-10-15T07:39:14","date_gmt":"2025-10-15T07:39:14","guid":{"rendered":"https:\/\/www.mappershoe.com\/?post_type=product&#038;p=1932"},"modified":"2025-10-15T07:39:19","modified_gmt":"2025-10-15T07:39:19","slug":"crocs-charms-bulk","status":"publish","type":"product","link":"https:\/\/www.mappershoe.com\/es\/producto\/crocs-charms-bulk\/","title":{"rendered":"Crocs Charms Bulk, Custom Shoe Charms Sneaker-Inspired Styles"},"content":{"rendered":"<div class=\"wp-block-columns is-layout-flex wp-container-core-columns-is-layout-9d6595d7 wp-block-columns-is-layout-flex\">\n<div class=\"wp-block-column is-layout-flow wp-block-column-is-layout-flow\">\n<h3 class=\"wp-block-heading\">Premium Crocs Charms Caracter\u00edsticas a granel:<\/h3>\n\n\n\n<p><strong>Looks innovadores inspirados en las zapatillas:<\/strong> Los abalorios Crocs a granel est\u00e1n inspirados en zapatillas muy populares de Nike, Adidas y otras marcas similares, proporcionando a los Crocs un aspecto moderno y personalizado.<\/p>\n\n\n\n<p><strong>Material blando por excelencia:<\/strong> Los Crocs charms a granel se componen de caucho blando de primera calidad que es impermeable, ligero de peso, libre de olores y lo suficientemente duradero para un uso repetido.<\/p>\n\n\n\n<p><strong>Ajuste ideal para Crocs y Jibbitz Holes:<\/strong> Estos crocs encantos a granel son de tama\u00f1o espec\u00edfico y totalmente compatible con los agujeros de zapatos Croc para un ajuste perfecto.<\/p>\n\n\n\n<p><strong>Opci\u00f3n de personalizaci\u00f3n masiva:<\/strong> Los colgantes a granel de Crocs ofrecen facilidades de personalizaci\u00f3n a granel, como impresi\u00f3n de logotipos, modificaci\u00f3n de colores y dise\u00f1os personalizados. Son ideales para marcas, art\u00edculos de regalo o para la venta al por menor.<\/p>\n\n\n\n<p><strong>Accesorios de moda para todas las edades:<\/strong> Los colgantes Crocs personalizados son adecuados tanto para hombres como para mujeres, j\u00f3venes y mayores, permiten una f\u00e1cil personalizaci\u00f3n y son los favoritos entre los entusiastas de las marcas de moda y los vendedores de accesorios de calzado.<\/p>\n<\/div>\n\n\n\n<div class=\"wp-block-column is-layout-flow wp-block-column-is-layout-flow\">\n<figure class=\"wp-block-image size-full\"><img decoding=\"async\" width=\"1000\" height=\"1000\" src=\"https:\/\/www.mappershoe.com\/wp-content\/uploads\/2025\/10\/crocs-charms-bulk-custom-shoe-charms-sneaker-inspired-style-2.webp\" alt=\"crocs-charms-bulk-custom-shoe-charms-sneaker-inspired-style-2\" class=\"wp-image-1934\" srcset=\"https:\/\/www.mappershoe.com\/wp-content\/uploads\/2025\/10\/crocs-charms-bulk-custom-shoe-charms-sneaker-inspired-style-2.webp 1000w, https:\/\/www.mappershoe.com\/wp-content\/uploads\/2025\/10\/crocs-charms-bulk-custom-shoe-charms-sneaker-inspired-style-2-300x300.webp 300w, https:\/\/www.mappershoe.com\/wp-content\/uploads\/2025\/10\/crocs-charms-bulk-custom-shoe-charms-sneaker-inspired-style-2-150x150.webp 150w, https:\/\/www.mappershoe.com\/wp-content\/uploads\/2025\/10\/crocs-charms-bulk-custom-shoe-charms-sneaker-inspired-style-2-768x768.webp 768w, https:\/\/www.mappershoe.com\/wp-content\/uploads\/2025\/10\/crocs-charms-bulk-custom-shoe-charms-sneaker-inspired-style-2-12x12.webp 12w, https:\/\/www.mappershoe.com\/wp-content\/uploads\/2025\/10\/crocs-charms-bulk-custom-shoe-charms-sneaker-inspired-style-2-600x600.webp 600w, https:\/\/www.mappershoe.com\/wp-content\/uploads\/2025\/10\/crocs-charms-bulk-custom-shoe-charms-sneaker-inspired-style-2-100x100.webp 100w\" sizes=\"(max-width: 1000px) 100vw, 1000px\" \/><\/figure>\n<\/div>\n<\/div>\n\n\n\n<p><\/p>","protected":false},"excerpt":{"rendered":"<p>Bienvenido a comprar estos encantos Crocs personalizados a granel en los encantos de zapatos de goma de moda zapatilla de deporte compatible con Crocs, ideal para su uso por las marcas, hacer regalos, o al por menor. Son totalmente compatibles con Crocs Jibbitz, ofreciendo material resistente, impermeable y oportunidades de personalizaci\u00f3n ilimitadas.<\/p>\n<h2>Crocs Charms Bulk Especificaciones:<\/h2>\n<table width=\"419\">\n<tbody>\n<tr>\n<td width=\"115\">Fabricante:<\/td>\n<td width=\"304\">Mingyi<\/td>\n<\/tr>\n<tr>\n<td>Estilo:<\/td>\n<td>Colgantes de cocodrilo<\/td>\n<\/tr>\n<tr>\n<td>Modelo:<\/td>\n<td>1005<\/td>\n<\/tr>\n<tr>\n<td>Material:\u00a0<\/td>\n<td>Goma<\/td>\n<\/tr>\n<tr>\n<td>Color:\u00a0<\/td>\n<td width=\"304\">A medida<\/td>\n<\/tr>\n<tr>\n<td>Tama\u00f1o:\u00a0<\/td>\n<td width=\"304\">A medida<\/td>\n<\/tr>\n<tr>\n<td>Opciones de personalizaci\u00f3n:\u00a0<\/td>\n<td>Charms personalizados<\/td>\n<\/tr>\n<tr>\n<td>Embalaje:\u00a0<\/td>\n<td>Embalaje personalizado<\/td>\n<\/tr>\n<tr>\n<td>Muestra\uff1a<\/td>\n<td>Muestras gratuitas<\/td>\n<\/tr>\n<\/tbody>\n<\/table>","protected":false},"featured_media":1933,"comment_status":"closed","ping_status":"closed","template":"","meta":{"_acf_changed":false},"product_brand":[],"product_cat":[29],"product_tag":[],"class_list":{"0":"post-1932","1":"product","2":"type-product","3":"status-publish","4":"has-post-thumbnail","6":"product_cat-wholesale-croc-charms","8":"first","9":"instock","10":"shipping-taxable","11":"product-type-simple"},"acf":[],"_links":{"self":[{"href":"https:\/\/www.mappershoe.com\/es\/wp-json\/wp\/v2\/product\/1932","targetHints":{"allow":["GET"]}}],"collection":[{"href":"https:\/\/www.mappershoe.com\/es\/wp-json\/wp\/v2\/product"}],"about":[{"href":"https:\/\/www.mappershoe.com\/es\/wp-json\/wp\/v2\/types\/product"}],"replies":[{"embeddable":true,"href":"https:\/\/www.mappershoe.com\/es\/wp-json\/wp\/v2\/comments?post=1932"}],"wp:featuredmedia":[{"embeddable":true,"href":"https:\/\/www.mappershoe.com\/es\/wp-json\/wp\/v2\/media\/1933"}],"wp:attachment":[{"href":"https:\/\/www.mappershoe.com\/es\/wp-json\/wp\/v2\/media?parent=1932"}],"wp:term":[{"taxonomy":"product_brand","embeddable":true,"href":"https:\/\/www.mappershoe.com\/es\/wp-json\/wp\/v2\/product_brand?post=1932"},{"taxonomy":"product_cat","embeddable":true,"href":"https:\/\/www.mappershoe.com\/es\/wp-json\/wp\/v2\/product_cat?post=1932"},{"taxonomy":"product_tag","embeddable":true,"href":"https:\/\/www.mappershoe.com\/es\/wp-json\/wp\/v2\/product_tag?post=1932"}],"curies":[{"name":"wp","href":"https:\/\/api.w.org\/{rel}","templated":true}]}}