{"id":1938,"date":"2025-10-15T08:18:05","date_gmt":"2025-10-15T08:18:05","guid":{"rendered":"https:\/\/www.mappershoe.com\/?post_type=product&#038;p=1938"},"modified":"2025-10-27T06:43:47","modified_gmt":"2025-10-27T06:43:47","slug":"custom-croc-shoe-charms","status":"publish","type":"product","link":"https:\/\/www.mappershoe.com\/es\/producto\/custom-croc-shoe-charms\/","title":{"rendered":"Custom Croc Shoe Charms, Mini Shark Zuecos Charms Venta al por mayor"},"content":{"rendered":"<div class=\"wp-block-columns is-layout-flex wp-container-core-columns-is-layout-9d6595d7 wp-block-columns-is-layout-flex\">\n<div class=\"wp-block-column is-layout-flow wp-block-column-is-layout-flow\">\n<h3 class=\"wp-block-heading\">Premium Custom Croc Shoe Charms Caracter\u00edsticas:<\/h3>\n\n\n\n<p><strong>Capacidad de personalizaci\u00f3n:<\/strong> Nuestros zuecos de jard\u00edn y colgantes al por mayor pueden personalizarse con colores, logotipos y dise\u00f1os seg\u00fan los requisitos (de la marca\/del cliente) para desarrollar colecciones de colgantes de zapatos personalizados y, lo que es m\u00e1s importante, dar a conocer la marca.<\/p>\n\n\n\n<p><strong>Materiales de goma: <\/strong>Los colgantes de zapatos de cocodrilo hechos a medida de Mingyi est\u00e1n fabricados con materiales de PVC\/TPR seguros, no t\u00f3xicos y respetuosos con el medio ambiente. Son suaves, duraderos y resistentes a la deformaci\u00f3n. Tambi\u00e9n son impermeables y resistentes a la decoloraci\u00f3n, por lo que puede utilizarlos en diversas aplicaciones.<\/p>\n\n\n\n<p><strong>F\u00e1cil colocaci\u00f3n y ajuste seguro: <\/strong>Los botones de la parte posterior de nuestros colgantes personalizados para zapatos de cocodrilo se adaptan a los zuecos habituales, como los Crocs, los zapatos de jard\u00edn de EVA y los zapatos de playa, para facilitar su colocaci\u00f3n y asegurar su ajuste.<\/p>\n\n\n\n<p><strong>Dise\u00f1o moderno de mini tibur\u00f3n: <\/strong>Nuestros colgantes de zapato de cocodrilo personalizados vienen en un dise\u00f1o de tibur\u00f3n de dibujos animados moderno y bonito que encanta a ni\u00f1os, adolescentes y personas a la moda y a\u00f1ade diversi\u00f3n y peculiaridad a los zapatos.<\/p>\n\n\n\n<p><strong>Servicios de venta al por mayor y OEM\/ODM disponibles: <\/strong>La venta al por mayor de zuecos y abalorios de jard\u00edn ofrece servicios de venta al por mayor al por mayor y de producci\u00f3n personalizada, acepta peque\u00f1os pedidos de prueba y realiza entregas r\u00e1pidas, todo ello con envases de marca.<\/p>\n<\/div>\n\n\n\n<div class=\"wp-block-column is-layout-flow wp-block-column-is-layout-flow\">\n<figure class=\"wp-block-image size-full\"><img decoding=\"async\" width=\"1280\" height=\"1280\" src=\"https:\/\/www.mappershoe.com\/wp-content\/uploads\/2025\/10\/custom-croc-shoe-charms-shark-garden-clogs-charms-wholesale-2.webp\" alt=\"adornos-zapatos-de-tibur\u00f3n-azulejos-azulejos-de-jard\u00edn-al-mayor-2\" class=\"wp-image-1941\" srcset=\"https:\/\/www.mappershoe.com\/wp-content\/uploads\/2025\/10\/custom-croc-shoe-charms-shark-garden-clogs-charms-wholesale-2.webp 1280w, https:\/\/www.mappershoe.com\/wp-content\/uploads\/2025\/10\/custom-croc-shoe-charms-shark-garden-clogs-charms-wholesale-2-300x300.webp 300w, https:\/\/www.mappershoe.com\/wp-content\/uploads\/2025\/10\/custom-croc-shoe-charms-shark-garden-clogs-charms-wholesale-2-150x150.webp 150w, https:\/\/www.mappershoe.com\/wp-content\/uploads\/2025\/10\/custom-croc-shoe-charms-shark-garden-clogs-charms-wholesale-2-768x768.webp 768w, https:\/\/www.mappershoe.com\/wp-content\/uploads\/2025\/10\/custom-croc-shoe-charms-shark-garden-clogs-charms-wholesale-2-12x12.webp 12w, https:\/\/www.mappershoe.com\/wp-content\/uploads\/2025\/10\/custom-croc-shoe-charms-shark-garden-clogs-charms-wholesale-2-1200x1200.webp 1200w, https:\/\/www.mappershoe.com\/wp-content\/uploads\/2025\/10\/custom-croc-shoe-charms-shark-garden-clogs-charms-wholesale-2-600x600.webp 600w, https:\/\/www.mappershoe.com\/wp-content\/uploads\/2025\/10\/custom-croc-shoe-charms-shark-garden-clogs-charms-wholesale-2-100x100.webp 100w\" sizes=\"(max-width: 1280px) 100vw, 1280px\" \/><\/figure>\n<\/div>\n<\/div>\n\n\n\n<p><\/p>","protected":false},"excerpt":{"rendered":"<p>Bienvenido a comprar los colgantes para zapatos Croc personalizados de Mingyi. Los encantos de zuecos de jard\u00edn al por mayor ofrecen encantos de zapatos en forma de tibur\u00f3n creativos y adorables hechos de caucho suave de alta calidad, compatibles con zuecos Crocs. Admitimos tanto la personalizaci\u00f3n de marcas como la venta al por mayor. Es ideal para marcas de zapatos, vendedores de comercio electr\u00f3nico y vendedores de regalos que buscan charms personalizados para Crocs.<\/p>\n<h2>Custom Croc Shoe Charms Especificaciones:<\/h2>\n<table width=\"419\">\n<tbody>\n<tr>\n<td width=\"115\">Fabricante:<\/td>\n<td width=\"304\">Mingyi<\/td>\n<\/tr>\n<tr>\n<td>Estilo:<\/td>\n<td>Colgantes de cocodrilo<\/td>\n<\/tr>\n<tr>\n<td>Modelo:<\/td>\n<td>1006<\/td>\n<\/tr>\n<tr>\n<td>Material:\u00a0<\/td>\n<td>Goma<\/td>\n<\/tr>\n<tr>\n<td>Color:\u00a0<\/td>\n<td width=\"304\">A medida<\/td>\n<\/tr>\n<tr>\n<td>Tama\u00f1o:\u00a0<\/td>\n<td width=\"304\">A medida<\/td>\n<\/tr>\n<tr>\n<td>Opciones de personalizaci\u00f3n:\u00a0<\/td>\n<td>Charms personalizados<\/td>\n<\/tr>\n<tr>\n<td>Embalaje:\u00a0<\/td>\n<td>Embalaje personalizado<\/td>\n<\/tr>\n<tr>\n<td>Muestra\uff1a<\/td>\n<td>Muestras en blanco gratuitas<\/td>\n<\/tr>\n<\/tbody>\n<\/table>","protected":false},"featured_media":1940,"comment_status":"closed","ping_status":"closed","template":"","meta":{"_acf_changed":false},"product_brand":[],"product_cat":[29],"product_tag":[],"class_list":{"0":"post-1938","1":"product","2":"type-product","3":"status-publish","4":"has-post-thumbnail","6":"product_cat-wholesale-croc-charms","8":"first","9":"instock","10":"shipping-taxable","11":"product-type-simple"},"acf":[],"_links":{"self":[{"href":"https:\/\/www.mappershoe.com\/es\/wp-json\/wp\/v2\/product\/1938","targetHints":{"allow":["GET"]}}],"collection":[{"href":"https:\/\/www.mappershoe.com\/es\/wp-json\/wp\/v2\/product"}],"about":[{"href":"https:\/\/www.mappershoe.com\/es\/wp-json\/wp\/v2\/types\/product"}],"replies":[{"embeddable":true,"href":"https:\/\/www.mappershoe.com\/es\/wp-json\/wp\/v2\/comments?post=1938"}],"wp:featuredmedia":[{"embeddable":true,"href":"https:\/\/www.mappershoe.com\/es\/wp-json\/wp\/v2\/media\/1940"}],"wp:attachment":[{"href":"https:\/\/www.mappershoe.com\/es\/wp-json\/wp\/v2\/media?parent=1938"}],"wp:term":[{"taxonomy":"product_brand","embeddable":true,"href":"https:\/\/www.mappershoe.com\/es\/wp-json\/wp\/v2\/product_brand?post=1938"},{"taxonomy":"product_cat","embeddable":true,"href":"https:\/\/www.mappershoe.com\/es\/wp-json\/wp\/v2\/product_cat?post=1938"},{"taxonomy":"product_tag","embeddable":true,"href":"https:\/\/www.mappershoe.com\/es\/wp-json\/wp\/v2\/product_tag?post=1938"}],"curies":[{"name":"wp","href":"https:\/\/api.w.org\/{rel}","templated":true}]}}