{"id":1946,"date":"2025-10-15T09:06:42","date_gmt":"2025-10-15T09:06:42","guid":{"rendered":"https:\/\/www.mappershoe.com\/?post_type=product&#038;p=1946"},"modified":"2025-10-15T09:08:22","modified_gmt":"2025-10-15T09:08:22","slug":"customized-croc-charms","status":"publish","type":"product","link":"https:\/\/www.mappershoe.com\/es\/producto\/customized-croc-charms\/","title":{"rendered":"Noctilucent Customized Croc Charms, Encantos del zapato de goma al por mayor"},"content":{"rendered":"<div class=\"wp-block-columns is-layout-flex wp-container-core-columns-is-layout-9d6595d7 wp-block-columns-is-layout-flex\">\n<div class=\"wp-block-column is-layout-flow wp-block-column-is-layout-flow\">\n<h3 class=\"wp-block-heading\">Premium Customized Croc Charms Caracter\u00edsticas:<\/h3>\n\n\n\n<p><strong>Dise\u00f1o Noctilucente:<\/strong> Estos colgantes de cocodrilo personalizados incorporan un material que brilla de noche y que refleja la luz durante el d\u00eda y resplandece por la noche, proporcionando a tus zapatos un aspecto festivo.<\/p>\n\n\n\n<p><strong>Tema navide\u00f1o:<\/strong> El material que brilla de noche de estos colgantes de cocodrilo personalizados noctilucentes est\u00e1 disponible en diferentes temas festivos, como Pap\u00e1 Noel, copos de nieve, renos y \u00e1rboles de Navidad, para dar a sus zapatos un aspecto navide\u00f1o.<\/p>\n\n\n\n<p><strong>Material de caucho de alta calidad:<\/strong> Nuestros colgantes de cocodrilo personalizados son el\u00e1sticos, resistentes al desgaste, impermeables y a prueba de ara\u00f1azos, por lo que son muy adecuados para Crocs, sandalias, etc.<\/p>\n\n\n\n<p><strong>Logotipos y dise\u00f1os personalizados:<\/strong> Nuestra personalizaci\u00f3n OEM \/ ODM apoyado encantos del zapato de goma al por mayor le permite hacer su propio logotipo o dise\u00f1os \u00fanicos basados en sus demandas personales.<\/p>\n\n\n\n<p><strong>Disponible al por mayor: <\/strong>Nuestros colgantes de goma para zapatos al por mayor son adecuados para promociones navide\u00f1as, regalos y compras al por mayor para mayoristas y minoristas de accesorios para zapatos.<\/p>\n<\/div>\n\n\n\n<div class=\"wp-block-column is-layout-flow wp-block-column-is-layout-flow\">\n<figure class=\"wp-block-image size-full\"><img decoding=\"async\" width=\"1500\" height=\"1500\" src=\"https:\/\/www.mappershoe.com\/wp-content\/uploads\/2025\/10\/noctilucent-christmas-customized-croc-charms-rubber-shoe-charms-wholesale-5.webp\" alt=\"noctilucent-christmas-croc-charms-rubber-shoe-charms-wholesale-5\" class=\"wp-image-1951\" srcset=\"https:\/\/www.mappershoe.com\/wp-content\/uploads\/2025\/10\/noctilucent-christmas-customized-croc-charms-rubber-shoe-charms-wholesale-5.webp 1500w, https:\/\/www.mappershoe.com\/wp-content\/uploads\/2025\/10\/noctilucent-christmas-customized-croc-charms-rubber-shoe-charms-wholesale-5-300x300.webp 300w, https:\/\/www.mappershoe.com\/wp-content\/uploads\/2025\/10\/noctilucent-christmas-customized-croc-charms-rubber-shoe-charms-wholesale-5-150x150.webp 150w, https:\/\/www.mappershoe.com\/wp-content\/uploads\/2025\/10\/noctilucent-christmas-customized-croc-charms-rubber-shoe-charms-wholesale-5-768x768.webp 768w, https:\/\/www.mappershoe.com\/wp-content\/uploads\/2025\/10\/noctilucent-christmas-customized-croc-charms-rubber-shoe-charms-wholesale-5-12x12.webp 12w, https:\/\/www.mappershoe.com\/wp-content\/uploads\/2025\/10\/noctilucent-christmas-customized-croc-charms-rubber-shoe-charms-wholesale-5-1200x1200.webp 1200w, https:\/\/www.mappershoe.com\/wp-content\/uploads\/2025\/10\/noctilucent-christmas-customized-croc-charms-rubber-shoe-charms-wholesale-5-600x600.webp 600w, https:\/\/www.mappershoe.com\/wp-content\/uploads\/2025\/10\/noctilucent-christmas-customized-croc-charms-rubber-shoe-charms-wholesale-5-100x100.webp 100w\" sizes=\"(max-width: 1500px) 100vw, 1500px\" \/><\/figure>\n<\/div>\n<\/div>\n\n\n\n<p><\/p>","protected":false},"excerpt":{"rendered":"<p>Bienvenido a comprar encantos de zapatos de goma al por mayor. A\u00f1adir un brillo festivo a su Crocs con noctilucent Navidad personalizada Croc encantos. Con Santa, renos, y los dise\u00f1os de \u00e1rboles de Navidad, estos duraderos brillan en la oscuridad encantos son perfectos para Crocs y sandalias. Ideales para regalos de Navidad al por mayor y pedidos OEM de colgantes personalizados.<\/p>\n<h2>Customized Croc Charms Especificaciones:<\/h2>\n<table width=\"419\">\n<tbody>\n<tr>\n<td width=\"115\">Fabricante:<\/td>\n<td width=\"304\">Mingyi<\/td>\n<\/tr>\n<tr>\n<td>Estilo:<\/td>\n<td>Colgantes de cocodrilo<\/td>\n<\/tr>\n<tr>\n<td>Modelo:<\/td>\n<td>1007<\/td>\n<\/tr>\n<tr>\n<td>Material:\u00a0<\/td>\n<td>Goma<\/td>\n<\/tr>\n<tr>\n<td>Color:\u00a0<\/td>\n<td width=\"304\">A medida<\/td>\n<\/tr>\n<tr>\n<td>Tama\u00f1o:\u00a0<\/td>\n<td width=\"304\">A medida<\/td>\n<\/tr>\n<tr>\n<td>Opciones de personalizaci\u00f3n:\u00a0<\/td>\n<td>Charms personalizados<\/td>\n<\/tr>\n<tr>\n<td>Embalaje:\u00a0<\/td>\n<td>Embalaje personalizado<\/td>\n<\/tr>\n<tr>\n<td>Muestra\uff1a<\/td>\n<td>Muestras en blanco gratuitas<\/td>\n<\/tr>\n<\/tbody>\n<\/table>","protected":false},"featured_media":1948,"comment_status":"closed","ping_status":"closed","template":"","meta":{"_acf_changed":false},"product_brand":[],"product_cat":[29],"product_tag":[],"class_list":{"0":"post-1946","1":"product","2":"type-product","3":"status-publish","4":"has-post-thumbnail","6":"product_cat-wholesale-croc-charms","8":"first","9":"instock","10":"shipping-taxable","11":"product-type-simple"},"acf":[],"_links":{"self":[{"href":"https:\/\/www.mappershoe.com\/es\/wp-json\/wp\/v2\/product\/1946","targetHints":{"allow":["GET"]}}],"collection":[{"href":"https:\/\/www.mappershoe.com\/es\/wp-json\/wp\/v2\/product"}],"about":[{"href":"https:\/\/www.mappershoe.com\/es\/wp-json\/wp\/v2\/types\/product"}],"replies":[{"embeddable":true,"href":"https:\/\/www.mappershoe.com\/es\/wp-json\/wp\/v2\/comments?post=1946"}],"wp:featuredmedia":[{"embeddable":true,"href":"https:\/\/www.mappershoe.com\/es\/wp-json\/wp\/v2\/media\/1948"}],"wp:attachment":[{"href":"https:\/\/www.mappershoe.com\/es\/wp-json\/wp\/v2\/media?parent=1946"}],"wp:term":[{"taxonomy":"product_brand","embeddable":true,"href":"https:\/\/www.mappershoe.com\/es\/wp-json\/wp\/v2\/product_brand?post=1946"},{"taxonomy":"product_cat","embeddable":true,"href":"https:\/\/www.mappershoe.com\/es\/wp-json\/wp\/v2\/product_cat?post=1946"},{"taxonomy":"product_tag","embeddable":true,"href":"https:\/\/www.mappershoe.com\/es\/wp-json\/wp\/v2\/product_tag?post=1946"}],"curies":[{"name":"wp","href":"https:\/\/api.w.org\/{rel}","templated":true}]}}