{"id":1952,"date":"2025-10-15T09:24:32","date_gmt":"2025-10-15T09:24:32","guid":{"rendered":"https:\/\/www.mappershoe.com\/?post_type=product&#038;p=1952"},"modified":"2025-10-15T09:24:36","modified_gmt":"2025-10-15T09:24:36","slug":"bulk-croc-charms","status":"publish","type":"product","link":"https:\/\/www.mappershoe.com\/es\/producto\/bulk-croc-charms\/","title":{"rendered":"Classic Bulk Croc Charms, Snoopy Cartoon Shoe Charms Suministro"},"content":{"rendered":"<div class=\"wp-block-columns is-layout-flex wp-container-core-columns-is-layout-9d6595d7 wp-block-columns-is-layout-flex\">\n<div class=\"wp-block-column is-layout-flow wp-block-column-is-layout-flow\">\n<h3 class=\"wp-block-heading\">Premium Snoopy Bulk Croc Charms Caracter\u00edsticas:<\/h3>\n\n\n\n<p><strong>Material de caucho de alta calidad:<\/strong> Estos colgantes de cocodrilo a granel est\u00e1n hechos de goma blanda de alta calidad, resistente al desgaste, al agua y a la decoloraci\u00f3n, lo que los hace duraderos para un uso prolongado.<\/p>\n\n\n\n<p><strong>Dise\u00f1o cl\u00e1sico de dibujos animados de Snoopy:<\/strong> Estos abalorios de cocodrilo a granel suministrados de f\u00e1brica presentan el cl\u00e1sico y adorable dise\u00f1o de dibujos animados de Snoopy, por lo que son los preferidos de los ni\u00f1os y los clientes m\u00e1s j\u00f3venes, ya que a\u00f1aden un toque personalizado y juguet\u00f3n a cualquier zapato.<\/p>\n\n\n\n<p><strong>F\u00e1cil de poner y quitar: <\/strong>Estos colgantes al por mayor para zapatos de los dibujos animados de Snoopy presentan un dise\u00f1o de hebilla universal en la parte posterior para facilitar su fijaci\u00f3n a los zapatos Crocs, con un ajuste seguro.<\/p>\n\n\n\n<p><strong>Suministro al por mayor a granel: <\/strong>Estos colgantes de cocodrilo a granel ofrecen tanto la compra al por mayor como la personalizaci\u00f3n OEM, satisfaciendo las diferentes necesidades de marcas de calzado, mayoristas de regalos y minoristas.<\/p>\n\n\n\n<p><strong>Se ofrecen dise\u00f1os personalizables:<\/strong> Estos colgantes de zapatos de dibujos animados al por mayor tambi\u00e9n ofrecen servicios de personalizaci\u00f3n exclusivos en los que puede incrustar el logotipo de su marca o dise\u00f1os personalizados para impulsar el reconocimiento de la marca y la competitividad de las ventas.<\/p>\n<\/div>\n\n\n\n<div class=\"wp-block-column is-layout-flow wp-block-column-is-layout-flow\">\n<figure class=\"wp-block-image size-full\"><img decoding=\"async\" width=\"1000\" height=\"1000\" src=\"https:\/\/www.mappershoe.com\/wp-content\/uploads\/2025\/10\/classic-bulk-croc-charms-snoopy-cartoon-shoe-charms-supply-3.webp\" alt=\"abalorios-croc-cl\u00e1sicos-abalorios-snoopy-caricaturas-calzado-abalorios-suministro-3\" class=\"wp-image-1955\" srcset=\"https:\/\/www.mappershoe.com\/wp-content\/uploads\/2025\/10\/classic-bulk-croc-charms-snoopy-cartoon-shoe-charms-supply-3.webp 1000w, https:\/\/www.mappershoe.com\/wp-content\/uploads\/2025\/10\/classic-bulk-croc-charms-snoopy-cartoon-shoe-charms-supply-3-300x300.webp 300w, https:\/\/www.mappershoe.com\/wp-content\/uploads\/2025\/10\/classic-bulk-croc-charms-snoopy-cartoon-shoe-charms-supply-3-150x150.webp 150w, https:\/\/www.mappershoe.com\/wp-content\/uploads\/2025\/10\/classic-bulk-croc-charms-snoopy-cartoon-shoe-charms-supply-3-768x768.webp 768w, https:\/\/www.mappershoe.com\/wp-content\/uploads\/2025\/10\/classic-bulk-croc-charms-snoopy-cartoon-shoe-charms-supply-3-12x12.webp 12w, https:\/\/www.mappershoe.com\/wp-content\/uploads\/2025\/10\/classic-bulk-croc-charms-snoopy-cartoon-shoe-charms-supply-3-600x600.webp 600w, https:\/\/www.mappershoe.com\/wp-content\/uploads\/2025\/10\/classic-bulk-croc-charms-snoopy-cartoon-shoe-charms-supply-3-100x100.webp 100w\" sizes=\"(max-width: 1000px) 100vw, 1000px\" \/><\/figure>\n<\/div>\n<\/div>\n\n\n\n<p><\/p>","protected":false},"excerpt":{"rendered":"<p>Bienvenido a comprar nuestros abalorios de cocodrilo al por mayor. Los encantos al por mayor del zapato de la historieta de Snoopy son material de goma superior, conveniente para los zapatos de Crocs. Apoyar pedidos a granel y dise\u00f1os personalizados para marcas y minoristas.<\/p>\n<h2>Bulk Croc Charms Especificaciones:<\/h2>\n<table width=\"419\">\n<tbody>\n<tr>\n<td width=\"115\">Fabricante:<\/td>\n<td width=\"304\">Mingyi<\/td>\n<\/tr>\n<tr>\n<td>Estilo:<\/td>\n<td>Colgantes de cocodrilo<\/td>\n<\/tr>\n<tr>\n<td>Modelo:<\/td>\n<td>1008<\/td>\n<\/tr>\n<tr>\n<td>Material:\u00a0<\/td>\n<td>Goma<\/td>\n<\/tr>\n<tr>\n<td>Color:\u00a0<\/td>\n<td width=\"304\">A medida<\/td>\n<\/tr>\n<tr>\n<td>Tama\u00f1o:\u00a0<\/td>\n<td width=\"304\">A medida<\/td>\n<\/tr>\n<tr>\n<td>Opciones de personalizaci\u00f3n:\u00a0<\/td>\n<td>Charms personalizados<\/td>\n<\/tr>\n<tr>\n<td>Embalaje:\u00a0<\/td>\n<td>Embalaje personalizado<\/td>\n<\/tr>\n<tr>\n<td>Muestra\uff1a<\/td>\n<td>Muestras en blanco gratuitas<\/td>\n<\/tr>\n<\/tbody>\n<\/table>","protected":false},"featured_media":1953,"comment_status":"closed","ping_status":"closed","template":"","meta":{"_acf_changed":false},"product_brand":[],"product_cat":[29],"product_tag":[],"class_list":{"0":"post-1952","1":"product","2":"type-product","3":"status-publish","4":"has-post-thumbnail","6":"product_cat-wholesale-croc-charms","8":"first","9":"instock","10":"shipping-taxable","11":"product-type-simple"},"acf":[],"_links":{"self":[{"href":"https:\/\/www.mappershoe.com\/es\/wp-json\/wp\/v2\/product\/1952","targetHints":{"allow":["GET"]}}],"collection":[{"href":"https:\/\/www.mappershoe.com\/es\/wp-json\/wp\/v2\/product"}],"about":[{"href":"https:\/\/www.mappershoe.com\/es\/wp-json\/wp\/v2\/types\/product"}],"replies":[{"embeddable":true,"href":"https:\/\/www.mappershoe.com\/es\/wp-json\/wp\/v2\/comments?post=1952"}],"wp:featuredmedia":[{"embeddable":true,"href":"https:\/\/www.mappershoe.com\/es\/wp-json\/wp\/v2\/media\/1953"}],"wp:attachment":[{"href":"https:\/\/www.mappershoe.com\/es\/wp-json\/wp\/v2\/media?parent=1952"}],"wp:term":[{"taxonomy":"product_brand","embeddable":true,"href":"https:\/\/www.mappershoe.com\/es\/wp-json\/wp\/v2\/product_brand?post=1952"},{"taxonomy":"product_cat","embeddable":true,"href":"https:\/\/www.mappershoe.com\/es\/wp-json\/wp\/v2\/product_cat?post=1952"},{"taxonomy":"product_tag","embeddable":true,"href":"https:\/\/www.mappershoe.com\/es\/wp-json\/wp\/v2\/product_tag?post=1952"}],"curies":[{"name":"wp","href":"https:\/\/api.w.org\/{rel}","templated":true}]}}