{"id":1959,"date":"2025-10-15T09:58:38","date_gmt":"2025-10-15T09:58:38","guid":{"rendered":"https:\/\/www.mappershoe.com\/?post_type=product&#038;p=1959"},"modified":"2025-10-15T09:58:41","modified_gmt":"2025-10-15T09:58:41","slug":"croc-shoe-charms-wholesale","status":"publish","type":"product","link":"https:\/\/www.mappershoe.com\/es\/producto\/croc-shoe-charms-wholesale\/","title":{"rendered":"Halloween Croc Shoe Charms Venta al por mayor, Zueco Shoe Charm Personalizado"},"content":{"rendered":"<div class=\"wp-block-columns is-layout-flex wp-container-core-columns-is-layout-9d6595d7 wp-block-columns-is-layout-flex\">\n<div class=\"wp-block-column is-layout-flow wp-block-column-is-layout-flow\">\n<h3 class=\"wp-block-heading\">Premium Halloween Croc Shoe Charms al por mayor Caracter\u00edsticas:<\/h3>\n\n\n\n<p><strong>Dise\u00f1o de Halloween: <\/strong>Estos colgantes de zapatos de cocodrilo al por mayor utilizan iconos cl\u00e1sicos de Halloween como calabazas, fantasmas, calaveras y murci\u00e9lagos para crear un ambiente de fiesta.<\/p>\n\n\n\n<p><strong>Dise\u00f1o brillante:<\/strong> Estos colgantes de zapatos de cocodrilo al por mayor est\u00e1n hechos de una sustancia brillante que brilla autom\u00e1ticamente por la noche o en lugares con poca luz, lo que resultar\u00e1 simp\u00e1tico y \u00fanico.<\/p>\n\n\n\n<p><strong>Material de caucho de alta calidad: <\/strong>Estos colgantes de cocodrilo al por mayor son suaves, duraderos, resistentes al agua y a las grietas, f\u00e1ciles de limpiar y resistentes a la decoloraci\u00f3n.<\/p>\n\n\n\n<p><strong>Ajuste universal:<\/strong> Estos colgantes luminiscentes personalizados para zuecos se adaptan a los zuecos Crocs y estilos similares con una instalaci\u00f3n sencilla y un ajuste seguro.<\/p>\n\n\n\n<p><strong>Venta al por mayor y servicio personalizado: <\/strong>Estos colgantes personalizados para zapatos zueco pueden ofrecer servicio OEM\/ODM, como pedidos a granel, logotipos personalizados o envases individuales.<\/p>\n<\/div>\n\n\n\n<div class=\"wp-block-column is-layout-flow wp-block-column-is-layout-flow\">\n<figure class=\"wp-block-image size-full\"><img decoding=\"async\" width=\"1920\" height=\"1920\" src=\"https:\/\/www.mappershoe.com\/wp-content\/uploads\/2025\/10\/halloween-croc-shoe-charms-wholesale-clog-shoe-charm-custom-4.webp\" alt=\"halloween-croc-zapato-dijes-mayorista-zapato-dije-custom-4\" class=\"wp-image-1963\" srcset=\"https:\/\/www.mappershoe.com\/wp-content\/uploads\/2025\/10\/halloween-croc-shoe-charms-wholesale-clog-shoe-charm-custom-4.webp 1920w, https:\/\/www.mappershoe.com\/wp-content\/uploads\/2025\/10\/halloween-croc-shoe-charms-wholesale-clog-shoe-charm-custom-4-300x300.webp 300w, https:\/\/www.mappershoe.com\/wp-content\/uploads\/2025\/10\/halloween-croc-shoe-charms-wholesale-clog-shoe-charm-custom-4-150x150.webp 150w, https:\/\/www.mappershoe.com\/wp-content\/uploads\/2025\/10\/halloween-croc-shoe-charms-wholesale-clog-shoe-charm-custom-4-768x768.webp 768w, https:\/\/www.mappershoe.com\/wp-content\/uploads\/2025\/10\/halloween-croc-shoe-charms-wholesale-clog-shoe-charm-custom-4-12x12.webp 12w, https:\/\/www.mappershoe.com\/wp-content\/uploads\/2025\/10\/halloween-croc-shoe-charms-wholesale-clog-shoe-charm-custom-4-1200x1200.webp 1200w, https:\/\/www.mappershoe.com\/wp-content\/uploads\/2025\/10\/halloween-croc-shoe-charms-wholesale-clog-shoe-charm-custom-4-600x600.webp 600w, https:\/\/www.mappershoe.com\/wp-content\/uploads\/2025\/10\/halloween-croc-shoe-charms-wholesale-clog-shoe-charm-custom-4-100x100.webp 100w\" sizes=\"(max-width: 1920px) 100vw, 1920px\" \/><\/figure>\n<\/div>\n<\/div>\n\n\n\n<p><\/p>","protected":false},"excerpt":{"rendered":"<p>Bienvenido a comprar al por mayor charms de zapatos de cocodrilo, ideales para minoristas y marcas de accesorios de calzado. Fabricados en caucho de primera calidad, estos charms para zuecos que brillan en la oscuridad son perfectos para las colecciones de Halloween. \u00a1A\u00f1ade un toque espeluznante a tus Crocs con Halloween calabaza fantasma esqueleto murci\u00e9lago luminiscente Croc Shoe Charms!<\/p>\n<h2>Halloween Croc Shoe Charms Wholesale Especificaciones:<\/h2>\n<table width=\"419\">\n<tbody>\n<tr>\n<td width=\"115\">Fabricante:<\/td>\n<td width=\"304\">Mingyi<\/td>\n<\/tr>\n<tr>\n<td>Estilo:<\/td>\n<td>Colgantes de cocodrilo<\/td>\n<\/tr>\n<tr>\n<td>Modelo:<\/td>\n<td>1009<\/td>\n<\/tr>\n<tr>\n<td>Material:\u00a0<\/td>\n<td>Goma<\/td>\n<\/tr>\n<tr>\n<td>Color:\u00a0<\/td>\n<td width=\"304\">A medida<\/td>\n<\/tr>\n<tr>\n<td>Tama\u00f1o:\u00a0<\/td>\n<td width=\"304\">A medida<\/td>\n<\/tr>\n<tr>\n<td>Opciones de personalizaci\u00f3n:\u00a0<\/td>\n<td>Charms personalizados<\/td>\n<\/tr>\n<tr>\n<td>Embalaje:\u00a0<\/td>\n<td>Embalaje personalizado<\/td>\n<\/tr>\n<tr>\n<td>Muestra\uff1a<\/td>\n<td>Muestras en blanco gratuitas<\/td>\n<\/tr>\n<\/tbody>\n<\/table>","protected":false},"featured_media":1960,"comment_status":"closed","ping_status":"closed","template":"","meta":{"_acf_changed":false},"product_brand":[],"product_cat":[29],"product_tag":[],"class_list":{"0":"post-1959","1":"product","2":"type-product","3":"status-publish","4":"has-post-thumbnail","6":"product_cat-wholesale-croc-charms","8":"first","9":"instock","10":"shipping-taxable","11":"product-type-simple"},"acf":[],"_links":{"self":[{"href":"https:\/\/www.mappershoe.com\/es\/wp-json\/wp\/v2\/product\/1959","targetHints":{"allow":["GET"]}}],"collection":[{"href":"https:\/\/www.mappershoe.com\/es\/wp-json\/wp\/v2\/product"}],"about":[{"href":"https:\/\/www.mappershoe.com\/es\/wp-json\/wp\/v2\/types\/product"}],"replies":[{"embeddable":true,"href":"https:\/\/www.mappershoe.com\/es\/wp-json\/wp\/v2\/comments?post=1959"}],"wp:featuredmedia":[{"embeddable":true,"href":"https:\/\/www.mappershoe.com\/es\/wp-json\/wp\/v2\/media\/1960"}],"wp:attachment":[{"href":"https:\/\/www.mappershoe.com\/es\/wp-json\/wp\/v2\/media?parent=1959"}],"wp:term":[{"taxonomy":"product_brand","embeddable":true,"href":"https:\/\/www.mappershoe.com\/es\/wp-json\/wp\/v2\/product_brand?post=1959"},{"taxonomy":"product_cat","embeddable":true,"href":"https:\/\/www.mappershoe.com\/es\/wp-json\/wp\/v2\/product_cat?post=1959"},{"taxonomy":"product_tag","embeddable":true,"href":"https:\/\/www.mappershoe.com\/es\/wp-json\/wp\/v2\/product_tag?post=1959"}],"curies":[{"name":"wp","href":"https:\/\/api.w.org\/{rel}","templated":true}]}}