{"id":1965,"date":"2025-10-15T10:19:43","date_gmt":"2025-10-15T10:19:43","guid":{"rendered":"https:\/\/www.mappershoe.com\/?post_type=product&#038;p=1965"},"modified":"2025-10-15T10:33:32","modified_gmt":"2025-10-15T10:33:32","slug":"custom-croc-charms-bulk","status":"publish","type":"product","link":"https:\/\/www.mappershoe.com\/es\/producto\/custom-croc-charms-bulk\/","title":{"rendered":"Pooh Bear Custom Croc Charms Bulk, Cartoon Clog Shoe Charm Supply"},"content":{"rendered":"<div class=\"wp-block-columns is-layout-flex wp-container-core-columns-is-layout-9d6595d7 wp-block-columns-is-layout-flex\">\n<div class=\"wp-block-column is-layout-flow wp-block-column-is-layout-flow\">\n<h3 class=\"wp-block-heading\">Premium Pooh Bear Custom Croc Charms Granel Caracter\u00edsticas:<\/h3>\n\n\n\n<p><strong>Tema cl\u00e1sico de dibujos animados:<\/strong> Estos abalorios de dibujos animados para zapatos zueco est\u00e1n inspirados en el Oso Pooh, Piglet, Tigger, Roo y Robin. Estos charms muestran los personajes cl\u00e1sicos originales, queridos por los ni\u00f1os y los amantes de los dibujos animados.<\/p>\n\n\n\n<p><strong>El material de goma blanda es de alta calidad:<\/strong> Estos colgantes de cocodrilo personalizados a granel est\u00e1n hechos de goma de PVC econ\u00f3mica. Es flexible, duradero, resistente al agua y no desti\u00f1e, por lo que es ideal para su uso a largo plazo en Crocs y sandalias.<\/p>\n\n\n\n<p><strong>F\u00e1cil de quitar y poner:<\/strong> Estos amuletos de cocodrilo personalizados a granel tienen una hebilla de zapato universal en el reverso que permite que estos amuletos se fijen f\u00e1cilmente a los zapatos Crocs.nb<\/p>\n\n\n\n<p><strong>Dise\u00f1os personalizables:<\/strong> Estos colgantes de cocodrilo personalizados est\u00e1n disponibles con opciones de personalizaci\u00f3n OEM\/ODM a granel, incluidos logotipos, colores y combinaciones de caracteres, para satisfacer las necesidades de la marca, regalos o proyectos promocionales.<\/p>\n\n\n\n<p><strong>Suministro al por mayor a granel:<\/strong> Ofrecemos abalorios para zapatos de zueco de dibujos animados, personalizaci\u00f3n al por mayor y entrega r\u00e1pida, perfectos para minoristas, vendedores de comercio electr\u00f3nico o marcas personalizadas que buscan compras a gran escala.<\/p>\n<\/div>\n\n\n\n<div class=\"wp-block-column is-layout-flow wp-block-column-is-layout-flow\">\n<figure class=\"wp-block-image size-full\"><img decoding=\"async\" width=\"1000\" height=\"1000\" src=\"https:\/\/www.mappershoe.com\/wp-content\/uploads\/2025\/10\/pooh-bear-custom-croc-charms-bulk-cartoon-clog-shoe-charm-3.webp\" alt=\"osito-osito-dijes-de-caricatura-a granel-dije-de-zapato-zapato-3\" class=\"wp-image-1968\" srcset=\"https:\/\/www.mappershoe.com\/wp-content\/uploads\/2025\/10\/pooh-bear-custom-croc-charms-bulk-cartoon-clog-shoe-charm-3.webp 1000w, https:\/\/www.mappershoe.com\/wp-content\/uploads\/2025\/10\/pooh-bear-custom-croc-charms-bulk-cartoon-clog-shoe-charm-3-300x300.webp 300w, https:\/\/www.mappershoe.com\/wp-content\/uploads\/2025\/10\/pooh-bear-custom-croc-charms-bulk-cartoon-clog-shoe-charm-3-150x150.webp 150w, https:\/\/www.mappershoe.com\/wp-content\/uploads\/2025\/10\/pooh-bear-custom-croc-charms-bulk-cartoon-clog-shoe-charm-3-768x768.webp 768w, https:\/\/www.mappershoe.com\/wp-content\/uploads\/2025\/10\/pooh-bear-custom-croc-charms-bulk-cartoon-clog-shoe-charm-3-12x12.webp 12w, https:\/\/www.mappershoe.com\/wp-content\/uploads\/2025\/10\/pooh-bear-custom-croc-charms-bulk-cartoon-clog-shoe-charm-3-600x600.webp 600w, https:\/\/www.mappershoe.com\/wp-content\/uploads\/2025\/10\/pooh-bear-custom-croc-charms-bulk-cartoon-clog-shoe-charm-3-100x100.webp 100w\" sizes=\"(max-width: 1000px) 100vw, 1000px\" \/><\/figure>\n<\/div>\n<\/div>\n\n\n\n<p><\/p>","protected":false},"excerpt":{"rendered":"<p>Bienvenido a comprar estos encantos croc personalizados a granel. D\u00e9 un toque nost\u00e1lgico a su infancia con los colgantes de cocodrilo personalizados. Pooh Bear, Tigger, Piglet, Roo, y Robin encantos cocodrilo est\u00e1n hechos con caucho de PVC duradero y un dise\u00f1o cl\u00e1sico de dibujos animados, que tambi\u00e9n trabaja para las necesidades de negocio y de marca a granel con los minoristas y compradores OEM en busca de suministros encanto cocodrilo.<\/p>\n<h2>\u00a0Custom Croc Charms Bulk Especificaciones:<\/h2>\n<table width=\"419\">\n<tbody>\n<tr>\n<td width=\"115\">Fabricante:<\/td>\n<td width=\"304\">Mingyi<\/td>\n<\/tr>\n<tr>\n<td>Estilo:<\/td>\n<td>Colgantes de cocodrilo<\/td>\n<\/tr>\n<tr>\n<td>Modelo:<\/td>\n<td>1010<\/td>\n<\/tr>\n<tr>\n<td>Material:\u00a0<\/td>\n<td>Goma<\/td>\n<\/tr>\n<tr>\n<td>Color:\u00a0<\/td>\n<td width=\"304\">A medida<\/td>\n<\/tr>\n<tr>\n<td>Tama\u00f1o:\u00a0<\/td>\n<td width=\"304\">A medida<\/td>\n<\/tr>\n<tr>\n<td>Opciones de personalizaci\u00f3n:\u00a0<\/td>\n<td>Charms personalizados<\/td>\n<\/tr>\n<tr>\n<td>Embalaje:\u00a0<\/td>\n<td>Embalaje personalizado<\/td>\n<\/tr>\n<tr>\n<td>Muestra\uff1a<\/td>\n<td>Muestras en blanco gratuitas<\/td>\n<\/tr>\n<\/tbody>\n<\/table>","protected":false},"featured_media":1966,"comment_status":"closed","ping_status":"closed","template":"","meta":{"_acf_changed":false},"product_brand":[],"product_cat":[29],"product_tag":[],"class_list":{"0":"post-1965","1":"product","2":"type-product","3":"status-publish","4":"has-post-thumbnail","6":"product_cat-wholesale-croc-charms","8":"first","9":"instock","10":"shipping-taxable","11":"product-type-simple"},"acf":[],"_links":{"self":[{"href":"https:\/\/www.mappershoe.com\/es\/wp-json\/wp\/v2\/product\/1965","targetHints":{"allow":["GET"]}}],"collection":[{"href":"https:\/\/www.mappershoe.com\/es\/wp-json\/wp\/v2\/product"}],"about":[{"href":"https:\/\/www.mappershoe.com\/es\/wp-json\/wp\/v2\/types\/product"}],"replies":[{"embeddable":true,"href":"https:\/\/www.mappershoe.com\/es\/wp-json\/wp\/v2\/comments?post=1965"}],"wp:featuredmedia":[{"embeddable":true,"href":"https:\/\/www.mappershoe.com\/es\/wp-json\/wp\/v2\/media\/1966"}],"wp:attachment":[{"href":"https:\/\/www.mappershoe.com\/es\/wp-json\/wp\/v2\/media?parent=1965"}],"wp:term":[{"taxonomy":"product_brand","embeddable":true,"href":"https:\/\/www.mappershoe.com\/es\/wp-json\/wp\/v2\/product_brand?post=1965"},{"taxonomy":"product_cat","embeddable":true,"href":"https:\/\/www.mappershoe.com\/es\/wp-json\/wp\/v2\/product_cat?post=1965"},{"taxonomy":"product_tag","embeddable":true,"href":"https:\/\/www.mappershoe.com\/es\/wp-json\/wp\/v2\/product_tag?post=1965"}],"curies":[{"name":"wp","href":"https:\/\/api.w.org\/{rel}","templated":true}]}}