{"id":1970,"date":"2025-10-15T10:38:03","date_gmt":"2025-10-15T10:38:03","guid":{"rendered":"https:\/\/www.mappershoe.com\/?post_type=product&#038;p=1970"},"modified":"2025-10-27T06:38:20","modified_gmt":"2025-10-27T06:38:20","slug":"custom-charms-for-crocs","status":"publish","type":"product","link":"https:\/\/www.mappershoe.com\/es\/producto\/custom-charms-for-crocs\/","title":{"rendered":"Charms personalizados para Crocs en estilo Simpsons, Rubber Shoe Charm"},"content":{"rendered":"<div class=\"wp-block-columns is-layout-flex wp-container-core-columns-is-layout-9d6595d7 wp-block-columns-is-layout-flex\">\n<div class=\"wp-block-column is-layout-flow wp-block-column-is-layout-flow\">\n<h3 class=\"wp-block-heading\">Premium Simpsons Custom Charms para Crocs Caracter\u00edsticas:<\/h3>\n\n\n\n<p><strong>Dise\u00f1o ic\u00f3nico de Los Simpson:<\/strong> Estos charms personalizados para Crocs cuentan con personajes de dibujos animados basados en la familia Simpsons que presentan colores brillantes y detalles atrevidos para elevar al instante tus Crocs o zapatos Crocs.<\/p>\n\n\n\n<p><strong>Material de caucho de alta calidad:<\/strong> Estos colgantes personalizados para Crocs est\u00e1n hechos de caucho flexible y duradero, resistente al agua y a la decoloraci\u00f3n, y conservan su forma tras un uso prolongado.<\/p>\n\n\n\n<p><strong>F\u00e1cil de poner y quitar: <\/strong>Nuestros abalorios para zapatos Crocs al por mayor pueden fijarse f\u00e1cilmente a los ojales de los zapatos Crocs para un ajuste seguro y una sustituci\u00f3n c\u00f3moda de los diferentes abalorios para zapatos.<\/p>\n\n\n\n<p><strong>Opciones personalizables:<\/strong> Nuestros abalorios para zapatos Crocs al por mayor admiten la personalizaci\u00f3n OEM\/ODM, con dise\u00f1os, logotipos y colores personalizados para satisfacer las necesidades de los proyectos de marca y regalo.<\/p>\n\n\n\n<p><strong>Venta al por mayor:<\/strong> Estos charms personalizados para Crocs est\u00e1n disponibles en pedidos al por mayor y envases mixtos, lo que los hace ideales para vendedores de comercio electr\u00f3nico, empresas de regalos y promociones de marca.<\/p>\n<\/div>\n\n\n\n<div class=\"wp-block-column is-layout-flow wp-block-column-is-layout-flow\">\n<figure class=\"wp-block-image size-full\"><img decoding=\"async\" width=\"800\" height=\"800\" src=\"https:\/\/www.mappershoe.com\/wp-content\/uploads\/2025\/10\/simpsons-custom-charms-for-crocs-rubber-shoe-charms-in-bulk-3.webp\" alt=\"simpsons-custom-charms-for-crocs-rubber-shoe-charms-in-bulk-3\" class=\"wp-image-1974\" srcset=\"https:\/\/www.mappershoe.com\/wp-content\/uploads\/2025\/10\/simpsons-custom-charms-for-crocs-rubber-shoe-charms-in-bulk-3.webp 800w, https:\/\/www.mappershoe.com\/wp-content\/uploads\/2025\/10\/simpsons-custom-charms-for-crocs-rubber-shoe-charms-in-bulk-3-300x300.webp 300w, https:\/\/www.mappershoe.com\/wp-content\/uploads\/2025\/10\/simpsons-custom-charms-for-crocs-rubber-shoe-charms-in-bulk-3-150x150.webp 150w, https:\/\/www.mappershoe.com\/wp-content\/uploads\/2025\/10\/simpsons-custom-charms-for-crocs-rubber-shoe-charms-in-bulk-3-768x768.webp 768w, https:\/\/www.mappershoe.com\/wp-content\/uploads\/2025\/10\/simpsons-custom-charms-for-crocs-rubber-shoe-charms-in-bulk-3-12x12.webp 12w, https:\/\/www.mappershoe.com\/wp-content\/uploads\/2025\/10\/simpsons-custom-charms-for-crocs-rubber-shoe-charms-in-bulk-3-600x600.webp 600w, https:\/\/www.mappershoe.com\/wp-content\/uploads\/2025\/10\/simpsons-custom-charms-for-crocs-rubber-shoe-charms-in-bulk-3-100x100.webp 100w\" sizes=\"(max-width: 800px) 100vw, 800px\" \/><\/figure>\n<\/div>\n<\/div>\n\n\n\n<p><\/p>","protected":false},"excerpt":{"rendered":"<p>Bienvenido a comprar los Simpsons encantos personalizados para Crocs son divertidos, coloridos de goma de dibujos animados encantos zapato hecho de alta calidad, material impermeable. Estos encantos personalizados son perfectos para los compradores al por mayor, as\u00ed como para cualquiera que busque accesorios Crocs personalizados creativos. Nuestros amuletos Crocs personalizados admiten la personalizaci\u00f3n OEM y ODM para a\u00f1adir un poco de personalidad a sus zapatos Croc.<\/p>\n<h2>Charms personalizados para Crocs Especificaciones:<\/h2>\n<table width=\"419\">\n<tbody>\n<tr>\n<td width=\"115\">Fabricante:<\/td>\n<td width=\"304\">Mingyi<\/td>\n<\/tr>\n<tr>\n<td>Estilo:<\/td>\n<td>Colgantes de cocodrilo<\/td>\n<\/tr>\n<tr>\n<td>Modelo:<\/td>\n<td>1011<\/td>\n<\/tr>\n<tr>\n<td>Material:\u00a0<\/td>\n<td>Goma<\/td>\n<\/tr>\n<tr>\n<td>Color:\u00a0<\/td>\n<td width=\"304\">A medida<\/td>\n<\/tr>\n<tr>\n<td>Tama\u00f1o:\u00a0<\/td>\n<td width=\"304\">A medida<\/td>\n<\/tr>\n<tr>\n<td>Opciones de personalizaci\u00f3n:\u00a0<\/td>\n<td>Charms personalizados<\/td>\n<\/tr>\n<tr>\n<td>Embalaje:\u00a0<\/td>\n<td>Embalaje personalizado<\/td>\n<\/tr>\n<tr>\n<td>Muestra\uff1a<\/td>\n<td>Muestras en blanco gratuitas<\/td>\n<\/tr>\n<\/tbody>\n<\/table>","protected":false},"featured_media":1973,"comment_status":"closed","ping_status":"closed","template":"","meta":{"_acf_changed":false},"product_brand":[],"product_cat":[29],"product_tag":[],"class_list":{"0":"post-1970","1":"product","2":"type-product","3":"status-publish","4":"has-post-thumbnail","6":"product_cat-wholesale-croc-charms","8":"first","9":"instock","10":"shipping-taxable","11":"product-type-simple"},"acf":[],"_links":{"self":[{"href":"https:\/\/www.mappershoe.com\/es\/wp-json\/wp\/v2\/product\/1970","targetHints":{"allow":["GET"]}}],"collection":[{"href":"https:\/\/www.mappershoe.com\/es\/wp-json\/wp\/v2\/product"}],"about":[{"href":"https:\/\/www.mappershoe.com\/es\/wp-json\/wp\/v2\/types\/product"}],"replies":[{"embeddable":true,"href":"https:\/\/www.mappershoe.com\/es\/wp-json\/wp\/v2\/comments?post=1970"}],"wp:featuredmedia":[{"embeddable":true,"href":"https:\/\/www.mappershoe.com\/es\/wp-json\/wp\/v2\/media\/1973"}],"wp:attachment":[{"href":"https:\/\/www.mappershoe.com\/es\/wp-json\/wp\/v2\/media?parent=1970"}],"wp:term":[{"taxonomy":"product_brand","embeddable":true,"href":"https:\/\/www.mappershoe.com\/es\/wp-json\/wp\/v2\/product_brand?post=1970"},{"taxonomy":"product_cat","embeddable":true,"href":"https:\/\/www.mappershoe.com\/es\/wp-json\/wp\/v2\/product_cat?post=1970"},{"taxonomy":"product_tag","embeddable":true,"href":"https:\/\/www.mappershoe.com\/es\/wp-json\/wp\/v2\/product_tag?post=1970"}],"curies":[{"name":"wp","href":"https:\/\/api.w.org\/{rel}","templated":true}]}}