{"id":1981,"date":"2025-10-18T10:09:19","date_gmt":"2025-10-18T10:09:19","guid":{"rendered":"https:\/\/www.mappershoe.com\/?post_type=product&#038;p=1981"},"modified":"2025-10-27T06:34:11","modified_gmt":"2025-10-27T06:34:11","slug":"eva-flip-flops-wholesale","status":"publish","type":"product","link":"https:\/\/www.mappershoe.com\/es\/producto\/eva-flip-flops-wholesale\/","title":{"rendered":"Chanclas de EVA al por mayor con suela de zapatilla hueca Personalizadas"},"content":{"rendered":"<div class=\"wp-block-columns is-layout-flex wp-container-core-columns-is-layout-9d6595d7 wp-block-columns-is-layout-flex\">\n<div class=\"wp-block-column is-layout-flow wp-block-column-is-layout-flow\">\n<h3 class=\"wp-block-heading\">Premium EVA Flip Flops Venta al por mayor Caracter\u00edsticas:<\/h3>\n\n\n\n<p><strong>Material EVA el\u00e1stico:<\/strong> Nuestras chanclas de playa personalizadas al por mayor est\u00e1n hechas de EVA altamente el\u00e1stica, ligera y duradera, adecuada para el uso a largo plazo y los deportes al aire libre.<\/p>\n\n\n\n<p><strong>Suela con dise\u00f1o ahuecado:<\/strong> El dise\u00f1o ahuecado de la suela de nuestras chanclas de EVA al por mayor favorece la ventilaci\u00f3n y el drenaje, el secado r\u00e1pido y proporciona comodidad antideslizante.<\/p>\n\n\n\n<p><strong>Suela ergon\u00f3mica y antideslizante:<\/strong> Nuestras chanclas EVA al por mayor tienen una suela ergon\u00f3mica con tacos antideslizantes para un ajuste c\u00f3modo y seguro, perfecto para suelos resbaladizos como playas y piscinas.<\/p>\n\n\n\n<p><strong>Suministro al por mayor a granel:<\/strong> Nuestras chanclas EVA al por mayor ofrecen servicios de personalizaci\u00f3n, ideales para compras al por mayor por parte de marcas, minoristas de regalos y distribuidores de equipos vacacionales.<\/p>\n\n\n\n<p><strong>Logotipo personalizado y opciones de color:<\/strong> La personalizaci\u00f3n OEM\/ODM es compatible con las chanclas personalizadas. Los usuarios pueden colocar su logotipo y elegir colores y dise\u00f1os entre una gran variedad para crear una identidad de marca personal.<\/p>\n<\/div>\n\n\n\n<div class=\"wp-block-column is-layout-flow wp-block-column-is-layout-flow\">\n<figure class=\"wp-block-image size-full\"><img decoding=\"async\" width=\"720\" height=\"720\" src=\"https:\/\/www.mappershoe.com\/wp-content\/uploads\/2025\/10\/eva-flip-flops-wholesale-for-men-with-hollow-out-sole-print-3.webp\" alt=\"eva-flip-flops-mayoristas-para-hombre-con-suela-hueca-impresa-3\" class=\"wp-image-1984\" srcset=\"https:\/\/www.mappershoe.com\/wp-content\/uploads\/2025\/10\/eva-flip-flops-wholesale-for-men-with-hollow-out-sole-print-3.webp 720w, https:\/\/www.mappershoe.com\/wp-content\/uploads\/2025\/10\/eva-flip-flops-wholesale-for-men-with-hollow-out-sole-print-3-300x300.webp 300w, https:\/\/www.mappershoe.com\/wp-content\/uploads\/2025\/10\/eva-flip-flops-wholesale-for-men-with-hollow-out-sole-print-3-150x150.webp 150w, https:\/\/www.mappershoe.com\/wp-content\/uploads\/2025\/10\/eva-flip-flops-wholesale-for-men-with-hollow-out-sole-print-3-12x12.webp 12w, https:\/\/www.mappershoe.com\/wp-content\/uploads\/2025\/10\/eva-flip-flops-wholesale-for-men-with-hollow-out-sole-print-3-600x600.webp 600w, https:\/\/www.mappershoe.com\/wp-content\/uploads\/2025\/10\/eva-flip-flops-wholesale-for-men-with-hollow-out-sole-print-3-100x100.webp 100w\" sizes=\"(max-width: 720px) 100vw, 720px\" \/><\/figure>\n<\/div>\n<\/div>\n\n\n\n<figure class=\"wp-block-gallery has-nested-images columns-default is-cropped wp-block-gallery-1 is-layout-flex wp-block-gallery-is-layout-flex\">\n<figure class=\"wp-block-image size-large\"><img decoding=\"async\" width=\"790\" height=\"1167\" data-id=\"1989\" src=\"https:\/\/www.mappershoe.com\/wp-content\/uploads\/2025\/10\/eva-flip-flops-wholesale-for-men-with-hollow-out-sole-print-8.webp\" alt=\"eva-flip-flops-wholesale-for-men-with-hollow-out-sole-print-8\" class=\"wp-image-1989\" srcset=\"https:\/\/www.mappershoe.com\/wp-content\/uploads\/2025\/10\/eva-flip-flops-wholesale-for-men-with-hollow-out-sole-print-8.webp 790w, https:\/\/www.mappershoe.com\/wp-content\/uploads\/2025\/10\/eva-flip-flops-wholesale-for-men-with-hollow-out-sole-print-8-203x300.webp 203w, https:\/\/www.mappershoe.com\/wp-content\/uploads\/2025\/10\/eva-flip-flops-wholesale-for-men-with-hollow-out-sole-print-8-768x1135.webp 768w, https:\/\/www.mappershoe.com\/wp-content\/uploads\/2025\/10\/eva-flip-flops-wholesale-for-men-with-hollow-out-sole-print-8-8x12.webp 8w, https:\/\/www.mappershoe.com\/wp-content\/uploads\/2025\/10\/eva-flip-flops-wholesale-for-men-with-hollow-out-sole-print-8-600x886.webp 600w\" sizes=\"(max-width: 790px) 100vw, 790px\" \/><\/figure>\n\n\n\n<figure class=\"wp-block-image size-large\"><img decoding=\"async\" width=\"790\" height=\"1389\" data-id=\"1990\" src=\"https:\/\/www.mappershoe.com\/wp-content\/uploads\/2025\/10\/eva-flip-flops-wholesale-for-men-with-hollow-out-sole-print-9.webp\" alt=\"eva-flip-flops-wholesale-for-men-with-hollow-out-sole-print-9\" class=\"wp-image-1990\" srcset=\"https:\/\/www.mappershoe.com\/wp-content\/uploads\/2025\/10\/eva-flip-flops-wholesale-for-men-with-hollow-out-sole-print-9.webp 790w, https:\/\/www.mappershoe.com\/wp-content\/uploads\/2025\/10\/eva-flip-flops-wholesale-for-men-with-hollow-out-sole-print-9-171x300.webp 171w, https:\/\/www.mappershoe.com\/wp-content\/uploads\/2025\/10\/eva-flip-flops-wholesale-for-men-with-hollow-out-sole-print-9-768x1350.webp 768w, https:\/\/www.mappershoe.com\/wp-content\/uploads\/2025\/10\/eva-flip-flops-wholesale-for-men-with-hollow-out-sole-print-9-7x12.webp 7w, https:\/\/www.mappershoe.com\/wp-content\/uploads\/2025\/10\/eva-flip-flops-wholesale-for-men-with-hollow-out-sole-print-9-600x1055.webp 600w\" sizes=\"(max-width: 790px) 100vw, 790px\" \/><\/figure>\n\n\n\n<figure class=\"wp-block-image size-large\"><img decoding=\"async\" width=\"790\" height=\"1057\" data-id=\"1991\" src=\"https:\/\/www.mappershoe.com\/wp-content\/uploads\/2025\/10\/eva-flip-flops-wholesale-for-men-with-hollow-out-sole-print-10.webp\" alt=\"eva-flip-flops-mayoristas-para-hombre-con-suela hueca-print-10\" class=\"wp-image-1991\" srcset=\"https:\/\/www.mappershoe.com\/wp-content\/uploads\/2025\/10\/eva-flip-flops-wholesale-for-men-with-hollow-out-sole-print-10.webp 790w, https:\/\/www.mappershoe.com\/wp-content\/uploads\/2025\/10\/eva-flip-flops-wholesale-for-men-with-hollow-out-sole-print-10-224x300.webp 224w, https:\/\/www.mappershoe.com\/wp-content\/uploads\/2025\/10\/eva-flip-flops-wholesale-for-men-with-hollow-out-sole-print-10-768x1028.webp 768w, https:\/\/www.mappershoe.com\/wp-content\/uploads\/2025\/10\/eva-flip-flops-wholesale-for-men-with-hollow-out-sole-print-10-9x12.webp 9w, https:\/\/www.mappershoe.com\/wp-content\/uploads\/2025\/10\/eva-flip-flops-wholesale-for-men-with-hollow-out-sole-print-10-600x803.webp 600w\" sizes=\"(max-width: 790px) 100vw, 790px\" \/><\/figure>\n<\/figure>","protected":false},"excerpt":{"rendered":"<p>\u00bfBusca chanclas de EVA para hombre al por mayor? Nuestras chanclas de playa de marca propia OEM\/ODM ofrecen una comodidad ligera, suelas huecas y dise\u00f1os personalizados imprimibles. Perfectas para la moda veraniega, los resorts de playa y las empresas de marketing de calzado. Perfectas para clientes B2B que necesitan pedidos al por mayor OEM\/ODM a precios de f\u00e1brica.<\/p>\n<h2>Chanclas de EVA al por mayor Especificaciones:<\/h2>\n<table width=\"448\">\n<tbody>\n<tr>\n<td width=\"168\">Fabricante:<\/td>\n<td width=\"280\">Mingyi<\/td>\n<\/tr>\n<tr>\n<td>Estilo:<\/td>\n<td>Chanclas<\/td>\n<\/tr>\n<tr>\n<td>Modelo:<\/td>\n<td>1916<\/td>\n<\/tr>\n<tr>\n<td>Material:\u00a0<\/td>\n<td>EVA<\/td>\n<\/tr>\n<tr>\n<td>Color:\u00a0<\/td>\n<td width=\"280\">A medida<\/td>\n<\/tr>\n<tr>\n<td>Tama\u00f1o:\u00a0<\/td>\n<td width=\"280\">A medida<\/td>\n<\/tr>\n<tr>\n<td>Opciones de personalizaci\u00f3n:\u00a0<\/td>\n<td>Logotipo (parte superior, lateral, plantilla) \/ Estampado integral \/ Color \/ Material \/ Grosor de la suela \/ Parte superior<\/td>\n<\/tr>\n<tr>\n<td>Embalaje:\u00a0<\/td>\n<td>Embalaje personalizado<\/td>\n<\/tr>\n<tr>\n<td>Muestra\uff1a<\/td>\n<td>Muestras gratuitas<\/td>\n<\/tr>\n<\/tbody>\n<\/table>","protected":false},"featured_media":1983,"comment_status":"closed","ping_status":"closed","template":"","meta":{"_acf_changed":false},"product_brand":[],"product_cat":[17],"product_tag":[25,26],"class_list":{"0":"post-1981","1":"product","2":"type-product","3":"status-publish","4":"has-post-thumbnail","6":"product_cat-wholesale-flip-flops","7":"product_tag-eva-slippers-wholesale","8":"product_tag-mens-slippers-wholesale","10":"first","11":"instock","12":"shipping-taxable","13":"product-type-simple"},"acf":[],"_links":{"self":[{"href":"https:\/\/www.mappershoe.com\/es\/wp-json\/wp\/v2\/product\/1981","targetHints":{"allow":["GET"]}}],"collection":[{"href":"https:\/\/www.mappershoe.com\/es\/wp-json\/wp\/v2\/product"}],"about":[{"href":"https:\/\/www.mappershoe.com\/es\/wp-json\/wp\/v2\/types\/product"}],"replies":[{"embeddable":true,"href":"https:\/\/www.mappershoe.com\/es\/wp-json\/wp\/v2\/comments?post=1981"}],"wp:featuredmedia":[{"embeddable":true,"href":"https:\/\/www.mappershoe.com\/es\/wp-json\/wp\/v2\/media\/1983"}],"wp:attachment":[{"href":"https:\/\/www.mappershoe.com\/es\/wp-json\/wp\/v2\/media?parent=1981"}],"wp:term":[{"taxonomy":"product_brand","embeddable":true,"href":"https:\/\/www.mappershoe.com\/es\/wp-json\/wp\/v2\/product_brand?post=1981"},{"taxonomy":"product_cat","embeddable":true,"href":"https:\/\/www.mappershoe.com\/es\/wp-json\/wp\/v2\/product_cat?post=1981"},{"taxonomy":"product_tag","embeddable":true,"href":"https:\/\/www.mappershoe.com\/es\/wp-json\/wp\/v2\/product_tag?post=1981"}],"curies":[{"name":"wp","href":"https:\/\/api.w.org\/{rel}","templated":true}]}}