{"id":1993,"date":"2025-10-20T02:04:59","date_gmt":"2025-10-20T02:04:59","guid":{"rendered":"https:\/\/www.mappershoe.com\/?post_type=product&#038;p=1993"},"modified":"2025-10-27T06:28:55","modified_gmt":"2025-10-27T06:28:55","slug":"custom-printed-flip-flops","status":"publish","type":"product","link":"https:\/\/www.mappershoe.com\/es\/producto\/custom-printed-flip-flops\/","title":{"rendered":"Chanclas personalizadas impresas a todo color, Chanclas de EVA al por mayor"},"content":{"rendered":"<div class=\"wp-block-columns is-layout-flex wp-container-core-columns-is-layout-9d6595d7 wp-block-columns-is-layout-flex\">\n<div class=\"wp-block-column is-layout-flow wp-block-column-is-layout-flow\">\n<h3 class=\"wp-block-heading\">Chanclas personalizadas Premium Caracter\u00edsticas:<\/h3>\n\n\n\n<p><strong>Material EVA ligero y suave: <\/strong>Nuestras chanclas estampadas personalizadas est\u00e1n fabricadas con material EVA ligero, suave y flexible, bien acolchado, con buena absorci\u00f3n de impactos y antideslizante, ideal para un uso c\u00f3modo e informal.<\/p>\n\n\n\n<p><strong>Impresi\u00f3n personalizada a todo color: <\/strong>Ofrecemos impresi\u00f3n por transferencia t\u00e9rmica a todo color para nuestras chanclas impresas personalizadas, lo que le permite imprimir su logotipo, dise\u00f1o, tema del evento o m\u00e1s en colores vibrantes y r\u00e1pidos.<\/p>\n\n\n\n<p><strong>Innovadores envases troquelados:<\/strong> Ofrecemos estas chanclas al por mayor con dise\u00f1os innovadores de diversas formas (por ejemplo, animal, camiseta, redonda, cuadrada, etc.). El envase exclusivo es llamativo y mejora la promoci\u00f3n de la marca y la exposici\u00f3n minorista.<\/p>\n\n\n\n<p><strong>Dise\u00f1o de ajuste c\u00f3modo:<\/strong> La suela blanda y el dise\u00f1o ergon\u00f3mico de las chanclas al por mayor garantizan la comodidad al caminar, perfectas para el d\u00eda a d\u00eda, las excursiones a la playa, la piscina y las actividades al aire libre.<\/p>\n\n\n\n<p><strong>Servicio al por mayor y a medida:<\/strong> Ofrecemos compra al por mayor, producci\u00f3n r\u00e1pida y servicios de personalizaci\u00f3n OEM\/ODM. Son perfectas para eventos de marca, regalos promocionales o caprichos vacacionales.<\/p>\n<\/div>\n\n\n\n<div class=\"wp-block-column is-layout-flow wp-block-column-is-layout-flow\">\n<figure class=\"wp-block-image size-full\"><img decoding=\"async\" width=\"1000\" height=\"1000\" src=\"https:\/\/www.mappershoe.com\/wp-content\/uploads\/2025\/10\/custom-printed-flip-flops-with-full-color-eva-flip-flop-bulk-3.webp\" alt=\"chanclas-flip-eva-impresas-a-la-forma-con-todo-color-granel-3\" class=\"wp-image-1996\" srcset=\"https:\/\/www.mappershoe.com\/wp-content\/uploads\/2025\/10\/custom-printed-flip-flops-with-full-color-eva-flip-flop-bulk-3.webp 1000w, https:\/\/www.mappershoe.com\/wp-content\/uploads\/2025\/10\/custom-printed-flip-flops-with-full-color-eva-flip-flop-bulk-3-300x300.webp 300w, https:\/\/www.mappershoe.com\/wp-content\/uploads\/2025\/10\/custom-printed-flip-flops-with-full-color-eva-flip-flop-bulk-3-150x150.webp 150w, https:\/\/www.mappershoe.com\/wp-content\/uploads\/2025\/10\/custom-printed-flip-flops-with-full-color-eva-flip-flop-bulk-3-768x768.webp 768w, https:\/\/www.mappershoe.com\/wp-content\/uploads\/2025\/10\/custom-printed-flip-flops-with-full-color-eva-flip-flop-bulk-3-12x12.webp 12w, https:\/\/www.mappershoe.com\/wp-content\/uploads\/2025\/10\/custom-printed-flip-flops-with-full-color-eva-flip-flop-bulk-3-600x600.webp 600w, https:\/\/www.mappershoe.com\/wp-content\/uploads\/2025\/10\/custom-printed-flip-flops-with-full-color-eva-flip-flop-bulk-3-100x100.webp 100w\" sizes=\"(max-width: 1000px) 100vw, 1000px\" \/><\/figure>\n<\/div>\n<\/div>\n\n\n\n<figure class=\"wp-block-gallery has-nested-images columns-4 is-cropped wp-block-gallery-1 is-layout-flex wp-block-gallery-is-layout-flex\">\n<figure class=\"wp-block-image size-large\"><img decoding=\"async\" width=\"790\" height=\"1167\" data-id=\"2000\" src=\"https:\/\/www.mappershoe.com\/wp-content\/uploads\/2025\/10\/custom-printed-flip-flops-with-full-color-eva-flip-flop-bulk-7.webp\" alt=\"chanclas-flip-eva-a-todo-color-impresas-a-la-carta-7\" class=\"wp-image-2000\" srcset=\"https:\/\/www.mappershoe.com\/wp-content\/uploads\/2025\/10\/custom-printed-flip-flops-with-full-color-eva-flip-flop-bulk-7.webp 790w, https:\/\/www.mappershoe.com\/wp-content\/uploads\/2025\/10\/custom-printed-flip-flops-with-full-color-eva-flip-flop-bulk-7-203x300.webp 203w, https:\/\/www.mappershoe.com\/wp-content\/uploads\/2025\/10\/custom-printed-flip-flops-with-full-color-eva-flip-flop-bulk-7-768x1135.webp 768w, https:\/\/www.mappershoe.com\/wp-content\/uploads\/2025\/10\/custom-printed-flip-flops-with-full-color-eva-flip-flop-bulk-7-8x12.webp 8w, https:\/\/www.mappershoe.com\/wp-content\/uploads\/2025\/10\/custom-printed-flip-flops-with-full-color-eva-flip-flop-bulk-7-600x886.webp 600w\" sizes=\"(max-width: 790px) 100vw, 790px\" \/><\/figure>\n\n\n\n<figure class=\"wp-block-image size-large\"><img decoding=\"async\" width=\"790\" height=\"1389\" data-id=\"2001\" src=\"https:\/\/www.mappershoe.com\/wp-content\/uploads\/2025\/10\/custom-printed-flip-flops-with-full-color-eva-flip-flop-bulk-8.webp\" alt=\"chanclas-flip-eva-impresas-a-la-forma-con-todo-color-8-granel\" class=\"wp-image-2001\" srcset=\"https:\/\/www.mappershoe.com\/wp-content\/uploads\/2025\/10\/custom-printed-flip-flops-with-full-color-eva-flip-flop-bulk-8.webp 790w, https:\/\/www.mappershoe.com\/wp-content\/uploads\/2025\/10\/custom-printed-flip-flops-with-full-color-eva-flip-flop-bulk-8-171x300.webp 171w, https:\/\/www.mappershoe.com\/wp-content\/uploads\/2025\/10\/custom-printed-flip-flops-with-full-color-eva-flip-flop-bulk-8-768x1350.webp 768w, https:\/\/www.mappershoe.com\/wp-content\/uploads\/2025\/10\/custom-printed-flip-flops-with-full-color-eva-flip-flop-bulk-8-7x12.webp 7w, https:\/\/www.mappershoe.com\/wp-content\/uploads\/2025\/10\/custom-printed-flip-flops-with-full-color-eva-flip-flop-bulk-8-600x1055.webp 600w\" sizes=\"(max-width: 790px) 100vw, 790px\" \/><\/figure>\n\n\n\n<figure class=\"wp-block-image size-large\"><img decoding=\"async\" width=\"790\" height=\"1057\" data-id=\"2003\" src=\"https:\/\/www.mappershoe.com\/wp-content\/uploads\/2025\/10\/custom-printed-flip-flops-with-full-color-eva-flip-flop-bulk-10.webp\" alt=\"chanclas-flip-eva-impresas-a-la-carta-con-todo-color-flip-flop-bulk-10\" class=\"wp-image-2003\" srcset=\"https:\/\/www.mappershoe.com\/wp-content\/uploads\/2025\/10\/custom-printed-flip-flops-with-full-color-eva-flip-flop-bulk-10.webp 790w, https:\/\/www.mappershoe.com\/wp-content\/uploads\/2025\/10\/custom-printed-flip-flops-with-full-color-eva-flip-flop-bulk-10-224x300.webp 224w, https:\/\/www.mappershoe.com\/wp-content\/uploads\/2025\/10\/custom-printed-flip-flops-with-full-color-eva-flip-flop-bulk-10-768x1028.webp 768w, https:\/\/www.mappershoe.com\/wp-content\/uploads\/2025\/10\/custom-printed-flip-flops-with-full-color-eva-flip-flop-bulk-10-9x12.webp 9w, https:\/\/www.mappershoe.com\/wp-content\/uploads\/2025\/10\/custom-printed-flip-flops-with-full-color-eva-flip-flop-bulk-10-600x803.webp 600w\" sizes=\"(max-width: 790px) 100vw, 790px\" \/><\/figure>\n\n\n\n<figure class=\"wp-block-image size-large\"><img decoding=\"async\" width=\"790\" height=\"1212\" data-id=\"2004\" src=\"https:\/\/www.mappershoe.com\/wp-content\/uploads\/2025\/10\/custom-printed-flip-flops-with-full-color-eva-flip-flop-bulk-11.webp\" alt=\"chanclas-flip-eva-impresas-a-la-forma-con-todo-color-granel-11\" class=\"wp-image-2004\" srcset=\"https:\/\/www.mappershoe.com\/wp-content\/uploads\/2025\/10\/custom-printed-flip-flops-with-full-color-eva-flip-flop-bulk-11.webp 790w, https:\/\/www.mappershoe.com\/wp-content\/uploads\/2025\/10\/custom-printed-flip-flops-with-full-color-eva-flip-flop-bulk-11-196x300.webp 196w, https:\/\/www.mappershoe.com\/wp-content\/uploads\/2025\/10\/custom-printed-flip-flops-with-full-color-eva-flip-flop-bulk-11-768x1178.webp 768w, https:\/\/www.mappershoe.com\/wp-content\/uploads\/2025\/10\/custom-printed-flip-flops-with-full-color-eva-flip-flop-bulk-11-8x12.webp 8w, https:\/\/www.mappershoe.com\/wp-content\/uploads\/2025\/10\/custom-printed-flip-flops-with-full-color-eva-flip-flop-bulk-11-600x921.webp 600w\" sizes=\"(max-width: 790px) 100vw, 790px\" \/><\/figure>\n<\/figure>","protected":false},"excerpt":{"rendered":"<p>Bienvenido a comprar nuestras chanclas impresas personalizadas est\u00e1n hechas de material EVA ligero y suave con una excelente elasticidad y propiedades antideslizantes. Tienen impresi\u00f3n por transferencia t\u00e9rmica en la parte superior, con capacidad para gr\u00e1ficos personalizados de ancho completo y longevidad del color. Tanto si est\u00e1 creando una promoci\u00f3n de marca, un regalo corporativo, una escapada a la playa o un programa personalizado de venta al por menor, su marca a\u00f1adir\u00e1 diversi\u00f3n y valor innovador con estas chanclas de EVA impresas.<\/p>\n<h2>Especificaciones:<\/h2>\n<table width=\"448\">\n<tbody>\n<tr>\n<td width=\"168\">Fabricante:<\/td>\n<td width=\"280\">Mingyi<\/td>\n<\/tr>\n<tr>\n<td>Estilo:<\/td>\n<td>Chanclas<\/td>\n<\/tr>\n<tr>\n<td>Modelo:<\/td>\n<td>1917<\/td>\n<\/tr>\n<tr>\n<td>Material:\u00a0<\/td>\n<td>EVA<\/td>\n<\/tr>\n<tr>\n<td>Color:\u00a0<\/td>\n<td width=\"280\">A medida<\/td>\n<\/tr>\n<tr>\n<td>Tama\u00f1o:\u00a0<\/td>\n<td width=\"280\">A medida<\/td>\n<\/tr>\n<tr>\n<td>Opciones de personalizaci\u00f3n:\u00a0<\/td>\n<td>Logotipo (parte superior, lateral, plantilla) \/ Estampado integral \/ Color \/ Material \/ Grosor de la suela \/ Parte superior<\/td>\n<\/tr>\n<tr>\n<td>Embalaje:\u00a0<\/td>\n<td>Embalaje personalizado<\/td>\n<\/tr>\n<tr>\n<td>Muestra\uff1a<\/td>\n<td>Muestras gratuitas<\/td>\n<\/tr>\n<\/tbody>\n<\/table>","protected":false},"featured_media":1994,"comment_status":"closed","ping_status":"closed","template":"","meta":{"_acf_changed":false},"product_brand":[],"product_cat":[17],"product_tag":[25,26],"class_list":{"0":"post-1993","1":"product","2":"type-product","3":"status-publish","4":"has-post-thumbnail","6":"product_cat-wholesale-flip-flops","7":"product_tag-eva-slippers-wholesale","8":"product_tag-mens-slippers-wholesale","10":"first","11":"instock","12":"shipping-taxable","13":"product-type-simple"},"acf":[],"_links":{"self":[{"href":"https:\/\/www.mappershoe.com\/es\/wp-json\/wp\/v2\/product\/1993","targetHints":{"allow":["GET"]}}],"collection":[{"href":"https:\/\/www.mappershoe.com\/es\/wp-json\/wp\/v2\/product"}],"about":[{"href":"https:\/\/www.mappershoe.com\/es\/wp-json\/wp\/v2\/types\/product"}],"replies":[{"embeddable":true,"href":"https:\/\/www.mappershoe.com\/es\/wp-json\/wp\/v2\/comments?post=1993"}],"wp:featuredmedia":[{"embeddable":true,"href":"https:\/\/www.mappershoe.com\/es\/wp-json\/wp\/v2\/media\/1994"}],"wp:attachment":[{"href":"https:\/\/www.mappershoe.com\/es\/wp-json\/wp\/v2\/media?parent=1993"}],"wp:term":[{"taxonomy":"product_brand","embeddable":true,"href":"https:\/\/www.mappershoe.com\/es\/wp-json\/wp\/v2\/product_brand?post=1993"},{"taxonomy":"product_cat","embeddable":true,"href":"https:\/\/www.mappershoe.com\/es\/wp-json\/wp\/v2\/product_cat?post=1993"},{"taxonomy":"product_tag","embeddable":true,"href":"https:\/\/www.mappershoe.com\/es\/wp-json\/wp\/v2\/product_tag?post=1993"}],"curies":[{"name":"wp","href":"https:\/\/api.w.org\/{rel}","templated":true}]}}