{"id":2007,"date":"2025-10-20T06:36:19","date_gmt":"2025-10-20T06:36:19","guid":{"rendered":"https:\/\/www.mappershoe.com\/?post_type=product&#038;p=2007"},"modified":"2025-10-25T02:31:16","modified_gmt":"2025-10-25T02:31:16","slug":"custom-flip-flop-soles","status":"publish","type":"product","link":"https:\/\/www.mappershoe.com\/es\/producto\/custom-flip-flop-soles\/","title":{"rendered":"Suelas a granel para chanclas, suelas de EVA para zapatillas"},"content":{"rendered":"<div class=\"wp-block-columns is-layout-flex wp-container-core-columns-is-layout-9d6595d7 wp-block-columns-is-layout-flex\">\n<div class=\"wp-block-column is-layout-flow wp-block-column-is-layout-flow\">\n<h3 class=\"wp-block-heading\">Premium Custom Flip Flop Soles Caracter\u00edsticas:<\/h3>\n\n\n\n<p><strong>Material EVA de alta calidad: <\/strong>Fabricadas con material EVA de alta densidad, estas suelas de chanclas personalizadas son suaves y ligeras, antideslizantes y resistentes a la abrasi\u00f3n, por lo que resultan c\u00f3modas y duraderas.<\/p>\n\n\n\n<p><strong>Dise\u00f1o de personalizaci\u00f3n:<\/strong> Se pueden ofrecer colores, grosores y tama\u00f1os personalizados, y existe la opci\u00f3n de seleccionar el color del encaje para cumplir las especificaciones OEM\/ODM.<\/p>\n\n\n\n<p><strong>F\u00e1cil montaje: <\/strong>Nuestras suelas de zapatilla Eva a granel est\u00e1n equipadas con orificios de montaje y una sencilla herramienta, los usuarios pueden instalar f\u00e1cilmente los cordones ellos mismos, lo que las hace ideales para proyectos de bricolaje o producci\u00f3n de peque\u00f1os lotes.<\/p>\n\n\n\n<p><strong>Aplicaciones vers\u00e1tiles: <\/strong>Adecuado para f\u00e1bricas de chanclas personalizadas, producci\u00f3n de regalos promocionales, clases de bricolaje de chanclas de playa o desarrollo de muestras de marca.<\/p>\n\n\n\n<p><strong>Disponible en varios tama\u00f1os y colores:<\/strong> Ofrecemos m\u00faltiples tama\u00f1os de suelas para ni\u00f1os, hombres y mujeres, as\u00ed como una variedad de colores populares para satisfacer las necesidades de dise\u00f1o de diferentes mercados y marcas.<\/p>\n\n\n\n<p><strong>Suministro a granel y entrega r\u00e1pida:<\/strong> Suministro directo de f\u00e1brica, precios competitivos para pedidos al por mayor y env\u00edo internacional disponible. Estas suelas de chanclas personalizadas son perfectas para mayoristas y fabricantes de zapatillas.<\/p>\n<\/div>\n\n\n\n<div class=\"wp-block-column is-layout-flow wp-block-column-is-layout-flow\">\n<figure class=\"wp-block-image size-full\"><img decoding=\"async\" width=\"1000\" height=\"1000\" src=\"https:\/\/www.mappershoe.com\/wp-content\/uploads\/2025\/10\/factory-supply-custom-flip-flop-soles-bulk-eva-slipper-sole-11.webp\" alt=\"suministros-de-f\u00e1brica-suelas-flip-flop-personalizadas-suela-bulk-eva-slipper-11\" class=\"wp-image-2012\" srcset=\"https:\/\/www.mappershoe.com\/wp-content\/uploads\/2025\/10\/factory-supply-custom-flip-flop-soles-bulk-eva-slipper-sole-11.webp 1000w, https:\/\/www.mappershoe.com\/wp-content\/uploads\/2025\/10\/factory-supply-custom-flip-flop-soles-bulk-eva-slipper-sole-11-300x300.webp 300w, https:\/\/www.mappershoe.com\/wp-content\/uploads\/2025\/10\/factory-supply-custom-flip-flop-soles-bulk-eva-slipper-sole-11-150x150.webp 150w, https:\/\/www.mappershoe.com\/wp-content\/uploads\/2025\/10\/factory-supply-custom-flip-flop-soles-bulk-eva-slipper-sole-11-768x768.webp 768w, https:\/\/www.mappershoe.com\/wp-content\/uploads\/2025\/10\/factory-supply-custom-flip-flop-soles-bulk-eva-slipper-sole-11-12x12.webp 12w, https:\/\/www.mappershoe.com\/wp-content\/uploads\/2025\/10\/factory-supply-custom-flip-flop-soles-bulk-eva-slipper-sole-11-600x600.webp 600w, https:\/\/www.mappershoe.com\/wp-content\/uploads\/2025\/10\/factory-supply-custom-flip-flop-soles-bulk-eva-slipper-sole-11-100x100.webp 100w\" sizes=\"(max-width: 1000px) 100vw, 1000px\" \/><\/figure>\n<\/div>\n<\/div>\n\n\n\n<figure class=\"wp-block-gallery has-nested-images columns-default is-cropped wp-block-gallery-1 is-layout-flex wp-block-gallery-is-layout-flex\">\n<figure class=\"wp-block-image size-large\"><img decoding=\"async\" width=\"790\" height=\"1167\" data-id=\"2008\" src=\"https:\/\/www.mappershoe.com\/wp-content\/uploads\/2025\/10\/factory-supply-custom-flip-flop-soles-bulk-eva-slipper-sole-7.webp\" alt=\"suministros-de-f\u00e1brica-suelas-flip-flop-personalizadas-suela-bulk-eva-slipper-7\" class=\"wp-image-2008\" srcset=\"https:\/\/www.mappershoe.com\/wp-content\/uploads\/2025\/10\/factory-supply-custom-flip-flop-soles-bulk-eva-slipper-sole-7.webp 790w, https:\/\/www.mappershoe.com\/wp-content\/uploads\/2025\/10\/factory-supply-custom-flip-flop-soles-bulk-eva-slipper-sole-7-203x300.webp 203w, https:\/\/www.mappershoe.com\/wp-content\/uploads\/2025\/10\/factory-supply-custom-flip-flop-soles-bulk-eva-slipper-sole-7-768x1135.webp 768w, https:\/\/www.mappershoe.com\/wp-content\/uploads\/2025\/10\/factory-supply-custom-flip-flop-soles-bulk-eva-slipper-sole-7-8x12.webp 8w, https:\/\/www.mappershoe.com\/wp-content\/uploads\/2025\/10\/factory-supply-custom-flip-flop-soles-bulk-eva-slipper-sole-7-600x886.webp 600w\" sizes=\"(max-width: 790px) 100vw, 790px\" \/><\/figure>\n\n\n\n<figure class=\"wp-block-image size-large\"><img decoding=\"async\" width=\"790\" height=\"1057\" data-id=\"2010\" src=\"https:\/\/www.mappershoe.com\/wp-content\/uploads\/2025\/10\/factory-supply-custom-flip-flop-soles-bulk-eva-slipper-sole-9.webp\" alt=\"suministros-de-f\u00e1brica-suelas-flip-flop-personalizadas-suela-bulk-eva-slipper-9\" class=\"wp-image-2010\" srcset=\"https:\/\/www.mappershoe.com\/wp-content\/uploads\/2025\/10\/factory-supply-custom-flip-flop-soles-bulk-eva-slipper-sole-9.webp 790w, https:\/\/www.mappershoe.com\/wp-content\/uploads\/2025\/10\/factory-supply-custom-flip-flop-soles-bulk-eva-slipper-sole-9-224x300.webp 224w, https:\/\/www.mappershoe.com\/wp-content\/uploads\/2025\/10\/factory-supply-custom-flip-flop-soles-bulk-eva-slipper-sole-9-768x1028.webp 768w, https:\/\/www.mappershoe.com\/wp-content\/uploads\/2025\/10\/factory-supply-custom-flip-flop-soles-bulk-eva-slipper-sole-9-9x12.webp 9w, https:\/\/www.mappershoe.com\/wp-content\/uploads\/2025\/10\/factory-supply-custom-flip-flop-soles-bulk-eva-slipper-sole-9-600x803.webp 600w\" sizes=\"(max-width: 790px) 100vw, 790px\" \/><\/figure>\n\n\n\n<figure class=\"wp-block-image size-large\"><img decoding=\"async\" width=\"790\" height=\"1389\" data-id=\"2009\" src=\"https:\/\/www.mappershoe.com\/wp-content\/uploads\/2025\/10\/factory-supply-custom-flip-flop-soles-bulk-eva-slipper-sole-8.webp\" alt=\"suministros-de-f\u00e1brica-suelas-flip-flop-personalizadas-suela-bulk-eva-zapatilla-8\" class=\"wp-image-2009\" srcset=\"https:\/\/www.mappershoe.com\/wp-content\/uploads\/2025\/10\/factory-supply-custom-flip-flop-soles-bulk-eva-slipper-sole-8.webp 790w, https:\/\/www.mappershoe.com\/wp-content\/uploads\/2025\/10\/factory-supply-custom-flip-flop-soles-bulk-eva-slipper-sole-8-171x300.webp 171w, https:\/\/www.mappershoe.com\/wp-content\/uploads\/2025\/10\/factory-supply-custom-flip-flop-soles-bulk-eva-slipper-sole-8-768x1350.webp 768w, https:\/\/www.mappershoe.com\/wp-content\/uploads\/2025\/10\/factory-supply-custom-flip-flop-soles-bulk-eva-slipper-sole-8-7x12.webp 7w, https:\/\/www.mappershoe.com\/wp-content\/uploads\/2025\/10\/factory-supply-custom-flip-flop-soles-bulk-eva-slipper-sole-8-600x1055.webp 600w\" sizes=\"(max-width: 790px) 100vw, 790px\" \/><\/figure>\n<\/figure>","protected":false},"excerpt":{"rendered":"<p>Le damos la bienvenida a la compra de estas suelas para chanclas personalizadas de EVA, correas a juego y herramientas de instalaci\u00f3n, dise\u00f1adas para la producci\u00f3n de chanclas a granel. Estas resistentes y suaves suelas de chanclas de eva a granel de material EVA est\u00e1n preperforadas para un c\u00f3modo montaje. Son antideslizantes y c\u00f3modas de llevar. Ideal para empresas de chanclas OEM, fabricantes de chanclas personalizadas, regalos promocionales o chanclas OEM, este paquete le permite crear sus propias chanclas de marca con flexibilidad de color y tama\u00f1o ajustables.<\/p>\n<h2>Especificaciones de suelas de chanclas personalizadas:<\/h2>\n<table width=\"448\">\n<tbody>\n<tr>\n<td width=\"168\">Fabricante:<\/td>\n<td width=\"280\">Mingyi<\/td>\n<\/tr>\n<tr>\n<td>Estilo:<\/td>\n<td>Piezas deslizantes<\/td>\n<\/tr>\n<tr>\n<td>Modelo:<\/td>\n<td>1918<\/td>\n<\/tr>\n<tr>\n<td>Material:\u00a0<\/td>\n<td>EVA<\/td>\n<\/tr>\n<tr>\n<td>Color:\u00a0<\/td>\n<td>A medida<\/td>\n<\/tr>\n<tr>\n<td>Tama\u00f1o:\u00a0<\/td>\n<td width=\"280\">A medida<\/td>\n<\/tr>\n<tr>\n<td>Opciones de personalizaci\u00f3n:\u00a0<\/td>\n<td>Logotipo (parte superior, lateral, plantilla) \/ Estampado integral \/ Color \/ Material \/ Grosor de la suela \/ Parte superior<\/td>\n<\/tr>\n<tr>\n<td>Embalaje:\u00a0<\/td>\n<td>Embalaje personalizado<\/td>\n<\/tr>\n<tr>\n<td>Muestra\uff1a<\/td>\n<td>Muestras gratuitas<\/td>\n<\/tr>\n<\/tbody>\n<\/table>","protected":false},"featured_media":2011,"comment_status":"closed","ping_status":"closed","template":"","meta":{"_acf_changed":false},"product_brand":[],"product_cat":[16],"product_tag":[],"class_list":{"0":"post-2007","1":"product","2":"type-product","3":"status-publish","4":"has-post-thumbnail","6":"product_cat-wholesale-slipper-parts","8":"first","9":"instock","10":"shipping-taxable","11":"product-type-simple"},"acf":[],"_links":{"self":[{"href":"https:\/\/www.mappershoe.com\/es\/wp-json\/wp\/v2\/product\/2007","targetHints":{"allow":["GET"]}}],"collection":[{"href":"https:\/\/www.mappershoe.com\/es\/wp-json\/wp\/v2\/product"}],"about":[{"href":"https:\/\/www.mappershoe.com\/es\/wp-json\/wp\/v2\/types\/product"}],"replies":[{"embeddable":true,"href":"https:\/\/www.mappershoe.com\/es\/wp-json\/wp\/v2\/comments?post=2007"}],"wp:featuredmedia":[{"embeddable":true,"href":"https:\/\/www.mappershoe.com\/es\/wp-json\/wp\/v2\/media\/2011"}],"wp:attachment":[{"href":"https:\/\/www.mappershoe.com\/es\/wp-json\/wp\/v2\/media?parent=2007"}],"wp:term":[{"taxonomy":"product_brand","embeddable":true,"href":"https:\/\/www.mappershoe.com\/es\/wp-json\/wp\/v2\/product_brand?post=2007"},{"taxonomy":"product_cat","embeddable":true,"href":"https:\/\/www.mappershoe.com\/es\/wp-json\/wp\/v2\/product_cat?post=2007"},{"taxonomy":"product_tag","embeddable":true,"href":"https:\/\/www.mappershoe.com\/es\/wp-json\/wp\/v2\/product_tag?post=2007"}],"curies":[{"name":"wp","href":"https:\/\/api.w.org\/{rel}","templated":true}]}}