{"id":2121,"date":"2026-01-03T08:25:58","date_gmt":"2026-01-03T08:25:58","guid":{"rendered":"https:\/\/www.mappershoe.com\/?post_type=product&#038;p=2121"},"modified":"2026-01-03T08:26:05","modified_gmt":"2026-01-03T08:26:05","slug":"crocs-wholesale","status":"publish","type":"product","link":"https:\/\/www.mappershoe.com\/es\/producto\/crocs-wholesale\/","title":{"rendered":"Venta al por mayor de Crocs cl\u00e1sicos en varios colores, sandalias zueco de EVA personalizadas"},"content":{"rendered":"<div class=\"wp-block-columns is-layout-flex wp-container-core-columns-is-layout-9d6595d7 wp-block-columns-is-layout-flex\">\n<div class=\"wp-block-column is-layout-flow wp-block-column-is-layout-flow\">\n<h3 class=\"wp-block-heading\">Crocs Premium al por mayor Caracter\u00edsticas:<\/h3>\n\n\n\n<p><strong>Material EVA de alta calidad:<\/strong> Estos crocs al por mayor est\u00e1n hechos de EVA de alta elasticidad, es suave, ligero, respetuoso del medio ambiente y sin olor. Dise\u00f1ado para adaptarse a la forma del pie, adecuado para el largo plazo de pie y caminar.<\/p>\n\n\n\n<p><strong>Dise\u00f1o exterior en color s\u00f3lido:<\/strong> Estas sandalias zueco personalizadas de eva presentan l\u00edneas suaves y un dise\u00f1o de matriz perforada transpirable, que proporciona una sensaci\u00f3n informal pero lujosa.<\/p>\n\n\n\n<p><strong>Artesan\u00eda a medida:<\/strong> Estas sandalias zueco eva personalizadas ofrecen una gran variedad de colores, tallas. Apoyo a la personalizaci\u00f3n del color Pantone, logotipo personalizado personalizaci\u00f3n r\u00e1pida a trav\u00e9s de serigraf\u00eda, relieve, bordado, etc. OEM\/ODM y entrega r\u00e1pida para grandes cantidades.<\/p>\n\n\n\n<p><strong>Capacidad de f\u00e1brica:<\/strong> Los crocs al por mayor directos de f\u00e1brica son unisex y perfectos para cualquier actividad para hombres y mujeres. Perfecto para la playa, casa, viajes, al aire libre o en cualquier lugar bajo el sol.<\/p>\n<\/div>\n\n\n\n<div class=\"wp-block-column is-layout-flow wp-block-column-is-layout-flow\">\n<figure class=\"wp-block-image size-full\"><img decoding=\"async\" width=\"2048\" height=\"2048\" src=\"https:\/\/www.mappershoe.com\/wp-content\/uploads\/2025\/12\/Wholesale-Crocs-shoes-Multiple-colors-classic-custom-EVA-sandals-for-men-women-children-4.webp\" alt=\"classic-crocs-wholesale-in-colors-custom-eva-zueco-sandalias-4\" class=\"wp-image-2122\" srcset=\"https:\/\/www.mappershoe.com\/wp-content\/uploads\/2025\/12\/Wholesale-Crocs-shoes-Multiple-colors-classic-custom-EVA-sandals-for-men-women-children-4.webp 2048w, https:\/\/www.mappershoe.com\/wp-content\/uploads\/2025\/12\/Wholesale-Crocs-shoes-Multiple-colors-classic-custom-EVA-sandals-for-men-women-children-4-300x300.webp 300w, https:\/\/www.mappershoe.com\/wp-content\/uploads\/2025\/12\/Wholesale-Crocs-shoes-Multiple-colors-classic-custom-EVA-sandals-for-men-women-children-4-150x150.webp 150w, https:\/\/www.mappershoe.com\/wp-content\/uploads\/2025\/12\/Wholesale-Crocs-shoes-Multiple-colors-classic-custom-EVA-sandals-for-men-women-children-4-768x768.webp 768w, https:\/\/www.mappershoe.com\/wp-content\/uploads\/2025\/12\/Wholesale-Crocs-shoes-Multiple-colors-classic-custom-EVA-sandals-for-men-women-children-4-12x12.webp 12w, https:\/\/www.mappershoe.com\/wp-content\/uploads\/2025\/12\/Wholesale-Crocs-shoes-Multiple-colors-classic-custom-EVA-sandals-for-men-women-children-4-1200x1200.webp 1200w, https:\/\/www.mappershoe.com\/wp-content\/uploads\/2025\/12\/Wholesale-Crocs-shoes-Multiple-colors-classic-custom-EVA-sandals-for-men-women-children-4-600x600.webp 600w, https:\/\/www.mappershoe.com\/wp-content\/uploads\/2025\/12\/Wholesale-Crocs-shoes-Multiple-colors-classic-custom-EVA-sandals-for-men-women-children-4-100x100.webp 100w\" sizes=\"(max-width: 2048px) 100vw, 2048px\" \/><\/figure>\n<\/div>\n<\/div>\n\n\n\n<p><\/p>","protected":false},"excerpt":{"rendered":"<p>Bienvenido a comprar nuestros crocs al por mayor, adecuados para la playa, la piscina, al aire libre y otros ambientes h\u00famedos. Nuestras chanclas zuecos personalizadas est\u00e1n hechas de material EVA de alta elasticidad, que es ligero, suave, resistente al desgaste y c\u00f3modo, y tienen un dise\u00f1o poroso y transpirable en la parte superior para garantizar la frescura y sequedad en verano. Apoyamos la flexibilidad del servicio OEM\/ODM y ayudamos a las marcas a ampliar el mercado.<\/p>\n<h2>Crocs Wholesale Especificaciones:<\/h2>\n<table width=\"777\">\n<tbody>\n<tr>\n<td width=\"291\">Fabricante:<\/td>\n<td width=\"486\">Mingyi<\/td>\n<\/tr>\n<tr>\n<td>Estilo:<\/td>\n<td>Zapatos Crocs<\/td>\n<\/tr>\n<tr>\n<td>Modelo:<\/td>\n<td>101<\/td>\n<\/tr>\n<tr>\n<td>Material:\u00a0<\/td>\n<td>EVA<\/td>\n<\/tr>\n<tr>\n<td>Color:\u00a0<\/td>\n<td>negro, blanco, rojo, rosa, naranja, amarillo, verde menta, caqui, azul, azul oscuro, azul neblina, azul claro, rojo rosa, caf\u00e9<\/td>\n<\/tr>\n<tr>\n<td>Tama\u00f1o:\u00a0<\/td>\n<td>36-37, 38-39,40-41, 42-43,44-45<\/td>\n<\/tr>\n<tr>\n<td>Opciones de personalizaci\u00f3n:\u00a0<\/td>\n<td>Logotipo (parte superior, lateral, plantilla) \/ Estampado integral \/ Color \/ Material \/ Grosor de la suela \/ Parte superior<\/td>\n<\/tr>\n<tr>\n<td>Embalaje:\u00a0<\/td>\n<td>Embalaje personalizado<\/td>\n<\/tr>\n<tr>\n<td>Muestra\uff1a<\/td>\n<td>Muestras gratuitas<\/td>\n<\/tr>\n<\/tbody>\n<\/table>","protected":false},"featured_media":2123,"comment_status":"closed","ping_status":"closed","template":"","meta":{"_acf_changed":false},"product_brand":[],"product_cat":[18],"product_tag":[25,26,27],"class_list":{"0":"post-2121","1":"product","2":"type-product","3":"status-publish","4":"has-post-thumbnail","6":"product_cat-wholesale-crocs-shoes","7":"product_tag-eva-slippers-wholesale","8":"product_tag-mens-slippers-wholesale","9":"product_tag-wholesale-womens-slippers","11":"first","12":"instock","13":"shipping-taxable","14":"product-type-simple"},"acf":[],"_links":{"self":[{"href":"https:\/\/www.mappershoe.com\/es\/wp-json\/wp\/v2\/product\/2121","targetHints":{"allow":["GET"]}}],"collection":[{"href":"https:\/\/www.mappershoe.com\/es\/wp-json\/wp\/v2\/product"}],"about":[{"href":"https:\/\/www.mappershoe.com\/es\/wp-json\/wp\/v2\/types\/product"}],"replies":[{"embeddable":true,"href":"https:\/\/www.mappershoe.com\/es\/wp-json\/wp\/v2\/comments?post=2121"}],"wp:featuredmedia":[{"embeddable":true,"href":"https:\/\/www.mappershoe.com\/es\/wp-json\/wp\/v2\/media\/2123"}],"wp:attachment":[{"href":"https:\/\/www.mappershoe.com\/es\/wp-json\/wp\/v2\/media?parent=2121"}],"wp:term":[{"taxonomy":"product_brand","embeddable":true,"href":"https:\/\/www.mappershoe.com\/es\/wp-json\/wp\/v2\/product_brand?post=2121"},{"taxonomy":"product_cat","embeddable":true,"href":"https:\/\/www.mappershoe.com\/es\/wp-json\/wp\/v2\/product_cat?post=2121"},{"taxonomy":"product_tag","embeddable":true,"href":"https:\/\/www.mappershoe.com\/es\/wp-json\/wp\/v2\/product_tag?post=2121"}],"curies":[{"name":"wp","href":"https:\/\/api.w.org\/{rel}","templated":true}]}}