{"id":2168,"date":"2026-01-14T03:02:37","date_gmt":"2026-01-14T03:02:37","guid":{"rendered":"https:\/\/www.mappershoe.com\/?post_type=product&#038;p=2168"},"modified":"2026-01-14T03:05:45","modified_gmt":"2026-01-14T03:05:45","slug":"croc-style-shoes-wholesale","status":"publish","type":"product","link":"https:\/\/www.mappershoe.com\/es\/producto\/croc-style-shoes-wholesale\/","title":{"rendered":"Zapatos al por mayor en tallas grandes, Zuecos de espuma de Eva al por mayor"},"content":{"rendered":"<div class=\"wp-block-columns is-layout-flex wp-container-core-columns-is-layout-9d6595d7 wp-block-columns-is-layout-flex\">\n<div class=\"wp-block-column is-layout-flow wp-block-column-is-layout-flow\">\n<h3 class=\"wp-block-heading\">Zapatos de estilo cocodrilo al por mayor Caracter\u00edsticas:<\/h3>\n\n\n\n<p><strong>Material monol\u00edtico EVA:<\/strong> Estos zapatos estilo cocodrilo al por mayor est\u00e1n fabricados con EVA de alta calidad; estos zuecos son ligeros, impermeables y resistentes a la deformaci\u00f3n. Resistente al olor para un uso fresco incluso con los pies sudorosos. Lavables a m\u00e1quina: enjuagar con agua y secar r\u00e1pidamente para evitar la formaci\u00f3n de moho.<\/p>\n\n\n\n<p><strong>Personalizaci\u00f3n DIY:<\/strong> Estos zapatos estilo cocodrilo personalizados al por mayor con charms de zapatos intercambiables, hebillas y accesorios. Cambia entre estilos callejeros, minimalistas o crea dise\u00f1os \u00fanicos: da rienda suelta a tu creatividad sin duplicar looks.<\/p>\n\n\n\n<p><strong>Comodidad Slip-On:<\/strong> Estos zapatos de estilo cocodrilo al por mayor sin esfuerzo slip-on dise\u00f1o elimina cordones. Correa de tal\u00f3n convertible permite llevar como diapositivas o zuecos asegurados. Ideal para desplazamientos, conducci\u00f3n y uso en m\u00faltiples escenarios.<\/p>\n\n\n\n<p><strong>Valor directo de f\u00e1brica:<\/strong> Nuestros zuecos personalizados de espuma Eva al por mayor a precios de f\u00e1brica a partir de $5\/par (zapatos desnudos). Olv\u00eddese de los recargos de los intermediarios: los pedidos al por mayor disfrutan de descuentos. Calidad garantizada por contrato. Admite servicios listos para enviar y personalizados.<\/p>\n\n\n\n<p><strong>Comodidad y agarre durante todo el d\u00eda:<\/strong> Nuestros zapatos estilo cocodrilo al por mayor con suela gruesa ofrecen una sutil elevaci\u00f3n de 3-5 cm con amortiguaci\u00f3n tipo nube. La suela antideslizante garantiza la estabilidad en superficies mojadas o aceitosas. La puntera reforzada protege contra los impactos.<\/p>\n<\/div>\n\n\n\n<div class=\"wp-block-column is-layout-flow wp-block-column-is-layout-flow\">\n<figure class=\"wp-block-image size-full\"><img decoding=\"async\" width=\"790\" height=\"870\" src=\"https:\/\/www.mappershoe.com\/wp-content\/uploads\/2026\/01\/Children-Adult-Sizes-Best-Clogs-for-Men-Women-Custom-Eva-Foam-Sport-Croc-Wholesale-Factory-13.webp\" alt=\"croc-style-shoes-wholesale-in-full-size-eva-foam-clog-bulk-13\" class=\"wp-image-2206\" srcset=\"https:\/\/www.mappershoe.com\/wp-content\/uploads\/2026\/01\/Children-Adult-Sizes-Best-Clogs-for-Men-Women-Custom-Eva-Foam-Sport-Croc-Wholesale-Factory-13.webp 790w, https:\/\/www.mappershoe.com\/wp-content\/uploads\/2026\/01\/Children-Adult-Sizes-Best-Clogs-for-Men-Women-Custom-Eva-Foam-Sport-Croc-Wholesale-Factory-13-272x300.webp 272w, https:\/\/www.mappershoe.com\/wp-content\/uploads\/2026\/01\/Children-Adult-Sizes-Best-Clogs-for-Men-Women-Custom-Eva-Foam-Sport-Croc-Wholesale-Factory-13-768x846.webp 768w, https:\/\/www.mappershoe.com\/wp-content\/uploads\/2026\/01\/Children-Adult-Sizes-Best-Clogs-for-Men-Women-Custom-Eva-Foam-Sport-Croc-Wholesale-Factory-13-11x12.webp 11w, https:\/\/www.mappershoe.com\/wp-content\/uploads\/2026\/01\/Children-Adult-Sizes-Best-Clogs-for-Men-Women-Custom-Eva-Foam-Sport-Croc-Wholesale-Factory-13-600x661.webp 600w\" sizes=\"(max-width: 790px) 100vw, 790px\" \/><\/figure>\n\n\n\n<figure class=\"wp-block-image size-full\"><img decoding=\"async\" width=\"1000\" height=\"1000\" src=\"https:\/\/www.mappershoe.com\/wp-content\/uploads\/2026\/01\/Children-Adult-Sizes-Best-Clogs-for-Men-Women-Custom-Eva-Foam-Sport-Croc-Wholesale-Factory-2.webp\" alt=\"croc-style-shoes-wholesale-in-full-size-eva-foam-clog-bulk-2\" class=\"wp-image-2195\" srcset=\"https:\/\/www.mappershoe.com\/wp-content\/uploads\/2026\/01\/Children-Adult-Sizes-Best-Clogs-for-Men-Women-Custom-Eva-Foam-Sport-Croc-Wholesale-Factory-2.webp 1000w, https:\/\/www.mappershoe.com\/wp-content\/uploads\/2026\/01\/Children-Adult-Sizes-Best-Clogs-for-Men-Women-Custom-Eva-Foam-Sport-Croc-Wholesale-Factory-2-300x300.webp 300w, https:\/\/www.mappershoe.com\/wp-content\/uploads\/2026\/01\/Children-Adult-Sizes-Best-Clogs-for-Men-Women-Custom-Eva-Foam-Sport-Croc-Wholesale-Factory-2-150x150.webp 150w, https:\/\/www.mappershoe.com\/wp-content\/uploads\/2026\/01\/Children-Adult-Sizes-Best-Clogs-for-Men-Women-Custom-Eva-Foam-Sport-Croc-Wholesale-Factory-2-768x768.webp 768w, https:\/\/www.mappershoe.com\/wp-content\/uploads\/2026\/01\/Children-Adult-Sizes-Best-Clogs-for-Men-Women-Custom-Eva-Foam-Sport-Croc-Wholesale-Factory-2-12x12.webp 12w, https:\/\/www.mappershoe.com\/wp-content\/uploads\/2026\/01\/Children-Adult-Sizes-Best-Clogs-for-Men-Women-Custom-Eva-Foam-Sport-Croc-Wholesale-Factory-2-600x600.webp 600w, https:\/\/www.mappershoe.com\/wp-content\/uploads\/2026\/01\/Children-Adult-Sizes-Best-Clogs-for-Men-Women-Custom-Eva-Foam-Sport-Croc-Wholesale-Factory-2-100x100.webp 100w\" sizes=\"(max-width: 1000px) 100vw, 1000px\" \/><\/figure>\n<\/div>\n<\/div>","protected":false},"excerpt":{"rendered":"<p>Bienvenido a comprar nuestros zapatos estilo cocodrilo al por mayor, fabricados con espuma EVA ligera, disponibles en tallas completas para ni\u00f1os y adultos. Los pedidos al por mayor de zuecos de espuma EVA son ideales para marcas, mayoristas y minoristas que buscan zuecos duraderos, impermeables y c\u00f3modos para hombres y mujeres. Como f\u00e1brica mayorista de zuecos deportivos de espuma EVA personalizados, ofrecemos servicios OEM\/ODM que incluyen la personalizaci\u00f3n del logotipo, el color y los accesorios con una producci\u00f3n en masa estable y precios de f\u00e1brica competitivos.<\/p>\n<h2>Zapatos de estilo cocodrilo al por mayor Especificaciones:<\/h2>\n<table width=\"777\">\n<tbody>\n<tr>\n<td width=\"291\">Fabricante:<\/td>\n<td width=\"486\">Mingyi<\/td>\n<\/tr>\n<tr>\n<td>Estilo:<\/td>\n<td>Zapatos Crocs<\/td>\n<\/tr>\n<tr>\n<td>Modelo:<\/td>\n<td>113<\/td>\n<\/tr>\n<tr>\n<td>Material:\u00a0<\/td>\n<td>EVA<\/td>\n<\/tr>\n<tr>\n<td>Color:\u00a0<\/td>\n<td>negro, blanco, marr\u00f3n, gris<\/td>\n<\/tr>\n<tr>\n<td>Tama\u00f1o:\u00a0<\/td>\n<td>Talla infantil (US Size):9C, 10C, 11C, 12C, 13C, 1, 1.5, 2, 3, 3.5, 4,5<br \/>Talla adulto(US Size):6, 6.5, 7, 7.5, 8, 8.5, 9, 9.5, 10, 11<\/td>\n<\/tr>\n<tr>\n<td>Opciones de personalizaci\u00f3n:\u00a0<\/td>\n<td>Logotipo (parte superior, lateral, plantilla) \/ Estampado integral \/ Color \/ Material \/ Grosor de la suela \/ Parte superior<\/td>\n<\/tr>\n<tr>\n<td>Embalaje:\u00a0<\/td>\n<td>Embalaje personalizado<\/td>\n<\/tr>\n<tr>\n<td>Muestra\uff1a<\/td>\n<td>Muestras gratuitas<\/td>\n<\/tr>\n<\/tbody>\n<\/table>\n<p>&nbsp;<\/p>","protected":false},"featured_media":2194,"comment_status":"closed","ping_status":"closed","template":"","meta":{"_acf_changed":false},"product_brand":[],"product_cat":[18],"product_tag":[25,28,26,27],"class_list":{"0":"post-2168","1":"product","2":"type-product","3":"status-publish","4":"has-post-thumbnail","6":"product_cat-wholesale-crocs-shoes","7":"product_tag-eva-slippers-wholesale","8":"product_tag-kids-slippers-wholesale","9":"product_tag-mens-slippers-wholesale","10":"product_tag-wholesale-womens-slippers","12":"first","13":"instock","14":"shipping-taxable","15":"product-type-simple"},"acf":[],"_links":{"self":[{"href":"https:\/\/www.mappershoe.com\/es\/wp-json\/wp\/v2\/product\/2168","targetHints":{"allow":["GET"]}}],"collection":[{"href":"https:\/\/www.mappershoe.com\/es\/wp-json\/wp\/v2\/product"}],"about":[{"href":"https:\/\/www.mappershoe.com\/es\/wp-json\/wp\/v2\/types\/product"}],"replies":[{"embeddable":true,"href":"https:\/\/www.mappershoe.com\/es\/wp-json\/wp\/v2\/comments?post=2168"}],"wp:featuredmedia":[{"embeddable":true,"href":"https:\/\/www.mappershoe.com\/es\/wp-json\/wp\/v2\/media\/2194"}],"wp:attachment":[{"href":"https:\/\/www.mappershoe.com\/es\/wp-json\/wp\/v2\/media?parent=2168"}],"wp:term":[{"taxonomy":"product_brand","embeddable":true,"href":"https:\/\/www.mappershoe.com\/es\/wp-json\/wp\/v2\/product_brand?post=2168"},{"taxonomy":"product_cat","embeddable":true,"href":"https:\/\/www.mappershoe.com\/es\/wp-json\/wp\/v2\/product_cat?post=2168"},{"taxonomy":"product_tag","embeddable":true,"href":"https:\/\/www.mappershoe.com\/es\/wp-json\/wp\/v2\/product_tag?post=2168"}],"curies":[{"name":"wp","href":"https:\/\/api.w.org\/{rel}","templated":true}]}}